{"id":12312,"date":"2024-08-29T21:50:43","date_gmt":"2024-08-29T21:50:43","guid":{"rendered":"https:\/\/ozapato.com\/pa\/?page_id=12312"},"modified":"2024-08-29T22:17:11","modified_gmt":"2024-08-29T22:17:11","slug":"ozapato-global-corp-sostenibilidad-en-la-cadena-de-suministro-de-calzado-de-seguridad","status":"publish","type":"page","link":"https:\/\/ozapato.com\/pa\/ozapato-global-corp-sostenibilidad-en-la-cadena-de-suministro-de-calzado-de-seguridad\/","title":{"rendered":"OZAPATO GLOBAL CORP: Sostenibilidad en la Cadena de Suministro de Calzado de Seguridad"},"content":{"rendered":"<p>[vc_row][vc_column width=&#8221;1\/6&#8243;][\/vc_column][vc_column width=&#8221;2\/3&#8243;][vc_single_image image=&#8221;12313&#8243; img_size=&#8221;full&#8221; alignment=&#8221;center&#8221;][vc_column_text]<\/p>\n<h3 style=\"text-align: center;\">Acuerdo de pr\u00e1cticas comerciales y \u00e9ticas OZAPATO 2024-2025<\/h3>\n<p style=\"text-align: center;\"><strong>OZAPATO GLOBAL CORP<\/strong> est\u00e1 comprometido con pr\u00e1cticas comerciales \u00e9ticas y sostenibles en toda nuestra cadena de suministro. Como tal, esperamos que todos nuestros proveedores se adhieran a los siguientes principios:<\/p>\n<ul style=\"text-align: center;\">\n<li style=\"text-align: left;\">Derechos Humanos: Respeto por los derechos humanos, incluidos los derechos laborales, la libertad de discriminaci\u00f3n y las condiciones laborales justas.<\/li>\n<li style=\"text-align: left;\">Responsabilidad Ambiental: Cumplimiento de las leyes y regulaciones ambientales, minimizaci\u00f3n de residuos y contaminaci\u00f3n, y promoci\u00f3n de la gesti\u00f3n sostenible de recursos.<\/li>\n<li style=\"text-align: left;\">Responsabilidad Social: Compromiso con pr\u00e1cticas laborales justas, seguridad de los trabajadores y bienestar comunitario.<\/li>\n<li style=\"text-align: left;\">Conducta \u00c9tica: Adherencia a pr\u00e1cticas comerciales \u00e9ticas, incluidas medidas anticorrupci\u00f3n y antisoborno.<\/li>\n<li style=\"text-align: left;\">Sourcing de Materiales: Priorizaci\u00f3n de materiales reciclados y sostenibles en la producci\u00f3n de componentes de calzado.<\/li>\n<\/ul>\n<p style=\"text-align: center;\"><strong>OZAPATO GLOBAL CORP<\/strong> utiliza un panel integral para rastrear y gestionar el desempe\u00f1o de sostenibilidad en nuestra cadena de suministro. Las m\u00e9tricas clave incluyen:<\/p>\n<ul style=\"text-align: center;\">\n<li style=\"text-align: left;\">Uso de Materiales Reciclados: Porcentaje de materiales reciclados utilizados en componentes de calzado y embalaje.<\/li>\n<li style=\"text-align: left;\">Huella de Carbono: Medici\u00f3n y reducci\u00f3n de las emisiones de gases de efecto invernadero.<\/li>\n<li style=\"text-align: left;\">Impacto Social: Seguimiento de indicadores de desempe\u00f1o social, como derechos laborales y participaci\u00f3n comunitaria.<\/li>\n<li style=\"text-align: left;\">Sourcing \u00c9tico: Monitoreo del cumplimiento de los est\u00e1ndares de abastecimiento \u00e9tico.<\/li>\n<\/ul>\n<h3 style=\"text-align: center;\">Requisitos de Sostenibilidad<\/h3>\n<p>Todos los proveedores deben demostrar cumplimiento con los siguientes requisitos de sostenibilidad<\/p>\n<ul>\n<li style=\"text-align: left;\">Sourcing de Materiales: Priorizaci\u00f3n de materiales reciclados y sostenibles, como caucho reciclado, cuero y textiles.<\/li>\n<\/ul>\n<ul>\n<li style=\"text-align: left;\">Est\u00e1ndares Ambientales: Cumplimiento de la norma ISO 14001 o un sistema de gesti\u00f3n ambiental equivalente.<\/li>\n<li style=\"text-align: left;\">Est\u00e1ndares Sociales: Adherencia a la norma SA8000 o un est\u00e1ndar equivalente de responsabilidad social.<\/li>\n<li style=\"text-align: left;\">Sourcing \u00c9tico: Compromiso con los principios de abastecimiento \u00e9tico, incluidos los minerales de conflicto y el trabajo infantil.<\/li>\n<\/ul>\n<h3 style=\"text-align: center;\">Proceso de Evaluaci\u00f3n de Proveedores<\/h3>\n<ul>\n<li>Precalificaci\u00f3n: Selecci\u00f3n de proveedores potenciales basados en criterios de sostenibilidad, incluyendo el abastecimiento de materiales y las pr\u00e1cticas ambientales.<\/li>\n<li>Evaluaci\u00f3n: Evaluaci\u00f3n detallada del desempe\u00f1o de sostenibilidad del proveedor, incluidas visitas al sitio y auditor\u00edas.<\/li>\n<li>Integraci\u00f3n: Contrataci\u00f3n con proveedores que cumplen con los requisitos de sostenibilidad.<\/li>\n<li>Monitoreo: Monitoreo continuo del desempe\u00f1o y cumplimiento del proveedor, con \u00e9nfasis en el abastecimiento de materiales y las pr\u00e1cticas ambientales.<\/li>\n<\/ul>\n<p>[\/vc_column_text][\/vc_column][vc_column width=&#8221;1\/6&#8243;][\/vc_column][\/vc_row]<\/p>\n","protected":false},"excerpt":{"rendered":"<p>[vc_row][vc_column width=&#8221;1\/6&#8243;][\/vc_column][vc_column width=&#8221;2\/3&#8243;][vc_single_image image=&#8221;12313&#8243; img_size=&#8221;full&#8221; alignment=&#8221;center&#8221;][vc_column_text] Acuerdo de pr\u00e1cticas comerciales y \u00e9ticas OZAPATO 2024-2025 OZAPATO GLOBAL CORP est\u00e1 comprometido con pr\u00e1cticas comerciales \u00e9ticas y sostenibles en toda nuestra cadena de suministro. Como tal, esperamos que todos nuestros proveedores se adhieran a los siguientes principios: Derechos Humanos: Respeto por los derechos humanos, incluidos los derechos laborales, [&hellip;]<\/p>\n","protected":false},"author":1,"featured_media":0,"parent":0,"menu_order":0,"comment_status":"closed","ping_status":"closed","template":"","meta":{"jetpack_post_was_ever_published":false,"footnotes":""},"class_list":["post-12312","page","type-page","status-publish","hentry"],"jetpack_sharing_enabled":true,"jetpack_shortlink":"https:\/\/wp.me\/PbrPTF-3cA","_links":{"self":[{"href":"https:\/\/ozapato.com\/pa\/wp-json\/wp\/v2\/pages\/12312","targetHints":{"allow":["GET"]}}],"collection":[{"href":"https:\/\/ozapato.com\/pa\/wp-json\/wp\/v2\/pages"}],"about":[{"href":"https:\/\/ozapato.com\/pa\/wp-json\/wp\/v2\/types\/page"}],"author":[{"embeddable":true,"href":"https:\/\/ozapato.com\/pa\/wp-json\/wp\/v2\/users\/1"}],"replies":[{"embeddable":true,"href":"https:\/\/ozapato.com\/pa\/wp-json\/wp\/v2\/comments?post=12312"}],"version-history":[{"count":8,"href":"https:\/\/ozapato.com\/pa\/wp-json\/wp\/v2\/pages\/12312\/revisions"}],"predecessor-version":[{"id":12324,"href":"https:\/\/ozapato.com\/pa\/wp-json\/wp\/v2\/pages\/12312\/revisions\/12324"}],"wp:attachment":[{"href":"https:\/\/ozapato.com\/pa\/wp-json\/wp\/v2\/media?parent=12312"}],"curies":[{"name":"wp","href":"https:\/\/api.w.org\/{rel}","templated":true}]}}