{"id":3224,"date":"2016-07-04T19:06:06","date_gmt":"2016-07-04T19:06:06","guid":{"rendered":"https:\/\/ozapato.com\/pa\/?page_id=3224"},"modified":"2024-12-10T00:57:38","modified_gmt":"2024-12-10T00:57:38","slug":"botas-de-seguridad-baratas","status":"publish","type":"page","link":"https:\/\/ozapato.com\/pa\/botas-de-seguridad-baratas\/","title":{"rendered":"Botas de seguridad| Hasta -30%"},"content":{"rendered":"<p>[vc_row][vc_column width=&#8221;1\/6&#8243;][\/vc_column][vc_column width=&#8221;2\/3&#8243;]<div class=\"woocommerce columns-3 \"><\/div>[\/vc_column][vc_column width=&#8221;1\/6&#8243;][\/vc_column][\/vc_row][vc_row][vc_column width=&#8221;1\/6&#8243;][\/vc_column][vc_column width=&#8221;2\/3&#8243;][vc_column_text]<\/p>\n<h2 style=\"text-align: center;\">Botas de seguridad en -30%<\/h2>\n<p style=\"text-align: justify;\">Ten la mejor calidad del mercado a un precio reducido!,\u00a0\u00a0Adquiere nuestros modelos antiguos\u00a0de\u00a0botas de seguridad industrial. OZAPATO est\u00e1\u00a0liquidando. Aprovecha ahora: las existencias y las tallas est\u00e1n limitadas.<\/p>\n<p style=\"text-align: justify;\">A lo largo de nuestra presencia en Panam\u00e1 hemos dise\u00f1ado modelos de botas de\u00a0<a href=\"https:\/\/ozapato.com\/pa\/10-normas-de-seguridad-industrial-que-debe-de-conocer\/\" target=\"_blank\" rel=\"noopener\">seguridad<\/a>\u00a0industrial baratas adaptadas a las necesidades de las <a href=\"https:\/\/ozapato.com\/pa\/botas-industriales-en-panama\/\" target=\"_blank\" rel=\"noopener\">industrias<\/a> Paname\u00f1as.<\/p>\n<p style=\"text-align: justify;\">Realizadas con materiales 100% mexicanos, contamos con\u00a0las mejores t\u00e9cnicas para fabricar botas industriales de seguridad, resistentes y de alta calidad. Por ejemplo, utilizamos exclusivamente\u00a0cueros curtidos de flor entera o corregida y suelas 100% de hule cosidas en lockstitch o en GoodYear Welt. Todas nuestras\u00a0botas industriales son \u00a0producidas en Hidalgo, M\u00e9xico y cumplen con las normas ASTM e ISO.\u00a0Entregamos dentro de\u00a0la ciudad de Panam\u00e1 en un lapso de 24 horas h\u00e1biles.<\/p>\n<p>[\/vc_column_text][\/vc_column][vc_column width=&#8221;1\/6&#8243;][\/vc_column][\/vc_row][vc_row][vc_column][vc_empty_space][\/vc_column][\/vc_row][vc_row][vc_column width=&#8221;1\/6&#8243;][\/vc_column][vc_column width=&#8221;2\/3&#8243;][vc_column_text]Nos puede visitar, ll\u00e1mar al 232-6749 o simplemente enviar un correo a <a href=\"mailto:ventas@ozapato.com\">ventas@ozapato.com<\/a>\u00a0para conocer nuestra oferta de botas\u00a0de seguridad baratas \u00a0dise\u00f1adas para Panam\u00e1 y recibir una cotizaci\u00f3n gratuita. Tenemos soluciones\u00a0\u00a0para todas las industrias.[\/vc_column_text][\/vc_column][vc_column width=&#8221;1\/6&#8243;][\/vc_column][\/vc_row][vc_row][vc_column][vc_gmaps link=&#8221;#E-8_JTNDaWZyYW1lJTIwc3JjJTNEJTIyaHR0cHMlM0ElMkYlMkZ3d3cuZ29vZ2xlLmNvbSUyRm1hcHMlMkZlbWJlZCUzRnBiJTNEJTIxMW0xOCUyMTFtMTIlMjExbTMlMjExZDM5NDAuOTM0MTgzMjg1NjM5NCUyMTJkLTc5LjU0MzUzMDY4NTg0NjMzJTIxM2Q4Ljk3ODIwMzk5MzU1NjA4JTIxMm0zJTIxMWYwJTIxMmYwJTIxM2YwJTIxM20yJTIxMWkxMDI0JTIxMmk3NjglMjE0ZjEzLjElMjEzbTMlMjExbTIlMjExczB4OGZhY2E4OTRmNjI0MjY4ZCUyNTNBMHhjNzg0YmIxNjczYjhmN2M5JTIxMnNPWkFQQVRPJTIxNWUwJTIxM20yJTIxMXNlbiUyMTJzcGElMjE0djE0NjcxNTU2NTgxNDElMjIlMjB3aWR0aCUzRCUyMjYwMCUyMiUyMGhlaWdodCUzRCUyMjQ1MCUyMiUyMGZyYW1lYm9yZGVyJTNEJTIyMCUyMiUyMHN0eWxlJTNEJTIyYm9yZGVyJTNBMCUyMiUyMGFsbG93ZnVsbHNjcmVlbiUzRSUzQyUyRmlmcmFtZSUzRQ==&#8221;][vc_empty_space][\/vc_column][\/vc_row][vc_row][vc_column width=&#8221;1\/6&#8243;][\/vc_column][vc_column width=&#8221;2\/3&#8243; css=&#8221;.vc_custom_1456174598177{background-color: #dd3333 !important;}&#8221;][vc_column_text]<\/p>\n<div class=\"wpb_text_column wpb_content_element \">\n<h1 class=\"wpb_wrapper\" style=\"text-align: center;\"><span style=\"color: #ffffff;\"><strong>\u00bf QU\u00c9 HACEMOS\u00a0?<\/strong>\u00a0<\/span><\/h1>\n<\/div>\n<div class=\"wpb_text_column wpb_content_element \">\n<div class=\"wpb_wrapper\">\n<div class=\"wpb_text_column wpb_content_element \">\n<div class=\"wpb_wrapper\">\n<p style=\"text-align: justify;\"><span style=\"color: #ffffff;\">OZAPATO es una marca de calzado ubicada en , M\u00e9xico. Fabricamos botas de seguridad industrial y contamos con presencia en Panam\u00e1 y Estados Unidos. Hemos aprendido a lo largo de los a\u00f1os como fabricar botas de seguridad con calidad y de maneja responsable. En Panam\u00e1, nuestra l\u00ednea industrial cuenta con botas de seguridad, botas de seguridad diel\u00e9ctricas y botas t\u00e1cticas. \u00a1Elija de nuestro cat\u00e1logo las botas que necesita para trabajar con seguridad!<\/span><\/p>\n<\/div>\n<\/div>\n<\/div>\n<\/div>\n<p>[\/vc_column_text][\/vc_column][vc_column width=&#8221;1\/6&#8243;][\/vc_column][\/vc_row][vc_row][vc_column width=&#8221;1\/6&#8243;][\/vc_column][vc_column width=&#8221;2\/3&#8243; css=&#8221;.vc_custom_1456174610082{background-color: #dd3333 !important;}&#8221;][vc_column_text]<\/p>\n<h1 style=\"text-align: center;\"><span style=\"color: #ffffff;\">\u00bf COMO LO\u00a0HACEMOS\u00a0?<\/span><\/h1>\n<p><span style=\"color: #ffffff;\">Todas nuestras botas de seguridad industrial son fabricadas con materiales de alta calidad. Tenga la confianza que sus pies estar\u00e1n protegidos en cada momento. Estamos tan seguros de la calidad de nuestros modelos de botas de seguridad industrial que ofrecemos una garant\u00eda de 4 meses y hasta 6 meses para las botas de seguridad m\u00e1s premium. Adem\u00e1s ofrecemos un servicio de entrega en 24 horas.<\/span><\/p>\n<p><span style=\"color: #ffffff;\">Todos los productos de OZAPATO est\u00e1n hechos a mano, en nuestra f\u00e1brica de\u00a0 (Hidalgo, M\u00e9xico). Nuestro modelo de negocio, conecta directamente la f\u00e1brica con el cliente final, evitando intermediarios; no trabajamos con distribuidores o revendedores. Esto permite ofrecer botas de seguridad a un precio m\u00e1s accesible.<\/span>[\/vc_column_text][\/vc_column][vc_column width=&#8221;1\/6&#8243;][\/vc_column][\/vc_row][vc_row][vc_column width=&#8221;1\/6&#8243;][\/vc_column][vc_column width=&#8221;2\/3&#8243; css=&#8221;.vc_custom_1456174626082{background-color: #dd3333 !important;}&#8221;][vc_column_text]<\/p>\n<h1 style=\"text-align: center;\"><span style=\"color: #ffffff;\">\u00bf\u00a0POR QU\u00c9\u00a0LO\u00a0HACEMOS ?<\/span><\/h1>\n<p><span style=\"color: #ffffff;\">OZAPATO naci\u00f3 con la idea de servir la comunidad local. La producci\u00f3n de nuestras botas de seguridad industrial es un proceso transparente que sustenta el balance socio econ\u00f3mico de la comunidad a la que pertenece.<\/span><\/p>\n<p><span style=\"color: #ffffff;\">El valor m\u00e1s importante de OZAPATO es la entrega directa hasta el cliente. Cortamos todos los intermediarios que no a\u00f1aden valor a nuestros consumidores. Cada etapa de la fabricaci\u00f3n de botas de seguridad industrial debe beneficiar a la gente que fabrica el calzado.<\/span><\/p>\n<p><span style=\"color: #ffffff;\">Nuestro equipo ama desarrollar botas de seguridad en un ambiente social y econ\u00f3mico justo. Queremos que nuestros clientes conf\u00eden en que no s\u00f3lo compran botas bien hechas y de buena calidad, sino que tambi\u00e9n cada persona incluida en la cadena de suministro reciba un trato justo al momento de realizar su trabajo.<\/span>[\/vc_column_text][\/vc_column][vc_column width=&#8221;1\/6&#8243;][\/vc_column][\/vc_row][vc_row][vc_column][\/vc_column][\/vc_row]<\/p>\n","protected":false},"excerpt":{"rendered":"<p>[vc_row][vc_column width=&#8221;1\/6&#8243;][\/vc_column][vc_column width=&#8221;2\/3&#8243;][\/vc_column][vc_column width=&#8221;1\/6&#8243;][\/vc_column][\/vc_row][vc_row][vc_column width=&#8221;1\/6&#8243;][\/vc_column][vc_column width=&#8221;2\/3&#8243;][vc_column_text] Botas de seguridad en -30% Ten la mejor calidad del mercado a un precio reducido!,\u00a0\u00a0Adquiere nuestros modelos antiguos\u00a0de\u00a0botas de seguridad industrial. OZAPATO est\u00e1\u00a0liquidando. Aprovecha ahora: las existencias y las tallas est\u00e1n limitadas. A lo largo de nuestra presencia en Panam\u00e1 hemos dise\u00f1ado modelos de botas de\u00a0seguridad\u00a0industrial baratas adaptadas a [&hellip;]<\/p>\n","protected":false},"author":1,"featured_media":0,"parent":0,"menu_order":0,"comment_status":"closed","ping_status":"closed","template":"","meta":{"jetpack_post_was_ever_published":false,"footnotes":""},"class_list":["post-3224","page","type-page","status-publish","hentry"],"jetpack_sharing_enabled":true,"jetpack_shortlink":"https:\/\/wp.me\/PbrPTF-Q0","_links":{"self":[{"href":"https:\/\/ozapato.com\/pa\/wp-json\/wp\/v2\/pages\/3224","targetHints":{"allow":["GET"]}}],"collection":[{"href":"https:\/\/ozapato.com\/pa\/wp-json\/wp\/v2\/pages"}],"about":[{"href":"https:\/\/ozapato.com\/pa\/wp-json\/wp\/v2\/types\/page"}],"author":[{"embeddable":true,"href":"https:\/\/ozapato.com\/pa\/wp-json\/wp\/v2\/users\/1"}],"replies":[{"embeddable":true,"href":"https:\/\/ozapato.com\/pa\/wp-json\/wp\/v2\/comments?post=3224"}],"version-history":[{"count":16,"href":"https:\/\/ozapato.com\/pa\/wp-json\/wp\/v2\/pages\/3224\/revisions"}],"predecessor-version":[{"id":12469,"href":"https:\/\/ozapato.com\/pa\/wp-json\/wp\/v2\/pages\/3224\/revisions\/12469"}],"wp:attachment":[{"href":"https:\/\/ozapato.com\/pa\/wp-json\/wp\/v2\/media?parent=3224"}],"curies":[{"name":"wp","href":"https:\/\/api.w.org\/{rel}","templated":true}]}}