{"id":3615,"date":"2016-07-14T19:31:04","date_gmt":"2016-07-14T19:31:04","guid":{"rendered":"https:\/\/ozapato.com\/pa\/?page_id=3615"},"modified":"2024-01-16T17:10:42","modified_gmt":"2024-01-16T17:10:42","slug":"botas-militares","status":"publish","type":"page","link":"https:\/\/ozapato.com\/pa\/botas-militares\/","title":{"rendered":"Botas Militares Para Panam\u00e1"},"content":{"rendered":"<p>[vc_row full_width=&#8221;stretch_row&#8221; full_height=&#8221;yes&#8221; content_placement=&#8221;bottom&#8221; css=&#8221;.vc_custom_1455903518327{background: #000000 url(https:\/\/ozapato.com\/pa\/wp-content\/uploads\/sites\/2\/2016\/02\/Botas-t\u00e1cticas-seguridad.jpg?id=1238) !important;}&#8221;][vc_column width=&#8221;1\/6&#8243;][\/vc_column][vc_column width=&#8221;2\/3&#8243;][vc_column_text]<\/p>\n<h2 style=\"text-align: center;\"><span style=\"color: #ffffff;\">BOTAS\u00a0MILITARES<\/span><\/h2>\n<p>[\/vc_column_text][\/vc_column][vc_column width=&#8221;1\/6&#8243;][\/vc_column][\/vc_row][vc_row][vc_column][vc_separator][\/vc_column][\/vc_row][vc_row type=&#8221;boxed&#8221;][vc_column width=&#8221;1\/4&#8243;][\/vc_column][vc_column width=&#8221;1\/2&#8243;]<div class=\"woocommerce columns-3 \"><ul class=\"products columns-3\">\n<li class=\"product type-product post-787 status-publish first instock product_cat-botas-tacticas-panama has-post-thumbnail taxable shipping-taxable purchasable product-type-variable\">\r\n\r\n\t\r\n    <div class=\"product_thumbnail_wrapper \">\r\n\r\n\t\t<a href=\"https:\/\/ozapato.com\/pa\/product\/cop-01-bota-tactica\/\" class=\"woocommerce-LoopProduct-link woocommerce-loop-product__link\">\r\n\r\n\t        <div class=\"product_thumbnail \">\r\n\t            <img loading=\"lazy\" decoding=\"async\" width=\"350\" height=\"350\" src=\"https:\/\/ozapato.com\/pa\/wp-content\/uploads\/sites\/2\/2016\/01\/thumbmail-Cop01-800x800-2-350x350.jpg\" class=\"attachment-woocommerce_thumbnail size-woocommerce_thumbnail\" alt=\"Botas tacticas cosidas en Panama OZAPATO \/ COP 01\" srcset=\"https:\/\/ozapato.com\/pa\/wp-content\/uploads\/sites\/2\/2016\/01\/thumbmail-Cop01-800x800-2-350x350.jpg 350w, https:\/\/ozapato.com\/pa\/wp-content\/uploads\/sites\/2\/2016\/01\/thumbmail-Cop01-800x800-2-300x300.jpg 300w, https:\/\/ozapato.com\/pa\/wp-content\/uploads\/sites\/2\/2016\/01\/thumbmail-Cop01-800x800-2-150x150.jpg 150w, https:\/\/ozapato.com\/pa\/wp-content\/uploads\/sites\/2\/2016\/01\/thumbmail-Cop01-800x800-2-768x768.jpg 768w, https:\/\/ozapato.com\/pa\/wp-content\/uploads\/sites\/2\/2016\/01\/thumbmail-Cop01-800x800-2-600x600.jpg 600w, https:\/\/ozapato.com\/pa\/wp-content\/uploads\/sites\/2\/2016\/01\/thumbmail-Cop01-800x800-2-100x100.jpg 100w, https:\/\/ozapato.com\/pa\/wp-content\/uploads\/sites\/2\/2016\/01\/thumbmail-Cop01-800x800-2.jpg 800w\" sizes=\"auto, (max-width: 350px) 100vw, 350px\" \/>\t            \t        <\/div><!--.product_thumbnail-->\r\n\t\t<\/a>\r\n\r\n\t\t\t\t\t\t\t\r\n\t\t\r\n\t\t\r\n\t\t\r\n    <\/div><!--.product_thumbnail_wrapper-->\r\n\r\n    \r\n\t<h2 class=\"woocommerce-loop-product__title\">\r\n\t\t<a href=\"https:\/\/ozapato.com\/pa\/product\/cop-01-bota-tactica\/\">COP 01<\/a>\r\n\t<\/h2>\r\n\r\n\t<div class=\"star-rating\" role=\"img\" aria-label=\"Rated 5.00 out of 5\"><span style=\"width:100%\">Rated <strong class=\"rating\">5.00<\/strong> out of 5<\/span><\/div>\r\n        <div class=\"product_after_shop_loop\">\r\n        <div class=\"product_after_shop_loop_switcher\">\r\n    \r\n            \n\t<span class=\"price\"><span class=\"woocommerce-Price-amount amount\"><bdi><span class=\"woocommerce-Price-currencySymbol\">&#36;<\/span>69.00<\/bdi><\/span><\/span>\n<a href=\"https:\/\/ozapato.com\/pa\/product\/cop-01-bota-tactica\/\" aria-describedby=\"woocommerce_loop_add_to_cart_link_describedby_787\" data-quantity=\"1\" class=\"button product_type_variable add_to_cart_button\" data-product_id=\"787\" data-product_sku=\"cop01\" aria-label=\"Select options for &ldquo;COP 01&rdquo;\" rel=\"nofollow\">Select options<\/a>\t<span id=\"woocommerce_loop_add_to_cart_link_describedby_787\" class=\"screen-reader-text\">\n\t\tThis product has multiple variants. The options may be chosen on the product page\t<\/span>\n\r\n            <\/div>\r\n    <\/div>\r\n    \r\n\t<span class=\"gtm4wp_productdata\" style=\"display:none; visibility:hidden;\" data-gtm4wp_product_data=\"{&quot;internal_id&quot;:787,&quot;item_id&quot;:787,&quot;item_name&quot;:&quot;COP 01&quot;,&quot;sku&quot;:&quot;cop01&quot;,&quot;price&quot;:69,&quot;stocklevel&quot;:null,&quot;stockstatus&quot;:&quot;instock&quot;,&quot;google_business_vertical&quot;:&quot;retail&quot;,&quot;item_category&quot;:&quot;T\\u00e1ctica&quot;,&quot;id&quot;:787,&quot;productlink&quot;:&quot;https:\\\/\\\/ozapato.com\\\/pa\\\/product\\\/cop-01-bota-tactica\\\/&quot;,&quot;item_list_name&quot;:&quot;General Product List&quot;,&quot;index&quot;:1,&quot;product_type&quot;:&quot;variable&quot;,&quot;item_brand&quot;:&quot;&quot;}\"><\/span>\r\n<\/li>\r\n<li class=\"product type-product post-7377 status-publish onbackorder product_cat-botas-tacticas-panama has-post-thumbnail taxable shipping-taxable purchasable product-type-variable\">\r\n\r\n\t\r\n    <div class=\"product_thumbnail_wrapper \">\r\n\r\n\t\t<a href=\"https:\/\/ozapato.com\/pa\/product\/cop02-bota-tactica\/\" class=\"woocommerce-LoopProduct-link woocommerce-loop-product__link\">\r\n\r\n\t        <div class=\"product_thumbnail \">\r\n\t            <img loading=\"lazy\" decoding=\"async\" width=\"300\" height=\"300\" src=\"https:\/\/ozapato.com\/pa\/wp-content\/uploads\/sites\/2\/2018\/09\/Thumbmail-Cop02-300x300.jpg\" class=\"attachment-woocommerce_thumbnail size-woocommerce_thumbnail\" alt=\"COP son Botas t\u00e1cticas con puntera en Panama\" srcset=\"https:\/\/ozapato.com\/pa\/wp-content\/uploads\/sites\/2\/2018\/09\/Thumbmail-Cop02-300x300.jpg 300w, https:\/\/ozapato.com\/pa\/wp-content\/uploads\/sites\/2\/2018\/09\/Thumbmail-Cop02-150x150.jpg 150w, https:\/\/ozapato.com\/pa\/wp-content\/uploads\/sites\/2\/2018\/09\/Thumbmail-Cop02-768x768.jpg 768w, https:\/\/ozapato.com\/pa\/wp-content\/uploads\/sites\/2\/2018\/09\/Thumbmail-Cop02-116x116.jpg 116w, https:\/\/ozapato.com\/pa\/wp-content\/uploads\/sites\/2\/2018\/09\/Thumbmail-Cop02-200x200.jpg 200w, https:\/\/ozapato.com\/pa\/wp-content\/uploads\/sites\/2\/2018\/09\/Thumbmail-Cop02-600x600.jpg 600w, https:\/\/ozapato.com\/pa\/wp-content\/uploads\/sites\/2\/2018\/09\/Thumbmail-Cop02-100x100.jpg 100w, https:\/\/ozapato.com\/pa\/wp-content\/uploads\/sites\/2\/2018\/09\/Thumbmail-Cop02.jpg 800w\" sizes=\"auto, (max-width: 300px) 100vw, 300px\" \/>\t            \t        <\/div><!--.product_thumbnail-->\r\n\t\t<\/a>\r\n\r\n\t\t\t\t\t\t\t\r\n\t\t\r\n\t\t\r\n\t\t\r\n    <\/div><!--.product_thumbnail_wrapper-->\r\n\r\n    \r\n\t<h2 class=\"woocommerce-loop-product__title\">\r\n\t\t<a href=\"https:\/\/ozapato.com\/pa\/product\/cop02-bota-tactica\/\">Cop 02<\/a>\r\n\t<\/h2>\r\n\r\n\t\r\n        <div class=\"product_after_shop_loop\">\r\n        <div class=\"product_after_shop_loop_switcher\">\r\n    \r\n            \n\t<span class=\"price\"><span class=\"woocommerce-Price-amount amount\"><bdi><span class=\"woocommerce-Price-currencySymbol\">&#36;<\/span>72.00<\/bdi><\/span><\/span>\n<a href=\"https:\/\/ozapato.com\/pa\/product\/cop02-bota-tactica\/\" aria-describedby=\"woocommerce_loop_add_to_cart_link_describedby_7377\" data-quantity=\"1\" class=\"button product_type_variable add_to_cart_button\" data-product_id=\"7377\" data-product_sku=\"cop02\" aria-label=\"Select options for &ldquo;Cop 02&rdquo;\" rel=\"nofollow\">Select options<\/a>\t<span id=\"woocommerce_loop_add_to_cart_link_describedby_7377\" class=\"screen-reader-text\">\n\t\tThis product has multiple variants. The options may be chosen on the product page\t<\/span>\n\r\n            <\/div>\r\n    <\/div>\r\n    \r\n\t<span class=\"gtm4wp_productdata\" style=\"display:none; visibility:hidden;\" data-gtm4wp_product_data=\"{&quot;internal_id&quot;:7377,&quot;item_id&quot;:7377,&quot;item_name&quot;:&quot;Cop 02&quot;,&quot;sku&quot;:&quot;cop02&quot;,&quot;price&quot;:72,&quot;stocklevel&quot;:0,&quot;stockstatus&quot;:&quot;onbackorder&quot;,&quot;google_business_vertical&quot;:&quot;retail&quot;,&quot;item_category&quot;:&quot;T\\u00e1ctica&quot;,&quot;id&quot;:7377,&quot;productlink&quot;:&quot;https:\\\/\\\/ozapato.com\\\/pa\\\/product\\\/cop02-bota-tactica\\\/&quot;,&quot;item_list_name&quot;:&quot;General Product List&quot;,&quot;index&quot;:2,&quot;product_type&quot;:&quot;variable&quot;,&quot;item_brand&quot;:&quot;&quot;}\"><\/span>\r\n<\/li>\r\n<li class=\"product type-product post-12777 status-publish last instock product_cat-botas-tacticas-panama has-post-thumbnail taxable shipping-taxable purchasable product-type-variable\">\r\n\r\n\t\r\n    <div class=\"product_thumbnail_wrapper \">\r\n\r\n\t\t<a href=\"https:\/\/ozapato.com\/pa\/product\/cop-17\/\" class=\"woocommerce-LoopProduct-link woocommerce-loop-product__link\">\r\n\r\n\t        <div class=\"product_thumbnail with_second_image\">\r\n\t            <img loading=\"lazy\" decoding=\"async\" width=\"350\" height=\"350\" src=\"https:\/\/ozapato.com\/pa\/wp-content\/uploads\/sites\/2\/2025\/09\/Gemini_Generated_Image_992jda992jda992j-copy-350x350.jpg\" class=\"attachment-woocommerce_thumbnail size-woocommerce_thumbnail\" alt=\"COP 17 bota de combate con suela Panama ideal para jungla. OZAPATO Panama COP 17\" srcset=\"https:\/\/ozapato.com\/pa\/wp-content\/uploads\/sites\/2\/2025\/09\/Gemini_Generated_Image_992jda992jda992j-copy-350x350.jpg 350w, https:\/\/ozapato.com\/pa\/wp-content\/uploads\/sites\/2\/2025\/09\/Gemini_Generated_Image_992jda992jda992j-copy-300x300.jpg 300w, https:\/\/ozapato.com\/pa\/wp-content\/uploads\/sites\/2\/2025\/09\/Gemini_Generated_Image_992jda992jda992j-copy-150x150.jpg 150w, https:\/\/ozapato.com\/pa\/wp-content\/uploads\/sites\/2\/2025\/09\/Gemini_Generated_Image_992jda992jda992j-copy-600x600.jpg 600w, https:\/\/ozapato.com\/pa\/wp-content\/uploads\/sites\/2\/2025\/09\/Gemini_Generated_Image_992jda992jda992j-copy-100x100.jpg 100w, https:\/\/ozapato.com\/pa\/wp-content\/uploads\/sites\/2\/2025\/09\/Gemini_Generated_Image_992jda992jda992j-copy.jpg 710w\" sizes=\"auto, (max-width: 350px) 100vw, 350px\" \/>\t            \t            \t<span class=\"product_thumbnail_background\" style=\"background-image:url(https:\/\/ozapato.com\/pa\/wp-content\/uploads\/sites\/2\/2025\/09\/Gemini_Generated_Image_2ti80w2ti80w2ti8-350x200.png)\"><\/span>\r\n\t        \t\t        <\/div><!--.product_thumbnail-->\r\n\t\t<\/a>\r\n\r\n\t\t\t\t\t\t\t\r\n\t\t\r\n\t\t\r\n\t\t\r\n    <\/div><!--.product_thumbnail_wrapper-->\r\n\r\n    \r\n\t<h2 class=\"woocommerce-loop-product__title\">\r\n\t\t<a href=\"https:\/\/ozapato.com\/pa\/product\/cop-17\/\">COP 17<\/a>\r\n\t<\/h2>\r\n\r\n\t\r\n        <div class=\"product_after_shop_loop\">\r\n        <div class=\"product_after_shop_loop_switcher\">\r\n    \r\n            \n\t<span class=\"price\"><span class=\"woocommerce-Price-amount amount\"><bdi><span class=\"woocommerce-Price-currencySymbol\">&#36;<\/span>69.00<\/bdi><\/span><\/span>\n<a href=\"https:\/\/ozapato.com\/pa\/product\/cop-17\/\" aria-describedby=\"woocommerce_loop_add_to_cart_link_describedby_12777\" data-quantity=\"1\" class=\"button product_type_variable add_to_cart_button\" data-product_id=\"12777\" data-product_sku=\"COP17\" aria-label=\"Select options for &ldquo;COP 17&rdquo;\" rel=\"nofollow\">Select options<\/a>\t<span id=\"woocommerce_loop_add_to_cart_link_describedby_12777\" class=\"screen-reader-text\">\n\t\tThis product has multiple variants. The options may be chosen on the product page\t<\/span>\n\r\n            <\/div>\r\n    <\/div>\r\n    \r\n\t<span class=\"gtm4wp_productdata\" style=\"display:none; visibility:hidden;\" data-gtm4wp_product_data=\"{&quot;internal_id&quot;:12777,&quot;item_id&quot;:12777,&quot;item_name&quot;:&quot;COP 17&quot;,&quot;sku&quot;:&quot;COP17&quot;,&quot;price&quot;:69,&quot;stocklevel&quot;:null,&quot;stockstatus&quot;:&quot;instock&quot;,&quot;google_business_vertical&quot;:&quot;retail&quot;,&quot;item_category&quot;:&quot;T\\u00e1ctica&quot;,&quot;id&quot;:12777,&quot;productlink&quot;:&quot;https:\\\/\\\/ozapato.com\\\/pa\\\/product\\\/cop-17\\\/&quot;,&quot;item_list_name&quot;:&quot;General Product List&quot;,&quot;index&quot;:3,&quot;product_type&quot;:&quot;variable&quot;,&quot;item_brand&quot;:&quot;&quot;}\"><\/span>\r\n<\/li>\r\n<\/ul>\n<\/div>[\/vc_column][vc_column width=&#8221;1\/4&#8243;][\/vc_column][\/vc_row][vc_row][vc_column][vc_separator][\/vc_column][\/vc_row][vc_row type=&#8221;boxed&#8221;][vc_column width=&#8221;1\/6&#8243;][\/vc_column][vc_column width=&#8221;2\/3&#8243;][vc_media_grid element_width=&#8221;3&#8243; grid_id=&#8221;vc_gid:1705424773282-388abe89-e492-5&#8243; include=&#8221;5143,5130,5120,5138&#8243;][\/vc_column][vc_column width=&#8221;1\/6&#8243;][\/vc_column][\/vc_row][vc_row][vc_column][vc_separator][\/vc_column][\/vc_row][vc_row type=&#8221;boxed&#8221;][vc_column width=&#8221;1\/6&#8243;][\/vc_column][vc_column width=&#8221;2\/3&#8243;][vc_column_text]\u00a1LAS MEJORES BOTAS MILITARES EN PANAM\u00c1! \ud83e\udd7e<\/p>\n<p>Las botas militares son un calzado esencial para las fuerzas armadas. Ofrecen protecci\u00f3n, soporte y comodidad para enfrentar las exigencias del trabajo militar.<\/p>\n<p>En OZAPATO contamos con la selecci\u00f3n m\u00e1s amplia de botas militares en Panam\u00e1 para satisfacer todas necesidades. \ud83e\ude96<\/p>\n<p>Ofrecemos botas militares t\u00e1cticas, de campa\u00f1a y de combate fabricadas con materiales resistentes y de alta calidad.<\/p>\n<p>Las botas t\u00e1cticas militares \ud83e\udd7cson ideales para entrenamientos y operaciones. Confeccionadas en cuero y nylon, brindan protecci\u00f3n y flexibilidad.<\/p>\n<p>Las botas militares de OZAPATO \ud83e\udd7ecombinan cuero y lona para mayor comodidad en terrenos irregulares. La suela antideslizante ofrece excelente tracci\u00f3n.<\/p>\n<p>Las botas de combate \ud83d\udc5e incorporan cuero y materiales sint\u00e9ticos resistentes al agua. Son perfectas para misiones dif\u00edciles.<\/p>\n<p>Todas nuestras botas militares est\u00e1n fabricadas bajo estrictos est\u00e1ndares para garantizar su m\u00e1ximo rendimiento. Adem\u00e1s, tienen un dise\u00f1o moderno y atractivo.<\/p>\n<p class=\"whitespace-pre-wrap\">\ud83d\udd38 Botas t\u00e1cticas livianas COP 01 y 02 &#8211; ideales para entrenamiento por su ligereza y cordones frontales.<\/p>\n<p class=\"whitespace-pre-wrap\">\ud83d\udd38 Botas militares Oxford &#8211; de cuero resistente con cremallera lateral para mayor comodidad. Perfectas para campa\u00f1a.<\/p>\n<p class=\"whitespace-pre-wrap\">\ud83d\udd38 Botas militares Coyolt &#8211; muy resistentes y duraderas para terrenos dif\u00edciles. Excelente tracci\u00f3n.<\/p>\n<p class=\"whitespace-pre-wrap\">\ud83d\udd38 Botas t\u00e1cticas COP 17 &#8211; uno de nuestros modelos m\u00e1s populares por su gran comodidad.<\/p>\n<p>Realizamos env\u00edos a toda la Rep\u00fablica de Panam\u00e1 \ud83c\uddf5\ud83c\udde6. Compra online las mejores botas militares y rec\u00edbelas r\u00e1pido en la puerta de tu casa.<\/p>\n<p>Visita OZAPATO.com y explora nuestra amplia selecci\u00f3n de botas militares al mejor precio. \u00a1Compra ya! \u2705[\/vc_column_text][\/vc_column][vc_column width=&#8221;1\/6&#8243;][\/vc_column][\/vc_row][vc_row][vc_column][vc_separator][\/vc_column][\/vc_row][vc_row type=&#8221;boxed&#8221;][vc_column][vc_column_text]<\/p>\n<h4 class=\"western\" style=\"text-align: center;\"><span style=\"color: #ff0000;\">\u00bfInteresado? Recibe una cotizaci\u00f3n en 24 horas m\u00e1ximo.<\/span><\/h4>\n<p>[\/vc_column_text][vc_column_text]<span style=\"color: #000000;\"><iframe loading=\"lazy\" height=\"850px\" width=\"100%\" frameborder=\"0\" allow=\"geolocation;microphone;camera\" src=\"https:\/\/forms.zohopublic.com\/virtualoffice9264\/form\/PAWebForm\/formperma\/wwIB1tqf92Cpoyszs5ObfP_teEnMSiT7XWku5Tz5DOg\"> <\/iframe><\/span>[\/vc_column_text][\/vc_column][\/vc_row][vc_row][vc_column][vc_separator][\/vc_column][\/vc_row][vc_row type=&#8221;boxed&#8221;][vc_column][vc_gmaps link=&#8221;#E-8_JTNDaWZyYW1lJTIwc3JjJTNEJTIyaHR0cHMlM0ElMkYlMkZ3d3cuZ29vZ2xlLmNvbSUyRm1hcHMlMkZlbWJlZCUzRnBiJTNEJTIxMW0xOCUyMTFtMTIlMjExbTMlMjExZDM5NDAuOTM0MTgzMjg1NjM5NCUyMTJkLTc5LjU0MzUzMDY4NTg0NjMzJTIxM2Q4Ljk3ODIwMzk5MzU1NjA4JTIxMm0zJTIxMWYwJTIxMmYwJTIxM2YwJTIxM20yJTIxMWkxMDI0JTIxMmk3NjglMjE0ZjEzLjElMjEzbTMlMjExbTIlMjExczB4OGZhY2E4OTRmNjI0MjY4ZCUyNTNBMHhjNzg0YmIxNjczYjhmN2M5JTIxMnNPWkFQQVRPJTIxNWUwJTIxM20yJTIxMXNlbiUyMTJzcGElMjE0djE0NjcxNTU2NTgxNDElMjIlMjB3aWR0aCUzRCUyMjYwMCUyMiUyMGhlaWdodCUzRCUyMjQ1MCUyMiUyMGZyYW1lYm9yZGVyJTNEJTIyMCUyMiUyMHN0eWxlJTNEJTIyYm9yZGVyJTNBMCUyMiUyMGFsbG93ZnVsbHNjcmVlbiUzRSUzQyUyRmlmcmFtZSUzRQ==&#8221;][\/vc_column][\/vc_row]<\/p>\n","protected":false},"excerpt":{"rendered":"<p>[vc_row full_width=&#8221;stretch_row&#8221; full_height=&#8221;yes&#8221; content_placement=&#8221;bottom&#8221; css=&#8221;.vc_custom_1455903518327{background: #000000 url(https:\/\/ozapato.com\/pa\/wp-content\/uploads\/sites\/2\/2016\/02\/Botas-t\u00e1cticas-seguridad.jpg?id=1238) !important;}&#8221;][vc_column width=&#8221;1\/6&#8243;][\/vc_column][vc_column width=&#8221;2\/3&#8243;][vc_column_text] BOTAS\u00a0MILITARES [\/vc_column_text][\/vc_column][vc_column width=&#8221;1\/6&#8243;][\/vc_column][\/vc_row][vc_row][vc_column][vc_separator][\/vc_column][\/vc_row][vc_row type=&#8221;boxed&#8221;][vc_column width=&#8221;1\/4&#8243;][\/vc_column][vc_column width=&#8221;1\/2&#8243;][\/vc_column][vc_column width=&#8221;1\/4&#8243;][\/vc_column][\/vc_row][vc_row][vc_column][vc_separator][\/vc_column][\/vc_row][vc_row type=&#8221;boxed&#8221;][vc_column width=&#8221;1\/6&#8243;][\/vc_column][vc_column width=&#8221;2\/3&#8243;][vc_media_grid element_width=&#8221;3&#8243; grid_id=&#8221;vc_gid:1705424773282-388abe89-e492-5&#8243; include=&#8221;5143,5130,5120,5138&#8243;][\/vc_column][vc_column width=&#8221;1\/6&#8243;][\/vc_column][\/vc_row][vc_row][vc_column][vc_separator][\/vc_column][\/vc_row][vc_row type=&#8221;boxed&#8221;][vc_column width=&#8221;1\/6&#8243;][\/vc_column][vc_column width=&#8221;2\/3&#8243;][vc_column_text]\u00a1LAS MEJORES BOTAS MILITARES EN PANAM\u00c1! \ud83e\udd7e Las botas militares son un calzado esencial para las fuerzas armadas. Ofrecen protecci\u00f3n, soporte y comodidad para enfrentar las exigencias del trabajo [&hellip;]<\/p>\n","protected":false},"author":6,"featured_media":0,"parent":0,"menu_order":0,"comment_status":"closed","ping_status":"closed","template":"page-full-width.php","meta":{"jetpack_post_was_ever_published":false,"footnotes":""},"class_list":["post-3615","page","type-page","status-publish","hentry"],"jetpack_sharing_enabled":true,"jetpack_shortlink":"https:\/\/wp.me\/PbrPTF-Wj","_links":{"self":[{"href":"https:\/\/ozapato.com\/pa\/wp-json\/wp\/v2\/pages\/3615","targetHints":{"allow":["GET"]}}],"collection":[{"href":"https:\/\/ozapato.com\/pa\/wp-json\/wp\/v2\/pages"}],"about":[{"href":"https:\/\/ozapato.com\/pa\/wp-json\/wp\/v2\/types\/page"}],"author":[{"embeddable":true,"href":"https:\/\/ozapato.com\/pa\/wp-json\/wp\/v2\/users\/6"}],"replies":[{"embeddable":true,"href":"https:\/\/ozapato.com\/pa\/wp-json\/wp\/v2\/comments?post=3615"}],"version-history":[{"count":8,"href":"https:\/\/ozapato.com\/pa\/wp-json\/wp\/v2\/pages\/3615\/revisions"}],"predecessor-version":[{"id":12211,"href":"https:\/\/ozapato.com\/pa\/wp-json\/wp\/v2\/pages\/3615\/revisions\/12211"}],"wp:attachment":[{"href":"https:\/\/ozapato.com\/pa\/wp-json\/wp\/v2\/media?parent=3615"}],"curies":[{"name":"wp","href":"https:\/\/api.w.org\/{rel}","templated":true}]}}