{"id":3688,"date":"2016-07-21T19:33:06","date_gmt":"2016-07-21T19:33:06","guid":{"rendered":"https:\/\/ozapato.com\/pa\/?page_id=3688"},"modified":"2016-07-21T20:44:00","modified_gmt":"2016-07-21T20:44:00","slug":"botas-de-seguridad-despues-de-6-meses-de-trabajo","status":"publish","type":"page","link":"https:\/\/ozapato.com\/pa\/botas-de-seguridad-despues-de-6-meses-de-trabajo\/","title":{"rendered":"Botas De Seguridad Despu\u00e9s De 6 Meses De Trabajo"},"content":{"rendered":"<p>[vc_row full_width=&#8221;stretch_row&#8221; full_height=&#8221;yes&#8221; css=&#8221;.vc_custom_1469133260970{background: #000000 url(https:\/\/ozapato.com\/pa\/wp-content\/uploads\/sites\/2\/2016\/07\/IMG_7994.jpg?id=3690) !important;background-position: center !important;background-repeat: no-repeat !important;background-size: cover !important;}&#8221;][vc_column width=&#8221;1\/6&#8243;][\/vc_column][vc_column width=&#8221;2\/3&#8243;][vc_column_text]<\/p>\n<h1 style=\"text-align: center\"><span style=\"color: #333333\">Botas De Seguridad Despu\u00e9s De 6 Meses De Trabajo<\/span><\/h1>\n<p>[\/vc_column_text][\/vc_column][vc_column width=&#8221;1\/6&#8243;][\/vc_column][\/vc_row][vc_row][vc_column][vc_empty_space][\/vc_column][\/vc_row][vc_row][vc_column width=&#8221;1\/6&#8243;][\/vc_column][vc_column width=&#8221;2\/3&#8243;][vc_column_text]<\/p>\n<p style=\"text-align: justify\">La Rock es nuestra bota de trabajo m\u00e1s accesible del cat\u00e1logo. Se vende en s\u00f3lo 27$, y por eso, se podr\u00eda pensar que no proteger\u00e1 tanto como otras botas m\u00e1s caras a lo largo del tiempo. Les aseguramos que eso no suceder\u00e1, y que sus pies estar\u00e1n seguros en cualquier momento.<\/p>\n<p style=\"text-align: justify\">Hoy queremos compartirles c\u00f3mo se ve una bota Rock, despu\u00e9s de 6 meses de uso en un proyecto de construcci\u00f3n.Para este estudio vamos a comparar un par usado y un par nuevo del mismo modelo.<\/p>\n<p style=\"text-align: justify\">La bota usada no fue limpiada a prop\u00f3sito para que puedan juzgar su estado por ustedes mismos. As\u00ed, puede ver el estado de la piel, de la suela y de la costura despu\u00e9s de medio a\u00f1o de uso.<\/p>\n<p>[\/vc_column_text][\/vc_column][vc_column width=&#8221;1\/6&#8243;][\/vc_column][\/vc_row][vc_row][vc_column width=&#8221;1\/6&#8243;][\/vc_column][vc_column width=&#8221;2\/3&#8243;][vc_column_text]<\/p>\n<h1 style=\"text-align: center\">EL CUERO<\/h1>\n<p>[\/vc_column_text][\/vc_column][vc_column width=&#8221;1\/6&#8243;][\/vc_column][\/vc_row][vc_row][vc_column width=&#8221;1\/4&#8243;][\/vc_column][vc_column width=&#8221;1\/2&#8243;][vc_single_image image=&#8221;3690&#8243; img_size=&#8221;large&#8221;][\/vc_column][vc_column width=&#8221;1\/4&#8243;][\/vc_column][\/vc_row][vc_row][vc_column width=&#8221;1\/6&#8243;][\/vc_column][vc_column width=&#8221;2\/3&#8243;][vc_column_text]<\/p>\n<p style=\"text-align: justify\">Despu\u00e9s de 6 meses, podemos ver que el cuero se ha estirado ligeramente de su forma original. Este cambio ocurre en el primer mes de uso: eso permite al cuero adaptarse a la forma de cada pie, ofreciendo una mayor comodidad a lo largo del d\u00eda.<\/p>\n<p style=\"text-align: justify\">El otro aspecto clave de la piel es su resistencia a la abrasi\u00f3n. Puede ver en el frente de la bota que el cuero tiene peque\u00f1os cortes e imperfecciones. Sabemos que el trabajo en proyectos de construcci\u00f3n es uno de los m\u00e1s dif\u00edciles para las botas de seguridad, sin embargo, gracias al cuero de alta calidad que usamos, no se rasga. El casco de acero no est\u00e1 visible, lo que significa que los da\u00f1os en la piel que se aprecian en las fotos son s\u00f3lo superficiales.<\/p>\n<p><strong>CONSEJO IMPORTANTE\u00a0:<\/strong><\/p>\n<p style=\"text-align: justify\"><strong>Si sus botas llegan al punto en el que se ve el casco de acero, por favor \u00a1c\u00e1mbielas inmediatamente!<\/strong><\/p>\n<p>[\/vc_column_text][\/vc_column][vc_column width=&#8221;1\/6&#8243;][\/vc_column][\/vc_row][vc_row][vc_column width=&#8221;1\/6&#8243;][\/vc_column][vc_column width=&#8221;2\/3&#8243;][vc_column_text]<\/p>\n<h1 style=\"text-align: center\">LA SUELA<\/h1>\n<p>[\/vc_column_text][\/vc_column][vc_column width=&#8221;1\/6&#8243;][\/vc_column][\/vc_row][vc_row][vc_column width=&#8221;1\/4&#8243;][\/vc_column][vc_column width=&#8221;1\/2&#8243;][vc_single_image image=&#8221;3693&#8243; img_size=&#8221;large&#8221;][\/vc_column][vc_column width=&#8221;1\/4&#8243;][\/vc_column][\/vc_row][vc_row][vc_column width=&#8221;1\/6&#8243;][\/vc_column][vc_column width=&#8221;2\/3&#8243;][vc_column_text]<\/p>\n<p style=\"text-align: justify\">La suela queda en un muy buen estado, considerando que se us\u00f3 por medio a\u00f1o. Se ve sobre todo en la zona del tac\u00f3n que est\u00e1 ligeramente m\u00e1s lisa que la nueva. Eso significa que la adherencia en esta parte no ser\u00e1 tan eficaz como con una suela nueva, pero en todo el resto del zapato, queda intacta. Esa es una caracter\u00edstica muy importante para una bota de trabajo, porque obviamente usted no quiere resbalar y lastimarse.<\/p>\n<p><strong>CONSEJO IMPORTANTE :<\/strong><\/p>\n<p style=\"text-align: justify\"><strong>Limpie la suela de sus botas con la mayor frecuencia posible. Quitar el lodo ayuda a localizar da\u00f1os posibles en su suela y mantiene el nivel requerido de adherencia.<\/strong><\/p>\n<p>[\/vc_column_text][\/vc_column][vc_column width=&#8221;1\/6&#8243;][\/vc_column][\/vc_row][vc_row][vc_column width=&#8221;1\/6&#8243;][\/vc_column][vc_column width=&#8221;2\/3&#8243;][vc_column_text]<\/p>\n<h1 style=\"text-align: center\">LA COSTURA<\/h1>\n<p>[\/vc_column_text][\/vc_column][vc_column width=&#8221;1\/6&#8243;][\/vc_column][\/vc_row][vc_row][vc_column width=&#8221;1\/4&#8243;][\/vc_column][vc_column width=&#8221;1\/2&#8243;][vc_single_image image=&#8221;3691&#8243; img_size=&#8221;large&#8221;][\/vc_column][vc_column width=&#8221;1\/4&#8243;][\/vc_column][\/vc_row][vc_row][vc_column width=&#8221;1\/6&#8243;][\/vc_column][vc_column width=&#8221;2\/3&#8243;][vc_column_text]<\/p>\n<p style=\"text-align: justify\">La Rock est\u00e1 cosido con un proceso Lockstitch; coser la suela con el cuero adem\u00e1s de ser pegadas al zapato ofrece una resistencia mucha m\u00e1s alta. La forma de la suela fue dise\u00f1ada espec\u00edficamente para proteger la costura de la bota, as\u00ed vemos que la costura queda intacta, incluso despu\u00e9s de 6 meses.<\/p>\n<p style=\"text-align: justify\">La utilizaci\u00f3n de este proceso para la costura de la bota hace una diferencia enorme, aumenta el tiempo de vida del calzado de manera considerable. Coser as\u00ed ofrece a la bota una resistencia adicional, evitando a la suela separarse del resto del zapato.<\/p>\n<p><strong>CONSEJO IMPORTANTE :<\/strong><\/p>\n<p><strong>Si es posible, aseg\u00farese de escoger botas cosidas para que le duren m\u00e1s tiempo, y as\u00ed ahorrar dinero. El proceso de cosido Goodyear Welt es todav\u00eda el proceso de costura de mejor calidad.<\/strong>[\/vc_column_text][\/vc_column][vc_column width=&#8221;1\/6&#8243;][\/vc_column][\/vc_row][vc_row][vc_column width=&#8221;1\/6&#8243;][\/vc_column][vc_column width=&#8221;2\/3&#8243;][vc_media_grid grid_id=&#8221;vc_gid:1469133705387-ee2fb671-b750-0&#8243; include=&#8221;3690,3691,3693,3694,3695,3696&#8243;][\/vc_column][vc_column width=&#8221;1\/6&#8243;][\/vc_column][\/vc_row][vc_row][vc_column width=&#8221;1\/6&#8243;][\/vc_column][vc_column width=&#8221;2\/3&#8243;][vc_column_text]<\/p>\n<p style=\"text-align: justify\">Esperamos que entiendan ahora que el precio de la bota de trabajo no es un indicador de confianza de la calidad del zapato.\u00a0Cuando usted elige sus botas de seguridad, tiene que prestar atenci\u00f3n al proceso utilizado y a la calidad de los materiales elegidos para fabricar las botas, en lugar del precio.<\/p>\n<p style=\"text-align: justify\"><strong>Nuestro \u00faltimo consejo ser\u00eda limpiar y engrasar sus botas regularmente. Limpiar sus zapatos permite verificar que las botas no est\u00e1n da\u00f1adas, y engrasar el cuero aumentar\u00e1 su tiempo de vida.<\/strong><\/p>\n<p>[\/vc_column_text][\/vc_column][vc_column width=&#8221;1\/6&#8243;][\/vc_column][\/vc_row]<\/p>\n","protected":false},"excerpt":{"rendered":"<p>[vc_row full_width=&#8221;stretch_row&#8221; full_height=&#8221;yes&#8221; css=&#8221;.vc_custom_1469133260970{background: #000000 url(https:\/\/ozapato.com\/pa\/wp-content\/uploads\/sites\/2\/2016\/07\/IMG_7994.jpg?id=3690) !important;background-position: center !important;background-repeat: no-repeat !important;background-size: cover !important;}&#8221;][vc_column width=&#8221;1\/6&#8243;][\/vc_column][vc_column width=&#8221;2\/3&#8243;][vc_column_text] Botas De Seguridad Despu\u00e9s De 6 Meses De Trabajo [\/vc_column_text][\/vc_column][vc_column width=&#8221;1\/6&#8243;][\/vc_column][\/vc_row][vc_row][vc_column][vc_empty_space][\/vc_column][\/vc_row][vc_row][vc_column width=&#8221;1\/6&#8243;][\/vc_column][vc_column width=&#8221;2\/3&#8243;][vc_column_text] La Rock es nuestra bota de trabajo m\u00e1s accesible del cat\u00e1logo. Se vende en s\u00f3lo 27$, y por eso, se podr\u00eda pensar que no proteger\u00e1 tanto como [&hellip;]<\/p>\n","protected":false},"author":6,"featured_media":0,"parent":0,"menu_order":0,"comment_status":"closed","ping_status":"closed","template":"page-full-width.php","meta":{"jetpack_post_was_ever_published":false,"footnotes":""},"class_list":["post-3688","page","type-page","status-publish","hentry"],"jetpack_sharing_enabled":true,"jetpack_shortlink":"https:\/\/wp.me\/PbrPTF-Xu","_links":{"self":[{"href":"https:\/\/ozapato.com\/pa\/wp-json\/wp\/v2\/pages\/3688","targetHints":{"allow":["GET"]}}],"collection":[{"href":"https:\/\/ozapato.com\/pa\/wp-json\/wp\/v2\/pages"}],"about":[{"href":"https:\/\/ozapato.com\/pa\/wp-json\/wp\/v2\/types\/page"}],"author":[{"embeddable":true,"href":"https:\/\/ozapato.com\/pa\/wp-json\/wp\/v2\/users\/6"}],"replies":[{"embeddable":true,"href":"https:\/\/ozapato.com\/pa\/wp-json\/wp\/v2\/comments?post=3688"}],"version-history":[{"count":10,"href":"https:\/\/ozapato.com\/pa\/wp-json\/wp\/v2\/pages\/3688\/revisions"}],"predecessor-version":[{"id":3697,"href":"https:\/\/ozapato.com\/pa\/wp-json\/wp\/v2\/pages\/3688\/revisions\/3697"}],"wp:attachment":[{"href":"https:\/\/ozapato.com\/pa\/wp-json\/wp\/v2\/media?parent=3688"}],"curies":[{"name":"wp","href":"https:\/\/api.w.org\/{rel}","templated":true}]}}