{"id":4559,"date":"2017-01-30T15:24:55","date_gmt":"2017-01-30T15:24:55","guid":{"rendered":"https:\/\/ozapato.com\/pa\/?page_id=4559"},"modified":"2020-04-10T14:26:18","modified_gmt":"2020-04-10T14:26:18","slug":"responsabilidad-social","status":"publish","type":"page","link":"https:\/\/ozapato.com\/pa\/responsabilidad-social\/","title":{"rendered":"Responsabilidad Social OZAPATO"},"content":{"rendered":"<p>[vc_row full_width=&#8221;stretch_row_content&#8221; content_placement=&#8221;middle&#8221; css=&#8221;.vc_custom_1485794122249{background-image: url(https:\/\/ozapato.com\/pa\/wp-content\/uploads\/sites\/2\/2017\/01\/640px-DirkvdM_panama_panorama-santa_fe-1.jpg?id=4574) !important;background-position: center !important;background-repeat: no-repeat !important;background-size: cover !important;}&#8221;][vc_column][vc_column_text css_animation=&#8221;right-to-left&#8221; css=&#8221;.vc_custom_1485794745010{background-image: url(https:\/\/ozapato.com\/pa\/wp-content\/uploads\/sites\/2\/2017\/01\/640px-DirkvdM_panama_panorama-santa_fe-1.jpg?id=4574) !important;background-position: center !important;background-repeat: no-repeat !important;background-size: cover !important;}&#8221;]<\/p>\n<h1 style=\"text-align: center\"><del><\/del><span style=\"color: #ffffff\">RESPONSABILIDAD SOCIAL OZAPATO<del><\/del><\/span><\/h1>\n<p>[\/vc_column_text][\/vc_column][\/vc_row][vc_row][vc_column][vc_separator][\/vc_column][\/vc_row][vc_row gap=&#8221;5&#8243; type=&#8221;boxed&#8221;][vc_column width=&#8221;1\/6&#8243;][\/vc_column][vc_column width=&#8221;2\/3&#8243;][vc_column_text]<a href=\"https:\/\/emojipedia.org\/hiking-boot\/\" target=\"_blank\" rel=\"noopener\"><span class=\"emoji\">\ud83e\udd7e<\/span><\/a>OZAPATO ha colaborado con el centro misional Jes\u00fas Obrero en Tol\u00e9 donando sus botas a los j\u00f3venes con pocos recursos para que puedan ir con seguridad a la escuela.<\/p>\n<p style=\"text-align: justify\">Esta colaboraci\u00f3n nace de la necesidad de un colectivo y OZAPATO decide poner en marcha el proyecto colaborativo para poder dar soluci\u00f3n a este problema social y as\u00ed poder poner su grano de arena para la causa.<\/p>\n<p style=\"text-align: justify\">\u00bfQu\u00e9 tienen las botas de seguridad en Tol\u00e9 de marca OZAPATO que no tiene otras marcas? Todas nuestras botas aportan una mayor resistencia y durabilidad.<\/p>\n<p>[\/vc_column_text][\/vc_column][vc_column width=&#8221;1\/6&#8243;][\/vc_column][\/vc_row][vc_row][vc_column][vc_separator][\/vc_column][\/vc_row][vc_row type=&#8221;boxed&#8221;][vc_column width=&#8221;1\/6&#8243;][\/vc_column][vc_column width=&#8221;2\/3&#8243;][vc_media_grid grid_id=&#8221;vc_gid:1586527858115-afd0238f-d2b7-2&#8243; include=&#8221;4564,4563,4565&#8243;][\/vc_column][vc_column width=&#8221;1\/6&#8243;][\/vc_column][\/vc_row][vc_row][vc_column][vc_separator][\/vc_column][\/vc_row][vc_row type=&#8221;boxed&#8221; css=&#8221;.vc_custom_1583341823049{background-color: #dd3333 !important;}&#8221;][vc_column width=&#8221;1\/6&#8243;][\/vc_column][vc_column width=&#8221;2\/3&#8243;][vc_column_text]<\/p>\n<h3 style=\"text-align: center\"><del><\/del><span style=\"color: #ffffff\">\u00bfPOR QU\u00c9 LA COLABORACI\u00d3N DE OZAPATO?<\/span><\/h3>\n<p style=\"text-align: justify\"><span style=\"color: #ffffff\">Debido a la situaci\u00f3n de necesidad actual en ciertos lugares de Panam\u00e1, OZAPATO quiere colaborar de manera proactiva haciendo donaciones de sus zapatos en colaboraci\u00f3n con el centro misional Jes\u00fas Obrero en Tol\u00e9. Dicha propuesto ha sido pensada para el beneficio de la sociedad paname\u00f1a y que los j\u00f3venes puedan tener una mejor calidad de vida a la hora de ir a la escuela, ya que muchos de ellos tienen que caminar durante horas.OZAPATO apuesta por mejorar la sociedad en colaboraci\u00f3n conjunta con instituciones y organizaciones.<\/span><\/p>\n<div class=\"wpb_text_column wpb_content_element \"><\/div>\n<p>[\/vc_column_text][\/vc_column][vc_column width=&#8221;1\/6&#8243;][\/vc_column][\/vc_row][vc_row][vc_column][vc_separator][\/vc_column][\/vc_row][vc_row type=&#8221;boxed&#8221;][vc_column][vc_gmaps link=&#8221;#E-8_JTNDaWZyYW1lJTIwc3JjJTNEJTIyaHR0cHMlM0ElMkYlMkZ3d3cuZ29vZ2xlLmNvbSUyRm1hcHMlMkZlbWJlZCUzRnBiJTNEJTIxMW0xOCUyMTFtMTIlMjExbTMlMjExZDYzMTgxLjA1MzczODEwMzIxJTIxMmQtODEuNzQ0NjcyNTUzMTQ0MjYlMjEzZDguMjIxMjY1Mzg1MzU0OTg0JTIxMm0zJTIxMWYwJTIxMmYwJTIxM2YwJTIxM20yJTIxMWkxMDI0JTIxMmk3NjglMjE0ZjEzLjElMjEzbTMlMjExbTIlMjExczB4OGZhZmFmZWIzNDY2MzNjMyUyNTNBMHhlMmEwN2JmYjhjOGIzZDZiJTIxMnNUb2xlJTIxNWUwJTIxM20yJTIxMXNlbiUyMTJzcGElMjE0djE0ODU3ODcxMTY4OTglMjIlMjB3aWR0aCUzRCUyMjYwMCUyMiUyMGhlaWdodCUzRCUyMjQ1MCUyMiUyMGZyYW1lYm9yZGVyJTNEJTIyMCUyMiUyMHN0eWxlJTNEJTIyYm9yZGVyJTNBMCUyMiUyMGFsbG93ZnVsbHNjcmVlbiUzRSUzQyUyRmlmcmFtZSUzRQ==&#8221; title=&#8221;Entrega de zapatos en distrito de Tol\u00e9&#8221;][\/vc_column][\/vc_row][vc_row][vc_column][vc_separator][\/vc_column][\/vc_row]<\/p>\n","protected":false},"excerpt":{"rendered":"<p>[vc_row full_width=&#8221;stretch_row_content&#8221; content_placement=&#8221;middle&#8221; css=&#8221;.vc_custom_1485794122249{background-image: url(https:\/\/ozapato.com\/pa\/wp-content\/uploads\/sites\/2\/2017\/01\/640px-DirkvdM_panama_panorama-santa_fe-1.jpg?id=4574) !important;background-position: center !important;background-repeat: no-repeat !important;background-size: cover !important;}&#8221;][vc_column][vc_column_text css_animation=&#8221;right-to-left&#8221; css=&#8221;.vc_custom_1485794745010{background-image: url(https:\/\/ozapato.com\/pa\/wp-content\/uploads\/sites\/2\/2017\/01\/640px-DirkvdM_panama_panorama-santa_fe-1.jpg?id=4574) !important;background-position: center !important;background-repeat: no-repeat !important;background-size: cover !important;}&#8221;] RESPONSABILIDAD SOCIAL OZAPATO [\/vc_column_text][\/vc_column][\/vc_row][vc_row][vc_column][vc_separator][\/vc_column][\/vc_row][vc_row gap=&#8221;5&#8243; type=&#8221;boxed&#8221;][vc_column width=&#8221;1\/6&#8243;][\/vc_column][vc_column width=&#8221;2\/3&#8243;][vc_column_text]\ud83e\udd7eOZAPATO ha colaborado con el centro misional Jes\u00fas Obrero en Tol\u00e9 donando sus botas a los j\u00f3venes con pocos recursos para que puedan ir con seguridad [&hellip;]<\/p>\n","protected":false},"author":6,"featured_media":0,"parent":0,"menu_order":0,"comment_status":"closed","ping_status":"closed","template":"page-full-width.php","meta":{"jetpack_post_was_ever_published":false,"footnotes":""},"class_list":["post-4559","page","type-page","status-publish","hentry"],"jetpack_sharing_enabled":true,"jetpack_shortlink":"https:\/\/wp.me\/PbrPTF-1bx","_links":{"self":[{"href":"https:\/\/ozapato.com\/pa\/wp-json\/wp\/v2\/pages\/4559","targetHints":{"allow":["GET"]}}],"collection":[{"href":"https:\/\/ozapato.com\/pa\/wp-json\/wp\/v2\/pages"}],"about":[{"href":"https:\/\/ozapato.com\/pa\/wp-json\/wp\/v2\/types\/page"}],"author":[{"embeddable":true,"href":"https:\/\/ozapato.com\/pa\/wp-json\/wp\/v2\/users\/6"}],"replies":[{"embeddable":true,"href":"https:\/\/ozapato.com\/pa\/wp-json\/wp\/v2\/comments?post=4559"}],"version-history":[{"count":20,"href":"https:\/\/ozapato.com\/pa\/wp-json\/wp\/v2\/pages\/4559\/revisions"}],"predecessor-version":[{"id":10017,"href":"https:\/\/ozapato.com\/pa\/wp-json\/wp\/v2\/pages\/4559\/revisions\/10017"}],"wp:attachment":[{"href":"https:\/\/ozapato.com\/pa\/wp-json\/wp\/v2\/media?parent=4559"}],"curies":[{"name":"wp","href":"https:\/\/api.w.org\/{rel}","templated":true}]}}