{"id":607,"date":"2015-03-20T22:42:42","date_gmt":"2015-03-20T22:42:42","guid":{"rendered":"http:\/\/www.ozapato.com\/blog\/?page_id=323"},"modified":"2020-05-11T10:26:57","modified_gmt":"2020-05-11T10:26:57","slug":"cuales-son-la-diferencias-entre-la-norma-nom-y-astm","status":"publish","type":"page","link":"https:\/\/ozapato.com\/pa\/cuales-son-la-diferencias-entre-la-norma-nom-y-astm\/","title":{"rendered":"\u00bf Cuales son la diferencias entre la norma NOM y ASTM ?"},"content":{"rendered":"<p><span style=\"vertical-align: inherit\"><span style=\"vertical-align: inherit\"><span style=\"vertical-align: inherit\"><span style=\"vertical-align: inherit\">La norma mexicana NOM-113-STPS- 2009 detectaron en OZAPATO, establece los requisitos espec\u00edficos que deben cumplir el calzado ocupado y la protecci\u00f3n contra los posibles riesgos a los que su compa\u00f1\u00eda podr\u00eda estar expuesta.<\/span><\/span><\/span><\/span><\/p>\n<p><span style=\"vertical-align: inherit\"><span style=\"vertical-align: inherit\"><span style=\"vertical-align: inherit\"><span style=\"vertical-align: inherit\">De igual manera, la norma americana ASTM 2413-05 que aval\u00faa el desempe\u00f1o del calzado de seguridad, coincide con los requisitos m\u00ednimos requeridos por la norma mexicana NOM-113-STPS- 2009.<\/span><\/span><\/span><\/span><\/p>\n<p><span style=\"vertical-align: inherit\"><span style=\"vertical-align: inherit\"><span style=\"vertical-align: inherit\"><span style=\"vertical-align: inherit\">A continuaci\u00f3n se anexan los requisitos m\u00ednimos de las normas:<\/span><\/span><\/span><\/span><\/p>\n<table style=\"height: 974px\" border=\"2\" width=\"786\">\n<tbody>\n<tr>\n<td><\/td>\n<td><strong><span style=\"vertical-align: inherit\"><span style=\"vertical-align: inherit\"><span style=\"vertical-align: inherit\"><span style=\"vertical-align: inherit\">NOM113-STPS2009<\/span><\/span><\/span><\/span><\/strong><\/td>\n<td><strong><span style=\"vertical-align: inherit\"><span style=\"vertical-align: inherit\"><span style=\"vertical-align: inherit\"><span style=\"vertical-align: inherit\">ASTM 2413-11<\/span><\/span><\/span><\/span><\/strong><\/td>\n<\/tr>\n<tr>\n<td><strong><span style=\"vertical-align: inherit\"><span style=\"vertical-align: inherit\"><span style=\"vertical-align: inherit\"><span style=\"vertical-align: inherit\">Resistencia al impacto, resistencia m\u00ednima destinada a la protecci\u00f3n integral de los dedos de los pies, donde existen riesgos de impacto y compresi\u00f3n.<\/span><\/span><\/span><\/span><\/strong><\/td>\n<td><span style=\"vertical-align: inherit\"><span style=\"vertical-align: inherit\"><span style=\"vertical-align: inherit\"><span style=\"vertical-align: inherit\">Aplicaci\u00f3n de una energ\u00eda de impacto de 101.7 J + 2 J, el claro interior m\u00ednimo que se generar\u00e1 durante el impacto que debe ser de 13 mm<\/span><\/span><\/span><\/span><\/td>\n<td><span style=\"vertical-align: inherit\"><span style=\"vertical-align: inherit\"><span style=\"vertical-align: inherit\"><span style=\"vertical-align: inherit\">Aplicaci\u00f3n de una energ\u00eda de impacto de 101.7 J (75 pies-lbf)., El claro interior m\u00ednimo que se generar\u00e1 durante el impacto necesario ser\u00e1 de 12.7 mm (0.50 pulg.)<\/span><\/span><\/span><\/span><\/td>\n<\/tr>\n<tr>\n<td><strong><span style=\"vertical-align: inherit\"><span style=\"vertical-align: inherit\"><span style=\"vertical-align: inherit\"><span style=\"vertical-align: inherit\">Resistencia a la compresi\u00f3n, resistencia m\u00ednima destinada a la protecci\u00f3n integral de los dedos de los pies, donde existen riesgos de impacto y compresi\u00f3n.<\/span><\/span><\/span><\/span><\/strong><\/td>\n<td><span style=\"vertical-align: inherit\"><span style=\"vertical-align: inherit\"><span style=\"vertical-align: inherit\"><span style=\"vertical-align: inherit\">\u00a0Carga de compresi\u00f3n de 11.135 kN + 0.2 kN a velocidad constante, el claro interior m\u00ednimo despu\u00e9s de la compresi\u00f3n debe ser de13 mm<\/span><\/span><\/span><\/span><\/td>\n<td><span style=\"vertical-align: inherit\"><span style=\"vertical-align: inherit\"><span style=\"vertical-align: inherit\"><span style=\"vertical-align: inherit\">Carga de compresi\u00f3n de 11.121 N (2500 1bf.) A velocidad constante, el claro interior m\u00ednimo despu\u00e9s de la compresi\u00f3n ser\u00e1 de 12.7 mm (0.50 pulg.)<\/span><\/span><\/span><\/span><\/td>\n<\/tr>\n<tr>\n<td><strong><span style=\"vertical-align: inherit\"><span style=\"vertical-align: inherit\"><span style=\"vertical-align: inherit\"><span style=\"vertical-align: inherit\">Protecci\u00f3n Metatarsal, su objetivo es proteger el empeine del pastel contra riesgos de impacto directo al metatarso<\/span><\/span><\/span><\/span><\/strong><\/td>\n<td><span style=\"vertical-align: inherit\"><span style=\"vertical-align: inherit\"><span style=\"vertical-align: inherit\"><span style=\"vertical-align: inherit\">Utilizando una energ\u00eda de impacto de 101.7 J + 2 J, el claro interior en el punto de impacto despu\u00e9s de la prueba debe ser de 25.4 mm como m\u00ednimo.<\/span><\/span><\/span><\/span><\/td>\n<td><span style=\"vertical-align: inherit\"><span style=\"vertical-align: inherit\"><span style=\"vertical-align: inherit\"><span style=\"vertical-align: inherit\">Utilizando una energ\u00eda de impacto de 101.7J. <\/span><\/span><\/span><span style=\"vertical-align: inherit\"><span style=\"vertical-align: inherit\"><span style=\"vertical-align: inherit\">(75 ft-lbf)., El claro interior en el punto de impacto despu\u00e9s de la prueba debe ser de 25.4 mm (1.0 in.)<\/span><\/span><\/span><\/span><\/td>\n<\/tr>\n<tr>\n<td><strong><span style=\"vertical-align: inherit\"><span style=\"vertical-align: inherit\"><span style=\"vertical-align: inherit\"><span style=\"vertical-align: inherit\">Protecci\u00f3n conductiva, destinado a disipar la electricidad est\u00e1tica del cuerpo al piso, para reducir la posibilidad de ignici\u00f3n de mezclas explosivas o sustancias inflamables<\/span><\/span><\/span><\/span><\/strong><\/td>\n<td><span style=\"vertical-align: inherit\"><span style=\"vertical-align: inherit\"><span style=\"vertical-align: inherit\"><span style=\"vertical-align: inherit\">La resistencia el\u00e9ctrica no debe ser superior a <\/span><\/span><\/span><\/span><strong><span style=\"vertical-align: inherit\"><span style=\"vertical-align: inherit\"><span style=\"vertical-align: inherit\"><span style=\"vertical-align: inherit\">100 000 ohmios<\/span><\/span><\/span><\/span><\/strong><\/td>\n<td><span style=\"vertical-align: inherit\"><span style=\"vertical-align: inherit\"><span style=\"vertical-align: inherit\"><span style=\"vertical-align: inherit\"><span style=\"vertical-align: inherit\"><span style=\"vertical-align: inherit\">La resistencia el\u00e9ctrica debe estar ente los 0 a 500 000 ohmios.<\/span><\/span><\/span><\/span><\/span><\/span><\/td>\n<\/tr>\n<tr>\n<td><strong><span style=\"vertical-align: inherit\"><span style=\"vertical-align: inherit\"><span style=\"vertical-align: inherit\"><span style=\"vertical-align: inherit\"><span style=\"vertical-align: inherit\"><span style=\"vertical-align: inherit\">Resistencia a la penetraci\u00f3n, destinado a proteger la planta del pie del usuario contra objetos punzo-cortantes<\/span><\/span><\/span><\/span><\/span><\/span><\/strong><\/td>\n<td><span style=\"vertical-align: inherit\"><span style=\"vertical-align: inherit\"><span style=\"vertical-align: inherit\"><span style=\"vertical-align: inherit\"><span style=\"vertical-align: inherit\"><span style=\"vertical-align: inherit\">La resistencia a la penetraci\u00f3n debe ser como m\u00ednimo de 1200 N.<\/span><\/span><\/span><\/span><\/span><\/span><\/td>\n<td><span style=\"vertical-align: inherit\"><span style=\"vertical-align: inherit\"><span style=\"vertical-align: inherit\"><span style=\"vertical-align: inherit\"><span style=\"vertical-align: inherit\"><span style=\"vertical-align: inherit\">La resistencia a la penetraci\u00f3n debe ser como m\u00ednimo de 1200N (270 1bf).<\/span><\/span><\/span><\/span><\/span><\/span><\/td>\n<\/tr>\n<\/tbody>\n<\/table>\n<p>&nbsp;<\/p>\n<p>&nbsp;<\/p>\n","protected":false},"excerpt":{"rendered":"<p>La norma mexicana NOM-113-STPS- 2009 detectaron en OZAPATO, establece los requisitos espec\u00edficos que deben cumplir el calzado ocupado y la protecci\u00f3n contra los posibles riesgos a los que su compa\u00f1\u00eda podr\u00eda estar expuesta. De igual manera, la norma americana ASTM 2413-05 que aval\u00faa el desempe\u00f1o del calzado de seguridad, coincide con los requisitos m\u00ednimos requeridos [&hellip;]<\/p>\n","protected":false},"author":2,"featured_media":0,"parent":0,"menu_order":0,"comment_status":"closed","ping_status":"open","template":"","meta":{"jetpack_post_was_ever_published":false,"footnotes":""},"class_list":["post-607","page","type-page","status-publish","hentry"],"jetpack_sharing_enabled":true,"jetpack_shortlink":"https:\/\/wp.me\/PbrPTF-9N","_links":{"self":[{"href":"https:\/\/ozapato.com\/pa\/wp-json\/wp\/v2\/pages\/607","targetHints":{"allow":["GET"]}}],"collection":[{"href":"https:\/\/ozapato.com\/pa\/wp-json\/wp\/v2\/pages"}],"about":[{"href":"https:\/\/ozapato.com\/pa\/wp-json\/wp\/v2\/types\/page"}],"author":[{"embeddable":true,"href":"https:\/\/ozapato.com\/pa\/wp-json\/wp\/v2\/users\/2"}],"replies":[{"embeddable":true,"href":"https:\/\/ozapato.com\/pa\/wp-json\/wp\/v2\/comments?post=607"}],"version-history":[{"count":7,"href":"https:\/\/ozapato.com\/pa\/wp-json\/wp\/v2\/pages\/607\/revisions"}],"predecessor-version":[{"id":10146,"href":"https:\/\/ozapato.com\/pa\/wp-json\/wp\/v2\/pages\/607\/revisions\/10146"}],"wp:attachment":[{"href":"https:\/\/ozapato.com\/pa\/wp-json\/wp\/v2\/media?parent=607"}],"curies":[{"name":"wp","href":"https:\/\/api.w.org\/{rel}","templated":true}]}}