{"id":609,"date":"2015-07-16T14:31:02","date_gmt":"2015-07-16T14:31:02","guid":{"rendered":"http:\/\/www.ozapato.com\/blog\/?page_id=515"},"modified":"2020-05-11T10:32:52","modified_gmt":"2020-05-11T10:32:52","slug":"10-normas-de-seguridad-industrial-que-debe-de-conocer","status":"publish","type":"page","link":"https:\/\/ozapato.com\/pa\/10-normas-de-seguridad-industrial-que-debe-de-conocer\/","title":{"rendered":"10 normas de seguridad industrial"},"content":{"rendered":"<p>[vc_row type=&#8221;boxed&#8221;][vc_column][vc_column_text]Como entender las normas mas importantes en seguridad industrial? Aqu\u00ed les presentamos\u00a0los 10 puntos mas importantes:<\/p>\n<p>1.- Condiciones de seguridad para la prevenci\u00f3n y protecci\u00f3n contra incendios.<\/p>\n<p>Esta norma establece las condiciones de seguridad para la prevenci\u00f3n contra incendios. Se aplica en aquellos lugares donde las mercanc\u00edas, materias primas, productos o subproductos que se manejan en los procesos, operaciones y actividades que impliquen riesgos de incendio.<br \/>\n( Nom-002-STPS-1993. de las Normas Oficiales Mexicanas.<\/p>\n<p>2.- Sistemas de protecci\u00f3n y dispositivos de seguridad en maquinaria, equipos y accesorios.<\/p>\n<p>Esta norma tiene por objetivo prevenir y proteger a los trabajadores contra los riesgos de<br \/>\ntrabajo. Se aplica donde por la naturaleza de los procesos se emplee maquinaria, equipo y accesorios para la transmisi\u00f3n de energ\u00eda mec\u00e1nica.<br \/>\n( Nom-004-STPS-1994. de las Normas Oficiales Mexicanas).<\/p>\n<p>3.- Condiciones de seguridad para el almacenamiento, transporte y manejo de sustancias inflamables y combustibles.<\/p>\n<p>Esta norma tiene por objetivo prevenir y proteger a los trabajadores contra riesgos de trabajo e incendio. Se aplica donde se almacenen, transporten o manejen sustancias inflamables y combustibles.<br \/>\n( Nom-005-STPS-1993. de las Normas Oficiales Mexicanas).<\/p>\n<p>4.- Seguridad e Higiene para el almacenamiento, transporte y manejo de sustancias corrosivas. irritantes y t\u00f3xicas.<\/p>\n<p>Su objetivo es prevenir y proteger a los trabajadores contra los riesgos de quemaduras,<br \/>\nirritaciones o intoxicaciones. Se aplica donde se almacenen, trasporten o manejen sustancias corrosivas, irritantes o t\u00f3xicas.<br \/>\n( Nom-009-STPS-1994. de las Normas Oficiales Mexicanas).<\/p>\n<p>5.- Seguridad e higiene en los centros de trabajo donde se produzcan, almacenen o manejen sustancias qu\u00edmicas capaces de generar contaminaci\u00f3n en el medio ambiente laboral.<\/p>\n<p>Su objetivo es prevenir y proteger la salud de los trabajadores y mejorar las condiciones de seguridad e higiene donde se produzcan, almacenen o manejen sustancias qu\u00edmicas que por sus propiedades, niveles de concentraci\u00f3n y tiempo de acci\u00f3n sean capaces de contaminar el medio ambiente laboral y alterar la salud de los trabajadores, as\u00ed como los niveles m\u00e1ximos permisibles de concentraci\u00f3n de dichas sustancias, de acuerdo al tipo de exposici\u00f3n. Se aplica donde se produzcan, almacenen o manejen sustancias qu\u00edmicas capaces de generar contaminaci\u00f3n en el ambiente laboral.<br \/>\n( Nom-010-STPS-1994. de las Normas Oficiales Mexicanas).<\/p>\n<p>6.- Seguridad e higiene en los centros de trabajo donde se produzcan, usen, manejen, almacenen o transporten fuentes generadoras o emisoras de radiaciones ionizantes.<\/p>\n<p>Su objetivo es implantar las medidas preventivas y de control a fin de que los trabajadores expuestos a radiaciones ionizantes, no reciban por este motivo dosis que rebasen los l\u00edmites establecidos en la presente norma. Se aplica donde se produzcan, usen, manejen, almacene o transporten fuentes generadoras o emisoras de radiaciones ionizantes.<br \/>\n( Nom-012-STPS-1994. de las Normas Oficiales Mexicanas).<\/p>\n<p>7.- Protecci\u00f3n personal para los trabajadores en los centros de trabajo.<\/p>\n<p>El objetivo de esta norma es establecer los requerimientos de la selecci\u00f3n y uso del equipo de protecci\u00f3n personal para proteger al trabajador de los agentes del medio ambiente de trabajo que puedan alterar su salud y vida. Se aplica en todos los centros de trabajo como medida de control personal en aquellas actividades laborales que por su naturaleza, los trabajadores est\u00e9n expuestos a riesgos espec\u00edficos.<br \/>\n( Nom-015-STPS-1994. de las Normas Oficiales Mexicanas).<\/p>\n<p>8.- Condiciones de seguridad en donde la electricidad est\u00e1tica represente un riesgo.<\/p>\n<p>Su objetivo es establecer las medidas de seguridad para evitar los riesgos que se derivan por generaci\u00f3n de la electricidad est\u00e1tica. Se aplica en los centros de trabajo donde por la<br \/>\nnaturaleza de los procedimientos se empleen materiales, sustancias y equipo capaz de<br \/>\nalmacenar cargas el\u00e9ctricas est\u00e1ticas.<br \/>\n( Nom-022-STPS-1993. de las Normas Oficiales mexicanas).<\/p>\n<p>9.- Se\u00f1ales y avisos de seguridad e higiene.<\/p>\n<p>Establece el c\u00f3digo para elaborar se\u00f1ales y avisos de seguridad e higiene; as\u00ed como las<br \/>\nCaracter\u00edsticas y especificaciones que \u00e9stas deben cumplir. Las se\u00f1ales y avisos de seguridad e higiene que deben emplearse en los centros de trabajo, de acuerdo con los casos que establece el Reglamento General de Seguridad e Higiene en el Trabajo, y no es aplicables a se\u00f1ales o avisos con iluminaci\u00f3n propia. Por lo tanto se aplica en todos los centros de trabajo.<br \/>\n( Nom-027-STPS-1994. de las Normas Oficiales Mexicanas).<\/p>\n<p>10.- Medicamentos, materiales de curaci\u00f3n y personal que presta los primeros auxilios.<\/p>\n<p>Establece las condiciones para brindarlos primeros auxilios oportunos y eficazmente. Se aplica en todos los centros de trabajo, para organizar y prestar los primeros auxilios.<br \/>\n( Nom-020-STPS-1994. de las Normas Oficiales Mexicanas).<\/p>\n<p><a href=\"http:\/\/www.ingenieria.unam.mx\/~guiaindustrial\/seguridad\/info\/2\/1.htm\" target=\"_blank\" rel=\"noopener noreferrer\">Source UNAM Mexico<\/a>[\/vc_column_text][\/vc_column][\/vc_row]<\/p>\n","protected":false},"excerpt":{"rendered":"<p>[vc_row type=&#8221;boxed&#8221;][vc_column][vc_column_text]Como entender las normas mas importantes en seguridad industrial? Aqu\u00ed les presentamos\u00a0los 10 puntos mas importantes: 1.- Condiciones de seguridad para la prevenci\u00f3n y protecci\u00f3n contra incendios. Esta norma establece las condiciones de seguridad para la prevenci\u00f3n contra incendios. Se aplica en aquellos lugares donde las mercanc\u00edas, materias primas, productos o subproductos que se [&hellip;]<\/p>\n","protected":false},"author":2,"featured_media":0,"parent":0,"menu_order":0,"comment_status":"closed","ping_status":"open","template":"","meta":{"jetpack_post_was_ever_published":false,"footnotes":""},"class_list":["post-609","page","type-page","status-publish","hentry"],"jetpack_sharing_enabled":true,"jetpack_shortlink":"https:\/\/wp.me\/PbrPTF-9P","_links":{"self":[{"href":"https:\/\/ozapato.com\/pa\/wp-json\/wp\/v2\/pages\/609","targetHints":{"allow":["GET"]}}],"collection":[{"href":"https:\/\/ozapato.com\/pa\/wp-json\/wp\/v2\/pages"}],"about":[{"href":"https:\/\/ozapato.com\/pa\/wp-json\/wp\/v2\/types\/page"}],"author":[{"embeddable":true,"href":"https:\/\/ozapato.com\/pa\/wp-json\/wp\/v2\/users\/2"}],"replies":[{"embeddable":true,"href":"https:\/\/ozapato.com\/pa\/wp-json\/wp\/v2\/comments?post=609"}],"version-history":[{"count":4,"href":"https:\/\/ozapato.com\/pa\/wp-json\/wp\/v2\/pages\/609\/revisions"}],"predecessor-version":[{"id":11485,"href":"https:\/\/ozapato.com\/pa\/wp-json\/wp\/v2\/pages\/609\/revisions\/11485"}],"wp:attachment":[{"href":"https:\/\/ozapato.com\/pa\/wp-json\/wp\/v2\/media?parent=609"}],"curies":[{"name":"wp","href":"https:\/\/api.w.org\/{rel}","templated":true}]}}