{"id":7397,"date":"2018-10-06T16:23:37","date_gmt":"2018-10-06T16:23:37","guid":{"rendered":"https:\/\/ozapato.com\/pa\/?page_id=7397"},"modified":"2018-10-06T17:19:18","modified_gmt":"2018-10-06T17:19:18","slug":"reserva-tu-par-a-de-calzado-escolar-de-calidad-industrial","status":"publish","type":"page","link":"https:\/\/ozapato.com\/pa\/reserva-tu-par-a-de-calzado-escolar-de-calidad-industrial\/","title":{"rendered":"Reserva tu par a de calzado escolar  de calidad industrial!"},"content":{"rendered":"<p>[vc_row][vc_column width=&#8221;1\/2&#8243;][vc_single_image image=&#8221;7145&#8243; img_size=&#8221;full&#8221;][\/vc_column][vc_column width=&#8221;1\/2&#8243;][vc_column_text]Cuero 100% original. Un poco de bet\u00fan y se quedara bonito todo el a\u00f1o! Compru\u00e9balo! Cuero de alta calidad directo de fabrica. El cuero asegura al pie de sus hijos comfort, higiene y frescura.[\/vc_column_text][\/vc_column][\/vc_row][vc_row][vc_column width=&#8221;1\/2&#8243;][vc_single_image image=&#8221;6393&#8243; img_size=&#8221;full&#8221;][\/vc_column][vc_column width=&#8221;1\/2&#8243;][vc_column_text]Suela de calidad industrial OZAPATO. Totalmente cosida. Resistente a aceites y super anti deslizante. La \u00fanica suela que no se despega en Panama y que da a su familia seguridad y confianza.[\/vc_column_text][\/vc_column][\/vc_row][vc_row][vc_column width=&#8221;1\/2&#8243;][vc_column_text]<\/p>\n<h1><span style=\"color: #ff0000;\">\u00a1$25 en lugar de <del>$40<\/del>\u00a0!\u00a0<\/span><\/h1>\n<p>Reserva hoy aparta tu par! Son \u00fanicamente 5000 pares disponible para 2019!\u00a0 Se van r\u00e1pidamente! Precio disponible \u00fanicamente en pre reserva a trav\u00e9s de este formulario.<\/p>\n<p>Garantizado: Si se te despegan, te las reemplazamos! *<\/p>\n<h6>* aplican condiciones<\/h6>\n<p>[\/vc_column_text][vc_separator][\/vc_column][vc_column width=&#8221;1\/2&#8243;][vc_round_chart style=&#8221;modern&#8221; stroke_width=&#8221;2&#8243; values=&#8221;%5B%7B%22title%22%3A%22Disponibles%22%2C%22value%22%3A%224651%22%2C%22color%22%3A%22blue%22%7D%2C%7B%22title%22%3A%22Vendidos%22%2C%22value%22%3A%22349%22%2C%22color%22%3A%22pink%22%7D%5D&#8221; title=&#8221;Pares disponibles en 2019&#8243;][\/vc_column][\/vc_row][vc_row][vc_column width=&#8221;1\/6&#8243;][\/vc_column][vc_column width=&#8221;2\/3&#8243;][vc_column_text]<iframe loading=\"lazy\" height=\"600px\" width=\"100%\" frameborder=\"0\" allow=\"geolocation;microphone;camera\" src=\"https:\/\/forms.zohopublic.com\/virtualoffice9264\/form\/PreVentaCalzadoEscolarOZAPATO\/formperma\/24zpmYriRDv8uOnhhYASr8s2Sw9zpBCRJE2ZsDZqZdw\"> <\/iframe>[\/vc_column_text][\/vc_column][vc_column width=&#8221;1\/6&#8243;][\/vc_column][\/vc_row]<\/p>\n","protected":false},"excerpt":{"rendered":"<p>[vc_row][vc_column width=&#8221;1\/2&#8243;][vc_single_image image=&#8221;7145&#8243; img_size=&#8221;full&#8221;][\/vc_column][vc_column width=&#8221;1\/2&#8243;][vc_column_text]Cuero 100% original. Un poco de bet\u00fan y se quedara bonito todo el a\u00f1o! Compru\u00e9balo! Cuero de alta calidad directo de fabrica. El cuero asegura al pie de sus hijos comfort, higiene y frescura.[\/vc_column_text][\/vc_column][\/vc_row][vc_row][vc_column width=&#8221;1\/2&#8243;][vc_single_image image=&#8221;6393&#8243; img_size=&#8221;full&#8221;][\/vc_column][vc_column width=&#8221;1\/2&#8243;][vc_column_text]Suela de calidad industrial OZAPATO. Totalmente cosida. Resistente a aceites y super anti deslizante. [&hellip;]<\/p>\n","protected":false},"author":1,"featured_media":0,"parent":0,"menu_order":0,"comment_status":"closed","ping_status":"closed","template":"","meta":{"jetpack_post_was_ever_published":false,"footnotes":""},"class_list":["post-7397","page","type-page","status-publish","hentry"],"jetpack_sharing_enabled":true,"jetpack_shortlink":"https:\/\/wp.me\/PbrPTF-1Vj","_links":{"self":[{"href":"https:\/\/ozapato.com\/pa\/wp-json\/wp\/v2\/pages\/7397","targetHints":{"allow":["GET"]}}],"collection":[{"href":"https:\/\/ozapato.com\/pa\/wp-json\/wp\/v2\/pages"}],"about":[{"href":"https:\/\/ozapato.com\/pa\/wp-json\/wp\/v2\/types\/page"}],"author":[{"embeddable":true,"href":"https:\/\/ozapato.com\/pa\/wp-json\/wp\/v2\/users\/1"}],"replies":[{"embeddable":true,"href":"https:\/\/ozapato.com\/pa\/wp-json\/wp\/v2\/comments?post=7397"}],"version-history":[{"count":8,"href":"https:\/\/ozapato.com\/pa\/wp-json\/wp\/v2\/pages\/7397\/revisions"}],"predecessor-version":[{"id":7406,"href":"https:\/\/ozapato.com\/pa\/wp-json\/wp\/v2\/pages\/7397\/revisions\/7406"}],"wp:attachment":[{"href":"https:\/\/ozapato.com\/pa\/wp-json\/wp\/v2\/media?parent=7397"}],"curies":[{"name":"wp","href":"https:\/\/api.w.org\/{rel}","templated":true}]}}