{"id":7459,"date":"2018-10-11T15:52:43","date_gmt":"2018-10-11T15:52:43","guid":{"rendered":"https:\/\/ozapato.com\/pa\/?page_id=7459"},"modified":"2020-06-19T19:12:39","modified_gmt":"2020-06-19T19:12:39","slug":"como-cuidar-su-par-de-botas-industrial-ozapato","status":"publish","type":"page","link":"https:\/\/ozapato.com\/pa\/como-cuidar-su-par-de-botas-industrial-ozapato\/","title":{"rendered":"\u00bfComo cuidar su par de botas industrial OZAPATO ?"},"content":{"rendered":"<p>[vc_row][vc_column width=&#8221;1\/6&#8243;][\/vc_column][vc_column width=&#8221;2\/3&#8243;][vc_column_text]En OZAPATO, les recomendamos inspectar sus zapatos antes y despu\u00e9s de cada uso para buscar signos de desgaste, agrietamiento, o cualquier otro da\u00f1o.\u00a0 Adem\u00e1s, no se debe de usar una bota de cuero como se usa una bota de hule. Cada bota tiene una funci\u00f3n especifica. Por ejemplo no usen una bota que no sea EH en un proyecto donde esta expuesto a un corriente el\u00e9ctrico. Tampoco no usen una bota de trabajo para actividades recreativas o para un proyecto de bricolaje en su hogar.<\/p>\n<p>Aqu\u00ed le dejamos 3 tips para mantener su bota en buen estado y alargar su vida util:[\/vc_column_text][\/vc_column][vc_column width=&#8221;1\/6&#8243;][\/vc_column][\/vc_row][vc_row][vc_column width=&#8221;1\/3&#8243;][vc_single_image image=&#8221;7371&#8243; img_size=&#8221;large&#8221; alignment=&#8221;center&#8221; style=&#8221;vc_box_circle&#8221;][vc_column_text]1- Para que su bota siga anti deslizante, retire el lodo y la tierra incrustada en la suela as\u00ed como cualquier piedra, gravilla o pieza met\u00e1lica.[\/vc_column_text][\/vc_column][vc_column width=&#8221;1\/3&#8243;][vc_masonry_media_grid grid_id=&#8221;vc_gid:1592593909273-d29e98f5-2c6f-8&#8243; include=&#8221;733,896,698&#8243;][vc_single_image image=&#8221;7478&#8243; img_size=&#8221;large&#8221; alignment=&#8221;center&#8221; style=&#8221;vc_box_circle&#8221;][vc_column_text]2 -Cepille las botas para quitar las manchas y la suciedad, o use un pa\u00f1o h\u00famedo para limpiarlas. No es necesario usar Jos\u00e9. Deje que sus botas se sequen en un lugar ventilado y seco. Mantenga su par de OZAPATO alejado de cualquier calor directo. No los deje secar al sol eso afectar\u00eda el tono del cuero.[\/vc_column_text][\/vc_column][vc_column width=&#8221;1\/3&#8243;][vc_single_image image=&#8221;7479&#8243; img_size=&#8221;large&#8221; alignment=&#8221;center&#8221; style=&#8221;vc_box_circle&#8221;][vc_column_text]3-Termine aplicando la grasa OZAPATO incolora para rejuvenecer el cuero.<br \/>\nSi sus botas est\u00e1n hechas de tela sint\u00e9tica, l\u00e1velos a mano con agua y jab\u00f3n suave e utilice las mismas instrucciones de secado.[\/vc_column_text][\/vc_column][\/vc_row][vc_row][vc_column width=&#8221;1\/6&#8243;][\/vc_column][vc_column width=&#8221;2\/3&#8243;][vc_column_text]Tambi\u00e9n necesitas cuidar tus plantillas! Si est\u00e1n da\u00f1ados, reempl\u00e1celos. Para mantener sus pies sanos y libre de hongos y mal olor, roc\u00ede a sus botas un desodorante todas las noches despu\u00e9s del trabajo. Este spray nutraliza los olores protegiendo su bota ante cualquier agente antibacteriano y antif\u00fangico.<\/p>\n<p>La resistencia al desgaste de sus zapatos de seguridad depende de c\u00f3mo se usan y se mantienen. Por lo tanto, es muy importante inspeccionarlos y reemplazarlos tan pronto como ya no puedan garantizar una seguridad \u00f3ptima para sus pies. Recuerda: Zapatos da\u00f1ados = \u00a1Peligro![\/vc_column_text][\/vc_column][vc_column width=&#8221;1\/6&#8243;][\/vc_column][\/vc_row][vc_row][vc_column width=&#8221;1\/6&#8243;][\/vc_column][vc_column width=&#8221;2\/3&#8243;][\/vc_column][vc_column width=&#8221;1\/6&#8243;][\/vc_column][\/vc_row]<\/p>\n","protected":false},"excerpt":{"rendered":"<p>[vc_row][vc_column width=&#8221;1\/6&#8243;][\/vc_column][vc_column width=&#8221;2\/3&#8243;][vc_column_text]En OZAPATO, les recomendamos inspectar sus zapatos antes y despu\u00e9s de cada uso para buscar signos de desgaste, agrietamiento, o cualquier otro da\u00f1o.\u00a0 Adem\u00e1s, no se debe de usar una bota de cuero como se usa una bota de hule. Cada bota tiene una funci\u00f3n especifica. Por ejemplo no usen una bota que [&hellip;]<\/p>\n","protected":false},"author":1,"featured_media":0,"parent":0,"menu_order":0,"comment_status":"closed","ping_status":"closed","template":"","meta":{"jetpack_post_was_ever_published":false,"footnotes":""},"class_list":["post-7459","page","type-page","status-publish","hentry"],"jetpack_sharing_enabled":true,"jetpack_shortlink":"https:\/\/wp.me\/PbrPTF-1Wj","_links":{"self":[{"href":"https:\/\/ozapato.com\/pa\/wp-json\/wp\/v2\/pages\/7459","targetHints":{"allow":["GET"]}}],"collection":[{"href":"https:\/\/ozapato.com\/pa\/wp-json\/wp\/v2\/pages"}],"about":[{"href":"https:\/\/ozapato.com\/pa\/wp-json\/wp\/v2\/types\/page"}],"author":[{"embeddable":true,"href":"https:\/\/ozapato.com\/pa\/wp-json\/wp\/v2\/users\/1"}],"replies":[{"embeddable":true,"href":"https:\/\/ozapato.com\/pa\/wp-json\/wp\/v2\/comments?post=7459"}],"version-history":[{"count":18,"href":"https:\/\/ozapato.com\/pa\/wp-json\/wp\/v2\/pages\/7459\/revisions"}],"predecessor-version":[{"id":10347,"href":"https:\/\/ozapato.com\/pa\/wp-json\/wp\/v2\/pages\/7459\/revisions\/10347"}],"wp:attachment":[{"href":"https:\/\/ozapato.com\/pa\/wp-json\/wp\/v2\/media?parent=7459"}],"curies":[{"name":"wp","href":"https:\/\/api.w.org\/{rel}","templated":true}]}}