{"id":11141,"date":"2021-06-01T15:43:45","date_gmt":"2021-06-01T15:43:45","guid":{"rendered":"https:\/\/ozapato.com\/pa\/product\/spark-23\/"},"modified":"2026-04-18T17:27:19","modified_gmt":"2026-04-18T17:27:19","slug":"spark-23","status":"publish","type":"product","link":"https:\/\/ozapato.com\/pa\/product\/spark-23\/","title":{"rendered":"Spark 23"},"content":{"rendered":"<p>[vc_row][vc_column][vc_column_text]<\/p>\n<div style=\"position: relative; width: 100%; height: 0; padding-top: 129.4118%; padding-bottom: 0; box-shadow: 0 2px 8px 0 rgba(63,69,81,0.16); margin-top: 1.6em; margin-bottom: 0.9em; overflow: hidden; border-radius: 8px; will-change: transform;\"><iframe style=\"position: absolute; width: 100%; height: 100%; top: 0; left: 0; border: none; padding: 0; margin: 0;\" src=\"https:\/\/www.canva.com\/design\/DAGWSxX6T70\/N9Z7DanWJIop0ccH54GkbQ\/view?embed\" allowfullscreen=\"allowfullscreen\"><br \/>\n<\/iframe><\/div>\n<p>[\/vc_column_text][vc_column_text]<\/p>\n<ul>\n<li>Construcci\u00f3n: Montado directo al corte<\/li>\n<li>Suela de caucho: ISO + ASTM resistente a aceite, hidrocarburos y grasa, abrasi\u00f3n + calor.<\/li>\n<li>Corte: Cuero graso caf\u00e9, 100% cuero naturalCosturas: Doble y triple de nylon color caf\u00e9<\/li>\n<li>Puntera: XL extra larga de composite con recubrimiento plastico para mayor confort en empeine<\/li>\n<li>Plantilla, 4mm anti-fatiga<\/li>\n<li>Planta: anti-perforaci\u00f3n textil de kevlar<\/li>\n<li>Ajuste: Horma EEE<\/li>\n<li>Altura: 30 cm<\/li>\n<li>Numeraci\u00f3n: 3-14<\/li>\n<li>Certificaci\u00f3n; certificada ISO \/ ASTM I75 C75 PR 2413 -18<\/li>\n<li>Bota libre de metal<\/li>\n<li>Garantia de 4 meses<\/li>\n<li><a href=\"https:\/\/workdrive.zohoexternal.com\/external\/2ebaa4ca55ad8bde42644e3f979ea953ef5da5139b6118044b46cbc6f52ca5bb\" target=\"_blank\" rel=\"noopener\">Ficha t\u00e9cnica<\/a><\/li>\n<\/ul>\n<p>[\/vc_column_text][\/vc_column][\/vc_row][vc_row][vc_column][vc_cta h2=&#8221;&#8221; css=&#8221;.vc_custom_1643066523148{background-color: #dd3333 !important;}&#8221;]<\/p>\n<h3 style=\"color: white; text-align: center;\">\u00a1Reciba una cotizaci\u00f3n en 24 hrs o menos!<\/h3>\n<p>[\/vc_cta][vc_column_text]<iframe loading=\"lazy\" height=\"850px\" width=\"100%\" frameborder=\"0\" allow=\"geolocation;microphone;camera\" src=\"https:\/\/forms.zohopublic.com\/virtualoffice9264\/form\/PAWebForm\/formperma\/wwIB1tqf92Cpoyszs5ObfP_teEnMSiT7XWku5Tz5DOg\"> <\/iframe>[\/vc_column_text][\/vc_column][\/vc_row][vc_row][vc_column][vc_column_text]<\/p>\n<h3><strong>\u00bfQU\u00c9 HACEMOS\u00a0?<\/strong><\/h3>\n<p>OZAPATO es una marca de calzado ubicada en Pachuca, M\u00e9xico. Fabricamos botas de seguridad industrial para Costa Rica. Contamos con presencia en Centro Am\u00e9rica, M\u00e9xico y Estados Unidos. Hemos aprendido a lo largo de los a\u00f1os como fabricar botas de seguridad con calidad y de maneja responsable. En <strong>Panam\u00e1<\/strong>, nuestra l\u00ednea industrial cuenta con botas de seguridad, botas de seguridad diel\u00e9ctricas y botas t\u00e1cticas. Descubra nuestras <a href=\"http:\/\/ozapato.com\">botas de seguridad<\/a> industrial para la industria mar\u00edtima.<\/p>\n<p>Por esta raz\u00f3n, OZAPATO presenta otro modelo Spark la primera edici\u00f3n la <strong>Spark 23<br \/>\n<\/strong><\/p>\n<h3>\u00bfC\u00d3MO\u00a0LO HACEMOS?<\/h3>\n<p>Todas nuestras botas de seguridad industrial son fabricadas con materiales de alta <strong>calidad.<\/strong> Tenga la confianza que sus pies estar\u00e1n protegidos en cada momento. Estamos tan seguros de la calidad de nuestros modelos de botas de seguridad industrial que ofrecemos una <strong>garant\u00eda de 4 meses<\/strong> y hasta 6 meses para las botas de seguridad m\u00e1s premium. Adem\u00e1s ofrecemos un servicio de <strong>entrega en 24 horas.<\/strong><\/p>\n<p>Todos nuestras botas industriales est\u00e1n pensados para Costa Rica. En nuestra f\u00e1brica de Hidalgo, M\u00e9xico. Nuestro modelo de negocio, conecta directamente la f\u00e1brica con el cliente final, evitando intermediarios; no trabajamos con distribuidores que no sean directos. Esto permite ofrecer botas de seguridad a un precio m\u00e1s accesible.<\/p>\n<h3><strong>\u00bfPORQU\u00c9\u00a0 LO HACEMOS\u00a0?<\/strong><\/h3>\n<p>OZAPATO naci\u00f3 con la idea de servir la comunidad local. La producci\u00f3n de nuestras botas de seguridad industrial es un proceso transparente que sustenta el balance socio econ\u00f3mico de la comunidad a la que pertenece.<\/p>\n<p>El valor m\u00e1s importante de OZAPATO es la entrega directa hasta el cliente. Cortamos todos los intermediarios que no a\u00f1aden valor a nuestros consumidores. Cada etapa de la fabricaci\u00f3n de botas de seguridad industrial debe beneficiar a la gente que fabrica el <strong>calzado.<\/strong><\/p>\n<p>Nuestro equipo ama desarrollar botas de seguridad en un ambiente social y econ\u00f3mico justo. Queremos que nuestros clientes conf\u00eden en que no s\u00f3lo compran botas bien hechas y de buena calidad, sino que tambi\u00e9n cada persona incluida en la cadena de suministro reciba un trato justo al momento de realizar su trabajo.<\/p>\n<h3>\u00a1BOTAS RESISTENTE PROFESIONALES PARA SOLDADOR!<\/h3>\n<p><span class=\"emoji\">Spark 23<\/span>,<strong> son botas para soldador certificadas<\/strong>.[\/vc_column_text][\/vc_column][\/vc_row]<\/p>\n","protected":false},"excerpt":{"rendered":"<p><strong>\ud83d\udca5\u00a0<\/strong>Spark 23 son botas para soldadores. Su piel en flor entera le permite mantener el pie fresco y seco. Adem\u00e1s sus 9 pulgadas de altura y cosida en lockstitcher mantendr\u00e1 su pie lejos de las chispas de soldadura.<\/p>\n","protected":false},"featured_media":12766,"comment_status":"open","ping_status":"closed","template":"","meta":{"jetpack_post_was_ever_published":false,"jetpack_publicize_message":"","jetpack_publicize_feature_enabled":true,"jetpack_social_post_already_shared":true,"jetpack_social_options":{"image_generator_settings":{"template":"highway","default_image_id":0,"font":"","enabled":false},"version":2}},"product_brand":[],"product_cat":[35],"product_tag":[],"class_list":{"0":"post-11141","1":"product","2":"type-product","3":"status-publish","4":"has-post-thumbnail","6":"product_cat-botas-para-soldadura","8":"first","9":"instock","10":"taxable","11":"shipping-taxable","12":"purchasable","13":"product-type-variable"},"jetpack_publicize_connections":[],"jetpack_sharing_enabled":true,"_links":{"self":[{"href":"https:\/\/ozapato.com\/pa\/wp-json\/wp\/v2\/product\/11141","targetHints":{"allow":["GET"]}}],"collection":[{"href":"https:\/\/ozapato.com\/pa\/wp-json\/wp\/v2\/product"}],"about":[{"href":"https:\/\/ozapato.com\/pa\/wp-json\/wp\/v2\/types\/product"}],"replies":[{"embeddable":true,"href":"https:\/\/ozapato.com\/pa\/wp-json\/wp\/v2\/comments?post=11141"}],"wp:featuredmedia":[{"embeddable":true,"href":"https:\/\/ozapato.com\/pa\/wp-json\/wp\/v2\/media\/12766"}],"wp:attachment":[{"href":"https:\/\/ozapato.com\/pa\/wp-json\/wp\/v2\/media?parent=11141"}],"wp:term":[{"taxonomy":"product_brand","embeddable":true,"href":"https:\/\/ozapato.com\/pa\/wp-json\/wp\/v2\/product_brand?post=11141"},{"taxonomy":"product_cat","embeddable":true,"href":"https:\/\/ozapato.com\/pa\/wp-json\/wp\/v2\/product_cat?post=11141"},{"taxonomy":"product_tag","embeddable":true,"href":"https:\/\/ozapato.com\/pa\/wp-json\/wp\/v2\/product_tag?post=11141"}],"curies":[{"name":"wp","href":"https:\/\/api.w.org\/{rel}","templated":true}]}}