{"id":12777,"date":"2025-09-01T18:47:32","date_gmt":"2025-09-01T18:47:32","guid":{"rendered":"https:\/\/ozapato.com\/pa\/?post_type=product&#038;p=12777"},"modified":"2026-03-19T17:35:09","modified_gmt":"2026-03-19T17:35:09","slug":"cop-17","status":"publish","type":"product","link":"https:\/\/ozapato.com\/pa\/product\/cop-17\/","title":{"rendered":"COP 17"},"content":{"rendered":"<p>[vc_row][vc_column][vc_row_inner][vc_column_inner][vc_raw_html]JTNDZGl2JTIwc3R5bGUlM0QlMjJwb3NpdGlvbiUzQSUyMHJlbGF0aXZlJTNCJTIwd2lkdGglM0ElMjAxMDAlMjUlM0IlMjBoZWlnaHQlM0ElMjAwJTNCJTIwcGFkZGluZy10b3AlM0ElMjAxMjkuNDExOCUyNSUzQiUwQSUyMHBhZGRpbmctYm90dG9tJTNBJTIwMCUzQiUyMGJveC1zaGFkb3clM0ElMjAwJTIwMnB4JTIwOHB4JTIwMCUyMHJnYmElMjg2MyUyQzY5JTJDODElMkMwLjE2JTI5JTNCJTIwbWFyZ2luLXRvcCUzQSUyMDEuNmVtJTNCJTIwbWFyZ2luLWJvdHRvbSUzQSUyMDAuOWVtJTNCJTIwb3ZlcmZsb3clM0ElMjBoaWRkZW4lM0IlMEElMjBib3JkZXItcmFkaXVzJTNBJTIwOHB4JTNCJTIwd2lsbC1jaGFuZ2UlM0ElMjB0cmFuc2Zvcm0lM0IlMjIlM0UlMEElMjAlMjAlM0NpZnJhbWUlMjBsb2FkaW5nJTNEJTIybGF6eSUyMiUyMHN0eWxlJTNEJTIycG9zaXRpb24lM0ElMjBhYnNvbHV0ZSUzQiUyMHdpZHRoJTNBJTIwMTAwJTI1JTNCJTIwaGVpZ2h0JTNBJTIwMTAwJTI1JTNCJTIwdG9wJTNBJTIwMCUzQiUyMGxlZnQlM0ElMjAwJTNCJTIwYm9yZGVyJTNBJTIwbm9uZSUzQiUyMHBhZGRpbmclM0ElMjAwJTNCbWFyZ2luJTNBJTIwMCUzQiUyMiUwQSUyMCUyMCUyMCUyMHNyYyUzRCUyMmh0dHBzJTNBJTJGJTJGd3d3LmNhbnZhLmNvbSUyRmRlc2lnbiUyRkRBR0pWNHRVOWZJJTJGUDRLM09rWHVCV1NJZVdXQm0xUExQUSUyRnZpZXclM0ZlbWJlZCUyMiUyMGFsbG93ZnVsbHNjcmVlbiUzRCUyMmFsbG93ZnVsbHNjcmVlbiUyMiUyMGFsbG93JTNEJTIyZnVsbHNjcmVlbiUyMiUzRSUwQSUyMCUyMCUzQyUyRmlmcmFtZSUzRSUwQSUzQyUyRmRpdiUzRSUwQQ==[\/vc_raw_html][\/vc_column_inner][\/vc_row_inner][vc_column_text]<strong>Materiales y Construcci\u00f3n<\/strong><\/p>\n<ul>\n<li>Construcci\u00f3n: Fabricadas con la t\u00e9cnica de Lockstitch, donde la<strong> suela es pegada y luego cosida al corte de cuero<\/strong> para asegurar una mayor durabilidad.<\/li>\n<li>Corte: Combinaci\u00f3n de piel napa performance OZAPATO (1.8 a 2.2 mm de grosor, 100% vacuno) y laterales de lona Cordura con una membrana impermeable.<\/li>\n<li>Forro: Interior acolchado de color negro con propiedades antimicrobianas.<\/li>\n<\/ul>\n<p><strong>Plantilla:<\/strong><\/p>\n<ul>\n<li>Plantilla interior: Tejida y suajada de 4 mm, con propiedades antimicrobianas.<\/li>\n<li>Plantilla anti-perforaci\u00f3n: Fabricada con textil de Kevlar (similar al material de los chalecos antibalas). Esta plantilla es no met\u00e1lica, lo que la hace ligera, diel\u00e9ctrica y permite la transpiraci\u00f3n del calzado.<\/li>\n<\/ul>\n<p><strong>Caracter\u00edsticas de la Piel Napa Performance<\/strong><\/p>\n<ul>\n<li>A diferencia del cuero graso, la piel napa es conocida por su suavidad, flexibilidad y resistencia. La versi\u00f3n &#8220;performance&#8221; de OZAPATO a\u00f1ade durabilidad y resistencia al agua, haciendo que el material no solo sea c\u00f3modo sino tambi\u00e9n ideal para un calzado de trabajo robusto.<\/li>\n<\/ul>\n<p><strong>Caracter\u00edsticas de la Suela Panam\u00e1<\/strong><\/p>\n<ul>\n<li>La suela Panam\u00e1 es un componente clave de estas botas, dise\u00f1ada para ofrecer un alto rendimiento en diversas condiciones.<\/li>\n<li>Material: Es una suela negra, antideslizante y altamente resistente a aceites y combustible. No absorbe sustancias qu\u00edmicas, lo que aumenta su durabilidad.<\/li>\n<li>Dise\u00f1o: Su dise\u00f1o ultra flexible est\u00e1 pensado para absorber el impacto al caminar, reduciendo la fatiga del pie, una caracter\u00edstica conocida como &#8220;Anti-fatigue&#8221;.<\/li>\n<li>Tracci\u00f3n: El patr\u00f3n con bloques grandes y espaciados facilita la liberaci\u00f3n de barro y tierra, optimizando el agarre en terrenos dif\u00edciles.<\/li>\n<\/ul>\n<p><strong>Tecnolog\u00edas Destacadas<\/strong><\/p>\n<ul>\n<li>Anti-fatigue: Suela dise\u00f1ada para la absorci\u00f3n de choque al caminar, reduciendo la fatiga del usuario.<\/li>\n<li>Dryfast: Repelente de poliuretano para la humedad.<\/li>\n<li>Resistente al agua: El acabado de poliuretano en la piel napa asegura la resistencia al agua<\/li>\n<\/ul>\n<p>[\/vc_column_text][\/vc_column][\/vc_row]<\/p>\n","protected":false},"excerpt":{"rendered":"<p>Las <b>botas de combate OZAPATO COP 17<\/b> son un calzado t\u00e1ctico de alto rendimiento, dise\u00f1ado con <b>piel napa performance<\/b> y suela <b>Panam\u00e1<\/b> ultra flexible y antideslizante. Incorporan una plantilla de <b>Kevlar<\/b> y tecnolog\u00edas <b>Anti-fatigue<\/b> y <b>Dryfast<\/b> para m\u00e1xima protecci\u00f3n, agilidad y confort. Son perfectas para enfrentar los entornos m\u00e1s exigentes.<\/p>\n","protected":false},"featured_media":12781,"comment_status":"open","ping_status":"closed","template":"","meta":{"jetpack_post_was_ever_published":false,"jetpack_publicize_message":"","jetpack_publicize_feature_enabled":true,"jetpack_social_post_already_shared":true,"jetpack_social_options":{"image_generator_settings":{"template":"highway","default_image_id":0,"font":"","enabled":false},"version":2}},"product_brand":[],"product_cat":[36],"product_tag":[],"class_list":{"0":"post-12777","1":"product","2":"type-product","3":"status-publish","4":"has-post-thumbnail","6":"product_cat-botas-tacticas-panama","8":"first","9":"instock","10":"taxable","11":"shipping-taxable","12":"purchasable","13":"product-type-variable"},"jetpack_publicize_connections":[],"jetpack_sharing_enabled":true,"_links":{"self":[{"href":"https:\/\/ozapato.com\/pa\/wp-json\/wp\/v2\/product\/12777","targetHints":{"allow":["GET"]}}],"collection":[{"href":"https:\/\/ozapato.com\/pa\/wp-json\/wp\/v2\/product"}],"about":[{"href":"https:\/\/ozapato.com\/pa\/wp-json\/wp\/v2\/types\/product"}],"replies":[{"embeddable":true,"href":"https:\/\/ozapato.com\/pa\/wp-json\/wp\/v2\/comments?post=12777"}],"wp:featuredmedia":[{"embeddable":true,"href":"https:\/\/ozapato.com\/pa\/wp-json\/wp\/v2\/media\/12781"}],"wp:attachment":[{"href":"https:\/\/ozapato.com\/pa\/wp-json\/wp\/v2\/media?parent=12777"}],"wp:term":[{"taxonomy":"product_brand","embeddable":true,"href":"https:\/\/ozapato.com\/pa\/wp-json\/wp\/v2\/product_brand?post=12777"},{"taxonomy":"product_cat","embeddable":true,"href":"https:\/\/ozapato.com\/pa\/wp-json\/wp\/v2\/product_cat?post=12777"},{"taxonomy":"product_tag","embeddable":true,"href":"https:\/\/ozapato.com\/pa\/wp-json\/wp\/v2\/product_tag?post=12777"}],"curies":[{"name":"wp","href":"https:\/\/api.w.org\/{rel}","templated":true}]}}