{"id":7590,"date":"2018-11-22T19:04:03","date_gmt":"2018-11-22T19:04:03","guid":{"rendered":"https:\/\/ozapato.com\/pa\/?post_type=product&#038;p=7590"},"modified":"2025-06-07T17:26:31","modified_gmt":"2025-06-07T17:26:31","slug":"kids-02","status":"publish","type":"product","link":"https:\/\/ozapato.com\/pa\/product\/kids-02\/","title":{"rendered":"Kids 02"},"content":{"rendered":"<p>[vc_row type=&#8221;boxed&#8221;][vc_column][vc_column_text]\u00a1Calzado escolar OZAPATO de calidad Industrial!<\/p>\n<ul>\n<li>Kids 02 calzado escolar para ni\u00f1os.<\/li>\n<li>Suela totalmente cosida indestructible.<\/li>\n<li>Cuero napa de alta calidad.<\/li>\n<li>Suela de calidad industrial antideslizante.<\/li>\n<li>Liviano y flexible.<\/li>\n<li>Garantizado 6 meses\u00a0contra despegue de suela.<\/li>\n<li>Pregunta por su precio especial en panama@ozapato.com.<\/li>\n<li>Ficha T\u00e9cnica.<\/li>\n<\/ul>\n<p>[\/vc_column_text][\/vc_column][\/vc_row][vc_row][vc_column][vc_separator][\/vc_column][\/vc_row][vc_row][vc_column][vc_media_grid element_width=&#8221;12&#8243; grid_id=&#8221;vc_gid:1583265347602-c418f472-3300-1&#8243; include=&#8221;7600&#8243;][\/vc_column][\/vc_row][vc_row][vc_column][vc_separator][\/vc_column][\/vc_row][vc_row type=&#8221;boxed&#8221;][vc_column width=&#8221;1\/2&#8243;][vc_column_text]<strong>Industrial<\/strong><\/p>\n<p>100 % calidad Industrial.[\/vc_column_text][\/vc_column][vc_column width=&#8221;1\/2&#8243;][vc_column_text]<strong>Suela<\/strong><\/p>\n<p>Suela Industrial.[\/vc_column_text][\/vc_column][\/vc_row][vc_row][vc_column][vc_separator][\/vc_column][\/vc_row][vc_row type=&#8221;boxed&#8221;][vc_column][vc_column_text]<\/p>\n<h4 class=\"western\" style=\"text-align: center\"><span style=\"color: #ff0000\">\u00bfInteresado? Recibe una cotizaci\u00f3n en 24 horas m\u00e1ximo.<\/span><\/h4>\n<p>[\/vc_column_text][vc_column_text]<span style=\"color: #000000\"><iframe loading=\"lazy\" height=\"850px\" width=\"100%\" frameborder=\"0\" allow=\"geolocation;microphone;camera\" src=\"https:\/\/forms.zohopublic.com\/virtualoffice9264\/form\/PAWebForm\/formperma\/wwIB1tqf92Cpoyszs5ObfP_teEnMSiT7XWku5Tz5DOg\"> <\/iframe><\/span><\/p>\n<p>[\/vc_column_text][\/vc_column][\/vc_row][vc_row][vc_column][vc_separator][\/vc_column][\/vc_row][vc_row type=&#8221;boxed&#8221;][vc_column][vc_column_text]<\/p>\n<h4 class=\"western\" style=\"text-align: center\"><span style=\"color: #000000\"><strong>\u00a1Vis\u00edtanos\u00a0en\u00a0<\/strong><strong>Republic Parking <\/strong><strong>de Lunes a Viernes\u00a0 de\u00a0 8am a 5pm<\/strong>!<\/span><\/h4>\n<p>[\/vc_column_text][vc_gmaps link=&#8221;#E-8_JTNDaWZyYW1lJTIwc3JjJTNEJTIyaHR0cHMlM0ElMkYlMkZ3d3cuZ29vZ2xlLmNvbSUyRm1hcHMlMkZlbWJlZCUzRnBiJTNEJTIxMW0xOCUyMTFtMTIlMjExbTMlMjExZDM5NDAuOTM0MTgzMjg1NjM5NCUyMTJkLTc5LjU0MzUzMDY4NTg0NjMzJTIxM2Q4Ljk3ODIwMzk5MzU1NjA4JTIxMm0zJTIxMWYwJTIxMmYwJTIxM2YwJTIxM20yJTIxMWkxMDI0JTIxMmk3NjglMjE0ZjEzLjElMjEzbTMlMjExbTIlMjExczB4OGZhY2E4OTRmNjI0MjY4ZCUyNTNBMHhjNzg0YmIxNjczYjhmN2M5JTIxMnNPWkFQQVRPJTIxNWUwJTIxM20yJTIxMXNlbiUyMTJzcGElMjE0djE0NjcxNTU2NTgxNDElMjIlMjB3aWR0aCUzRCUyMjYwMCUyMiUyMGhlaWdodCUzRCUyMjQ1MCUyMiUyMGZyYW1lYm9yZGVyJTNEJTIyMCUyMiUyMHN0eWxlJTNEJTIyYm9yZGVyJTNBMCUyMiUyMGFsbG93ZnVsbHNjcmVlbiUzRSUzQyUyRmlmcmFtZSUzRQ==&#8221;][\/vc_column][\/vc_row][vc_row][vc_column][vc_separator][\/vc_column][\/vc_row][vc_row][vc_column][vc_column_text]<\/p>\n<h3 style=\"text-align: center\"><strong>\u00bfQU\u00c9 HACEMOS\u00a0?<\/strong><\/h3>\n<p style=\"text-align: justify\">OZAPATO es una marca de calzado de seguridad y de botas de piel hechas a mano ubicada en <a href=\"https:\/\/es.wikipedia.org\/wiki\/M%C3%A9xico\" target=\"_blank\" rel=\"noopener\">M\u00e9xico<\/a>.\u00a0Hemos aprendido a lo largo de los a\u00f1os, c\u00f3mo fabricar un producto de alta calidad de maneja responsable. Producimos nuestras l\u00edneas en M\u00e9xico, Panam\u00e1 y Estados Unidos.\u00a0En <strong>Panam\u00e1<\/strong>, contamos con una l\u00ednea de botas de piel hechas a mano y una l\u00ednea de <strong>calzados de seguridad<\/strong>, para responder a todas sus necesidades.<\/p>\n<h3 style=\"text-align: center\">\u00bfC\u00d3MO\u00a0LO\u00a0HACEMOS\u00a0?<\/h3>\n<p style=\"text-align: justify\">Siempre utilizamos materiales de alta calidad, para que puedan vivir su vida llena de aventuras todos\u00a0los d\u00edas, con comodidad.<\/p>\n<p style=\"text-align: justify\">Todos los productos de OZAPATO est\u00e1n hechos a mano en nuestra f\u00e1brica de Pachuca Hidalgo. Nuestro modelo de negocio, conecta directamente la f\u00e1brica con el cliente final, evitando intermediarios; no trabajamos con distribuidores. Ofrecemos\u00a0botas\u00a0de piel hechas a mano de <strong>alta calidad<\/strong> a un precio m\u00e1s accesible.<\/p>\n<h3 style=\"text-align: center\"><strong>\u00bfPOR QU\u00c9\u00a0LO\u00a0HACEMOS?<\/strong><\/h3>\n<p style=\"text-align: justify\">Hemos nacido del compromiso de servir a nuestra comunidad local. La producci\u00f3n de nuestras botas de piel hechas a mano\u00a0debe ser un proceso transparente que sustenta el equilibrio socio econ\u00f3mico dentro de la comunidad que habita.<\/p>\n<p style=\"text-align: justify\">El valor principal de OZAPATO es realizar la venta entre el productor y el cliente sin intermediarios.\u00a0Queremos que nuestros clientes se sientan seguros de que no solamente han comprado un producto bien hecho y de <strong>buena calidad<\/strong>, sino que tambi\u00e9n cada persona incluida en la\u00a0cadena de suministro reciba un trato justo al momento de realizar su trabajo.<\/p>\n<h3 style=\"text-align: center\"><strong>\u00a1KIDS 02 CALZADO ESCOLAR PARA NI\u00d1OS!<\/strong><\/h3>\n<p><a href=\"https:\/\/emojipedia.org\/grinning-face\/\" target=\"_blank\" rel=\"noopener\"><span class=\"emoji\">\ud83d\ude00<\/span><\/a><a href=\"https:\/\/ozapato.com\/pa\/product\/kids-01-calzado-escolar\/\">Kids 02<\/a>, es un calzado escolar\u00a0 para ni\u00f1os\u00a0 de OZAPATO, est\u00e1n fabricadas con suela industrial,que permite que el zapato dure mas, y es 100% calidad industrial.[\/vc_column_text][\/vc_column][\/vc_row]<\/p>\n","protected":false},"excerpt":{"rendered":"<p><span class=\"emoji\"><a href=\"https:\/\/emojipedia.org\/grinning-face\/\">\ud83d\ude00<\/a>\u00a0<\/span>Kids 02 es un calzado escolar para ni\u00f1os, est\u00e1 hecho con un cuero vacuno de alta calidad y cosido en una suela super flexible de calidad industrial. Que est\u00e9 pisando las calles de Panam\u00e1, brincando en un charco de agua o simplemente jugando f\u00fatbol, estos zapatos acompa\u00f1ara a sus hijos a lo largo del d\u00eda!.<\/p>\n","protected":false},"featured_media":7599,"comment_status":"open","ping_status":"closed","template":"","meta":{"jetpack_post_was_ever_published":false,"jetpack_publicize_message":"","jetpack_publicize_feature_enabled":true,"jetpack_social_post_already_shared":false,"jetpack_social_options":{"image_generator_settings":{"template":"highway","default_image_id":0,"font":"","enabled":false},"version":2}},"product_brand":[],"product_cat":[137],"product_tag":[],"class_list":{"0":"post-7590","1":"product","2":"type-product","3":"status-publish","4":"has-post-thumbnail","6":"product_cat-calzado-escolar","8":"first","9":"onbackorder","10":"taxable","11":"shipping-taxable","12":"purchasable","13":"product-type-variable"},"jetpack_publicize_connections":[],"jetpack_sharing_enabled":true,"_links":{"self":[{"href":"https:\/\/ozapato.com\/pa\/wp-json\/wp\/v2\/product\/7590","targetHints":{"allow":["GET"]}}],"collection":[{"href":"https:\/\/ozapato.com\/pa\/wp-json\/wp\/v2\/product"}],"about":[{"href":"https:\/\/ozapato.com\/pa\/wp-json\/wp\/v2\/types\/product"}],"replies":[{"embeddable":true,"href":"https:\/\/ozapato.com\/pa\/wp-json\/wp\/v2\/comments?post=7590"}],"wp:featuredmedia":[{"embeddable":true,"href":"https:\/\/ozapato.com\/pa\/wp-json\/wp\/v2\/media\/7599"}],"wp:attachment":[{"href":"https:\/\/ozapato.com\/pa\/wp-json\/wp\/v2\/media?parent=7590"}],"wp:term":[{"taxonomy":"product_brand","embeddable":true,"href":"https:\/\/ozapato.com\/pa\/wp-json\/wp\/v2\/product_brand?post=7590"},{"taxonomy":"product_cat","embeddable":true,"href":"https:\/\/ozapato.com\/pa\/wp-json\/wp\/v2\/product_cat?post=7590"},{"taxonomy":"product_tag","embeddable":true,"href":"https:\/\/ozapato.com\/pa\/wp-json\/wp\/v2\/product_tag?post=7590"}],"curies":[{"name":"wp","href":"https:\/\/api.w.org\/{rel}","templated":true}]}}