{"id":8614,"date":"2019-09-20T21:35:23","date_gmt":"2019-09-20T21:35:23","guid":{"rendered":"https:\/\/ozapato.com\/pa\/?post_type=product&#038;p=8614"},"modified":"2021-08-27T20:58:15","modified_gmt":"2021-08-27T20:58:15","slug":"hule-02-bota-con-puntera","status":"publish","type":"product","link":"https:\/\/ozapato.com\/pa\/product\/hule-02-bota-con-puntera\/","title":{"rendered":"Hule 02"},"content":{"rendered":"<p>[vc_row][\/vc_row][vc_column][\/vc_column][vc_column_text][\/vc_column_text][vc_row type=&#8221;boxed&#8221;][vc_column width=&#8221;1\/6&#8243;][\/vc_column][vc_column width=&#8221;2\/3&#8243;][vc_column_text]<\/p>\n<ul>\n<li>Hule botas con suela antideslizante.<\/li>\n<li>Construcci\u00f3n:\u00a0Bota pegada en una sola pieza<\/li>\n<li>Suela de PVC natural color\u00a0negra antideslizante y resistente a abrasivos<\/li>\n<li>Color:\u00a0\u00a0Negro<\/li>\n<li>Puntera: Casco XL<\/li>\n<li>Ajuste:\u00a0Horma EEE<\/li>\n<li>Altura:\u00a040\u00a0cm<\/li>\n<li>Numeraci\u00f3n: 5-12\u00a0us<\/li>\n<li>Certificaci\u00f3n; certificada ISO \/ ASTM\u00a0\u00a02412<\/li>\n<li>Bota libre de metal<\/li>\n<li><a href=\"https:\/\/workdrive.zohopublic.com\/external\/6Ol2VXoNe8n-JqO1d\/download\" target=\"_blank\" rel=\"noopener\">Ficha t\u00e9cnica<\/a><\/li>\n<\/ul>\n<p>[\/vc_column_text][\/vc_column][vc_column width=&#8221;1\/6&#8243;][\/vc_column][\/vc_row][vc_row][vc_column][vc_separator][\/vc_column][\/vc_row][vc_row type=&#8221;boxed&#8221;][vc_column][vc_media_grid grid_id=&#8221;vc_gid:1582745816776-ac6384f5-4fcc-1&#8243;][\/vc_column][\/vc_row][vc_row][vc_column][vc_separator][\/vc_column][\/vc_row][vc_row type=&#8221;boxed&#8221;][vc_column width=&#8221;1\/3&#8243;][vc_column_text]<\/p>\n<h4><strong>PVC<\/strong><\/h4>\n<p>PVC inyectado de alta calidad.[\/vc_column_text][\/vc_column][vc_column width=&#8221;1\/3&#8243;][vc_column_text]<\/p>\n<h4>Seguridad<\/h4>\n<p>Casco XL met\u00e1lico con recubrimiento ep\u00f3xico.[\/vc_column_text][\/vc_column][vc_column width=&#8221;1\/3&#8243;][vc_column_text]<\/p>\n<h4><strong>Suela<\/strong><\/h4>\n<p>Hule negra antideslizante.<\/p>\n<p>.[\/vc_column_text][\/vc_column][\/vc_row][vc_row][vc_column][vc_separator][\/vc_column][\/vc_row][vc_row type=&#8221;boxed&#8221;][vc_column][vc_column_text]<\/p>\n<h4 class=\"western\" style=\"text-align: center;\"><span style=\"color: #ff0000;\">\u00bfInteresado? Recibe una cotizaci\u00f3n en 24 horas m\u00e1ximo.<\/span><\/h4>\n<p>[\/vc_column_text][vc_column_text]<span style=\"color: #000000;\"><iframe loading=\"lazy\" height=\"850px\" width=\"100%\" frameborder=\"0\" allow=\"geolocation;microphone;camera\" src=\"https:\/\/forms.zohopublic.com\/virtualoffice9264\/form\/PAWebForm\/formperma\/wwIB1tqf92Cpoyszs5ObfP_teEnMSiT7XWku5Tz5DOg\"> <\/iframe><\/span><\/p>\n<p>[\/vc_column_text][\/vc_column][\/vc_row][vc_row][vc_column][vc_separator][\/vc_column][\/vc_row][vc_row type=&#8221;boxed&#8221;][vc_column][vc_column_text]<\/p>\n<h4 class=\"western\" style=\"text-align: center;\"><span style=\"color: #000000;\"><strong>\u00a1Vis\u00edtanos\u00a0en\u00a0<\/strong><strong>Republic Parking <\/strong><strong>de Lunes a Viernes\u00a0 de\u00a0 8am a 5pm<\/strong>!<\/span><\/h4>\n<p>[\/vc_column_text][vc_gmaps link=&#8221;#E-8_JTNDaWZyYW1lJTIwc3JjJTNEJTIyaHR0cHMlM0ElMkYlMkZ3d3cuZ29vZ2xlLmNvbSUyRm1hcHMlMkZlbWJlZCUzRnBiJTNEJTIxMW0xOCUyMTFtMTIlMjExbTMlMjExZDM5NDAuOTM0MTgzMjg1NjM5NCUyMTJkLTc5LjU0MzUzMDY4NTg0NjMzJTIxM2Q4Ljk3ODIwMzk5MzU1NjA4JTIxMm0zJTIxMWYwJTIxMmYwJTIxM2YwJTIxM20yJTIxMWkxMDI0JTIxMmk3NjglMjE0ZjEzLjElMjEzbTMlMjExbTIlMjExczB4OGZhY2E4OTRmNjI0MjY4ZCUyNTNBMHhjNzg0YmIxNjczYjhmN2M5JTIxMnNPWkFQQVRPJTIxNWUwJTIxM20yJTIxMXNlbiUyMTJzcGElMjE0djE0NjcxNTU2NTgxNDElMjIlMjB3aWR0aCUzRCUyMjYwMCUyMiUyMGhlaWdodCUzRCUyMjQ1MCUyMiUyMGZyYW1lYm9yZGVyJTNEJTIyMCUyMiUyMHN0eWxlJTNEJTIyYm9yZGVyJTNBMCUyMiUyMGFsbG93ZnVsbHNjcmVlbiUzRSUzQyUyRmlmcmFtZSUzRSUwQQ==&#8221;][\/vc_column][\/vc_row][vc_row][vc_column][vc_separator][\/vc_column][\/vc_row][vc_row type=&#8221;boxed&#8221;][vc_column][vc_column_text]<\/p>\n<h3 align=\"center\"><strong>\u00bfQU\u00c9 HACEMOS?<\/strong><\/h3>\n<p>OZAPATO es una marca de calzado ubicada en Pachuca, M\u00e9xico. Fabricamos botas de seguridad industrial y contamos con presencia en Costa Rica, Rep\u00fablica Dominicana, M\u00e9xico, Panam\u00e1 y Estados Unidos. Hemos aprendido a lo largo de los a\u00f1os como fabricar botas de seguridad con calidad y de manera responsable. En <strong>Panam\u00e1<\/strong>, nuestra l\u00ednea industrial cuenta con botas de seguridad, botas de seguridad diel\u00e9ctricas y botas t\u00e1cticas. Por esta raz\u00f3n,<strong> OZAPATO<\/strong> les presenta su <strong>botas con suela antideslizantes Hule 02<\/strong>\u00a1Elija de nuestro cat\u00e1logo las botas que necesita para trabajar con seguridad!<\/p>\n<h3 class=\"western\" align=\"center\"><strong>\u00bf<\/strong><strong>C\u00d3MO<\/strong><strong> LO HACEMOS?<\/strong><\/h3>\n<p>Todas nuestras <strong>botas de seguridad<\/strong> industrial son fabricadas con materiales de alta calidad. Tenga la confianza que sus pies estar\u00e1n protegidos en cada momento. Estamos tan seguros de la calidad de nuestros modelos de <a href=\"https:\/\/ozapato.com\/pa\/que-tal-estan-nuestros-productos-y-nuestro-servicio\/\">botas de seguridad<\/a> industrial que ofrecemos una <strong>garant\u00eda de 4 meses<\/strong> y <strong>hasta 6 meses<\/strong> para las botas de seguridad m\u00e1s premium. Adem\u00e1s ofrecemos un servicio de <strong>entrega en 24 horas.<\/strong><\/p>\n<h3 class=\"western\" align=\"center\"><strong>\u00bfPOR QU\u00c9 LO HACEMOS?<\/strong><\/h3>\n<p>OZAPATO naci\u00f3 con la idea de servir a la comunidad local. La producci\u00f3n de nuestras botas de seguridad industrial es un proceso transparente que sustenta el balance socio econ\u00f3mico de la comunidad a la que pertenece.<\/p>\n<p>El valor m\u00e1s importante de <strong>OZAPATO<\/strong> es la entrega directa hasta el cliente. Evitamos todos los intermediarios que no a\u00f1aden valor a nuestros consumidores. Cada etapa de la fabricaci\u00f3n de botas de seguridad industrial debe beneficiar a la gente que fabrica el <strong>calzado.<\/strong><\/p>\n<p>A nuestro equipo le apasiona desarrollar botas de seguridad en un ambiente social y econ\u00f3mico justo. Queremos que nuestros clientes conf\u00eden en que no s\u00f3lo compran botas bien hechas y de buena calidad, sino que tambi\u00e9n cada persona incluida en la cadena de suministro reciba un<a href=\"https:\/\/ozapato.com\/pa\/product\/grip-04\/\"> trato justo<\/a> al momento.<\/p>\n<h3 style=\"text-align: center;\"><strong>\u00a1BOTAS CON SUELAS ANTIDESLIZANTE!<\/strong><\/h3>\n<p>Las botas Hule 02,bota con suela antideslizantes, y resistente al agua e ideales para trabajar en <a href=\"https:\/\/ozapato.com\/pa\/product\/grip-04\/\">restaurantes,sector alimenticio<\/a> y\u00a0 en la lluvia.[\/vc_column_text][\/vc_column][\/vc_row]<\/p>\n","protected":false},"excerpt":{"rendered":"<p>\ud83d\udc77\u00a0Hule 02 Botas con suela antideslizante ,resistente al agua, con suela antideslizante + puntera. Resistentes al limo, vapor y agentes qu\u00edmicos no agresivos y Disponible con y sin casco.\u00a0\ud83d\ude9a en 24 horas en todo Panam\u00e1.<\/p>\n","protected":false},"featured_media":8472,"comment_status":"open","ping_status":"closed","template":"","meta":{"jetpack_post_was_ever_published":false,"jetpack_publicize_message":"","jetpack_publicize_feature_enabled":true,"jetpack_social_post_already_shared":false,"jetpack_social_options":{"image_generator_settings":{"template":"highway","default_image_id":0,"font":"","enabled":false},"version":2}},"product_brand":[],"product_cat":[138],"product_tag":[],"class_list":{"0":"post-8614","1":"product","2":"type-product","3":"status-publish","4":"has-post-thumbnail","6":"product_cat-uncategorized","8":"first","9":"instock","10":"taxable","11":"shipping-taxable","12":"product-type-simple"},"jetpack_publicize_connections":[],"jetpack_sharing_enabled":true,"_links":{"self":[{"href":"https:\/\/ozapato.com\/pa\/wp-json\/wp\/v2\/product\/8614","targetHints":{"allow":["GET"]}}],"collection":[{"href":"https:\/\/ozapato.com\/pa\/wp-json\/wp\/v2\/product"}],"about":[{"href":"https:\/\/ozapato.com\/pa\/wp-json\/wp\/v2\/types\/product"}],"replies":[{"embeddable":true,"href":"https:\/\/ozapato.com\/pa\/wp-json\/wp\/v2\/comments?post=8614"}],"wp:featuredmedia":[{"embeddable":true,"href":"https:\/\/ozapato.com\/pa\/wp-json\/wp\/v2\/media\/8472"}],"wp:attachment":[{"href":"https:\/\/ozapato.com\/pa\/wp-json\/wp\/v2\/media?parent=8614"}],"wp:term":[{"taxonomy":"product_brand","embeddable":true,"href":"https:\/\/ozapato.com\/pa\/wp-json\/wp\/v2\/product_brand?post=8614"},{"taxonomy":"product_cat","embeddable":true,"href":"https:\/\/ozapato.com\/pa\/wp-json\/wp\/v2\/product_cat?post=8614"},{"taxonomy":"product_tag","embeddable":true,"href":"https:\/\/ozapato.com\/pa\/wp-json\/wp\/v2\/product_tag?post=8614"}],"curies":[{"name":"wp","href":"https:\/\/api.w.org\/{rel}","templated":true}]}}