{"id":8735,"date":"2019-10-06T18:56:19","date_gmt":"2019-10-06T18:56:19","guid":{"rendered":"https:\/\/ozapato.com\/pa\/product\/eva01\/"},"modified":"2025-06-06T17:25:44","modified_gmt":"2025-06-06T17:25:44","slug":"eva01","status":"publish","type":"product","link":"https:\/\/ozapato.com\/pa\/product\/eva01\/","title":{"rendered":"Eva01"},"content":{"rendered":"<p>[vc_row type=&#8221;boxed&#8221;][vc_column][vc_column_text]<\/p>\n<ul>\n<li>Eva\u00a0 zapatos para\u00a0 hosteler\u00eda<\/li>\n<li>Construcci\u00f3n: Pegada.<\/li>\n<li>Suela: blanca antideslizante. Resistente a aceites.<\/li>\n<li>Corte: Una sola pieza de poliuretano.<\/li>\n<li>Color: Blanca<\/li>\n<li>Puntera: Sin puntera.<\/li>\n<li>Plantilla interior: plantilla antimicrobiana.<\/li>\n<li>Ajuste: Horma EEE.<\/li>\n<li>Altura: 5 cm.<\/li>\n<li>Numeraci\u00f3n: 3 &#8211; 10 us.<\/li>\n<li>Certificaci\u00f3n; certificada ISO \/ ASTM 2412-11 C-75 I-75 PR.<\/li>\n<li>Bota libre de metal.<\/li>\n<li>Garant\u00eda de 4 meses contra cualquier defecto de f\u00e1brica.<\/li>\n<li>Ficha t\u00e9cnica<\/li>\n<\/ul>\n<p>[\/vc_column_text][\/vc_column][\/vc_row][vc_row][vc_column][vc_separator][\/vc_column][\/vc_row][vc_row type=&#8221;boxed&#8221;][vc_column][vc_media_grid grid_id=&#8221;vc_gid:1582734293070-cacc6410-c785-5&#8243;][\/vc_column][\/vc_row][vc_row][vc_column][vc_separator][\/vc_column][\/vc_row][vc_row type=&#8221;boxed&#8221;][vc_column width=&#8221;1\/3&#8243;][vc_column_text]<\/p>\n<h4>Suela<\/h4>\n<p>Anti-fatigue &#8211; Suela antifatiga ultra flexible con absorci\u00f3n del choque al caminar.[\/vc_column_text][\/vc_column][vc_column width=&#8221;1\/3&#8243;][vc_column_text]<\/p>\n<h4>Tecnolog\u00eda<\/h4>\n<p>Dryfast &#8211; Poliuretano para la humedad.[\/vc_column_text][\/vc_column][vc_column width=&#8221;1\/3&#8243;][vc_column_text]<\/p>\n<h4>Libre de metal<\/h4>\n<p>Bota libre de metal[\/vc_column_text][\/vc_column][\/vc_row][vc_row][vc_column][vc_separator][\/vc_column][\/vc_row][vc_row type=&#8221;boxed&#8221;][vc_column][vc_column_text]<\/p>\n<h4 class=\"western\" style=\"text-align: center\"><span style=\"color: #ff0000\">\u00bfInteresado? Recibe una cotizaci\u00f3n en 24 horas m\u00e1ximo.<\/span><\/h4>\n<p>[\/vc_column_text][vc_column_text]<span style=\"color: #000000\"><iframe loading=\"lazy\" height=\"850px\" width=\"100%\" frameborder=\"0\" allow=\"geolocation;microphone;camera\" src=\"https:\/\/forms.zohopublic.com\/virtualoffice9264\/form\/PAWebForm\/formperma\/wwIB1tqf92Cpoyszs5ObfP_teEnMSiT7XWku5Tz5DOg\"> <\/iframe><\/span>[\/vc_column_text][\/vc_column][\/vc_row][vc_row][vc_column][vc_separator][\/vc_column][\/vc_row][vc_row type=&#8221;boxed&#8221;][vc_column][vc_column_text]<\/p>\n<h4 class=\"western\" style=\"text-align: center\"><span style=\"color: #000000\"><strong>\u00a1Vis\u00edtanos\u00a0en\u00a0<\/strong><strong>Republic Parking <\/strong><strong>de Lunes a Viernes\u00a0 de\u00a0 8am a 5pm<\/strong>!<\/span><\/h4>\n<p>[\/vc_column_text][vc_gmaps link=&#8221;#E-8_JTNDaWZyYW1lJTIwc3JjJTNEJTIyaHR0cHMlM0ElMkYlMkZ3d3cuZ29vZ2xlLmNvbSUyRm1hcHMlMkZlbWJlZCUzRnBiJTNEJTIxMW0xOCUyMTFtMTIlMjExbTMlMjExZDM5NDAuOTM0MTgzMjg1NjM5NCUyMTJkLTc5LjU0MzUzMDY4NTg0NjMzJTIxM2Q4Ljk3ODIwMzk5MzU1NjA4JTIxMm0zJTIxMWYwJTIxMmYwJTIxM2YwJTIxM20yJTIxMWkxMDI0JTIxMmk3NjglMjE0ZjEzLjElMjEzbTMlMjExbTIlMjExczB4OGZhY2E4OTRmNjI0MjY4ZCUyNTNBMHhjNzg0YmIxNjczYjhmN2M5JTIxMnNPWkFQQVRPJTIxNWUwJTIxM20yJTIxMXNlbiUyMTJzcGElMjE0djE0NjcxNTU2NTgxNDElMjIlMjB3aWR0aCUzRCUyMjYwMCUyMiUyMGhlaWdodCUzRCUyMjQ1MCUyMiUyMGZyYW1lYm9yZGVyJTNEJTIyMCUyMiUyMHN0eWxlJTNEJTIyYm9yZGVyJTNBMCUyMiUyMGFsbG93ZnVsbHNjcmVlbiUzRSUzQyUyRmlmcmFtZSUzRSUwQQ==&#8221;][\/vc_column][\/vc_row][vc_row][vc_column][vc_separator][\/vc_column][\/vc_row][vc_row type=&#8221;boxed&#8221;][vc_column][vc_column_text]<\/p>\n<h3 align=\"center\"><strong>\u00bfQU\u00c9 HACEMOS?<\/strong><\/h3>\n<p>OZAPATO es una marca de calzado ubicada en Pachuca, M\u00e9xico. Fabricamos botas de seguridad industrial y contamos con presencia en Costa Rica, Rep\u00fablica Dominicana, M\u00e9xico, Panam\u00e1 y Estados Unidos. Hemos aprendido a lo largo de los a\u00f1os como fabricar botas de seguridad con calidad y de manera responsable. En <strong>Panam\u00e1<\/strong>, nuestra l\u00ednea industrial cuenta con botas de seguridad, botas de seguridad diel\u00e9ctricas y botas t\u00e1cticas. Por esta raz\u00f3n, OZAPATO les presenta las <strong>zapatos<\/strong>\u00a0\u00a0<strong>para hosteler\u00eda\u00a0Eva 01<\/strong>\u00a0, para uso exclusivo en cocinas.\u00a1Elija de nuestro cat\u00e1logo las botas que necesita para trabajar con seguridad!<\/p>\n<h3 class=\"western\" align=\"center\"><strong>\u00bf<\/strong><strong>C\u00d3MO<\/strong><strong> LO HACEMOS?<\/strong><\/h3>\n<p>Todas nuestras botas de <a href=\"http:\/\/www.ozapato.com\\pa\">seguridad industria<\/a>l\u00a0son fabricadas con materiales de alta calidad. Tenga la confianza que sus pies estar\u00e1n protegidos en cada momento. Estamos tan seguros de la <strong>calidad<\/strong> de nuestros modelos de botas de seguridad industrial que ofrecemos una <strong>garant\u00eda de 4 meses y hasta 6 meses<\/strong> para las botas de seguridad m\u00e1s premium. Adem\u00e1s ofrecemos un servicio de <strong>entrega en 24 horas.<\/strong><\/p>\n<h3 class=\"western\" align=\"center\"><strong>\u00bfPOR QU\u00c9 LO HACEMOS?<\/strong><\/h3>\n<p>OZAPATO naci\u00f3 con la idea de servir a la comunidad local. La producci\u00f3n de nuestras <strong>botas de seguridad industrial<\/strong> es un proceso transparente que sustenta el balance socio econ\u00f3mico de la comunidad a la que pertenece.<\/p>\n<p>El valor m\u00e1s importante de OZAPATO es la <strong>entrega directa hasta el cliente.<\/strong> Evitamos todos los intermediarios que no a\u00f1aden valor a nuestros consumidores. Cada etapa de la fabricaci\u00f3n de botas de seguridad industrial debe beneficiar a la gente que fabrica el <strong>calzado.<\/strong><\/p>\n<p>A nuestro equipo le apasiona desarrollar botas de seguridad en un<a href=\"https:\/\/es.wikipedia.org\/wiki\/Comercio_justo\" target=\"_blank\" rel=\"noopener\"> ambiente social<\/a> y econ\u00f3mico justo. Queremos que nuestros clientes conf\u00eden en que no s\u00f3lo compran botas bien hechas y de buena calidad, sino que tambi\u00e9n cada persona incluida en la cadena de suministro reciba un trato justo al momento.<\/p>\n<h3 style=\"text-align: center\">\u00a1ZAPATOS PARA\u00a0 HOSTELER\u00cdA!<\/h3>\n<p>\ud83e\uddd1\u200d\ud83c\udf73\u00a0Eva 01, son zapatos de seguridad para\u00a0 \u00a0<a href=\"https:\/\/ozapato.com\/pa\/product\/komalli\/\">hosteler\u00eda.<\/a> Sobre todo para la secci\u00f3n de cocina.Para cocineros, asistentes de cocina y kitchen porters.[\/vc_column_text][\/vc_column][\/vc_row][vc_row][vc_column][vc_separator][\/vc_column][\/vc_row]<\/p>\n","protected":false},"excerpt":{"rendered":"<p>\ud83e\uddd1\u200d\ud83c\udf73\u00a0Eva 01, son las zapatos para\u00a0 <a href=\"https:\/\/ozapato.com\/pa\/product\/komalli\/\">hosteler\u00eda.<\/a> Sobre todo para la secci\u00f3n de cocina.Para cocineros, asistentes de cocina y kitchen porters.<\/p>\n<p><a href=\"https:\/\/emojipedia.org\/oncoming-automobile\/\"><span class=\"emoji\">\ud83d\ude98<\/span><\/a><strong>ENV\u00cdOS A DOMICILIO. <a href=\"https:\/\/ozapato.com\/pa\/pages\/contacto\/\">COTIZA\u00a0<\/a><\/strong><b>AQU\u00cd<\/b><\/p>\n","protected":false},"featured_media":0,"comment_status":"open","ping_status":"closed","template":"","meta":{"jetpack_post_was_ever_published":false,"jetpack_publicize_message":"","jetpack_publicize_feature_enabled":true,"jetpack_social_post_already_shared":false,"jetpack_social_options":{"image_generator_settings":{"template":"highway","default_image_id":0,"font":"","enabled":false},"version":2}},"product_brand":[],"product_cat":[138],"product_tag":[],"class_list":{"0":"post-8735","1":"product","2":"type-product","3":"status-publish","5":"product_cat-uncategorized","7":"first","8":"outofstock","9":"taxable","10":"shipping-taxable","11":"product-type-variable"},"jetpack_publicize_connections":[],"jetpack_sharing_enabled":true,"_links":{"self":[{"href":"https:\/\/ozapato.com\/pa\/wp-json\/wp\/v2\/product\/8735","targetHints":{"allow":["GET"]}}],"collection":[{"href":"https:\/\/ozapato.com\/pa\/wp-json\/wp\/v2\/product"}],"about":[{"href":"https:\/\/ozapato.com\/pa\/wp-json\/wp\/v2\/types\/product"}],"replies":[{"embeddable":true,"href":"https:\/\/ozapato.com\/pa\/wp-json\/wp\/v2\/comments?post=8735"}],"wp:attachment":[{"href":"https:\/\/ozapato.com\/pa\/wp-json\/wp\/v2\/media?parent=8735"}],"wp:term":[{"taxonomy":"product_brand","embeddable":true,"href":"https:\/\/ozapato.com\/pa\/wp-json\/wp\/v2\/product_brand?post=8735"},{"taxonomy":"product_cat","embeddable":true,"href":"https:\/\/ozapato.com\/pa\/wp-json\/wp\/v2\/product_cat?post=8735"},{"taxonomy":"product_tag","embeddable":true,"href":"https:\/\/ozapato.com\/pa\/wp-json\/wp\/v2\/product_tag?post=8735"}],"curies":[{"name":"wp","href":"https:\/\/api.w.org\/{rel}","templated":true}]}}