{"id":8907,"date":"2019-10-10T22:05:27","date_gmt":"2019-10-10T22:05:27","guid":{"rendered":"https:\/\/ozapato.com\/pa\/product\/tanok-04\/"},"modified":"2026-04-18T17:29:41","modified_gmt":"2026-04-18T17:29:41","slug":"tanok-04","status":"publish","type":"product","link":"https:\/\/ozapato.com\/pa\/product\/tanok-04\/","title":{"rendered":"Tanok 04"},"content":{"rendered":"<p>[vc_row type=&#8221;boxed&#8221;][vc_column][vc_column_text]<\/p>\n<ul>\n<li>Tanok 04 son Botas diel\u00e9ctricas ultra livianas.<\/li>\n<li>Suela ultra ligera de PU de meno de 220 gramos.\u00a0 Ideal para trabajos livianos de supervisi\u00f3n<\/li>\n<li>Suela memory foam antifatiga.<\/li>\n<li>Protector frontal de kevlar<\/li>\n<li>Tela transpirable + Waterproof technology<\/li>\n<li>Material anti rayas \u2013 PU Technology<\/li>\n<li>Nueva puntera de poliamida XL certificada con resistencia a m\u00e1s de 2 toneladas (Norma ASTM 2412-2413).<\/li>\n<li>Altura de 11cm, 4 pulgadas.<\/li>\n<li>Certificada ASTM EH 2412-13 18 000 volts<\/li>\n<li>EH, I75, C75<\/li>\n<li><a href=\"https:\/\/workdrive.zohopublic.com\/external\/6Ol2VXoNe88-JqO1d\/download\" target=\"_blank\" rel=\"noopener\">Ficha T\u00e9cnica .<\/a><\/li>\n<\/ul>\n<p>[\/vc_column_text][\/vc_column][\/vc_row][vc_row][vc_column][vc_separator][\/vc_column][\/vc_row][vc_row type=&#8221;boxed&#8221;][vc_column width=&#8221;1\/3&#8243;][vc_column_text]<\/p>\n<h4>Suela OZAPATO Antideslizante<\/h4>\n<p>Certificada ASTM, slip resistant. Apta para exposiciones el\u00e9ctricas.[\/vc_column_text][\/vc_column][vc_column width=&#8221;1\/3&#8243;][vc_column_text]<\/p>\n<h4><strong>100% diel\u00e9ctrica EH<\/strong><\/h4>\n<p>Bota diel\u00e9ctrica certificada \u00a0ASTM 2413 hasta m\u00e1s de 18.000 volts. Ideal para labores el\u00e9ctricas.[\/vc_column_text][\/vc_column][vc_column width=&#8221;1\/3&#8243;][vc_column_text]<\/p>\n<h4><strong>Tela<\/strong><\/h4>\n<p>TELA 100% Waterproof con recubrimiento de PU solido + protecci\u00f3n frontal de kevlar.[\/vc_column_text][\/vc_column][\/vc_row][vc_row][vc_column][vc_separator][\/vc_column][\/vc_row][vc_row type=&#8221;boxed&#8221;][vc_column][vc_column_text]<\/p>\n<h4 class=\"western\" style=\"text-align: center;\"><span style=\"color: #ff0000;\">\u00bfInteresado? Recibe una cotizaci\u00f3n en 24 horas m\u00e1ximo.<\/span><\/h4>\n<p>[\/vc_column_text][vc_column_text]<span style=\"color: #000000;\"><iframe loading=\"lazy\" height=\"850px\" width=\"100%\" frameborder=\"0\" allow=\"geolocation;microphone;camera\" src=\"https:\/\/forms.zohopublic.com\/virtualoffice9264\/form\/PAWebForm\/formperma\/wwIB1tqf92Cpoyszs5ObfP_teEnMSiT7XWku5Tz5DOg\"> <\/iframe><\/span><\/p>\n<p>[\/vc_column_text][\/vc_column][\/vc_row][vc_row][vc_column][vc_separator][\/vc_column][\/vc_row][vc_row type=&#8221;boxed&#8221;][vc_column][vc_column_text]<\/p>\n<h4 class=\"western\" style=\"text-align: center;\"><span style=\"color: #000000;\"><strong>\u00a1Vis\u00edtanos\u00a0en\u00a0<\/strong><strong>Republic Parking <\/strong><strong>de Lunes a Viernes\u00a0 de\u00a0 8am a 5pm<\/strong>!<\/span><\/h4>\n<p>[\/vc_column_text][vc_gmaps link=&#8221;#E-8_JTNDaWZyYW1lJTIwc3JjJTNEJTIyaHR0cHMlM0ElMkYlMkZ3d3cuZ29vZ2xlLmNvbSUyRm1hcHMlMkZlbWJlZCUzRnBiJTNEJTIxMW0xOCUyMTFtMTIlMjExbTMlMjExZDM5NDAuOTM0MTgzMjg1NjM5NCUyMTJkLTc5LjU0MzUzMDY4NTg0NjMzJTIxM2Q4Ljk3ODIwMzk5MzU1NjA4JTIxMm0zJTIxMWYwJTIxMmYwJTIxM2YwJTIxM20yJTIxMWkxMDI0JTIxMmk3NjglMjE0ZjEzLjElMjEzbTMlMjExbTIlMjExczB4OGZhY2E4OTRmNjI0MjY4ZCUyNTNBMHhjNzg0YmIxNjczYjhmN2M5JTIxMnNPWkFQQVRPJTIxNWUwJTIxM20yJTIxMXNlbiUyMTJzcGElMjE0djE0NjcxNTU2NTgxNDElMjIlMjB3aWR0aCUzRCUyMjYwMCUyMiUyMGhlaWdodCUzRCUyMjQ1MCUyMiUyMGZyYW1lYm9yZGVyJTNEJTIyMCUyMiUyMHN0eWxlJTNEJTIyYm9yZGVyJTNBMCUyMiUyMGFsbG93ZnVsbHNjcmVlbiUzRSUzQyUyRmlmcmFtZSUzRQ==&#8221;][\/vc_column][\/vc_row][vc_row][vc_column][vc_separator][\/vc_column][\/vc_row][vc_row][vc_column][vc_column_text]<\/p>\n<h3 style=\"text-align: center;\"><strong>\u00bfQU\u00c9 HACEMOS?<\/strong><\/h3>\n<p>OZAPATO es una marca de calzado ubicada en Pachuca, M\u00e9xico. Fabricamos botas de <a href=\"https:\/\/ozapato.com\/mx\/calzado-de-seguridad-dielectrico\/\">seguridad diel\u00e9ctricas<\/a>\u00a0y contamos con presencia en\u00a0Panam\u00e1 y Estados Unidos.\u00a0Hemos aprendido a lo largo de los a\u00f1os como fabricar botas de seguridad\u00a0con calidad y de maneja responsable. En Panam\u00e1, nuestra l\u00ednea industrial cuenta\u00a0con <a href=\"https:\/\/ozapato.com\/pa\/product\/tanok\/\">botas de seguridad<\/a>, botas de seguridad diel\u00e9ctricas y botas t\u00e1cticas. Por esta raz\u00f3n,OZAPATO,presenta las <strong>botas\u00a0diel\u00e9ctricas\u00a0 ultra livianas\u00a0 diel\u00e9ctricas<\/strong> modelo <strong>Tanok\u00a0 01 ,Tanok 02 y\u00a0 Tanok 04<\/strong>\u00a1Elija de nuestro cat\u00e1logo las botas que necesita para trabajar con seguridad!<\/p>\n<h3 style=\"text-align: center;\">\u00bfC\u00d3MO\u00a0LO\u00a0HACEMOS?<\/h3>\n<p>Todas nuestras botas de seguridad industrial son fabricadas con materiales de alta calidad. Tenga la confianza que sus pies estar\u00e1n protegidos en cada momento. Estamos tan seguros de la calidad de nuestros modelos de botas de seguridad industrial que ofrecemos una <strong>garant\u00eda de 4 meses y hasta 6 meses<\/strong> para las botas de seguridad m\u00e1s premium. Adem\u00e1s ofrecemos un servicio de <strong>entrega en 24 horas.<\/strong><\/p>\n<p>Todos los productos de OZAPATO est\u00e1n hechos a mano, en nuestra f\u00e1brica de Pachuca (Hidalgo, M\u00e9xico). Nuestro modelo de negocio, conecta directamente la f\u00e1brica con el cliente final, evitando intermediarios; no trabajamos con distribuidores o revendedores. Esto permite ofrecer botas de seguridad a un precio m\u00e1s accesible.<\/p>\n<h3 style=\"text-align: center;\"><strong>\u00bfPOR QU\u00c9\u00a0LO\u00a0HACEMOS?<\/strong><\/h3>\n<p>OZAPATO\u00a0naci\u00f3 con la\u00a0idea de servir la <a href=\"https:\/\/www.caritas.org\/donde-trabajamos\/america-latina-y-el-caribe\/panama\/?lang=es\" target=\"_blank\" rel=\"noopener\">comunidad local.<\/a> La producci\u00f3n de nuestras botas de seguridad industrial es\u00a0un\u00a0proceso transparente que sustenta el balance socio econ\u00f3mico de la comunidad a la que pertenece.<\/p>\n<p>El valor m\u00e1s importante de OZAPATO es la entrega directa hasta el cliente. Cortamos todos los intermediarios que no a\u00f1aden valor a nuestros consumidores. Cada etapa de la fabricaci\u00f3n de botas de seguridad industrial debe beneficiar a la gente que fabrica el <strong>calzado.<\/strong><\/p>\n<p>Nuestro equipo ama desarrollar <a href=\"https:\/\/ozapato.com\/pa\/botas-dielectricas\/\">botas de seguridad<\/a> en un ambiente social y econ\u00f3mico justo. Queremos que nuestros clientes conf\u00eden en que no s\u00f3lo compran botas bien hechas y de buena calidad, sino que tambi\u00e9n cada persona incluida en la\u00a0cadena de suministro reciba un trato justo al momento de realizar su trabajo.<\/p>\n<h3 style=\"text-align: center;\">\u00a1BOTAS DIEL\u00c9CTRICAS\u00a0ULTRA LIVIANAS!<\/h3>\n<p>Tanok 04, son botas diel\u00e9ctricas ultra livianas, es un estilo Tenis, que tiene un\u00a0 peso de solo 350 gramos.La la talla es Ultraligera e ideal para trabajar mas r\u00e1pido, mas liviano y al\u00a0\u00a1mejor precio!.[\/vc_column_text][\/vc_column][\/vc_row]<\/p>\n","protected":false},"excerpt":{"rendered":"<p>\ud83d\udd25Tanok son botas diel\u00e9ctricas ultra livianas de menos de 380 gramos! . Es un calzado fresco, liviano y muy flexible. Con su puntera XL diel\u00e9ctrica y su corte Waterproof.<\/p>\n","protected":false},"featured_media":12806,"comment_status":"open","ping_status":"closed","template":"","meta":{"jetpack_post_was_ever_published":false,"jetpack_publicize_message":"","jetpack_publicize_feature_enabled":true,"jetpack_social_post_already_shared":false,"jetpack_social_options":{"image_generator_settings":{"template":"highway","default_image_id":0,"font":"","enabled":false},"version":2}},"product_brand":[],"product_cat":[34,30,131],"product_tag":[],"class_list":{"0":"post-8907","1":"product","2":"type-product","3":"status-publish","4":"has-post-thumbnail","6":"product_cat-botas-dielectricas-panama","7":"product_cat-botas-industriales-panama","8":"product_cat-nuevos-modelos","10":"first","11":"instock","12":"taxable","13":"shipping-taxable","14":"purchasable","15":"product-type-variable","16":"has-default-attributes"},"jetpack_publicize_connections":[],"jetpack_sharing_enabled":true,"_links":{"self":[{"href":"https:\/\/ozapato.com\/pa\/wp-json\/wp\/v2\/product\/8907","targetHints":{"allow":["GET"]}}],"collection":[{"href":"https:\/\/ozapato.com\/pa\/wp-json\/wp\/v2\/product"}],"about":[{"href":"https:\/\/ozapato.com\/pa\/wp-json\/wp\/v2\/types\/product"}],"replies":[{"embeddable":true,"href":"https:\/\/ozapato.com\/pa\/wp-json\/wp\/v2\/comments?post=8907"}],"wp:featuredmedia":[{"embeddable":true,"href":"https:\/\/ozapato.com\/pa\/wp-json\/wp\/v2\/media\/12806"}],"wp:attachment":[{"href":"https:\/\/ozapato.com\/pa\/wp-json\/wp\/v2\/media?parent=8907"}],"wp:term":[{"taxonomy":"product_brand","embeddable":true,"href":"https:\/\/ozapato.com\/pa\/wp-json\/wp\/v2\/product_brand?post=8907"},{"taxonomy":"product_cat","embeddable":true,"href":"https:\/\/ozapato.com\/pa\/wp-json\/wp\/v2\/product_cat?post=8907"},{"taxonomy":"product_tag","embeddable":true,"href":"https:\/\/ozapato.com\/pa\/wp-json\/wp\/v2\/product_tag?post=8907"}],"curies":[{"name":"wp","href":"https:\/\/api.w.org\/{rel}","templated":true}]}}