{"id":8932,"date":"2019-10-10T22:09:51","date_gmt":"2019-10-10T22:09:51","guid":{"rendered":"https:\/\/ozapato.com\/pa\/product\/watt-03\/"},"modified":"2026-04-18T17:28:34","modified_gmt":"2026-04-18T17:28:34","slug":"watt-03","status":"publish","type":"product","link":"https:\/\/ozapato.com\/pa\/product\/watt-03\/","title":{"rendered":"Watt 03"},"content":{"rendered":"<p>[vc_row type=&#8221;boxed&#8221;][vc_column][vc_column_text]<\/p>\n<div style=\"position: relative; width: 100%; height: 0; padding-top: 129.4118%; padding-bottom: 0; box-shadow: 0 2px 8px 0 rgba(63,69,81,0.16); margin-top: 1.6em; margin-bottom: 0.9em; overflow: hidden; border-radius: 8px; will-change: transform;\"><iframe style=\"position: absolute; width: 100%; height: 100%; top: 0; left: 0; border: none; padding: 0; margin: 0;\" src=\"https:\/\/www.canva.com\/design\/DAGFWqoxh0I\/AWlRZKA6UHZeLMapZpqvOg\/view?embed\" allowfullscreen=\"allowfullscreen\"><br \/>\n<\/iframe><\/div>\n<p>[\/vc_column_text][vc_column_text]<\/p>\n<ul data-sourcepos=\"7:1-17:0\">\n<li data-sourcepos=\"7:1-7:114\"><strong>Aislamiento diel\u00e9ctrico superior:<\/strong> Resistencia garantizada a descargas el\u00e9ctricas de hasta 18,000 voltios. \ud83d\udcaa<\/li>\n<li data-sourcepos=\"8:1-8:121\"><strong>Suela exclusiva OZAPATO:<\/strong> PU \/ hule, ofrece un agarre excepcional en cualquier superficie. \ud83d\udeb6\u200d\u2642\ufe0f<\/li>\n<li data-sourcepos=\"9:1-9:163\"><strong>Puntera XL extra ancha:<\/strong> 25% m\u00e1s amplia que las punteras cl\u00e1sicas, fabricada en poliamida\/composite, soporta m\u00e1s de 2 toneladas. \ud83c\udfcb\ufe0f\u200d\u2642\ufe0f (Norma ASTM 2412-2413)<\/li>\n<li data-sourcepos=\"10:1-10:58\"><strong>Resistencia total:<\/strong> A prueba de humedad \u2614 y aceites.<\/li>\n<li data-sourcepos=\"11:1-11:93\"><strong>Plantilla antiperforaci\u00f3n:<\/strong> Flexibilidad y protecci\u00f3n con certificaci\u00f3n ISO y ASTM. \ud83d\udee1\ufe0f<\/li>\n<li data-sourcepos=\"12:1-12:94\"><strong>Cuero de primera calidad:<\/strong> Cuero &#8220;full grain&#8221; premium para mayor durabilidad y confort. \u2728<\/li>\n<li data-sourcepos=\"13:1-13:65\"><strong>Construcci\u00f3n vulcanizada:<\/strong> Para una resistencia superior. \ud83d\udcaa<\/li>\n<li data-sourcepos=\"14:1-14:106\"><strong>Comodidad excepcional:<\/strong> Bull\u00f3n exterior acolchado para mayor protecci\u00f3n y comodidad en el tobillo. \ud83d\ude0a<\/li>\n<li data-sourcepos=\"15:1-15:98\"><strong>Frescura e higiene:<\/strong> Bull\u00f3n interior antimicrobiano que mantiene el pie seco y sin olores. \ud83d\udc5f<\/li>\n<li data-sourcepos=\"16:1-17:0\"><strong>Plantilla extra\u00edble:<\/strong> Plantilla de poliuretano acolchada, \u00a1y lavable! \ud83d\udca6<\/li>\n<li><a href=\"https:\/\/workdrive.zohoexternal.com\/external\/6Ol2VXp3mUp-JqO1d\" target=\"_blank\" rel=\"noopener\">Ficha T\u00e9cnica.<\/a><\/li>\n<\/ul>\n<p>[\/vc_column_text][\/vc_column][\/vc_row][vc_row type=&#8221;boxed&#8221;][vc_column][vc_media_grid element_width=&#8221;3&#8243; grid_id=&#8221;vc_gid:1730495852794-6e1ad1ba-49fe-5&#8243; include=&#8221;12413,12414,12415,12416&#8243;][\/vc_column][\/vc_row][vc_row][vc_column][vc_separator][\/vc_column][\/vc_row][vc_row type=&#8221;boxed&#8221;][vc_column][vc_column_text]<\/p>\n<h4 class=\"western\" style=\"text-align: center;\"><span style=\"color: #ff0000;\">\u00bfInteresado? Recibe una cotizaci\u00f3n en 24 horas m\u00e1ximo.<\/span><\/h4>\n<p>[\/vc_column_text][vc_column_text]<span style=\"color: #000000;\"><iframe loading=\"lazy\" height=\"850px\" width=\"100%\" frameborder=\"0\" allow=\"geolocation;microphone;camera\" src=\"https:\/\/forms.zohopublic.com\/virtualoffice9264\/form\/PAWebForm\/formperma\/wwIB1tqf92Cpoyszs5ObfP_teEnMSiT7XWku5Tz5DOg\"> <\/iframe><\/span>[\/vc_column_text][\/vc_column][\/vc_row][vc_row][vc_column][vc_separator][\/vc_column][\/vc_row][vc_row type=&#8221;boxed&#8221;][vc_column][vc_column_text]<\/p>\n<h4 class=\"western\" style=\"text-align: center;\"><span style=\"color: #000000;\"><strong>\u00a1Vis\u00edtanos\u00a0en\u00a0<\/strong><strong>Republic Parking <\/strong><strong>de Lunes a Viernes\u00a0 de\u00a0 8am a 5pm<\/strong>!<\/span><\/h4>\n<p>[\/vc_column_text][vc_gmaps link=&#8221;#E-8_JTNDaWZyYW1lJTIwc3JjJTNEJTIyaHR0cHMlM0ElMkYlMkZ3d3cuZ29vZ2xlLmNvbSUyRm1hcHMlMkZlbWJlZCUzRnBiJTNEJTIxMW0xOCUyMTFtMTIlMjExbTMlMjExZDM5NDAuOTM0MTgzMjg1NjM5NCUyMTJkLTc5LjU0MzUzMDY4NTg0NjMzJTIxM2Q4Ljk3ODIwMzk5MzU1NjA4JTIxMm0zJTIxMWYwJTIxMmYwJTIxM2YwJTIxM20yJTIxMWkxMDI0JTIxMmk3NjglMjE0ZjEzLjElMjEzbTMlMjExbTIlMjExczB4OGZhY2E4OTRmNjI0MjY4ZCUyNTNBMHhjNzg0YmIxNjczYjhmN2M5JTIxMnNPWkFQQVRPJTIxNWUwJTIxM20yJTIxMXNlbiUyMTJzcGElMjE0djE0NjcxNTU2NTgxNDElMjIlMjB3aWR0aCUzRCUyMjYwMCUyMiUyMGhlaWdodCUzRCUyMjQ1MCUyMiUyMGZyYW1lYm9yZGVyJTNEJTIyMCUyMiUyMHN0eWxlJTNEJTIyYm9yZGVyJTNBMCUyMiUyMGFsbG93ZnVsbHNjcmVlbiUzRSUzQyUyRmlmcmFtZSUzRQ==&#8221;][\/vc_column][\/vc_row][vc_row][vc_column][vc_column_text]<\/p>\n<p data-sourcepos=\"3:1-3:263\">\u00bfTrabajas en un entorno con riesgo el\u00e9ctrico? Las <strong>Watt 03, botas diel\u00e9ctricas en Panam\u00e1<\/strong>, son tu mejor aliado. En OZAPATO, nos preocupamos por tu seguridad, y por eso te ofrecemos este modelo de alto rendimiento, dise\u00f1ado para resistir hasta 18,000 voltios.<\/p>\n<p data-sourcepos=\"5:1-5:32\"><strong>\u00bfPor qu\u00e9 elegir las Watt 03?<\/strong><\/p>\n<ul data-sourcepos=\"7:1-10:0\">\n<li data-sourcepos=\"7:1-7:129\"><strong>M\u00e1xima protecci\u00f3n:<\/strong> A\u00edslan hasta 18,000 voltios, brind\u00e1ndote la tranquilidad que necesitas para trabajar con electricidad.<\/li>\n<li data-sourcepos=\"8:1-8:139\"><strong>Resistentes y duraderas:<\/strong> Fabricadas con cuero graso de alta calidad y tecnolog\u00eda Waterproof, soportan las condiciones m\u00e1s exigentes.<\/li>\n<li data-sourcepos=\"9:1-10:0\"><strong>Comodidad garantizada:<\/strong> Su dise\u00f1o ergon\u00f3mico te permite usarlas durante largas jornadas sin sacrificar el confort.<\/li>\n<\/ul>\n<p data-sourcepos=\"11:1-11:40\"><strong>OZAPATO: Calidad y compromiso social<\/strong><\/p>\n<p data-sourcepos=\"13:1-13:44\">En OZAPATO, nos enorgullecemos de ofrecerte:<\/p>\n<ul data-sourcepos=\"15:1-19:0\">\n<li data-sourcepos=\"15:1-15:150\"><strong>Calzado de seguridad de primera calidad:<\/strong> Las <strong>Watt 03, botas diel\u00e9ctricas en Panam\u00e1<\/strong>, son un ejemplo de nuestro compromiso con la excelencia.<\/li>\n<li data-sourcepos=\"16:1-16:110\"><strong>Precios accesibles:<\/strong> Al eliminar intermediarios, te ofrecemos precios justos sin comprometer la calidad.<\/li>\n<li data-sourcepos=\"17:1-17:52\"><strong>Entrega r\u00e1pida:<\/strong> Recibe tus botas en 24 horas.<\/li>\n<li data-sourcepos=\"18:1-19:0\"><strong>Producci\u00f3n responsable:<\/strong> Creemos en el comercio justo y en un proceso de fabricaci\u00f3n transparente.<\/li>\n<\/ul>\n<p>[\/vc_column_text][\/vc_column][\/vc_row]<\/p>\n","protected":false},"excerpt":{"rendered":"<p>\u26a1Watt 03 son botas diel\u00e9ctricas resistentes a los 18.000 voltios.Certificada ASTM 2313-18. Para trabajos con gran exposici\u00f3n a corrientes el\u00e9ctricas o de alta tensi\u00f3n.<\/p>\n","protected":false},"featured_media":12407,"comment_status":"open","ping_status":"closed","template":"","meta":{"jetpack_post_was_ever_published":false,"jetpack_publicize_message":"","jetpack_publicize_feature_enabled":true,"jetpack_social_post_already_shared":true,"jetpack_social_options":{"image_generator_settings":{"template":"highway","default_image_id":0,"font":"","enabled":false},"version":2}},"product_brand":[],"product_cat":[87,34],"product_tag":[],"class_list":{"0":"post-8932","1":"product","2":"type-product","3":"status-publish","4":"has-post-thumbnail","6":"product_cat-botas-de-construccion","7":"product_cat-botas-dielectricas-panama","9":"first","10":"onbackorder","11":"taxable","12":"shipping-taxable","13":"purchasable","14":"product-type-variable"},"jetpack_publicize_connections":[],"jetpack_sharing_enabled":true,"_links":{"self":[{"href":"https:\/\/ozapato.com\/pa\/wp-json\/wp\/v2\/product\/8932","targetHints":{"allow":["GET"]}}],"collection":[{"href":"https:\/\/ozapato.com\/pa\/wp-json\/wp\/v2\/product"}],"about":[{"href":"https:\/\/ozapato.com\/pa\/wp-json\/wp\/v2\/types\/product"}],"replies":[{"embeddable":true,"href":"https:\/\/ozapato.com\/pa\/wp-json\/wp\/v2\/comments?post=8932"}],"wp:featuredmedia":[{"embeddable":true,"href":"https:\/\/ozapato.com\/pa\/wp-json\/wp\/v2\/media\/12407"}],"wp:attachment":[{"href":"https:\/\/ozapato.com\/pa\/wp-json\/wp\/v2\/media?parent=8932"}],"wp:term":[{"taxonomy":"product_brand","embeddable":true,"href":"https:\/\/ozapato.com\/pa\/wp-json\/wp\/v2\/product_brand?post=8932"},{"taxonomy":"product_cat","embeddable":true,"href":"https:\/\/ozapato.com\/pa\/wp-json\/wp\/v2\/product_cat?post=8932"},{"taxonomy":"product_tag","embeddable":true,"href":"https:\/\/ozapato.com\/pa\/wp-json\/wp\/v2\/product_tag?post=8932"}],"curies":[{"name":"wp","href":"https:\/\/api.w.org\/{rel}","templated":true}]}}