{"id":110,"date":"2020-06-12T13:09:06","date_gmt":"2020-06-12T13:09:06","guid":{"rendered":"https:\/\/ozapato.com\/pe\/?page_id=110"},"modified":"2020-06-16T18:33:46","modified_gmt":"2020-06-16T18:33:46","slug":"zapatos-dielectricos-en-peru","status":"publish","type":"page","link":"https:\/\/ozapato.com\/pe\/zapatos-dielectricos-en-peru\/","title":{"rendered":"DI\u00c9LECTRICAS"},"content":{"rendered":"<p>[vc_row video_bg=&#8221;yes&#8221; video_bg_url=&#8221;https:\/\/www.youtube.com\/watch?v=__oq67bsM8A&amp;t=2s&#8221; css=&#8221;.vc_custom_1591964388287{padding-top: 32px !important;}&#8221;][vc_column][vc_column_text]<\/p>\n<h3 style=\"text-align: center\"><strong><span style=\"color: #ffffff\">RESISTENCIA 18.000 VOLTIOS<\/span><\/strong><\/h3>\n<p>[\/vc_column_text][\/vc_column][\/vc_row][vc_row][vc_column][vc_empty_space][\/vc_column][\/vc_row][vc_row type=&#8221;boxed&#8221;][vc_column width=&#8221;1\/4&#8243;][\/vc_column][vc_column width=&#8221;1\/2&#8243;][vc_column_text]<\/p>\n<h3 style=\"text-align: center\"><strong>ZAPATOS DIEL\u00c9CTRICOS DE CUERO RESISTENTES A 18.000 VLT<\/strong><\/h3>\n<p><span style=\"color: #000000\">Las <strong>zapatos diel\u00e9ctricos<\/strong> estan fabricados para prevenir accidentes laborales producidos por la corriente el\u00e9ctrica, por eso, <a style=\"color: #000000\" href=\"http:\/\/www.ozapato.com\/pe\/\">OZAPATO<\/a>, ofrece <a href=\"https:\/\/ozapato.com\/pe\/bota-industrial\/\">zapatos de seguridad<\/a> de cuero resistentes hasta <strong>18.000 voltios.<\/strong><\/span><\/p>\n<p><span style=\"color: #000000\">Los <strong>riegos laborales<\/strong> en bas ea la<a style=\"color: #000000\" href=\"https:\/\/es.wikipedia.org\/wiki\/Electricidad\" target=\"_blank\" rel=\"noopener\"> electricidad<\/a> suponen un riegos muy importante para la salud de los trabajadores.Por esta raz\u00f3n, las empresas, como sus empleados deben tomar las medidas necesarias para brindar el mejor <strong>equipamiento de seguridad<\/strong> a sus empleados.<\/span>[\/vc_column_text][\/vc_column][vc_column width=&#8221;1\/4&#8243;][\/vc_column][\/vc_row][vc_row][vc_column][vc_empty_space][\/vc_column][\/vc_row][vc_row type=&#8221;boxed&#8221;][vc_column][vc_cta h2=&#8221;&#8221; css=&#8221;.vc_custom_1591967500560{background-color: #dd3333 !important;}&#8221;]<\/p>\n<h4 style=\"text-align: center\"><span style=\"color: #ffffff\"><strong>\u00bfInteresado en zapatos diel\u00e9ctricos de cuero? Cotizaci\u00f3n en 24 hs.<\/strong><\/span><\/h4>\n<p>[\/vc_cta][\/vc_column][\/vc_row][vc_row type=&#8221;boxed&#8221;][vc_column][vc_column_text]<\/p>\n<pre><iframe loading=\"lazy\" height=\"800px\" width=\"100%\" frameborder=\"0\" allow=\"geolocation;microphone;camera\" src=\"https:\/\/forms.zohopublic.com\/virtualoffice9264\/form\/PEWebForm\/formperma\/Wy0Mg8SFIpvcBPCQ5n8WBJHF_mJIYaK38t2cACvymHg\"> <\/iframe><\/pre>\n<p>[\/vc_column_text][\/vc_column][\/vc_row][vc_row type=&#8221;boxed&#8221;][vc_column width=&#8221;1\/4&#8243;][\/vc_column][vc_column width=&#8221;1\/2&#8243;][vc_column_text]<\/p>\n<h4 align=\"center\"><span style=\"color: #000000\"><strong>ACCIDENTES LABORES EN LIMA METROPOLITANA<\/strong><\/span><\/h4>\n<p align=\"left\"><span style=\"color: #000000\">Los \u00faltimos datos ofrecidos por el <a href=\"https:\/\/www.gob.pe\/institucion\/mtpe\/informes-publicaciones\/663356-boletin-estadistico-mensual-notificaciones-de-accidentes-de-trabajo-incidentes-peligrosos-y-enfermedades-ocupacionales-n-4-ano-09-edicion-abril-2020\" target=\"_blank\" rel=\"noopener\">Ministerio de Trabajo y Promoci\u00f3n de empleo<\/a> del Per\u00fa, han dado a conocer la cifra de fallecimientos por accidentes laborales del mes de abril. Esta cifra asciende a 731 trabajadores que han sufrido accidentes laborales; pero donde mas accidentes han ocurrido, ha sido en la zona metropolitana de Lima.<\/span><\/p>\n<p align=\"left\"><span style=\"color: #000000\">Las consecuencias que pueden sufrir los obreros o electricistas en el sector pueden ser categorizados como <b>accidentes mortales <\/b>y <b>accidentes no mortales.<\/b><\/span><\/p>\n<p align=\"left\"><span style=\"color: #000000\"><b>a) Accidentes Mortales:<\/b><\/span><\/p>\n<p align=\"left\"><span style=\"color: #000000\">La muerte por <strong>asfixia<\/strong> o falta de respiraci\u00f3n se produce cuando la corriente interrumpe la respiraci\u00f3n al pasar por el t\u00f3rax.<\/span><\/p>\n<p align=\"left\"><span style=\"color: #000000\">La muerte principal por corriente el\u00e9ctrica, es la de fibrilaci\u00f3n ventricular, donde la corriente pasa por el coraz\u00f3n y acaba con la vida del trabajador.<\/span><\/p>\n<p align=\"left\"><span style=\"color: #000000\"><b>b) Peligros no mortales:<\/b><\/span><\/p>\n<p align=\"left\"><span style=\"color: #000000\">Uno de los accidentes mas comunes son las <strong>quemaduras<\/strong> por descargas el\u00e9ctricas por cortocircuitos.<\/span><\/p>\n<p>[\/vc_column_text][\/vc_column][vc_column width=&#8221;1\/4&#8243;][\/vc_column][\/vc_row][vc_row][vc_column][vc_empty_space][\/vc_column][\/vc_row][vc_row type=&#8221;boxed&#8221;][vc_column][vc_media_grid grid_id=&#8221;vc_gid:1592332394037-22e39551-1466-9&#8243; include=&#8221;12,89,78&#8243;][\/vc_column][\/vc_row][vc_row][vc_column][vc_empty_space][\/vc_column][\/vc_row][vc_row type=&#8221;boxed&#8221;][vc_column][vc_column_text]\n<div id=\"sb_instagram\"  class=\"sbi sbi_mob_col_1 sbi_tab_col_2 sbi_col_4\" style=\"padding-bottom: 10px; width: 100%;\"\t data-feedid=\"sbi_17841401193873551#20\"  data-res=\"auto\" data-cols=\"4\" data-colsmobile=\"1\" data-colstablet=\"2\" data-num=\"20\" data-nummobile=\"\" data-item-padding=\"5\"\t data-shortcode-atts=\"{}\"  data-postid=\"110\" data-locatornonce=\"865bc7086c\" data-imageaspectratio=\"1:1\" data-sbi-flags=\"favorLocal,gdpr\">\n\t\n\t<div id=\"sbi_images\"  style=\"gap: 10px;\">\n\t\t\t<\/div>\n\n\t<div id=\"sbi_load\" >\n\n\t\n\t\t\t<span class=\"sbi_follow_btn\" >\n\t\t\t<a target=\"_blank\" rel=\"nofollow noopener\" href=\"https:\/\/www.instagram.com\/17841401193873551\/\">\n\t\t\t\t<svg class=\"svg-inline--fa fa-instagram fa-w-14\" aria-hidden=\"true\" data-fa-processed=\"\" aria-label=\"Instagram\" data-prefix=\"fab\" data-icon=\"instagram\" role=\"img\" viewBox=\"0 0 448 512\">\n                    <path fill=\"currentColor\" d=\"M224.1 141c-63.6 0-114.9 51.3-114.9 114.9s51.3 114.9 114.9 114.9S339 319.5 339 255.9 287.7 141 224.1 141zm0 189.6c-41.1 0-74.7-33.5-74.7-74.7s33.5-74.7 74.7-74.7 74.7 33.5 74.7 74.7-33.6 74.7-74.7 74.7zm146.4-194.3c0 14.9-12 26.8-26.8 26.8-14.9 0-26.8-12-26.8-26.8s12-26.8 26.8-26.8 26.8 12 26.8 26.8zm76.1 27.2c-1.7-35.9-9.9-67.7-36.2-93.9-26.2-26.2-58-34.4-93.9-36.2-37-2.1-147.9-2.1-184.9 0-35.8 1.7-67.6 9.9-93.9 36.1s-34.4 58-36.2 93.9c-2.1 37-2.1 147.9 0 184.9 1.7 35.9 9.9 67.7 36.2 93.9s58 34.4 93.9 36.2c37 2.1 147.9 2.1 184.9 0 35.9-1.7 67.7-9.9 93.9-36.2 26.2-26.2 34.4-58 36.2-93.9 2.1-37 2.1-147.8 0-184.8zM398.8 388c-7.8 19.6-22.9 34.7-42.6 42.6-29.5 11.7-99.5 9-132.1 9s-102.7 2.6-132.1-9c-19.6-7.8-34.7-22.9-42.6-42.6-11.7-29.5-9-99.5-9-132.1s-2.6-102.7 9-132.1c7.8-19.6 22.9-34.7 42.6-42.6 29.5-11.7 99.5-9 132.1-9s102.7-2.6 132.1 9c19.6 7.8 34.7 22.9 42.6 42.6 11.7 29.5 9 99.5 9 132.1s2.7 102.7-9 132.1z\"><\/path>\n                <\/svg>\t\t\t\t<span>S\u00edguenos en Instagram<\/span>\n\t\t\t<\/a>\n\t\t<\/span>\n\t\n<\/div>\n\t\t<span class=\"sbi_resized_image_data\" data-feed-id=\"sbi_17841401193873551#20\"\n\t\t  data-resized=\"[]\">\n\t<\/span>\n\t<\/div>\n\n[\/vc_column_text][\/vc_column][\/vc_row]<\/p>\n","protected":false},"excerpt":{"rendered":"<p>[vc_row video_bg=&#8221;yes&#8221; video_bg_url=&#8221;https:\/\/www.youtube.com\/watch?v=__oq67bsM8A&amp;t=2s&#8221; css=&#8221;.vc_custom_1591964388287{padding-top: 32px !important;}&#8221;][vc_column][vc_column_text] RESISTENCIA 18.000 VOLTIOS [\/vc_column_text][\/vc_column][\/vc_row][vc_row][vc_column][vc_empty_space][\/vc_column][\/vc_row][vc_row type=&#8221;boxed&#8221;][vc_column width=&#8221;1\/4&#8243;][\/vc_column][vc_column width=&#8221;1\/2&#8243;][vc_column_text] ZAPATOS DIEL\u00c9CTRICOS DE CUERO RESISTENTES A 18.000 VLT Las zapatos diel\u00e9ctricos estan fabricados para prevenir accidentes laborales producidos por la corriente el\u00e9ctrica, por eso, OZAPATO, ofrece zapatos de seguridad de cuero resistentes hasta 18.000 voltios. Los riegos laborales en bas ea la [&hellip;]<\/p>\n","protected":false},"author":350,"featured_media":0,"parent":0,"menu_order":0,"comment_status":"closed","ping_status":"closed","template":"page-full-width.php","meta":{"footnotes":""},"class_list":["post-110","page","type-page","status-publish","hentry"],"_links":{"self":[{"href":"https:\/\/ozapato.com\/pe\/wp-json\/wp\/v2\/pages\/110","targetHints":{"allow":["GET"]}}],"collection":[{"href":"https:\/\/ozapato.com\/pe\/wp-json\/wp\/v2\/pages"}],"about":[{"href":"https:\/\/ozapato.com\/pe\/wp-json\/wp\/v2\/types\/page"}],"author":[{"embeddable":true,"href":"https:\/\/ozapato.com\/pe\/wp-json\/wp\/v2\/users\/350"}],"replies":[{"embeddable":true,"href":"https:\/\/ozapato.com\/pe\/wp-json\/wp\/v2\/comments?post=110"}],"version-history":[{"count":5,"href":"https:\/\/ozapato.com\/pe\/wp-json\/wp\/v2\/pages\/110\/revisions"}],"predecessor-version":[{"id":207,"href":"https:\/\/ozapato.com\/pe\/wp-json\/wp\/v2\/pages\/110\/revisions\/207"}],"wp:attachment":[{"href":"https:\/\/ozapato.com\/pe\/wp-json\/wp\/v2\/media?parent=110"}],"curies":[{"name":"wp","href":"https:\/\/api.w.org\/{rel}","templated":true}]}}