{"id":126,"date":"2020-06-12T16:21:03","date_gmt":"2020-06-12T16:21:03","guid":{"rendered":"https:\/\/ozapato.com\/pe\/?page_id=126"},"modified":"2020-06-16T18:39:42","modified_gmt":"2020-06-16T18:39:42","slug":"botas-para-soldador-cana-alta","status":"publish","type":"page","link":"https:\/\/ozapato.com\/pe\/botas-para-soldador-cana-alta\/","title":{"rendered":"soldador"},"content":{"rendered":"<p>[vc_row video_bg=&#8221;yes&#8221; video_bg_url=&#8221;https:\/\/www.youtube.com\/watch?v=__oq67bsM8A&amp;t=13s &#8220;][vc_column][vc_column_text]<\/p>\n<h3 style=\"text-align: center\"><span style=\"color: #ffffff\">SOLDADOR<\/span><\/h3>\n<p>[\/vc_column_text][\/vc_column][\/vc_row][vc_row][vc_column][vc_empty_space][\/vc_column][\/vc_row][vc_row][vc_column width=&#8221;1\/4&#8243;][\/vc_column][vc_column width=&#8221;1\/2&#8243;][vc_column_text]<\/p>\n<h3 style=\"text-align: center\"><strong>BOTAS PARA SOLDADOR DE CA\u00d1A ALTA<\/strong><\/h3>\n<p>Las <strong>botas de soldador<\/strong> de OZAPATO, son <strong>botas para soldadores<\/strong> de ca\u00f1a alta, con cuero <strong>100% greaso<\/strong> y sin cordones.[\/vc_column_text][\/vc_column][vc_column width=&#8221;1\/4&#8243;][\/vc_column][\/vc_row][vc_row][vc_column][vc_empty_space][\/vc_column][\/vc_row][vc_row type=&#8221;boxed&#8221;][vc_column][vc_media_grid grid_id=&#8221;vc_gid:1592332660380-f0ccd4a6-7833-3&#8243; include=&#8221;130,129,131&#8243;][\/vc_column][\/vc_row][vc_row][vc_column][vc_empty_space][\/vc_column][\/vc_row][vc_row type=&#8221;boxed&#8221;][vc_column][vc_cta h2=&#8221;&#8221; css=&#8221;.vc_custom_1592233615470{background-color: #dd3333 !important;}&#8221;]<\/p>\n<h4 style=\"text-align: center\"><strong><span style=\"color: #ffffff\">\u00bfInteresado en botas para soldador? Recibe cotizaci\u00f3n en 24 hs<\/span><\/strong><\/h4>\n<p>[\/vc_cta][\/vc_column][\/vc_row][vc_row][vc_column][vc_empty_space][\/vc_column][\/vc_row][vc_row][vc_column width=&#8221;1\/4&#8243;][\/vc_column][vc_column width=&#8221;1\/2&#8243;][vc_column_text]<span style=\"color: #000000\">Un <strong>inversor de soldador<\/strong> o soldador inverter es un tipo de <a style=\"color: #000000\" href=\"https:\/\/es.wikipedia.org\/wiki\/Soldadura\" target=\"_blank\" rel=\"noopener\">soldador<\/a> que contiene mas ventajas que una <strong>soldador<\/strong> tradiconal. Ya que tiene una <a href=\"https:\/\/ozapato.com\/pe\/tecnologia\/\">tecnolog\u00eda<\/a> mas moderna e innovadora en comparaci\u00f3n con los transformadores de aluminio tradicional.<\/span><\/p>\n<p><span style=\"color: #000000\">Las ventaja de un<strong> \u201csoldador tipo inverter\u201d<\/strong> son:<\/span><\/p>\n<ul>\n<li><span style=\"color: #000000\">Tama\u00f1o.<\/span><\/li>\n<li><span style=\"color: #000000\">Portabilidad.<\/span><\/li>\n<li><span style=\"color: #000000\">Peso liviano.<\/span><\/li>\n<li><span style=\"color: #000000\">Consume poca energ\u00eda.<\/span><\/li>\n<li><span style=\"color: #000000\">Funcionan con una potencia de 110 Voltios.<\/span><\/li>\n<\/ul>\n<p><span style=\"color: #000000\">Pero su gran ventaja es la <strong>calidad de la soldadura<\/strong>. Esta calidad, se refleja en su tecnolog\u00eda inversora que garantizan gran estabilidad del arco y gran penetraci\u00f3n. Adem\u00e1s de su <strong>facilidad de uso<\/strong>, ya que solo el trabajador debera elegir el tipo la corriente de soldadura.<\/span><\/p>\n<p><span style=\"color: #000000\">Por \u00faltimo su <strong>ciclo de trabajo<\/strong> donde la maquina esta soldando de manera mas eficientes, porque mantiene por mas tiempo soldando por la cantidad de corriente que recibe el inverter.<\/span>[\/vc_column_text][\/vc_column][vc_column width=&#8221;1\/4&#8243;][\/vc_column][\/vc_row][vc_row][vc_column][vc_empty_space][\/vc_column][\/vc_row][vc_row][vc_column][vc_column_text]\n<div id=\"sb_instagram\"  class=\"sbi sbi_mob_col_1 sbi_tab_col_2 sbi_col_4\" style=\"padding-bottom: 10px; width: 100%;\"\t data-feedid=\"sbi_17841401193873551#20\"  data-res=\"auto\" data-cols=\"4\" data-colsmobile=\"1\" data-colstablet=\"2\" data-num=\"20\" data-nummobile=\"\" data-item-padding=\"5\"\t data-shortcode-atts=\"{}\"  data-postid=\"126\" data-locatornonce=\"a90b3b7343\" data-imageaspectratio=\"1:1\" data-sbi-flags=\"favorLocal,gdpr\">\n\t\n\t<div id=\"sbi_images\"  style=\"gap: 10px;\">\n\t\t\t<\/div>\n\n\t<div id=\"sbi_load\" >\n\n\t\n\t\t\t<span class=\"sbi_follow_btn\" >\n\t\t\t<a target=\"_blank\" rel=\"nofollow noopener\" href=\"https:\/\/www.instagram.com\/17841401193873551\/\">\n\t\t\t\t<svg class=\"svg-inline--fa fa-instagram fa-w-14\" aria-hidden=\"true\" data-fa-processed=\"\" aria-label=\"Instagram\" data-prefix=\"fab\" data-icon=\"instagram\" role=\"img\" viewBox=\"0 0 448 512\">\n                    <path fill=\"currentColor\" d=\"M224.1 141c-63.6 0-114.9 51.3-114.9 114.9s51.3 114.9 114.9 114.9S339 319.5 339 255.9 287.7 141 224.1 141zm0 189.6c-41.1 0-74.7-33.5-74.7-74.7s33.5-74.7 74.7-74.7 74.7 33.5 74.7 74.7-33.6 74.7-74.7 74.7zm146.4-194.3c0 14.9-12 26.8-26.8 26.8-14.9 0-26.8-12-26.8-26.8s12-26.8 26.8-26.8 26.8 12 26.8 26.8zm76.1 27.2c-1.7-35.9-9.9-67.7-36.2-93.9-26.2-26.2-58-34.4-93.9-36.2-37-2.1-147.9-2.1-184.9 0-35.8 1.7-67.6 9.9-93.9 36.1s-34.4 58-36.2 93.9c-2.1 37-2.1 147.9 0 184.9 1.7 35.9 9.9 67.7 36.2 93.9s58 34.4 93.9 36.2c37 2.1 147.9 2.1 184.9 0 35.9-1.7 67.7-9.9 93.9-36.2 26.2-26.2 34.4-58 36.2-93.9 2.1-37 2.1-147.8 0-184.8zM398.8 388c-7.8 19.6-22.9 34.7-42.6 42.6-29.5 11.7-99.5 9-132.1 9s-102.7 2.6-132.1-9c-19.6-7.8-34.7-22.9-42.6-42.6-11.7-29.5-9-99.5-9-132.1s-2.6-102.7 9-132.1c7.8-19.6 22.9-34.7 42.6-42.6 29.5-11.7 99.5-9 132.1-9s102.7-2.6 132.1 9c19.6 7.8 34.7 22.9 42.6 42.6 11.7 29.5 9 99.5 9 132.1s2.7 102.7-9 132.1z\"><\/path>\n                <\/svg>\t\t\t\t<span>S\u00edguenos en Instagram<\/span>\n\t\t\t<\/a>\n\t\t<\/span>\n\t\n<\/div>\n\t\t<span class=\"sbi_resized_image_data\" data-feed-id=\"sbi_17841401193873551#20\"\n\t\t  data-resized=\"[]\">\n\t<\/span>\n\t<\/div>\n\n[\/vc_column_text][\/vc_column][\/vc_row]<\/p>\n","protected":false},"excerpt":{"rendered":"<p>[vc_row video_bg=&#8221;yes&#8221; video_bg_url=&#8221;https:\/\/www.youtube.com\/watch?v=__oq67bsM8A&amp;t=13s &#8220;][vc_column][vc_column_text] SOLDADOR [\/vc_column_text][\/vc_column][\/vc_row][vc_row][vc_column][vc_empty_space][\/vc_column][\/vc_row][vc_row][vc_column width=&#8221;1\/4&#8243;][\/vc_column][vc_column width=&#8221;1\/2&#8243;][vc_column_text] BOTAS PARA SOLDADOR DE CA\u00d1A ALTA Las botas de soldador de OZAPATO, son botas para soldadores de ca\u00f1a alta, con cuero 100% greaso y sin cordones.[\/vc_column_text][\/vc_column][vc_column width=&#8221;1\/4&#8243;][\/vc_column][\/vc_row][vc_row][vc_column][vc_empty_space][\/vc_column][\/vc_row][vc_row type=&#8221;boxed&#8221;][vc_column][vc_media_grid grid_id=&#8221;vc_gid:1592332660380-f0ccd4a6-7833-3&#8243; include=&#8221;130,129,131&#8243;][\/vc_column][\/vc_row][vc_row][vc_column][vc_empty_space][\/vc_column][\/vc_row][vc_row type=&#8221;boxed&#8221;][vc_column][vc_cta h2=&#8221;&#8221; css=&#8221;.vc_custom_1592233615470{background-color: #dd3333 !important;}&#8221;] \u00bfInteresado en botas para soldador? Recibe cotizaci\u00f3n en 24 hs [\/vc_cta][\/vc_column][\/vc_row][vc_row][vc_column][vc_empty_space][\/vc_column][\/vc_row][vc_row][vc_column width=&#8221;1\/4&#8243;][\/vc_column][vc_column [&hellip;]<\/p>\n","protected":false},"author":350,"featured_media":0,"parent":0,"menu_order":0,"comment_status":"closed","ping_status":"closed","template":"page-full-width.php","meta":{"footnotes":""},"class_list":["post-126","page","type-page","status-publish","hentry"],"_links":{"self":[{"href":"https:\/\/ozapato.com\/pe\/wp-json\/wp\/v2\/pages\/126","targetHints":{"allow":["GET"]}}],"collection":[{"href":"https:\/\/ozapato.com\/pe\/wp-json\/wp\/v2\/pages"}],"about":[{"href":"https:\/\/ozapato.com\/pe\/wp-json\/wp\/v2\/types\/page"}],"author":[{"embeddable":true,"href":"https:\/\/ozapato.com\/pe\/wp-json\/wp\/v2\/users\/350"}],"replies":[{"embeddable":true,"href":"https:\/\/ozapato.com\/pe\/wp-json\/wp\/v2\/comments?post=126"}],"version-history":[{"count":5,"href":"https:\/\/ozapato.com\/pe\/wp-json\/wp\/v2\/pages\/126\/revisions"}],"predecessor-version":[{"id":210,"href":"https:\/\/ozapato.com\/pe\/wp-json\/wp\/v2\/pages\/126\/revisions\/210"}],"wp:attachment":[{"href":"https:\/\/ozapato.com\/pe\/wp-json\/wp\/v2\/media?parent=126"}],"curies":[{"name":"wp","href":"https:\/\/api.w.org\/{rel}","templated":true}]}}