{"id":135,"date":"2020-06-15T15:37:12","date_gmt":"2020-06-15T15:37:12","guid":{"rendered":"https:\/\/ozapato.com\/pe\/?page_id=135"},"modified":"2020-06-16T18:41:13","modified_gmt":"2020-06-16T18:41:13","slug":"mujer","status":"publish","type":"page","link":"https:\/\/ozapato.com\/pe\/mujer\/","title":{"rendered":"MUJER"},"content":{"rendered":"<p>[vc_row video_bg=&#8221;yes&#8221; video_bg_url=&#8221;https:\/\/www.youtube.com\/watch?v=__oq67bsM8A&amp;t=13s &#8221; type=&#8221;boxed&#8221; css=&#8221;.vc_custom_1592235425874{padding-top: 32px !important;}&#8221;][vc_column][vc_column_text]<\/p>\n<h4 style=\"text-align: center\"><span style=\"color: #ffffff\"><strong>MUJER<\/strong><\/span><\/h4>\n<p>[\/vc_column_text][\/vc_column][\/vc_row][vc_row][vc_column][vc_empty_space][\/vc_column][\/vc_row][vc_row][vc_column width=&#8221;1\/4&#8243;][\/vc_column][vc_column width=&#8221;1\/2&#8243;][vc_column_text]<\/p>\n<h3 style=\"text-align: center\"><span style=\"color: #000000\"><strong><span style=\"vertical-align: inherit\">BOTAS DE TRABAJO\u00a0 PARA MUJER<\/span><\/strong><\/span><\/h3>\n<p style=\"text-align: justify\"><span style=\"color: #000000\"><span style=\"vertical-align: inherit\">\u00a0\ud83d\udc69 Las <strong>botas de trabajo para <\/strong><\/span><strong><span style=\"vertical-align: inherit\">para mujer<\/span><\/strong><span style=\"vertical-align: inherit\">\u00a0 y <\/span><a style=\"color: #000000\" href=\"https:\/\/es.wikipedia.org\/wiki\/Bota_industrial\" target=\"_blank\" rel=\"noopener noreferrer\"><span style=\"vertical-align: inherit\">botas de seguridad<\/span><\/a><span style=\"vertical-align: inherit\"> de OZAPATO, tienen un dise\u00f1o especialmente adaptado para las herramientas en un terreno dif\u00edcil!<\/span><\/span><\/p>\n<p style=\"text-align: justify\"><span style=\"color: #000000\"><span style=\"vertical-align: inherit\">Todas las botas de seguridad para mujer tienen un casco de poliamida m\u00e1s liviano que un casco de acero. Adem\u00e1s, tienen un corte m\u00e1s bajo que permite embonar mejor el tobillo. El resultado es una bota de seguridad para mujeres, m\u00e1s liviana pero que ofrece el mismo nivel de protecci\u00f3n que el <strong>calzado de seguridad<\/strong> para hombres.<\/span><\/span><\/p>\n<h4 style=\"text-align: center\"><span style=\"color: #000000\"><strong>BOTAS DE SEGURIDAD DE COLOR BEIGE &#8220;LADY&#8221;<\/strong><\/span><\/h4>\n<p><span style=\"color: #000000\"><strong>Lady<\/strong> es un zapato de seguridad\u00a0 de <strong>color beige y negro.<\/strong> Es una <a style=\"color: #000000\" href=\"https:\/\/ozapato.com\/pe\/botas-para-soldador-cana-alta\/\">bota de seguridad<\/a> diel\u00e9ctrica ideal para mujeres, con gran exposici\u00f3n a corrientes el\u00e9ctricas o de alta tensi\u00f3n.Su tecnolog\u00eda antiel\u00e9ctrica resiste a una <a style=\"color: #000000\" href=\"https:\/\/ozapato.com\/pe\/zapatos-dielectricos-en-peru\/\">corriente<\/a> superior a los<strong> 18.000 voltios.<\/strong>Est\u00e1n certificadas por la norma<a style=\"color: #000000\" href=\"https:\/\/www.astm.org\/\" target=\"_blank\" rel=\"noopener\"><strong> ASTM F24113-18.<\/strong><\/a><\/span><\/p>\n<p style=\"text-align: justify\"><span style=\"color: #000000\"><span style=\"vertical-align: inherit\">Todas nuestras <\/span><strong><span style=\"vertical-align: inherit\">botas de seguridad para mujer<\/span><\/strong><span style=\"vertical-align: inherit\"> \u00a0est\u00e1n disponibles desde la talla 23 al 27. \u00a1Adem\u00e1s vienen con una <\/span><strong><span style=\"vertical-align: inherit\">garant\u00eda de 4 a 6 meses!<\/span><\/strong><\/span><\/p>\n<p style=\"text-align: justify\"><span style=\"color: #000000\"><span style=\"vertical-align: inherit\">Nos puede <\/span><span style=\"vertical-align: inherit\">enviar un correo a <\/span><a style=\"color: #000000\" href=\"mailto:mexico@ozapato.com\"><span style=\"vertical-align: inherit\">peru@ozapato.com<\/span><\/a><span style=\"vertical-align: inherit\"> \u00a0para conocer nuestra oferta de calzado para Per\u00fa y recibir una cotizaci\u00f3n gratuita. Tenemos soluciones para todas las industrias.<\/span><\/span><\/p>\n<p>[\/vc_column_text][\/vc_column][vc_column width=&#8221;1\/4&#8243;][\/vc_column][\/vc_row][vc_row][vc_column][vc_empty_space][\/vc_column][\/vc_row][vc_row type=&#8221;boxed&#8221;][vc_column][vc_cta h2=&#8221;&#8221; css=&#8221;.vc_custom_1592236373585{background-color: #dd3333 !important;}&#8221;]<\/p>\n<h4 style=\"text-align: center\"><strong><span style=\"color: #ffffff\">\u00bfInteresado en Botas de\u00a0 trabajo para mujer? Recibe cotizaci\u00f3n en 24 hs.<\/span><\/strong><\/h4>\n<p>[\/vc_cta][\/vc_column][\/vc_row][vc_row type=&#8221;boxed&#8221;][vc_column][vc_column_text]<\/p>\n<pre><span style=\"font-family: Georgia\"><span style=\"font-size: large\"><u><b><span style=\"color: #333333\"><iframe loading=\"lazy\" height=\"800px\" width=\"100%\" frameborder=\"0\" allow=\"geolocation;microphone;camera\" src=\"https:\/\/forms.zohopublic.com\/virtualoffice9264\/form\/PEWebForm\/formperma\/Wy0Mg8SFIpvcBPCQ5n8WBJHF_mJIYaK38t2cACvymHg\"> <\/iframe> <\/span><\/b><\/u><\/span><\/span><\/pre>\n<p>[\/vc_column_text][\/vc_column][\/vc_row][vc_row][vc_column][vc_empty_space][\/vc_column][\/vc_row][vc_row type=&#8221;boxed&#8221;][vc_column][vc_media_grid grid_id=&#8221;vc_gid:1592332805505-85c57191-3d6a-4&#8243; include=&#8221;139,141,142&#8243;][\/vc_column][\/vc_row][vc_row][vc_column][vc_empty_space][\/vc_column][\/vc_row][vc_row][vc_column][vc_column_text]\n<div id=\"sb_instagram\"  class=\"sbi sbi_mob_col_1 sbi_tab_col_2 sbi_col_4\" style=\"padding-bottom: 10px; width: 100%;\"\t data-feedid=\"sbi_17841401193873551#20\"  data-res=\"auto\" data-cols=\"4\" data-colsmobile=\"1\" data-colstablet=\"2\" data-num=\"20\" data-nummobile=\"\" data-item-padding=\"5\"\t data-shortcode-atts=\"{}\"  data-postid=\"135\" data-locatornonce=\"12644311f7\" data-imageaspectratio=\"1:1\" data-sbi-flags=\"favorLocal,gdpr\">\n\t\n\t<div id=\"sbi_images\"  style=\"gap: 10px;\">\n\t\t\t<\/div>\n\n\t<div id=\"sbi_load\" >\n\n\t\n\t\t\t<span class=\"sbi_follow_btn\" >\n\t\t\t<a target=\"_blank\" rel=\"nofollow noopener\" href=\"https:\/\/www.instagram.com\/17841401193873551\/\">\n\t\t\t\t<svg class=\"svg-inline--fa fa-instagram fa-w-14\" aria-hidden=\"true\" data-fa-processed=\"\" aria-label=\"Instagram\" data-prefix=\"fab\" data-icon=\"instagram\" role=\"img\" viewBox=\"0 0 448 512\">\n                    <path fill=\"currentColor\" d=\"M224.1 141c-63.6 0-114.9 51.3-114.9 114.9s51.3 114.9 114.9 114.9S339 319.5 339 255.9 287.7 141 224.1 141zm0 189.6c-41.1 0-74.7-33.5-74.7-74.7s33.5-74.7 74.7-74.7 74.7 33.5 74.7 74.7-33.6 74.7-74.7 74.7zm146.4-194.3c0 14.9-12 26.8-26.8 26.8-14.9 0-26.8-12-26.8-26.8s12-26.8 26.8-26.8 26.8 12 26.8 26.8zm76.1 27.2c-1.7-35.9-9.9-67.7-36.2-93.9-26.2-26.2-58-34.4-93.9-36.2-37-2.1-147.9-2.1-184.9 0-35.8 1.7-67.6 9.9-93.9 36.1s-34.4 58-36.2 93.9c-2.1 37-2.1 147.9 0 184.9 1.7 35.9 9.9 67.7 36.2 93.9s58 34.4 93.9 36.2c37 2.1 147.9 2.1 184.9 0 35.9-1.7 67.7-9.9 93.9-36.2 26.2-26.2 34.4-58 36.2-93.9 2.1-37 2.1-147.8 0-184.8zM398.8 388c-7.8 19.6-22.9 34.7-42.6 42.6-29.5 11.7-99.5 9-132.1 9s-102.7 2.6-132.1-9c-19.6-7.8-34.7-22.9-42.6-42.6-11.7-29.5-9-99.5-9-132.1s-2.6-102.7 9-132.1c7.8-19.6 22.9-34.7 42.6-42.6 29.5-11.7 99.5-9 132.1-9s102.7-2.6 132.1 9c19.6 7.8 34.7 22.9 42.6 42.6 11.7 29.5 9 99.5 9 132.1s2.7 102.7-9 132.1z\"><\/path>\n                <\/svg>\t\t\t\t<span>S\u00edguenos en Instagram<\/span>\n\t\t\t<\/a>\n\t\t<\/span>\n\t\n<\/div>\n\t\t<span class=\"sbi_resized_image_data\" data-feed-id=\"sbi_17841401193873551#20\"\n\t\t  data-resized=\"[]\">\n\t<\/span>\n\t<\/div>\n\n[\/vc_column_text][\/vc_column][\/vc_row][vc_row][vc_column][vc_empty_space][\/vc_column][\/vc_row]<\/p>\n","protected":false},"excerpt":{"rendered":"<p>[vc_row video_bg=&#8221;yes&#8221; video_bg_url=&#8221;https:\/\/www.youtube.com\/watch?v=__oq67bsM8A&amp;t=13s &#8221; type=&#8221;boxed&#8221; css=&#8221;.vc_custom_1592235425874{padding-top: 32px !important;}&#8221;][vc_column][vc_column_text] MUJER [\/vc_column_text][\/vc_column][\/vc_row][vc_row][vc_column][vc_empty_space][\/vc_column][\/vc_row][vc_row][vc_column width=&#8221;1\/4&#8243;][\/vc_column][vc_column width=&#8221;1\/2&#8243;][vc_column_text] BOTAS DE TRABAJO\u00a0 PARA MUJER \u00a0\ud83d\udc69 Las botas de trabajo para para mujer\u00a0 y botas de seguridad de OZAPATO, tienen un dise\u00f1o especialmente adaptado para las herramientas en un terreno dif\u00edcil! Todas las botas de seguridad para mujer tienen un casco de poliamida [&hellip;]<\/p>\n","protected":false},"author":350,"featured_media":0,"parent":0,"menu_order":0,"comment_status":"closed","ping_status":"closed","template":"page-full-width.php","meta":{"footnotes":""},"class_list":["post-135","page","type-page","status-publish","hentry"],"_links":{"self":[{"href":"https:\/\/ozapato.com\/pe\/wp-json\/wp\/v2\/pages\/135","targetHints":{"allow":["GET"]}}],"collection":[{"href":"https:\/\/ozapato.com\/pe\/wp-json\/wp\/v2\/pages"}],"about":[{"href":"https:\/\/ozapato.com\/pe\/wp-json\/wp\/v2\/types\/page"}],"author":[{"embeddable":true,"href":"https:\/\/ozapato.com\/pe\/wp-json\/wp\/v2\/users\/350"}],"replies":[{"embeddable":true,"href":"https:\/\/ozapato.com\/pe\/wp-json\/wp\/v2\/comments?post=135"}],"version-history":[{"count":6,"href":"https:\/\/ozapato.com\/pe\/wp-json\/wp\/v2\/pages\/135\/revisions"}],"predecessor-version":[{"id":211,"href":"https:\/\/ozapato.com\/pe\/wp-json\/wp\/v2\/pages\/135\/revisions\/211"}],"wp:attachment":[{"href":"https:\/\/ozapato.com\/pe\/wp-json\/wp\/v2\/media?parent=135"}],"curies":[{"name":"wp","href":"https:\/\/api.w.org\/{rel}","templated":true}]}}