{"id":164,"date":"2020-06-16T14:18:16","date_gmt":"2020-06-16T14:18:16","guid":{"rendered":"https:\/\/ozapato.com\/pe\/?page_id=164"},"modified":"2020-06-16T19:02:32","modified_gmt":"2020-06-16T19:02:32","slug":"tecnologia","status":"publish","type":"page","link":"https:\/\/ozapato.com\/pe\/tecnologia\/","title":{"rendered":"TECNOLOG\u00cdA"},"content":{"rendered":"<p>[vc_row video_bg=&#8221;yes&#8221; video_bg_url=&#8221;https:\/\/www.youtube.com\/watch?v=__oq67bsM8A&amp;t=13s &#8221; css=&#8221;.vc_custom_1592317091400{padding-top: 32px !important;}&#8221;][vc_column][vc_column_text]<\/p>\n<h3 style=\"text-align: center\"><span style=\"color: #ffffff\">TECNOLOG\u00cdA<\/span><\/h3>\n<p>[\/vc_column_text][\/vc_column][\/vc_row][vc_row][vc_column][vc_empty_space][\/vc_column][\/vc_row][vc_row type=&#8221;boxed&#8221;][vc_column][vc_cta h2=&#8221;&#8221; css=&#8221;.vc_custom_1592323808628{background-color: #dd3333 !important;}&#8221;]<\/p>\n<h3 style=\"text-align: center\"><span style=\"color: #ffffff\">TECNOLOG\u00cdA<\/span><\/h3>\n<p>[\/vc_cta][\/vc_column][\/vc_row][vc_row][vc_column width=&#8221;1\/4&#8243;][\/vc_column][vc_column width=&#8221;1\/2&#8243;][vc_column_text]<\/p>\n<h3 style=\"text-align: center\"><strong>LA TECNOLOG\u00cdA DE OZAPATO<\/strong><\/h3>\n<p><span style=\"color: #000000\"><span style=\"vertical-align: inherit\">La <\/span><a style=\"color: #000000\" href=\"https:\/\/es.wikipedia.org\/wiki\/Tecnolog%C3%ADa\" target=\"_blank\" rel=\"noopener\"><span style=\"vertical-align: inherit\">tecnolog\u00eda<\/span><\/a><span style=\"vertical-align: inherit\"> de <\/span><strong><span style=\"vertical-align: inherit\">OZAPATO<\/span><\/strong><span style=\"vertical-align: inherit\"> tiene la misi\u00f3n de fabricar los modelos de <\/span><strong><span style=\"vertical-align: inherit\">zapatos y botas de seguridad<\/span><\/strong><span style=\"vertical-align: inherit\"> del mercado. Con un departamento de <\/span><a style=\"color: #000000\" href=\"https:\/\/es.wikipedia.org\/wiki\/Investigaci%C3%B3n,_desarrollo_e_innovaci%C3%B3n\" target=\"_blank\" rel=\"noopener\"><span style=\"vertical-align: inherit\">Innovaci\u00f3n y Desarrollo<\/span><\/a><span style=\"vertical-align: inherit\"> situado en M\u00e9xico, OZAPATO busca brindarle el calzado de protecci\u00f3n m\u00e1s novedoso y c\u00f3modo para el consumidor final.<\/span><\/span><\/p>\n<p><span style=\"color: #000000\"><span style=\"vertical-align: inherit\">Gracias a su I + D, nuestra empresa disena calzado de protecci\u00f3n para todo <\/span><a style=\"color: #000000\" href=\"https:\/\/es.wikipedia.org\/wiki\/Am%C3%A9rica?wprov=srpw1_0\" target=\"_blank\" rel=\"noopener\"><span style=\"vertical-align: inherit\">Am\u00e9rica<\/span><\/a><span style=\"vertical-align: inherit\"> y Costa Rica. Entre los productos que innova <\/span><a style=\"color: #000000\" href=\"http:\/\/www.ozapato.com\"><span style=\"vertical-align: inherit\">OZAPATO<\/span><\/a><span style=\"vertical-align: inherit\"> son:<\/span><\/span><\/p>\n<ul>\n<li><span style=\"color: #000000\"><strong><span style=\"vertical-align: inherit\">Suelas<\/span><\/strong><\/span><\/li>\n<li><span style=\"color: #000000\"><strong><span style=\"vertical-align: inherit\">Suela 100% hule.<\/span><\/strong><\/span><\/li>\n<li><span style=\"color: #000000\"><strong><span style=\"vertical-align: inherit\">Suela exclusiva de OZAPATO Antideslizante y resistente al aceite.<\/span><\/strong><\/span><\/li>\n<li><span style=\"color: #000000\"><strong><span style=\"vertical-align: inherit\">Plantillas<\/span><\/strong><\/span><\/li>\n<li><span style=\"color: #000000\"><strong><span style=\"vertical-align: inherit\">Plantillas antiperforaci\u00f3n.<\/span><\/strong><\/span><\/li>\n<li><span style=\"color: #000000\"><strong><span style=\"vertical-align: inherit\">Plantillas de Celfil.<\/span><\/strong><\/span><\/li>\n<li><span style=\"color: #000000\"><strong><span style=\"vertical-align: inherit\">Plantilla T\u00e9rmica<\/span><\/strong><\/span><\/li>\n<li><span style=\"color: #000000\"><strong><span style=\"vertical-align: inherit\">Plantilla Textil.<\/span><\/strong><\/span><\/li>\n<li><span style=\"color: #000000\"><strong><span style=\"vertical-align: inherit\">Plantilla de Poliuretano.<\/span><\/strong><\/span><\/li>\n<li><span style=\"color: #000000\"><strong><span style=\"vertical-align: inherit\">Cascos<\/span><\/strong><\/span><\/li>\n<li><span style=\"color: #000000\"><strong><span style=\"vertical-align: inherit\">Casco de C\u00f3mposit.<\/span><\/strong><\/span><\/li>\n<li><span style=\"color: #000000\"><strong><span style=\"vertical-align: inherit\">Casco de acero.<\/span><\/strong><\/span><\/li>\n<li><span style=\"color: #000000\"><strong><span style=\"vertical-align: inherit\">Membrana de Cuero.<\/span><\/strong><\/span><\/li>\n<li><span style=\"color: #000000\"><strong><span style=\"vertical-align: inherit\">Forro acolchado.<\/span><\/strong><\/span><\/li>\n<li><span style=\"color: #000000\"><strong><span style=\"vertical-align: inherit\">Calzado a\u00edslante.<\/span><\/strong><\/span><\/li>\n<\/ul>\n<p>[\/vc_column_text][\/vc_column][vc_column width=&#8221;1\/4&#8243;][\/vc_column][\/vc_row][vc_row][vc_column][vc_empty_space][\/vc_column][\/vc_row][vc_row type=&#8221;boxed&#8221;][vc_column][vc_cta h2=&#8221;&#8221; css=&#8221;.vc_custom_1592318872162{background-color: #000000 !important;}&#8221;]<\/p>\n<h4 style=\"text-align: center\"><span style=\"color: #ffffff\"><strong>CASCOS<\/strong><\/span><\/h4>\n<p>[\/vc_cta][\/vc_column][\/vc_row][vc_row type=&#8221;boxed&#8221;][vc_column width=&#8221;1\/4&#8243;][vc_single_image image=&#8221;167&#8243;][\/vc_column][vc_column width=&#8221;1\/2&#8243;][vc_column_text]<\/p>\n<h3 style=\"text-align: center\"><strong>ACERO<\/strong><\/h3>\n<p><span style=\"color: #000000\">Casco de acero horma EEE,\u00a0cubierto de pintura anticorrosiva . Brinda protecci\u00f3n completa contra impactos y compresi\u00f3n en la zona de los dedos del pie.\u00a0Alta resistencia al impacto DE\u00a0101.7 J , alta Resistencia a la compresi\u00f3n 11,121 N.<\/span><\/p>\n<p><span style=\"color: #000000\">Normas de cumplimiento: ASTM F 2412 , NOM\u2013113\u2013STPS\u20132009.<\/span><\/p>\n<h3 style=\"text-align: center\"><strong>C\u00d3MPOSIT \/ POLIAMIDA<\/strong><\/h3>\n<p><span style=\"color: #000000\">Casco de c\u00f3mposit, 100% libre de metal. Casco diel\u00e9ctrico, reduciendo la conducci\u00f3n de electricidad.\u00a0\u00a0Gran resistencia al impacto, no se astilla ni fractura en caso de que el casco fuera sometido a un impacto o compresi\u00f3n.<\/span><\/p>\n<p><span style=\"color: #000000\">Normas de cumplimiento<strong>:\u00a0<\/strong>ASTM F 2413 \u2013 11, EN 12568, ISO 20344:2004, NOM\u2013113\u2013STPS\u20132009.<\/span>[\/vc_column_text][\/vc_column][vc_column width=&#8221;1\/4&#8243;][vc_single_image image=&#8221;169&#8243;][\/vc_column][\/vc_row][vc_row type=&#8221;boxed&#8221;][vc_column width=&#8221;1\/3&#8243;][vc_single_image image=&#8221;170&#8243;][\/vc_column][vc_column width=&#8221;1\/3&#8243;][\/vc_column][vc_column width=&#8221;1\/3&#8243;][vc_single_image image=&#8221;171&#8243;][\/vc_column][\/vc_row][vc_row][vc_column][vc_empty_space][\/vc_column][\/vc_row][vc_row type=&#8221;boxed&#8221;][vc_column][vc_cta h2=&#8221;&#8221; css=&#8221;.vc_custom_1592321259014{background-color: #000000 !important;}&#8221;]<\/p>\n<h4 style=\"text-align: center\"><span style=\"color: #ffffff\">SUELAS<\/span><\/h4>\n<p>[\/vc_cta][\/vc_column][\/vc_row][vc_row][vc_column width=&#8221;1\/3&#8243;][vc_media_grid element_width=&#8221;3&#8243; grid_id=&#8221;vc_gid:1592334096159-941c4376-7e9b-5&#8243; include=&#8221;185,184,183,182&#8243;][\/vc_column][vc_column width=&#8221;1\/3&#8243;][vc_column_text]<\/p>\n<ul>\n<li><span style=\"color: #000000\"><strong>Suela 100% de hule<\/strong> especial para uso rudo, \u00a0buena resistencia a la compresi\u00f3n y resistente a la absorci\u00f3n de agua. Estable en temperaturas de hasta<strong> 130\u00b0C.<\/strong> Excelente resistencia a la\u00a0abrasi\u00f3n y al desgarre, es decir, no se rompe. Ideal para pisos de\u00a0lodo, grava, arena, pavimentos, asfaltos, piedra monta\u00f1osa, \u00e1reas de mantenimiento, bodegas, etc.<\/span><\/li>\n<li><span style=\"color: #000000\"><strong>Suela 100% de hule con formulaci\u00f3n de nitrilo y \u00a0material elastom\u00e9rico<\/strong>. Formulada para resistir y no desintegrarse ante el\u00a0contacto con aceites, hidrocarburos, gasolina y di\u00e9sel. Excelente resistencia al\u00a0resbalamiento en condiciones de trabajo h\u00famedas.\u00a0Alta resistencia al calor y corrosi\u00f3n. Estable en temperaturas de hasta 130\u00b0C. Ideal para trabajos con presencia de l\u00edquidos \u00e1cidos,\u00a0carreteras de asfalto, talleres mec\u00e1nicos e\u00a0industria mar\u00edtima.<\/span><\/li>\n<li><span style=\"color: #000000\"><strong>Suela 100% de hule natural color caf\u00e9<\/strong>, con formulaci\u00f3n especial para soportar descargas el\u00e9ctricas de alta tensi\u00f3n hasta<strong> 18,000 volteos<\/strong>.\u00a0\u00a0Aprobada bajo la norma ASTM-F-2413-05, \u00a0con una fuga de corriente no mayor a 1 mili-ampere durante 60 segundos. Estable en temperaturas de hasta 130\u00b0C, excelente resistencia a la abrasi\u00f3n y al desgarre, no se rompe.<\/span><\/li>\n<li><span style=\"color: #000000\"><strong>Suela 100% de hule con formulaci\u00f3n de nitrilo y \u00a0material elastom\u00e9rico<\/strong>. Formulada para resistir y no desintegrarse ante el\u00a0contacto con aceites, hidrocarburos, gasolina, material corrosivo y diesel. Excelente resistencia al\u00a0resbalamiento en condiciones de trabajo h\u00famedas, pisos contaminados con grasas, sustancias jabonosas o muy resbalosos. Alta resistencia al calor y corrosi\u00f3n. Estable en temperaturas de hasta 130\u00b0C. Ideal para trabajos en carreteras, asfalto, centros de maquinado, talleres mec\u00e1nicos e\u00a0industria mar\u00edtima.<\/span><\/li>\n<li><span style=\"color: #000000\"><strong>Suela 100% de hule, con muy buenas propiedades antiderrapantes<\/strong>. Ligera y confortable, reduce el peso del calzado hasta un 15%; \u00a0Resistente a la absorci\u00f3n y buena resistencia a aceites e hidrocarburos. Ideal para garitas de seguridad, almacenes, supermercados, cementos pulidos, hospitales, estacionamientos, etc.<\/span><\/li>\n<li><span style=\"color: #000000\"><strong>Suela exclusiva OZAPATO Slip and Oil Resistan<\/strong>t, especialmente fabricadas para su confort y firmeza para convatir los posibles impactos que pueda sufrir. Posee propiedades antideslizantes, a la vez que flexibilidad. Ligera y confortable, reduce el peso del calzado hasta un 15%; \u00a0Resistente a la absorci\u00f3n y buena resistencia a aceites e hidrocarburos. Ideal para garitas de seguridad, almacenes, supermercados, cementos pulidos, hospitales, estacionamientos, etc.<\/span><\/li>\n<\/ul>\n<p>[\/vc_column_text][\/vc_column][vc_column width=&#8221;1\/3&#8243;][vc_media_grid element_width=&#8221;3&#8243; grid_id=&#8221;vc_gid:1592334096163-f23d651a-df99-1&#8243; include=&#8221;181,180,179,178&#8243;][\/vc_column][\/vc_row][vc_row][vc_column][vc_empty_space][\/vc_column][\/vc_row][vc_row type=&#8221;boxed&#8221;][vc_column][vc_cta h2=&#8221;&#8221; css=&#8221;.vc_custom_1592321326469{background-color: #000000 !important;}&#8221;]<\/p>\n<h4 style=\"text-align: center\"><span style=\"color: #ffffff\">PLANTILLAS<\/span><\/h4>\n<p>[\/vc_cta][\/vc_column][\/vc_row][vc_row][vc_column][vc_empty_space][\/vc_column][\/vc_row][vc_row type=&#8221;boxed&#8221;][vc_column][vc_media_grid element_width=&#8221;2&#8243; grid_id=&#8221;vc_gid:1592334096166-308c63d2-2740-8&#8243; include=&#8221;177,176,175,174,173&#8243;][\/vc_column][\/vc_row][vc_row type=&#8221;boxed&#8221;][vc_column][vc_column_text]<\/p>\n<ul>\n<li><span style=\"color: #000000\"><strong>Plantilla antiperforaci\u00f3n textil \u00a0integrada en el\u00a0calzado, 100% libre de metal y no removible.<\/strong> Protecci\u00f3n\u00a0total al usuario contra objetos punzo-cortantes como clavos, varillas, alambres, pedazos met\u00e1licos, etc. \u00a0Elaborado con los mismos materiales utilizados en la\u00a0fabricaci\u00f3n de chalecos antibalas, permite que el calzado mantenga sus propiedades de transpiraci\u00f3n, es ligero, \u00a0y adem\u00e1s diel\u00e9ctrico.<\/span><\/li>\n<li><span style=\"color: #000000\"><strong>Plantilla de\u00a0poliuretano<\/strong> dise\u00f1ada con tecnolog\u00eda antifatiga. Absorbe el impacto en puntos espec\u00edficos del pie, c\u00f3moda durante toda la jornada de trabajo. \u00a0Su v\u00e1lvula en el tal\u00f3n,\u00a0reenv\u00eda la energ\u00eda al impacto para evitar la fatiga. La\u00a0plantilla de poliuretano\u00a0es textil, antimicrobiana, y puede ser lavada. \u00a0Ideal para mejorar la postura\u00a0y soporte al pie.<\/span><\/li>\n<li><span style=\"color: #000000\"><strong>Plantilla textil<\/strong> que\u00a0inhibe la proliferaci\u00f3n de hongos y bacterias. Plantillas lavables. Plantillas con alta\u00a0resistencia a la abrasi\u00f3n y desgarre, no se rompen ni deforman.<\/span><\/li>\n<li><span style=\"color: #000000\"><strong>Plantilla t\u00e9rmica<\/strong>, su forro\u00a0est\u00e1\u00a0elaborado a base de poli\u00e9ster y nylon tratado con sustancias que inhiben la proliferaci\u00f3n de hongos y bacterias. \u00a0Brinda un ambiente fresco en el interior del calzado cuando las temperaturas son elevadas. Ideal para cuarto fr\u00edo en donde el trabajo requiere estar expuesto a bajas temperaturas.<\/span><\/li>\n<li><span style=\"color: #000000\"><span lang=\"ES\"><strong>Plantilla de Celfil<\/strong> fabricada en material espumado de la m\u00e1s alta calidad. Impide la deformaci\u00f3n a pesar de la compresi\u00f3n que puedan sufrir por el peso del usuario. Ideal para calzados que no son fabricados con plantilla antiperforaci\u00f3n textil. Plantilla t<\/span><span lang=\"ES\">ratada<\/span><span lang=\"ES\">\u00a0con sustancias que inhiben la proliferaci\u00f3n de hongos y bacterias.<\/span><\/span><\/li>\n<\/ul>\n<p>[\/vc_column_text][\/vc_column][\/vc_row][vc_row][vc_column][vc_empty_space][\/vc_column][\/vc_row][vc_row type=&#8221;boxed&#8221;][vc_column][vc_cta h2=&#8221;&#8221; css=&#8221;.vc_custom_1592321993409{background-color: #000000 !important;}&#8221;]<\/p>\n<h3 style=\"text-align: center\"><span style=\"color: #ffffff\">TIPOS DE PROTECCI\u00d3N<\/span><\/h3>\n<p>[\/vc_cta][\/vc_column][\/vc_row][vc_row][vc_column][vc_empty_space][\/vc_column][\/vc_row][vc_row type=&#8221;boxed&#8221;][vc_column width=&#8221;2\/3&#8243;][vc_column_text]<span style=\"color: #000000\">Destinado a <strong>proteger los dedos de los pies<\/strong>, donde existen riesgos de impacto y compresi\u00f3n en la punta del pie. Horma EEE, casco ancho y alto para mejor movimiento de los dedos.<\/span><\/p>\n<p><span style=\"color: #000000\">Puntera de acero y c\u00f3mposit \/ poliamida<strong>:\u00a0<\/strong>ASTM F 2413 \u2013 11, EN 12568, ISO 20344:2004, NOM\u2013113\u2013STPS\u20132009.<\/span>[\/vc_column_text][\/vc_column][vc_column width=&#8221;1\/3&#8243;][vc_single_image image=&#8221;186&#8243;][\/vc_column][\/vc_row][vc_row][vc_column width=&#8221;2\/3&#8243;][vc_column_text]<span style=\"color: #000000\">Plantilla antiperforaci\u00f3n textil \u00a0integrada en el\u00a0calzado, 100% libre de metal y no removible. Protecci\u00f3n\u00a0total al usuario contra objetos punzo-cortantes, como clavos, varillas, alambres, pedazos met\u00e1licos, etc.<\/span>[\/vc_column_text][\/vc_column][vc_column width=&#8221;1\/3&#8243;][vc_single_image image=&#8221;187&#8243;][\/vc_column][\/vc_row][vc_row][vc_column width=&#8221;2\/3&#8243;][vc_column_text]<span style=\"color: #000000\"><strong>Suela 100 % de hule, estable en temperaturas de hasta 130\u00b0C<\/strong>. Ideal para trabajos en carreteras, asfalto, centros de maquinado o talleres<strong> mec\u00e1nicos<\/strong>.<\/span>[\/vc_column_text][\/vc_column][vc_column width=&#8221;1\/3&#8243;][vc_single_image image=&#8221;188&#8243;][\/vc_column][\/vc_row][vc_row][vc_column width=&#8221;2\/3&#8243;][vc_column_text]<span style=\"color: #000000\">Suela 100% de hule con formulaci\u00f3n de nitrilo y \u00a0material elastom\u00e9rico. Formulada para resistir y no desintegrarse ante el\u00a0contacto con aceites, hidrocarburos, gasolina, material corrosivo y di\u00e9sel.<\/span>[\/vc_column_text][\/vc_column][vc_column width=&#8221;1\/3&#8243;][vc_single_image image=&#8221;189&#8243;][\/vc_column][\/vc_row][vc_row][vc_column width=&#8221;2\/3&#8243;][vc_column_text]<span style=\"color: #000000\"><strong>Membrana<\/strong> de cuero superficial repelente a <strong>l\u00edquidos<\/strong>, cuero\u00a0totalmente hidrofugado\u00a0asegurando que el pie del usuario se mantendr\u00e1 en un ambiente seco por un tiempo prolongado.<\/span>[\/vc_column_text][\/vc_column][vc_column width=&#8221;1\/3&#8243;][vc_single_image image=&#8221;190&#8243;][\/vc_column][\/vc_row][vc_row][vc_column width=&#8221;2\/3&#8243;][vc_column_text]<span style=\"color: #000000\"><strong>Forro acolchado<\/strong> textil de algod\u00f3n y nylon,\u00a0tratado con sustancias que inhiben la proliferaci\u00f3n de hongos y bacterias.<\/span>[\/vc_column_text][\/vc_column][vc_column width=&#8221;1\/3&#8243;][vc_single_image image=&#8221;193&#8243;][\/vc_column][\/vc_row][vc_row][vc_column width=&#8221;2\/3&#8243;][vc_column_text]<span style=\"color: #000000\"><strong>Bota cosida en 360\u00b0<\/strong> en construcci\u00f3n<strong> Goodyear Welt<\/strong>, ofrece una impermeabilidad total hasta la leng\u00fceta.<\/span>[\/vc_column_text][\/vc_column][vc_column width=&#8221;1\/3&#8243;][vc_single_image image=&#8221;194&#8243;][\/vc_column][\/vc_row][vc_row][vc_column][vc_column_text]<span style=\"color: #000000\"><strong>Calzado\u00a0aislante<\/strong>, protege al usuario de sufrir descargas el\u00e9ctricas por medio de los pies.\u00a0Aprobados en laboratorio y por la norma ASTM F 2413 \u2013 11, soporta una descarga de hasta 14,000 Volts.<\/span>[\/vc_column_text][\/vc_column][\/vc_row][vc_row][vc_column][vc_empty_space][\/vc_column][\/vc_row][vc_row type=&#8221;boxed&#8221;][vc_column][vc_column_text]\n<div id=\"sb_instagram\"  class=\"sbi sbi_mob_col_1 sbi_tab_col_2 sbi_col_4\" style=\"padding-bottom: 10px; width: 100%;\"\t data-feedid=\"sbi_17841401193873551#20\"  data-res=\"auto\" data-cols=\"4\" data-colsmobile=\"1\" data-colstablet=\"2\" data-num=\"20\" data-nummobile=\"\" data-item-padding=\"5\"\t data-shortcode-atts=\"{}\"  data-postid=\"164\" data-locatornonce=\"55f4a7f19f\" data-imageaspectratio=\"1:1\" data-sbi-flags=\"favorLocal,gdpr\">\n\t\n\t<div id=\"sbi_images\"  style=\"gap: 10px;\">\n\t\t\t<\/div>\n\n\t<div id=\"sbi_load\" >\n\n\t\n\t\t\t<span class=\"sbi_follow_btn\" >\n\t\t\t<a target=\"_blank\" rel=\"nofollow noopener\" href=\"https:\/\/www.instagram.com\/17841401193873551\/\">\n\t\t\t\t<svg class=\"svg-inline--fa fa-instagram fa-w-14\" aria-hidden=\"true\" data-fa-processed=\"\" aria-label=\"Instagram\" data-prefix=\"fab\" data-icon=\"instagram\" role=\"img\" viewBox=\"0 0 448 512\">\n                    <path fill=\"currentColor\" d=\"M224.1 141c-63.6 0-114.9 51.3-114.9 114.9s51.3 114.9 114.9 114.9S339 319.5 339 255.9 287.7 141 224.1 141zm0 189.6c-41.1 0-74.7-33.5-74.7-74.7s33.5-74.7 74.7-74.7 74.7 33.5 74.7 74.7-33.6 74.7-74.7 74.7zm146.4-194.3c0 14.9-12 26.8-26.8 26.8-14.9 0-26.8-12-26.8-26.8s12-26.8 26.8-26.8 26.8 12 26.8 26.8zm76.1 27.2c-1.7-35.9-9.9-67.7-36.2-93.9-26.2-26.2-58-34.4-93.9-36.2-37-2.1-147.9-2.1-184.9 0-35.8 1.7-67.6 9.9-93.9 36.1s-34.4 58-36.2 93.9c-2.1 37-2.1 147.9 0 184.9 1.7 35.9 9.9 67.7 36.2 93.9s58 34.4 93.9 36.2c37 2.1 147.9 2.1 184.9 0 35.9-1.7 67.7-9.9 93.9-36.2 26.2-26.2 34.4-58 36.2-93.9 2.1-37 2.1-147.8 0-184.8zM398.8 388c-7.8 19.6-22.9 34.7-42.6 42.6-29.5 11.7-99.5 9-132.1 9s-102.7 2.6-132.1-9c-19.6-7.8-34.7-22.9-42.6-42.6-11.7-29.5-9-99.5-9-132.1s-2.6-102.7 9-132.1c7.8-19.6 22.9-34.7 42.6-42.6 29.5-11.7 99.5-9 132.1-9s102.7-2.6 132.1 9c19.6 7.8 34.7 22.9 42.6 42.6 11.7 29.5 9 99.5 9 132.1s2.7 102.7-9 132.1z\"><\/path>\n                <\/svg>\t\t\t\t<span>S\u00edguenos en Instagram<\/span>\n\t\t\t<\/a>\n\t\t<\/span>\n\t\n<\/div>\n\t\t<span class=\"sbi_resized_image_data\" data-feed-id=\"sbi_17841401193873551#20\"\n\t\t  data-resized=\"[]\">\n\t<\/span>\n\t<\/div>\n\n[\/vc_column_text][\/vc_column][\/vc_row]<\/p>\n","protected":false},"excerpt":{"rendered":"<p>[vc_row video_bg=&#8221;yes&#8221; video_bg_url=&#8221;https:\/\/www.youtube.com\/watch?v=__oq67bsM8A&amp;t=13s &#8221; css=&#8221;.vc_custom_1592317091400{padding-top: 32px !important;}&#8221;][vc_column][vc_column_text] TECNOLOG\u00cdA [\/vc_column_text][\/vc_column][\/vc_row][vc_row][vc_column][vc_empty_space][\/vc_column][\/vc_row][vc_row type=&#8221;boxed&#8221;][vc_column][vc_cta h2=&#8221;&#8221; css=&#8221;.vc_custom_1592323808628{background-color: #dd3333 !important;}&#8221;] TECNOLOG\u00cdA [\/vc_cta][\/vc_column][\/vc_row][vc_row][vc_column width=&#8221;1\/4&#8243;][\/vc_column][vc_column width=&#8221;1\/2&#8243;][vc_column_text] LA TECNOLOG\u00cdA DE OZAPATO La tecnolog\u00eda de OZAPATO tiene la misi\u00f3n de fabricar los modelos de zapatos y botas de seguridad del mercado. Con un departamento de Innovaci\u00f3n y Desarrollo situado en M\u00e9xico, OZAPATO busca brindarle el [&hellip;]<\/p>\n","protected":false},"author":350,"featured_media":0,"parent":0,"menu_order":0,"comment_status":"closed","ping_status":"closed","template":"page-full-width.php","meta":{"footnotes":""},"class_list":["post-164","page","type-page","status-publish","hentry"],"_links":{"self":[{"href":"https:\/\/ozapato.com\/pe\/wp-json\/wp\/v2\/pages\/164","targetHints":{"allow":["GET"]}}],"collection":[{"href":"https:\/\/ozapato.com\/pe\/wp-json\/wp\/v2\/pages"}],"about":[{"href":"https:\/\/ozapato.com\/pe\/wp-json\/wp\/v2\/types\/page"}],"author":[{"embeddable":true,"href":"https:\/\/ozapato.com\/pe\/wp-json\/wp\/v2\/users\/350"}],"replies":[{"embeddable":true,"href":"https:\/\/ozapato.com\/pe\/wp-json\/wp\/v2\/comments?post=164"}],"version-history":[{"count":8,"href":"https:\/\/ozapato.com\/pe\/wp-json\/wp\/v2\/pages\/164\/revisions"}],"predecessor-version":[{"id":220,"href":"https:\/\/ozapato.com\/pe\/wp-json\/wp\/v2\/pages\/164\/revisions\/220"}],"wp:attachment":[{"href":"https:\/\/ozapato.com\/pe\/wp-json\/wp\/v2\/media?parent=164"}],"curies":[{"name":"wp","href":"https:\/\/api.w.org\/{rel}","templated":true}]}}