{"id":2,"date":"2020-05-25T01:16:34","date_gmt":"2020-05-25T01:16:34","guid":{"rendered":"https:\/\/ozapato.com\/pe\/?page_id=2"},"modified":"2022-03-16T22:05:19","modified_gmt":"2022-03-16T22:05:19","slug":"zapatos-de-seguridad","status":"publish","type":"page","link":"https:\/\/ozapato.com\/pe\/","title":{"rendered":"OZAPATO PERU"},"content":{"rendered":"<p>[vc_row][vc_column]<style>.shortcode_getbowtied_slider .shortcode-slider-pagination .swiper-pagination-bullet.swiper-pagination-bullet-active:after{background-color: #000000;}<\/style>\n\n\t\t<div class=\"shortcode_getbowtied_slider swiper-container swiper-69ed12a86dffc full_height\" style=\" width: 100%\" data-autoplay=\"10\" data-id=\"69ed12a86dffc\">\n\t\t\t<div class=\"swiper-wrapper\">\n\t\t\t\n\t\t\t<div class=\"swiper-slide left-align\"\n\t\t\tstyle=\t\"background: #CCCCCC url(https:\/\/ozapato.com\/pe\/wp-content\/uploads\/sites\/17\/2021\/12\/10607342-scaled.jpg) center center no-repeat ;\n\t\t\t\t\t-webkit-background-size: cover;\n\t\t\t\t\t-moz-background-size: cover;\n\t\t\t\t\t-o-background-size: cover;\n\t\t\t\t\tbackground-size: cover;\n\t\t\t\t\tcolor: #ffffff\">\n\t\t\t\thttp:\/\/a%20href=#distri%20class=fullslidelink\/a\n\t\t\t\t<div class=\"slider-content\" data-swiper-parallax=\"-50%\">\n\t\t\t\t\t<div class=\"slider-content-wrapper\">\n\t\t\t\t\t\t<h2 class=\"primary_font\" style=\"color:#ffffff;font-size:64px;line-height: 64px\">Distribuya OZAPATO en Per\u00fa<\/h2>\n\t\t\t\t\t\t<p class=\"primary_font\" style=\"color:#ffffff;font-size:21px;line-height: 21px\">Ofrecemos precios de f\u00e1brica + apoyo en marketing<\/p>\n\t\t\t\t\t\t<a class=\"button\" style=\"color:#FFFFFF !important;background: #000000 !important\" href=\"#distri\">Me interesa distribuir<\/a>\n\t\t\t\t\t<\/div>\n\t\t\t\t<\/div>\n\t\t\t<\/div>\n\t\t\t<div class=\"swiper-slide left-align\"\n\t\t\tstyle=\t\"background: #CCCCCC url(https:\/\/ozapato.com\/pe\/wp-content\/uploads\/sites\/17\/2021\/12\/P1190130-min2.jpg) center center no-repeat ;\n\t\t\t\t\t-webkit-background-size: cover;\n\t\t\t\t\t-moz-background-size: cover;\n\t\t\t\t\t-o-background-size: cover;\n\t\t\t\t\tbackground-size: cover;\n\t\t\t\t\tcolor: #ffffff\">\n\t\t\t\t\n\t\t\t\t<div class=\"slider-content\" data-swiper-parallax=\"-50%\">\n\t\t\t\t\t<div class=\"slider-content-wrapper\">\n\t\t\t\t\t\t<h2 class=\"primary_font\" style=\"color:#ffffff;font-size:64px;line-height: 64px\">Conozca nuestro cat\u00e1logo<\/h2>\n\t\t\t\t\t\t<p class=\"primary_font\" style=\"color:#ffffff;font-size:21px;line-height: 21px\">Contamos con calzado diel\u00e9ctrico, t\u00e1ctico, industrial y m\u00e1s.<\/p>\n\t\t\t\t\t\t<a class=\"button\" style=\"color:#FFFFFF !important;background: #000000 !important\" href=\"https:\/\/workdrive.zohoexternal.com\/external\/524f66ba6180ad125258b85306bf030a203b5bf2669e274cd57acf3ad37a0d8c?layout=list\" target=\"_blank\" rel=\"noopener\">Ver cat\u00e1logo<\/a>\n\t\t\t\t\t<\/div>\n\t\t\t\t<\/div>\n\t\t\t<\/div>\n\t\t\t<\/div>\n\t\t\t\t<div style=\"color: #000000\" class=\"swiper-button-prev\"><i class=\"spk-icon spk-icon-left-arrow-thin-large\"><\/i><\/div>\n    \t\t\t<div style=\"color: #000000\" class=\"swiper-button-next\"><i class=\"spk-icon spk-icon-right-arrow-thin-large\"><\/i><\/div>\n\t\t\t\t<div style=\"color: #000000\" class=\"shortcode-slider-pagination\"><\/div><\/div>[\/vc_column][\/vc_row][vc_row][vc_column][vc_empty_space el_id=&#8221;distri&#8221;][\/vc_column][\/vc_row][vc_row type=&#8221;boxed&#8221;][vc_column][vc_cta h2=&#8221;&#8221; css=&#8221;.vc_custom_1647455001360{background-color: #dd3333 !important;}&#8221;]<\/p>\n<h4 style=\"text-align: center;\"><span style=\"color: #ffffff;\">\u00bfInteresado en distribuir OZAPATO en Per\u00fa? Ofrecemos precios de f\u00e1brica + apoyo en marketing<\/span><\/h4>\n<p>[\/vc_cta][vc_column_text]<\/p>\n<pre><iframe loading=\"lazy\" height=\"800px\" width=\"100%\" frameborder=\"0\" allow=\"geolocation;microphone;camera\" src=\"https:\/\/forms.zohopublic.com\/virtualoffice9264\/form\/PEWebForm\/formperma\/Wy0Mg8SFIpvcBPCQ5n8WBJHF_mJIYaK38t2cACvymHg\"> <\/iframe><\/pre>\n<p>[\/vc_column_text][\/vc_column][\/vc_row][vc_row][vc_column width=&#8221;1\/4&#8243;][\/vc_column][vc_column width=&#8221;1\/2&#8243;][vc_column_text]<\/p>\n<h3 style=\"text-align: center;\"><span style=\"color: #000000;\">ZAPATOS DE SEGURIDAD EN LIMA<\/span><\/h3>\n<p><a href=\"https:\/\/emojipedia.org\/hiking-boot\/\" target=\"_blank\" rel=\"noopener\"><span class=\"emoji\">\ud83e\udd7e<\/span><\/a><span style=\"color: #000000;\">Los <strong>zapatos\u00a0de seguridad<\/strong> son muy importantes y necesarios en el sector industrial, como tambien en el sector de la miner\u00eda, petroleo,construcci\u00f3n, por esta raz\u00f3n nuestra promesa para usted es de ofrecerle el <strong>mejor producto, al mejor precio y de la forma mas r\u00e1pida<\/strong>. Eso sin sacrificar ni el dise\u00f1o ni la comodidad de su bota.<\/span><\/p>\n<p><span style=\"color: #000000;\">En <a href=\"https:\/\/es.wikipedia.org\/wiki\/Per%C3%BA\" target=\"_blank\" rel=\"noopener\">Per\u00fa<\/a>, nuestra l\u00ednea industrial cuenta con <a href=\"https:\/\/es.wikipedia.org\/wiki\/Calzado_de_seguridad\" target=\"_blank\" rel=\"noopener\">calzado de seguridad<\/a> industrial: <\/span><\/p>\n<ul>\n<li><span style=\"color: #000000;\"><strong>Zapatos de seguridad para el sector Agroindustrial.<\/strong><\/span><\/li>\n<li><strong><span style=\"color: #000000;\">Calzado de seguridad para el sector textil .<\/span><\/strong><\/li>\n<li><strong><span style=\"color: #000000;\">Botaspara la miner\u00eda de Per\u00fa.<\/span><\/strong><\/li>\n<li><span style=\"color: #000000;\"><strong>Zapatos de trabajo para el sector metalurgico.<\/strong><\/span><\/li>\n<li><span style=\"color: #000000;\"><strong>Zapatillas de seguridad\u00a0 para restauraci\u00f3n y turismo.<\/strong><\/span><\/li>\n<\/ul>\n<p>[\/vc_column_text][\/vc_column][vc_column width=&#8221;1\/4&#8243;][\/vc_column][\/vc_row][vc_row type=&#8221;boxed&#8221;][vc_column][vc_media_grid grid_id=&#8221;vc_gid:1647468295542-126b5b18-efa4-4&#8243; include=&#8221;28,13,12&#8243;][\/vc_column][\/vc_row][vc_row][vc_column][vc_empty_space][\/vc_column][\/vc_row][vc_row][vc_column width=&#8221;1\/4&#8243;][\/vc_column][vc_column width=&#8221;1\/2&#8243;][vc_column_text]<\/p>\n<h4 style=\"text-align: center;\"><strong>\u00bfPOR\u00a0QU\u00c9 SOMOS SU MEJOR OPCI\u00d3N EN BOTAS DE SEGURIDAD EN PER\u00da?<\/strong><\/h4>\n<p style=\"text-align: left;\"><span style=\"color: #000000;\">Gracias a nuestro origen internacional y con una visi\u00f3n global, tomamos lo mejor de M\u00e9xico y lo mejor del mundo para poder ofrecer a usted la experiencia OZAPATO. Por ello, usamos materiales 100% de <a style=\"color: #000000;\" href=\"https:\/\/es.wikipedia.org\/wiki\/Cuero\" target=\"_blank\" rel=\"noopener\">cuero<\/a> y suelas de alta calidad. Usted podr\u00e1 comprobar, al momento de usar sus<strong> botas industriales<\/strong> OZAPATO, que prestamos mucha atenci\u00f3n a la calidad de nuestras pieles y suelas. Todas nuestras<a style=\"color: #000000;\" href=\"https:\/\/es.wikipedia.org\/wiki\/Calzado_de_protecci%C3%B3n\" target=\"_blank\" rel=\"noopener\"> botas de\u00a0 seguridad <\/a>, son creados para soportar condiciones extremas de humedad y temperatura.Adem\u00e1s para poder ofrecerle el mejor precio con este nivel de calidad, nuestro modelo de negocio le conecta directamente a la fabrica, evitando cualquier intermediario que no le aporta valor. Y\u00a0 por \u00faltimo ofrecemos una <strong>garant\u00eda de 6 meses<\/strong> por nuestros calzados de seguridad\u00a0 y<strong>\u00a0 cotizaci\u00f3n gratuita en 24 hs.<\/strong><\/span><\/p>\n<p>[\/vc_column_text][\/vc_column][vc_column width=&#8221;1\/4&#8243;][\/vc_column][\/vc_row][vc_row type=&#8221;boxed&#8221;][vc_column][vc_cta h2=&#8221;&#8221; css=&#8221;.vc_custom_1647455439847{background-color: #dd3333 !important;}&#8221;]<\/p>\n<h4 style=\"text-align: center;\"><span style=\"color: #ffffff;\">Exclusividad al distribuir OZAPATO en Per\u00fa. P\u00f3ngase en contacto con nosotros<\/span><\/h4>\n<p>[\/vc_cta][vc_column_text]<\/p>\n<pre><iframe loading=\"lazy\" height=\"800px\" width=\"100%\" frameborder=\"0\" allow=\"geolocation;microphone;camera\" src=\"https:\/\/forms.zohopublic.com\/virtualoffice9264\/form\/PEWebForm\/formperma\/Wy0Mg8SFIpvcBPCQ5n8WBJHF_mJIYaK38t2cACvymHg\"> <\/iframe><\/pre>\n<p>[\/vc_column_text][\/vc_column][\/vc_row]<\/p>\n","protected":false},"excerpt":{"rendered":"<p>[vc_row][vc_column][\/vc_column][\/vc_row][vc_row][vc_column][vc_empty_space el_id=&#8221;distri&#8221;][\/vc_column][\/vc_row][vc_row type=&#8221;boxed&#8221;][vc_column][vc_cta h2=&#8221;&#8221; css=&#8221;.vc_custom_1647455001360{background-color: #dd3333 !important;}&#8221;] \u00bfInteresado en distribuir OZAPATO en Per\u00fa? Ofrecemos precios de f\u00e1brica + apoyo en marketing [\/vc_cta][vc_column_text] [\/vc_column_text][\/vc_column][\/vc_row][vc_row][vc_column width=&#8221;1\/4&#8243;][\/vc_column][vc_column width=&#8221;1\/2&#8243;][vc_column_text] ZAPATOS DE SEGURIDAD EN LIMA \ud83e\udd7eLos zapatos\u00a0de seguridad son muy importantes y necesarios en el sector industrial, como tambien en el sector de la miner\u00eda, petroleo,construcci\u00f3n, por esta raz\u00f3n nuestra [&hellip;]<\/p>\n","protected":false},"author":369,"featured_media":0,"parent":0,"menu_order":0,"comment_status":"closed","ping_status":"open","template":"page-full-width.php","meta":{"footnotes":""},"class_list":["post-2","page","type-page","status-publish","hentry"],"_links":{"self":[{"href":"https:\/\/ozapato.com\/pe\/wp-json\/wp\/v2\/pages\/2","targetHints":{"allow":["GET"]}}],"collection":[{"href":"https:\/\/ozapato.com\/pe\/wp-json\/wp\/v2\/pages"}],"about":[{"href":"https:\/\/ozapato.com\/pe\/wp-json\/wp\/v2\/types\/page"}],"author":[{"embeddable":true,"href":"https:\/\/ozapato.com\/pe\/wp-json\/wp\/v2\/users\/369"}],"replies":[{"embeddable":true,"href":"https:\/\/ozapato.com\/pe\/wp-json\/wp\/v2\/comments?post=2"}],"version-history":[{"count":38,"href":"https:\/\/ozapato.com\/pe\/wp-json\/wp\/v2\/pages\/2\/revisions"}],"predecessor-version":[{"id":1156,"href":"https:\/\/ozapato.com\/pe\/wp-json\/wp\/v2\/pages\/2\/revisions\/1156"}],"wp:attachment":[{"href":"https:\/\/ozapato.com\/pe\/wp-json\/wp\/v2\/media?parent=2"}],"curies":[{"name":"wp","href":"https:\/\/api.w.org\/{rel}","templated":true}]}}