{"id":33,"date":"2020-06-09T16:00:03","date_gmt":"2020-06-09T16:00:03","guid":{"rendered":"https:\/\/ozapato.com\/pe\/?page_id=33"},"modified":"2020-06-16T18:46:56","modified_gmt":"2020-06-16T18:46:56","slug":"zapatos-para-agricultores","status":"publish","type":"page","link":"https:\/\/ozapato.com\/pe\/zapatos-para-agricultores\/","title":{"rendered":"Agricultura"},"content":{"rendered":"<p>[vc_row video_bg=&#8221;yes&#8221; video_bg_url=&#8221;https:\/\/www.youtube.com\/watch?v=__oq67bsM8A&amp;t=13s&#8221;][vc_column][vc_column_text css=&#8221;.vc_custom_1591973645209{padding-top: 32px !important;}&#8221;]<\/p>\n<h3><\/h3>\n<h3 style=\"text-align: center\"><span style=\"color: #ffffff\"><strong>ZAPATOS PARA AGRICULTORES<\/strong><\/span><\/h3>\n<p>[\/vc_column_text][\/vc_column][\/vc_row][vc_row][vc_column][vc_empty_space][\/vc_column][\/vc_row][vc_row type=&#8221;boxed&#8221;][vc_column width=&#8221;1\/4&#8243;][\/vc_column][vc_column width=&#8221;1\/2&#8243;][vc_column_text]<\/p>\n<h3 style=\"text-align: center\"><span style=\"color: #000000\">ZAPATOS PARA AGRICULTORES PERUANOS<\/span><\/h3>\n<p><span style=\"color: #000000\"><strong>\u00a1Zapatos de seguridad\u00a0 para agricultores peruanos!<\/strong> Trabajar en el sector de la agricultura y agro industria en Per\u00fa, exige a los <a href=\"https:\/\/agapperu.org\/\" target=\"_blank\" rel=\"noopener\">agricultores peruanos<\/a> ,trabajar en superficies h\u00famedas y resbaladizas; donde son necesarias un <a style=\"color: #000000\" href=\"http:\/\/www.ozapato.com\/pe\/\">calzado de seguridad<\/a> para la protecci\u00f3n del trabajador. Por eso, OZAPATO, les presenta su calzado de seguridad ideal para agricultores.<\/span><\/p>\n<h5><span style=\"color: #000000\">BOTAS HULE<\/span><\/h5>\n<p><span style=\"color: #000000\">Las <strong>Botas Hule<\/strong> son botas de <a style=\"color: #000000\" href=\"https:\/\/es.wikipedia.org\/wiki\/Caucho#:~:text=El%20caucho%20es%20un%20pol%C3%ADmero,tambi%C3%A9n%20puede%20ser%20producido%20sint%C3%A9ticamente.\" target=\"_blank\" rel=\"noopener\">Jebe<\/a> con punta de acero resistentes al limo, vapor y agentes qu\u00edmicos no agresivos.<\/span><\/p>\n<ul>\n<li>\n<h1><strong style=\"font-size: 16px\">\u00a0Hule<\/strong><span style=\"font-size: 16px\"> negra antideslizante.<\/span><\/h1>\n<\/li>\n<li>\n<h1><strong style=\"font-size: 16px\">PVC<\/strong><span style=\"font-size: 16px\"> inyectado de alta calidad.<\/span><\/h1>\n<\/li>\n<li>\n<h1><strong style=\"font-size: 16px\">Casco XL<\/strong><span style=\"font-size: 16px\"> , con recubrimiento ep\u00f3xico.<\/span><\/h1>\n<\/li>\n<\/ul>\n<p>[\/vc_column_text][\/vc_column][vc_column width=&#8221;1\/4&#8243;][\/vc_column][\/vc_row][vc_row][vc_column][vc_empty_space][\/vc_column][\/vc_row][vc_row type=&#8221;boxed&#8221;][vc_column][vc_cta h2=&#8221;&#8221; css=&#8221;.vc_custom_1591718738396{background-color: #dd3333 !important;}&#8221;]<\/p>\n<h4 style=\"text-align: center\"><span style=\"color: #ffffff\">\u00bfInteresado en Botas para agricultores?. Recibe cotizaci\u00f3n en 24 hs<\/span><\/h4>\n<p>[\/vc_cta][\/vc_column][\/vc_row][vc_row type=&#8221;boxed&#8221;][vc_column][vc_column_text]<\/p>\n<pre><span style=\"font-family: Georgia\"><span style=\"font-size: large\"><u><b><span style=\"color: #333333\"><iframe loading=\"lazy\" height=\"800px\" width=\"100%\" frameborder=\"0\" allow=\"geolocation;microphone;camera\" src=\"https:\/\/forms.zohopublic.com\/virtualoffice9264\/form\/PEWebForm\/formperma\/Wy0Mg8SFIpvcBPCQ5n8WBJHF_mJIYaK38t2cACvymHg\"> <\/iframe> <\/span><\/b><\/u><\/span><\/span><\/pre>\n<p>[\/vc_column_text][\/vc_column][\/vc_row][vc_row][vc_column][vc_empty_space][\/vc_column][\/vc_row][vc_row type=&#8221;boxed&#8221;][vc_column][vc_media_grid grid_id=&#8221;vc_gid:1592333088123-e01e6f61-eefd-4&#8243; include=&#8221;40,42,39&#8243;][\/vc_column][\/vc_row][vc_row][vc_column][vc_empty_space][\/vc_column][\/vc_row][vc_row][vc_column width=&#8221;1\/4&#8243;][\/vc_column][vc_column width=&#8221;1\/2&#8243;][vc_column_text]<\/p>\n<h4 style=\"text-align: center\"><span style=\"color: #000000\"><strong>BOTAS DE LLUVIA PARA AGRICULTORES <\/strong><\/span><\/h4>\n<p><span style=\"color: #000000\"><strong>Per\u00fa<\/strong> es <span class=\"original-content\">un pa\u00eds <\/span>con una gran tradici\u00f3n agr\u00edcola, ya que produce variedad de productos como papas, ma\u00edz, esp\u00e1rragos y arroz. En las Tierras del <strong><span class=\"original-content\">Machu <\/span><span class=\"original-content\">Pichu<\/span><\/strong>\u00a0los productores agr\u00edcolas usan fertilizantes sint\u00e9ticos, debido a problemas de infraestructuras. Pero en lo que m\u00e1s destaca es en la producci\u00f3n del <a style=\"color: #000000\" href=\"https:\/\/en.wikipedia.org\/wiki\/Quinoa\" target=\"_blank\" rel=\"noopener\">Quinua<\/a>, convertirse en el cuarto pa\u00eds de cosecha de este producto.<\/span><\/p>\n<p><span style=\"color: #000000\">Los agricultores suelen utilizar botas de Jebe, caucho, porque necesitan altas botas de lluvia impermeables para las temporadas humedas.<\/span><\/p>\n<p><span style=\"color: #000000\"><strong>QUINUA<\/strong>: Es una semilla, que se cultiva en la cordillera de los Andes. Su semilla es el \u00fanico alimento de origen vegetal, que provee todos los amino\u00e1cidos b\u00e1sicos con gran calidad proteica como otros productos esenciales como la leche.<\/span><\/p>\n<p><span style=\"color: #000000\">Otro de los productos peruanos m\u00e1s consumidos y exportados de la regi\u00f3n es el <strong>Caf\u00e9<\/strong>.El caf\u00e9 peruano representa el <strong>5% de las exportaciones<\/strong> totales del pa\u00eds andino.<\/span>[\/vc_column_text][\/vc_column][vc_column width=&#8221;1\/4&#8243;][\/vc_column][\/vc_row][vc_row][vc_column][vc_empty_space][\/vc_column][\/vc_row][vc_row][vc_column][vc_column_text]\n<div id=\"sb_instagram\"  class=\"sbi sbi_mob_col_1 sbi_tab_col_2 sbi_col_4\" style=\"padding-bottom: 10px; width: 100%;\"\t data-feedid=\"sbi_17841401193873551#20\"  data-res=\"auto\" data-cols=\"4\" data-colsmobile=\"1\" data-colstablet=\"2\" data-num=\"20\" data-nummobile=\"\" data-item-padding=\"5\"\t data-shortcode-atts=\"{}\"  data-postid=\"33\" data-locatornonce=\"a5f0409596\" data-imageaspectratio=\"1:1\" data-sbi-flags=\"favorLocal,gdpr\">\n\t\n\t<div id=\"sbi_images\"  style=\"gap: 10px;\">\n\t\t\t<\/div>\n\n\t<div id=\"sbi_load\" >\n\n\t\n\t\t\t<span class=\"sbi_follow_btn\" >\n\t\t\t<a target=\"_blank\" rel=\"nofollow noopener\" href=\"https:\/\/www.instagram.com\/17841401193873551\/\">\n\t\t\t\t<svg class=\"svg-inline--fa fa-instagram fa-w-14\" aria-hidden=\"true\" data-fa-processed=\"\" aria-label=\"Instagram\" data-prefix=\"fab\" data-icon=\"instagram\" role=\"img\" viewBox=\"0 0 448 512\">\n                    <path fill=\"currentColor\" d=\"M224.1 141c-63.6 0-114.9 51.3-114.9 114.9s51.3 114.9 114.9 114.9S339 319.5 339 255.9 287.7 141 224.1 141zm0 189.6c-41.1 0-74.7-33.5-74.7-74.7s33.5-74.7 74.7-74.7 74.7 33.5 74.7 74.7-33.6 74.7-74.7 74.7zm146.4-194.3c0 14.9-12 26.8-26.8 26.8-14.9 0-26.8-12-26.8-26.8s12-26.8 26.8-26.8 26.8 12 26.8 26.8zm76.1 27.2c-1.7-35.9-9.9-67.7-36.2-93.9-26.2-26.2-58-34.4-93.9-36.2-37-2.1-147.9-2.1-184.9 0-35.8 1.7-67.6 9.9-93.9 36.1s-34.4 58-36.2 93.9c-2.1 37-2.1 147.9 0 184.9 1.7 35.9 9.9 67.7 36.2 93.9s58 34.4 93.9 36.2c37 2.1 147.9 2.1 184.9 0 35.9-1.7 67.7-9.9 93.9-36.2 26.2-26.2 34.4-58 36.2-93.9 2.1-37 2.1-147.8 0-184.8zM398.8 388c-7.8 19.6-22.9 34.7-42.6 42.6-29.5 11.7-99.5 9-132.1 9s-102.7 2.6-132.1-9c-19.6-7.8-34.7-22.9-42.6-42.6-11.7-29.5-9-99.5-9-132.1s-2.6-102.7 9-132.1c7.8-19.6 22.9-34.7 42.6-42.6 29.5-11.7 99.5-9 132.1-9s102.7-2.6 132.1 9c19.6 7.8 34.7 22.9 42.6 42.6 11.7 29.5 9 99.5 9 132.1s2.7 102.7-9 132.1z\"><\/path>\n                <\/svg>\t\t\t\t<span>S\u00edguenos en Instagram<\/span>\n\t\t\t<\/a>\n\t\t<\/span>\n\t\n<\/div>\n\t\t<span class=\"sbi_resized_image_data\" data-feed-id=\"sbi_17841401193873551#20\"\n\t\t  data-resized=\"[]\">\n\t<\/span>\n\t<\/div>\n\n[\/vc_column_text][\/vc_column][\/vc_row]<\/p>\n","protected":false},"excerpt":{"rendered":"<p>[vc_row video_bg=&#8221;yes&#8221; video_bg_url=&#8221;https:\/\/www.youtube.com\/watch?v=__oq67bsM8A&amp;t=13s&#8221;][vc_column][vc_column_text css=&#8221;.vc_custom_1591973645209{padding-top: 32px !important;}&#8221;] ZAPATOS PARA AGRICULTORES [\/vc_column_text][\/vc_column][\/vc_row][vc_row][vc_column][vc_empty_space][\/vc_column][\/vc_row][vc_row type=&#8221;boxed&#8221;][vc_column width=&#8221;1\/4&#8243;][\/vc_column][vc_column width=&#8221;1\/2&#8243;][vc_column_text] ZAPATOS PARA AGRICULTORES PERUANOS \u00a1Zapatos de seguridad\u00a0 para agricultores peruanos! Trabajar en el sector de la agricultura y agro industria en Per\u00fa, exige a los agricultores peruanos ,trabajar en superficies h\u00famedas y resbaladizas; donde son necesarias un calzado de seguridad para la [&hellip;]<\/p>\n","protected":false},"author":350,"featured_media":0,"parent":0,"menu_order":0,"comment_status":"closed","ping_status":"closed","template":"page-full-width.php","meta":{"footnotes":""},"class_list":["post-33","page","type-page","status-publish","hentry"],"_links":{"self":[{"href":"https:\/\/ozapato.com\/pe\/wp-json\/wp\/v2\/pages\/33","targetHints":{"allow":["GET"]}}],"collection":[{"href":"https:\/\/ozapato.com\/pe\/wp-json\/wp\/v2\/pages"}],"about":[{"href":"https:\/\/ozapato.com\/pe\/wp-json\/wp\/v2\/types\/page"}],"author":[{"embeddable":true,"href":"https:\/\/ozapato.com\/pe\/wp-json\/wp\/v2\/users\/350"}],"replies":[{"embeddable":true,"href":"https:\/\/ozapato.com\/pe\/wp-json\/wp\/v2\/comments?post=33"}],"version-history":[{"count":9,"href":"https:\/\/ozapato.com\/pe\/wp-json\/wp\/v2\/pages\/33\/revisions"}],"predecessor-version":[{"id":213,"href":"https:\/\/ozapato.com\/pe\/wp-json\/wp\/v2\/pages\/33\/revisions\/213"}],"wp:attachment":[{"href":"https:\/\/ozapato.com\/pe\/wp-json\/wp\/v2\/media?parent=33"}],"curies":[{"name":"wp","href":"https:\/\/api.w.org\/{rel}","templated":true}]}}