{"id":71,"date":"2020-06-10T16:31:13","date_gmt":"2020-06-10T16:31:13","guid":{"rendered":"https:\/\/ozapato.com\/pe\/?page_id=71"},"modified":"2020-06-16T18:50:49","modified_gmt":"2020-06-16T18:50:49","slug":"botas-para-mineria","status":"publish","type":"page","link":"https:\/\/ozapato.com\/pe\/botas-para-mineria\/","title":{"rendered":"MINER\u00cdA"},"content":{"rendered":"<p>[vc_row video_bg=&#8221;yes&#8221; video_bg_url=&#8221;https:\/\/www.youtube.com\/watch?v=__oq67bsM8A&amp;t=13s &#8220;][vc_column][vc_column_text css=&#8221;.vc_custom_1591803108585{padding-top: 32px !important;}&#8221;]<\/p>\n<h3 style=\"text-align: center\"><span style=\"color: #ffffff\">MINER\u00cdA\u00a0<\/span><\/h3>\n<p>[\/vc_column_text][\/vc_column][\/vc_row][vc_row][vc_column][vc_empty_space][\/vc_column][\/vc_row][vc_row][vc_column width=&#8221;1\/4&#8243;][\/vc_column][vc_column width=&#8221;1\/2&#8243;][vc_column_text]<\/p>\n<h3 style=\"text-align: center\"><strong>BOTAS PARA MINER\u00cdA EN PER\u00da<\/strong><\/h3>\n<p><span style=\"color: #000000\">Para la industria Minera, <a href=\"http:\/\/www.ozapato.com\/pe\/\">OZAPATO<\/a>, ofrece <a href=\"https:\/\/ozapato.com\/pe\/botas-de-jebe-con-puntas-de-acero\/\">botas para mineria<\/a> robustas que lo proteger\u00e1n de posibles accidentes laborales en los yacimientos mineros. A su vez, est\u00e1s <strong>botas de seguridad<\/strong>\u00a0son super confortables y ultra ligeras para largas jornadas de trabajo.<\/span>[\/vc_column_text][\/vc_column][vc_column width=&#8221;1\/4&#8243;][\/vc_column][\/vc_row][vc_row][vc_column][vc_empty_space][\/vc_column][\/vc_row][vc_row type=&#8221;boxed&#8221;][vc_column][vc_cta h2=&#8221;&#8221; css=&#8221;.vc_custom_1591806791308{padding-top: 32px !important;background-color: #dd3333 !important;}&#8221;]<\/p>\n<h4 style=\"text-align: center\"><span style=\"color: #ffffff\"><strong>\u00bfInteresado en Botas para miner\u00eda? Recibe cotizaci\u00f3n en 24 hs.<\/strong><\/span><\/h4>\n<p>[\/vc_cta][\/vc_column][\/vc_row][vc_row type=&#8221;boxed&#8221;][vc_column][vc_column_text]<\/p>\n<pre><span style=\"font-family: Georgia\"><span style=\"font-size: large\"><u><b><span style=\"color: #333333\"><iframe loading=\"lazy\" height=\"800px\" width=\"100%\" frameborder=\"0\" allow=\"geolocation;microphone;camera\" src=\"https:\/\/forms.zohopublic.com\/virtualoffice9264\/form\/PEWebForm\/formperma\/Wy0Mg8SFIpvcBPCQ5n8WBJHF_mJIYaK38t2cACvymHg\"> <\/iframe> <\/span><\/b><\/u><\/span><\/span><\/pre>\n<p>[\/vc_column_text][\/vc_column][\/vc_row][vc_row][vc_column][vc_empty_space][\/vc_column][\/vc_row][vc_row type=&#8221;boxed&#8221;][vc_column][vc_media_grid grid_id=&#8221;vc_gid:1592333358445-381fe47a-a3c2-5&#8243; include=&#8221;78,82,83&#8243;][\/vc_column][\/vc_row][vc_row][vc_column width=&#8221;1\/4&#8243;][\/vc_column][vc_column width=&#8221;1\/2&#8243;][vc_column_text]<\/p>\n<h4 style=\"text-align: center\"><span style=\"color: #000000\">INDUSTRIA MINERA <\/span><\/h4>\n<div><span style=\"color: #000000\">La <strong>miner\u00eda<\/strong> en Per\u00fa, es una de los principales fuentes de divisas al pa\u00eds, gracias a sus exportaciones. El sector minero aporta el <strong>20 %<\/strong> de los ingresos y el<strong> 60% de las exportaciones.<\/strong><\/span><\/div>\n<div><\/div>\n<div><span style=\"color: #000000\">El principal destino de sus exportaciones son para <a style=\"color: #000000\" href=\"https:\/\/es.wikipedia.org\/wiki\/China\" target=\"_blank\" rel=\"noopener\">China<\/a>, Suiza,Canad\u00e1 y Estados Unidos.<\/span><\/div>\n<div><\/div>\n<div><span style=\"color: #000000\">Los principales recursos extra\u00eddos de las minas son: Telurio,Bismuto,Esta\u00f1o,etc.<\/span><\/div>\n<div><\/div>\n<div><span style=\"color: #000000\">Las Minas m\u00e1s importantes del <strong>Per\u00fa<\/strong> son:<\/span><\/div>\n<ul>\n<li><span style=\"color: #000000\"><strong><a href=\"https:\/\/es.wikipedia.org\/wiki\/Mina_de_Toquepala\" target=\"_blank\" rel=\"noopener\">Toquepala<\/a>:<\/strong><\/span><\/li>\n<\/ul>\n<div><span style=\"color: #000000\">La mina de Toquepala, se encuentra en la provincia de Jorge Basadre, en el Sur de Per\u00fa. Esta siendo explotada por Southem Peru Copper Corporation, donde se extrae principalmente cobre.<\/span><\/div>\n<ul>\n<li><span style=\"color: #000000\"><strong>Yanacocha:<\/strong><\/span><\/li>\n<\/ul>\n<div><span style=\"color: #000000\">La cuenca minera de<strong> aurifera Yanacocha<\/strong>, es la segunda mina aurifera de Sudam\u00e9rica y la primera en Am\u00e9rica del Sur y esta situado a 4.000 metros de sobre nivel del mar en la cordillera de los andes. De esta mina se extraen principalmente <strong><a style=\"color: #000000\" href=\"https:\/\/es.wikipedia.org\/wiki\/Oro\" target=\"_blank\" rel=\"noopener\">Oro<\/a> y Plata<\/strong>.<\/span><\/div>\n<div><\/div>\n<p>[\/vc_column_text][\/vc_column][vc_column width=&#8221;1\/4&#8243;][\/vc_column][\/vc_row][vc_row][vc_column][vc_empty_space][\/vc_column][\/vc_row][vc_row][vc_column][vc_column_text]\n<div id=\"sb_instagram\"  class=\"sbi sbi_mob_col_1 sbi_tab_col_2 sbi_col_4\" style=\"padding-bottom: 10px; width: 100%;\"\t data-feedid=\"sbi_17841401193873551#20\"  data-res=\"auto\" data-cols=\"4\" data-colsmobile=\"1\" data-colstablet=\"2\" data-num=\"20\" data-nummobile=\"\" data-item-padding=\"5\"\t data-shortcode-atts=\"{}\"  data-postid=\"71\" data-locatornonce=\"1a02b7f075\" data-imageaspectratio=\"1:1\" data-sbi-flags=\"favorLocal,gdpr\">\n\t\n\t<div id=\"sbi_images\"  style=\"gap: 10px;\">\n\t\t\t<\/div>\n\n\t<div id=\"sbi_load\" >\n\n\t\n\t\t\t<span class=\"sbi_follow_btn\" >\n\t\t\t<a target=\"_blank\" rel=\"nofollow noopener\" href=\"https:\/\/www.instagram.com\/17841401193873551\/\">\n\t\t\t\t<svg class=\"svg-inline--fa fa-instagram fa-w-14\" aria-hidden=\"true\" data-fa-processed=\"\" aria-label=\"Instagram\" data-prefix=\"fab\" data-icon=\"instagram\" role=\"img\" viewBox=\"0 0 448 512\">\n                    <path fill=\"currentColor\" d=\"M224.1 141c-63.6 0-114.9 51.3-114.9 114.9s51.3 114.9 114.9 114.9S339 319.5 339 255.9 287.7 141 224.1 141zm0 189.6c-41.1 0-74.7-33.5-74.7-74.7s33.5-74.7 74.7-74.7 74.7 33.5 74.7 74.7-33.6 74.7-74.7 74.7zm146.4-194.3c0 14.9-12 26.8-26.8 26.8-14.9 0-26.8-12-26.8-26.8s12-26.8 26.8-26.8 26.8 12 26.8 26.8zm76.1 27.2c-1.7-35.9-9.9-67.7-36.2-93.9-26.2-26.2-58-34.4-93.9-36.2-37-2.1-147.9-2.1-184.9 0-35.8 1.7-67.6 9.9-93.9 36.1s-34.4 58-36.2 93.9c-2.1 37-2.1 147.9 0 184.9 1.7 35.9 9.9 67.7 36.2 93.9s58 34.4 93.9 36.2c37 2.1 147.9 2.1 184.9 0 35.9-1.7 67.7-9.9 93.9-36.2 26.2-26.2 34.4-58 36.2-93.9 2.1-37 2.1-147.8 0-184.8zM398.8 388c-7.8 19.6-22.9 34.7-42.6 42.6-29.5 11.7-99.5 9-132.1 9s-102.7 2.6-132.1-9c-19.6-7.8-34.7-22.9-42.6-42.6-11.7-29.5-9-99.5-9-132.1s-2.6-102.7 9-132.1c7.8-19.6 22.9-34.7 42.6-42.6 29.5-11.7 99.5-9 132.1-9s102.7-2.6 132.1 9c19.6 7.8 34.7 22.9 42.6 42.6 11.7 29.5 9 99.5 9 132.1s2.7 102.7-9 132.1z\"><\/path>\n                <\/svg>\t\t\t\t<span>S\u00edguenos en Instagram<\/span>\n\t\t\t<\/a>\n\t\t<\/span>\n\t\n<\/div>\n\t\t<span class=\"sbi_resized_image_data\" data-feed-id=\"sbi_17841401193873551#20\"\n\t\t  data-resized=\"[]\">\n\t<\/span>\n\t<\/div>\n\n[\/vc_column_text][\/vc_column][\/vc_row]<\/p>\n","protected":false},"excerpt":{"rendered":"<p>[vc_row video_bg=&#8221;yes&#8221; video_bg_url=&#8221;https:\/\/www.youtube.com\/watch?v=__oq67bsM8A&amp;t=13s &#8220;][vc_column][vc_column_text css=&#8221;.vc_custom_1591803108585{padding-top: 32px !important;}&#8221;] MINER\u00cdA\u00a0 [\/vc_column_text][\/vc_column][\/vc_row][vc_row][vc_column][vc_empty_space][\/vc_column][\/vc_row][vc_row][vc_column width=&#8221;1\/4&#8243;][\/vc_column][vc_column width=&#8221;1\/2&#8243;][vc_column_text] BOTAS PARA MINER\u00cdA EN PER\u00da Para la industria Minera, OZAPATO, ofrece botas para mineria robustas que lo proteger\u00e1n de posibles accidentes laborales en los yacimientos mineros. A su vez, est\u00e1s botas de seguridad\u00a0son super confortables y ultra ligeras para largas jornadas de trabajo.[\/vc_column_text][\/vc_column][vc_column width=&#8221;1\/4&#8243;][\/vc_column][\/vc_row][vc_row][vc_column][vc_empty_space][\/vc_column][\/vc_row][vc_row [&hellip;]<\/p>\n","protected":false},"author":350,"featured_media":0,"parent":0,"menu_order":0,"comment_status":"closed","ping_status":"closed","template":"page-full-width.php","meta":{"footnotes":""},"class_list":["post-71","page","type-page","status-publish","hentry"],"_links":{"self":[{"href":"https:\/\/ozapato.com\/pe\/wp-json\/wp\/v2\/pages\/71","targetHints":{"allow":["GET"]}}],"collection":[{"href":"https:\/\/ozapato.com\/pe\/wp-json\/wp\/v2\/pages"}],"about":[{"href":"https:\/\/ozapato.com\/pe\/wp-json\/wp\/v2\/types\/page"}],"author":[{"embeddable":true,"href":"https:\/\/ozapato.com\/pe\/wp-json\/wp\/v2\/users\/350"}],"replies":[{"embeddable":true,"href":"https:\/\/ozapato.com\/pe\/wp-json\/wp\/v2\/comments?post=71"}],"version-history":[{"count":9,"href":"https:\/\/ozapato.com\/pe\/wp-json\/wp\/v2\/pages\/71\/revisions"}],"predecessor-version":[{"id":215,"href":"https:\/\/ozapato.com\/pe\/wp-json\/wp\/v2\/pages\/71\/revisions\/215"}],"wp:attachment":[{"href":"https:\/\/ozapato.com\/pe\/wp-json\/wp\/v2\/media?parent=71"}],"curies":[{"name":"wp","href":"https:\/\/api.w.org\/{rel}","templated":true}]}}