{"id":85,"date":"2020-06-11T14:48:59","date_gmt":"2020-06-11T14:48:59","guid":{"rendered":"https:\/\/ozapato.com\/pe\/?page_id=85"},"modified":"2020-06-16T18:35:34","modified_gmt":"2020-06-16T18:35:34","slug":"botas-de-trabajo","status":"publish","type":"page","link":"https:\/\/ozapato.com\/pe\/botas-de-trabajo\/","title":{"rendered":"CONSTRUCCION"},"content":{"rendered":"<p>[vc_row][vc_column][vc_column_text css=&#8221;.vc_custom_1591887007889{padding-top: 32px !important;}&#8221;]<\/p>\n<h3><\/h3>\n<h3 style=\"text-align: center\"><span style=\"color: #ffffff\"><strong>BOTAS DE TRABAJO<\/strong><\/span><\/h3>\n<p>[\/vc_column_text][\/vc_column][\/vc_row][vc_row][vc_column][vc_empty_space][\/vc_column][\/vc_row][vc_row][vc_column width=&#8221;1\/4&#8243;][\/vc_column][vc_column width=&#8221;1\/2&#8243;][vc_column_text]<\/p>\n<h3 style=\"text-align: center\"><strong>BOTAS DE TRABAJO<\/strong><\/h3>\n<p><span style=\"color: #000000\">Las <strong>Botas de trabajo<\/strong> son muy importantes y necesarios en el sector de la construcci\u00f3n, como tambi\u00e9n en el sector agr\u00edcola , petroleo,<a style=\"color: #000000\" href=\"https:\/\/ozapato.com\/pe\/bota-industrial\/\"> industrial<\/a><strong>,<\/strong>\u00a0por esta raz\u00f3n nuestra promesa para usted es de ofrecerle el\u00a0<strong>mejor producto, el mejor precio y la forma m\u00e1s r\u00e1pida<\/strong>\u00a0.\u00a0Eso sin sacrificar el dise\u00f1o ni la comodidad de su bota.<\/span><\/p>\n<p><span style=\"color: #000000\">Desde <a style=\"color: #000000\" href=\"http:\/\/www.ozapato.com\">OZAPATO<\/a>, sabemos que el sector de la construcci\u00f3n en fundamental para la econom\u00eda del pa\u00eds; por eso les presentamos las botas para la construcci\u00f3n <strong>GRIP 100%cuero, suela antideslizante y elast\u00f3mero.<\/strong><\/span><\/p>\n<p><span style=\"color: #000000\">En <strong>Per\u00fa<\/strong>, nuestra l\u00ednea industrial cuenta con calzado de seguridad\u00a0industrial:<\/span><\/p>\n<ul>\n<li><span style=\"color: #000000\"><strong>Botas Diel\u00e9ctricas.<\/strong><\/span><\/li>\n<li><span style=\"color: #000000\"><strong>Botas T\u00e1cticas.<\/strong><\/span><\/li>\n<li><span style=\"color: #000000\"><strong>Zapatos de seguridad para mujeres.<\/strong><\/span><\/li>\n<li><span style=\"color: #000000\"><strong>Botas para la <a style=\"color: #000000\" href=\"https:\/\/ozapato.com\/pe\/botas-para-mineria\/\">Miner\u00eda<\/a>.<\/strong><\/span><\/li>\n<\/ul>\n<p>[\/vc_column_text][\/vc_column][vc_column width=&#8221;1\/4&#8243;][\/vc_column][\/vc_row][vc_row][vc_column][vc_empty_space][\/vc_column][\/vc_row][vc_row type=&#8221;boxed&#8221;][vc_column][vc_cta h2=&#8221;&#8221; css=&#8221;.vc_custom_1591892186360{background-color: #dd3333 !important;}&#8221;]<\/p>\n<h4 style=\"text-align: center\"><span style=\"color: #ffffff\"><strong>\u00bfInteresado en Botas de trabajo para la construcci\u00f3n? Cotizaci\u00f3n en 24 hs.<\/strong><\/span><\/h4>\n<p>[\/vc_cta][\/vc_column][\/vc_row][vc_row type=&#8221;boxed&#8221;][vc_column][vc_column_text]<\/p>\n<pre><iframe loading=\"lazy\" height=\"800px\" width=\"100%\" frameborder=\"0\" allow=\"geolocation;microphone;camera\" src=\"https:\/\/forms.zohopublic.com\/virtualoffice9264\/form\/PEWebForm\/formperma\/Wy0Mg8SFIpvcBPCQ5n8WBJHF_mJIYaK38t2cACvymHg\"> <\/iframe><\/pre>\n<p>[\/vc_column_text][\/vc_column][\/vc_row][vc_row][vc_column][vc_empty_space][\/vc_column][\/vc_row][vc_row type=&#8221;boxed&#8221;][vc_column][vc_media_grid grid_id=&#8221;vc_gid:1592332482602-38527fb4-efbb-6&#8243; include=&#8221;89,91,90&#8243;][\/vc_column][\/vc_row][vc_row][vc_column width=&#8221;1\/4&#8243;][\/vc_column][vc_column width=&#8221;1\/2&#8243;][vc_column_text]<\/p>\n<h4 align=\"center\"><span style=\"font-size: large;color: #000000\"><strong>LAS ETAPAS DE LA CONSTRUCCI\u00d3N<\/strong><\/span><\/h4>\n<p align=\"left\"><span style=\"font-size: large;color: #000000\">Para llevar a cabo una obra de construcci\u00f3n en el <a href=\"https:\/\/en.wikipedia.org\/wiki\/Peru\" target=\"_blank\" rel=\"noopener\">Per\u00fa<\/a>, hay que seguir unas normas de seguridad establecidas por el Gobierno, que facilitan la labor de los trabajadores y la seguridad de los alba\u00f1iles, peones,ingenieros.etc.<\/span><\/p>\n<p align=\"left\"><span style=\"font-size: large;color: #000000\">Por eso, se deben cumplir 6 etapas de construcci\u00f3n:<\/span><\/p>\n<p align=\"left\"><span style=\"font-size: large;color: #000000\"><b>1.Etapa del cierre del \u00e1rea p\u00fablica<\/b><\/span><\/p>\n<p align=\"left\"><span style=\"font-size: large;color: #000000\">En este primer paso, hay que aislar la zona de trabajo con el fin de proteger al p\u00fablico en general. Esto implica un vallado de seguridad y la construcci\u00f3n de oficinas y casetas para la gesti\u00f3n administrativa de la zona de trabajo.<\/span><\/p>\n<p align=\"left\"><span style=\"font-size: large;color: #000000\"><b>2.Cimentaci\u00f3n del Terreno:<\/b><\/span><\/p>\n<p align=\"left\"><span style=\"font-size: large;color: #000000\">Toda <a href=\"https:\/\/en.wikipedia.org\/wiki\/Construction\" target=\"_blank\" rel=\"noopener\">obra de construcci\u00f3n<\/a> requiere de una nivelaci\u00f3n del terreno con el objetivo de construir una cimentaci\u00f3n adecuada y solida , que soporte las cargas y maquinarias de trabajo que se van a utilizar en las distintas etapas.<\/span><\/p>\n<p align=\"left\"><span style=\"font-size: large;color: #000000\"><b>3.La estructura base de la obra de construcci\u00f3n.<\/b><\/span><\/p>\n<p align=\"left\"><span style=\"font-size: large;color: #000000\">Las obras de ingenier\u00eda civil , como de arquitectura tienen una estructura base para empezar a construir su construcci\u00f3n: V\u00edas de tren, puentes, edificios,etc.<\/span><\/p>\n<p align=\"left\"><span style=\"font-size: large;color: #000000\">Posterior a la construcci\u00f3n de esta estructura se podr\u00e1 comenzar a dise\u00f1ar el interior de la obra.<\/span><\/p>\n<p align=\"left\"><span style=\"font-size: large;color: #000000\"><b>4. Las instalaciones de las obras de construcci\u00f3n<\/b><\/span><\/p>\n<p align=\"left\"><span style=\"font-size: large;color: #000000\">Esta etapa, se dedica exclusivamente a la construcci\u00f3n de aquellos elementos auxiliares que no forman parte de la estructura base, pero que son necesarias durante el tiempo de construcci\u00f3n.<\/span><\/p>\n<p align=\"left\"><span style=\"font-size: large;color: #000000\"><b>5.Impermeabilizaci\u00f3n y aislamiento.<\/b><\/span><\/p>\n<p align=\"left\"><span style=\"font-size: large;color: #000000\">En esta fase, la impermeabilizaci\u00f3n y el aislamiento de los elementos arquitect\u00f3nicos o de ingenier\u00eda civil, determinar\u00e1n la resistencia de la estructura.<\/span><\/p>\n<p align=\"left\"><span style=\"font-size: large;color: #000000\"><b>6.Etapa de Acabados.<\/b><\/span><\/p>\n<p align=\"left\"><span style=\"font-size: large;color: #000000\">La fase de acabaos se realiza al final de la obra, para los retoques finales de la obra civil relacionadas con el dise\u00f1o e inspecciones de calidad del lugar.<\/span><\/p>\n<p>[\/vc_column_text][\/vc_column][vc_column width=&#8221;1\/4&#8243;][\/vc_column][\/vc_row][vc_row][vc_column][vc_empty_space][\/vc_column][\/vc_row][vc_row][vc_column][vc_column_text]\n<div id=\"sb_instagram\"  class=\"sbi sbi_mob_col_1 sbi_tab_col_2 sbi_col_4\" style=\"padding-bottom: 10px; width: 100%;\"\t data-feedid=\"sbi_17841401193873551#20\"  data-res=\"auto\" data-cols=\"4\" data-colsmobile=\"1\" data-colstablet=\"2\" data-num=\"20\" data-nummobile=\"\" data-item-padding=\"5\"\t data-shortcode-atts=\"{}\"  data-postid=\"85\" data-locatornonce=\"3d858a0b05\" data-imageaspectratio=\"1:1\" data-sbi-flags=\"favorLocal,gdpr\">\n\t\n\t<div id=\"sbi_images\"  style=\"gap: 10px;\">\n\t\t\t<\/div>\n\n\t<div id=\"sbi_load\" >\n\n\t\n\t\t\t<span class=\"sbi_follow_btn\" >\n\t\t\t<a target=\"_blank\" rel=\"nofollow noopener\" href=\"https:\/\/www.instagram.com\/17841401193873551\/\">\n\t\t\t\t<svg class=\"svg-inline--fa fa-instagram fa-w-14\" aria-hidden=\"true\" data-fa-processed=\"\" aria-label=\"Instagram\" data-prefix=\"fab\" data-icon=\"instagram\" role=\"img\" viewBox=\"0 0 448 512\">\n                    <path fill=\"currentColor\" d=\"M224.1 141c-63.6 0-114.9 51.3-114.9 114.9s51.3 114.9 114.9 114.9S339 319.5 339 255.9 287.7 141 224.1 141zm0 189.6c-41.1 0-74.7-33.5-74.7-74.7s33.5-74.7 74.7-74.7 74.7 33.5 74.7 74.7-33.6 74.7-74.7 74.7zm146.4-194.3c0 14.9-12 26.8-26.8 26.8-14.9 0-26.8-12-26.8-26.8s12-26.8 26.8-26.8 26.8 12 26.8 26.8zm76.1 27.2c-1.7-35.9-9.9-67.7-36.2-93.9-26.2-26.2-58-34.4-93.9-36.2-37-2.1-147.9-2.1-184.9 0-35.8 1.7-67.6 9.9-93.9 36.1s-34.4 58-36.2 93.9c-2.1 37-2.1 147.9 0 184.9 1.7 35.9 9.9 67.7 36.2 93.9s58 34.4 93.9 36.2c37 2.1 147.9 2.1 184.9 0 35.9-1.7 67.7-9.9 93.9-36.2 26.2-26.2 34.4-58 36.2-93.9 2.1-37 2.1-147.8 0-184.8zM398.8 388c-7.8 19.6-22.9 34.7-42.6 42.6-29.5 11.7-99.5 9-132.1 9s-102.7 2.6-132.1-9c-19.6-7.8-34.7-22.9-42.6-42.6-11.7-29.5-9-99.5-9-132.1s-2.6-102.7 9-132.1c7.8-19.6 22.9-34.7 42.6-42.6 29.5-11.7 99.5-9 132.1-9s102.7-2.6 132.1 9c19.6 7.8 34.7 22.9 42.6 42.6 11.7 29.5 9 99.5 9 132.1s2.7 102.7-9 132.1z\"><\/path>\n                <\/svg>\t\t\t\t<span>S\u00edguenos en Instagram<\/span>\n\t\t\t<\/a>\n\t\t<\/span>\n\t\n<\/div>\n\t\t<span class=\"sbi_resized_image_data\" data-feed-id=\"sbi_17841401193873551#20\"\n\t\t  data-resized=\"[]\">\n\t<\/span>\n\t<\/div>\n\n[\/vc_column_text][\/vc_column][\/vc_row]<\/p>\n","protected":false},"excerpt":{"rendered":"<p>[vc_row][vc_column][vc_column_text css=&#8221;.vc_custom_1591887007889{padding-top: 32px !important;}&#8221;] BOTAS DE TRABAJO [\/vc_column_text][\/vc_column][\/vc_row][vc_row][vc_column][vc_empty_space][\/vc_column][\/vc_row][vc_row][vc_column width=&#8221;1\/4&#8243;][\/vc_column][vc_column width=&#8221;1\/2&#8243;][vc_column_text] BOTAS DE TRABAJO Las Botas de trabajo son muy importantes y necesarios en el sector de la construcci\u00f3n, como tambi\u00e9n en el sector agr\u00edcola , petroleo, industrial,\u00a0por esta raz\u00f3n nuestra promesa para usted es de ofrecerle el\u00a0mejor producto, el mejor precio y la forma m\u00e1s [&hellip;]<\/p>\n","protected":false},"author":350,"featured_media":0,"parent":0,"menu_order":0,"comment_status":"closed","ping_status":"closed","template":"page-full-width.php","meta":{"footnotes":""},"class_list":["post-85","page","type-page","status-publish","hentry"],"_links":{"self":[{"href":"https:\/\/ozapato.com\/pe\/wp-json\/wp\/v2\/pages\/85","targetHints":{"allow":["GET"]}}],"collection":[{"href":"https:\/\/ozapato.com\/pe\/wp-json\/wp\/v2\/pages"}],"about":[{"href":"https:\/\/ozapato.com\/pe\/wp-json\/wp\/v2\/types\/page"}],"author":[{"embeddable":true,"href":"https:\/\/ozapato.com\/pe\/wp-json\/wp\/v2\/users\/350"}],"replies":[{"embeddable":true,"href":"https:\/\/ozapato.com\/pe\/wp-json\/wp\/v2\/comments?post=85"}],"version-history":[{"count":8,"href":"https:\/\/ozapato.com\/pe\/wp-json\/wp\/v2\/pages\/85\/revisions"}],"predecessor-version":[{"id":208,"href":"https:\/\/ozapato.com\/pe\/wp-json\/wp\/v2\/pages\/85\/revisions\/208"}],"wp:attachment":[{"href":"https:\/\/ozapato.com\/pe\/wp-json\/wp\/v2\/media?parent=85"}],"curies":[{"name":"wp","href":"https:\/\/api.w.org\/{rel}","templated":true}]}}