{"id":97,"date":"2020-06-11T18:20:48","date_gmt":"2020-06-11T18:20:48","guid":{"rendered":"https:\/\/ozapato.com\/pe\/?page_id=97"},"modified":"2020-06-16T18:36:52","modified_gmt":"2020-06-16T18:36:52","slug":"mecanicos","status":"publish","type":"page","link":"https:\/\/ozapato.com\/pe\/mecanicos\/","title":{"rendered":"MECANICOS"},"content":{"rendered":"<p>[vc_row video_bg=&#8221;yes&#8221; video_bg_url=&#8221;https:\/\/www.youtube.com\/watch?v=__oq67bsM8A&amp;t=13s &#8221; css=&#8221;.vc_custom_1591897756456{padding-top: 32px !important;}&#8221;][vc_column][vc_column_text]<\/p>\n<h3 style=\"text-align: center\"><span style=\"color: #ffffff\">MEC\u00c1NICOS<\/span><\/h3>\n<p>[\/vc_column_text][\/vc_column][\/vc_row][vc_row][vc_column][vc_empty_space][\/vc_column][\/vc_row][vc_row][vc_column width=&#8221;1\/4&#8243;][\/vc_column][vc_column width=&#8221;1\/2&#8243;][vc_column_text]<\/p>\n<h3 style=\"text-align: center\"><span style=\"color: #000000\"><span style=\"vertical-align: inherit\">BOTAS PARA MEC\u00c1NICOS\u00a0<\/span><\/span><\/h3>\n<p style=\"text-align: justify\"><span style=\"color: #000000\"><span style=\"vertical-align: inherit\">\u00a1<strong>Botas<\/strong><b>\u00a0para mec\u00e1nicos<\/b> \u00a0en Lima! Cada industria tiene sus propios <\/span><a style=\"color: #000000\" href=\"https:\/\/es.wikipedia.org\/wiki\/Seguridad_y_salud_laboral\" target=\"_blank\" rel=\"noopener noreferrer\"><span style=\"vertical-align: inherit\">peligros<\/span><\/a><span style=\"vertical-align: inherit\"> , es por <\/span><span style=\"vertical-align: inherit\">\u00a0esta raz\u00f3n que hemos dise\u00f1ado varios modelos de botas de seguridad para talleres mecanicos adaptadas a esta industria, como\u00a0 las <strong>Watt:<\/strong> zapatos con<strong> suela de elastomero<\/strong> y <strong>100% de cuero<\/strong>.<\/span><\/span><\/p>\n<p style=\"text-align: justify\"><span style=\"color: #000000\"><span style=\"vertical-align: inherit\">Cada modelo de nuestros <a style=\"color: #000000\" href=\"https:\/\/ozapato.com\/cr\/botas-para-puertos\/\"><strong>zapatos de seguridad<\/strong>\u00a0<\/a> han sido compensados \u200b\u200bpara ofrecer un alto nivel de seguridad, sin comprometer la comodidad o la resistencia. Todas las botas de construcci\u00f3n vienen con<\/span><a style=\"color: #000000\" href=\"https:\/\/ozapato.com\/cr\/las-4-ventajas-de-las-plantillas-antiperforacion-textiles\/\" target=\"_blank\" rel=\"noopener noreferrer\"><span style=\"vertical-align: inherit\"> plantillas antiperforaci\u00f3n textil,<\/span><\/a><span style=\"vertical-align: inherit\"> \u00a0estas plantillas son m\u00e1s resistentes que las plantillas met\u00e1licas adem\u00e1s de ser m\u00e1s flexibles. El<strong> calzado de seguridad para talleres mec\u00e1nicos<\/strong> \u00a0tienen\u00a0 <\/span><a style=\"color: #000000\" href=\"https:\/\/ozapato.com\/cr\/casco-de-poliamida\/\" target=\"_blank\" rel=\"noopener noreferrer\"><span style=\"vertical-align: inherit\"> un casco<\/span><\/a><span style=\"vertical-align: inherit\"> \u00a0que les protege de los peligros que pueden encontrar en su trabajo.<\/span><\/span><\/p>\n<p>[\/vc_column_text][\/vc_column][vc_column width=&#8221;1\/4&#8243;][\/vc_column][\/vc_row][vc_row][vc_column][vc_empty_space][\/vc_column][\/vc_row][vc_row type=&#8221;boxed&#8221;][vc_column][vc_cta h2=&#8221;&#8221; css=&#8221;.vc_custom_1591898117995{background-color: #dd3333 !important;}&#8221;]<\/p>\n<h4 style=\"text-align: center\"><span style=\"color: #ffffff\"><strong>\u00bfInteresado en Botas para mec\u00e1nicos? Recibe cotizaci\u00f3n en 24 hs.<\/strong><\/span><\/h4>\n<p>[\/vc_cta][\/vc_column][\/vc_row][vc_row type=&#8221;boxed&#8221;][vc_column][vc_column_text]<\/p>\n<pre><iframe loading=\"lazy\" height=\"800px\" width=\"100%\" frameborder=\"0\" allow=\"geolocation;microphone;camera\" src=\"https:\/\/forms.zohopublic.com\/virtualoffice9264\/form\/PEWebForm\/formperma\/Wy0Mg8SFIpvcBPCQ5n8WBJHF_mJIYaK38t2cACvymHg\"> <\/iframe><\/pre>\n<p>[\/vc_column_text][\/vc_column][\/vc_row][vc_row][vc_column][vc_empty_space][\/vc_column][\/vc_row][vc_row type=&#8221;boxed&#8221;][vc_column][vc_media_grid grid_id=&#8221;vc_gid:1592332562053-bf62d8b7-cab2-10&#8243; include=&#8221;105,99,103&#8243;][\/vc_column][\/vc_row][vc_row][vc_column][vc_empty_space][\/vc_column][\/vc_row][vc_row][vc_column width=&#8221;1\/4&#8243;][\/vc_column][vc_column width=&#8221;1\/2&#8243;][vc_column_text]<\/p>\n<h4 style=\"text-align: center\"><span style=\"color: #000000\"><strong><span style=\"color: #000000;font-size: large\">\u00bfQU\u00c9 HACE UN MEC\u00c1NICO?<\/span><\/strong><\/span><\/h4>\n<p style=\"text-align: left\"><span style=\"font-size: large;color: #000000\">Los <a href=\"https:\/\/es.wikipedia.org\/wiki\/Mec%C3%A1nico\" target=\"_blank\" rel=\"noopener\"><strong>Mec\u00e1nicos<\/strong><\/a> est\u00e1n formados para reparar y hacer el mantenimiento de los autom\u00f3viles. Para brindarle un mejor servicio al \u201cdriver\u201d, el mecanico debe tener conocimientos sobre la combusti\u00f3n de los motores, como tambi\u00e9n, estar familiarizado con cada una de las piezas del veh\u00edculo, ya que en ocasiones hay que desmontar parte del auto.<\/span><\/p>\n<p style=\"text-align: left\"><span style=\"font-size: large;color: #000000\">Actualmente el oficio de mec\u00e1nico, se vio afectada negativamente por el avance de las tecnolog\u00eda en el <strong>sector automotriz<\/strong>. Y mucho trabajadores han tenido que actualizar sus conocimientos, para adaptarse a las nuevas tecnolog\u00eda. Pero a su vez, la <a style=\"color: #000000\" href=\"https:\/\/ozapato.com\/pe\/\">industria<\/a> en<strong> Per\u00fa<\/strong> tiene una producci\u00f3n m\u00ednima, ya que se limita solo al ensamblaje de autom\u00f3viles y buses. <\/span><\/p>\n<p>[\/vc_column_text][\/vc_column][vc_column width=&#8221;1\/4&#8243;][\/vc_column][\/vc_row][vc_row][vc_column][vc_empty_space][\/vc_column][\/vc_row][vc_row type=&#8221;boxed&#8221;][vc_column][vc_column_text]\n<div id=\"sb_instagram\"  class=\"sbi sbi_mob_col_1 sbi_tab_col_2 sbi_col_4\" style=\"padding-bottom: 10px; width: 100%;\"\t data-feedid=\"sbi_17841401193873551#20\"  data-res=\"auto\" data-cols=\"4\" data-colsmobile=\"1\" data-colstablet=\"2\" data-num=\"20\" data-nummobile=\"\" data-item-padding=\"5\"\t data-shortcode-atts=\"{}\"  data-postid=\"97\" data-locatornonce=\"1560b01e35\" data-imageaspectratio=\"1:1\" data-sbi-flags=\"favorLocal,gdpr\">\n\t\n\t<div id=\"sbi_images\"  style=\"gap: 10px;\">\n\t\t\t<\/div>\n\n\t<div id=\"sbi_load\" >\n\n\t\n\t\t\t<span class=\"sbi_follow_btn\" >\n\t\t\t<a target=\"_blank\" rel=\"nofollow noopener\" href=\"https:\/\/www.instagram.com\/17841401193873551\/\">\n\t\t\t\t<svg class=\"svg-inline--fa fa-instagram fa-w-14\" aria-hidden=\"true\" data-fa-processed=\"\" aria-label=\"Instagram\" data-prefix=\"fab\" data-icon=\"instagram\" role=\"img\" viewBox=\"0 0 448 512\">\n                    <path fill=\"currentColor\" d=\"M224.1 141c-63.6 0-114.9 51.3-114.9 114.9s51.3 114.9 114.9 114.9S339 319.5 339 255.9 287.7 141 224.1 141zm0 189.6c-41.1 0-74.7-33.5-74.7-74.7s33.5-74.7 74.7-74.7 74.7 33.5 74.7 74.7-33.6 74.7-74.7 74.7zm146.4-194.3c0 14.9-12 26.8-26.8 26.8-14.9 0-26.8-12-26.8-26.8s12-26.8 26.8-26.8 26.8 12 26.8 26.8zm76.1 27.2c-1.7-35.9-9.9-67.7-36.2-93.9-26.2-26.2-58-34.4-93.9-36.2-37-2.1-147.9-2.1-184.9 0-35.8 1.7-67.6 9.9-93.9 36.1s-34.4 58-36.2 93.9c-2.1 37-2.1 147.9 0 184.9 1.7 35.9 9.9 67.7 36.2 93.9s58 34.4 93.9 36.2c37 2.1 147.9 2.1 184.9 0 35.9-1.7 67.7-9.9 93.9-36.2 26.2-26.2 34.4-58 36.2-93.9 2.1-37 2.1-147.8 0-184.8zM398.8 388c-7.8 19.6-22.9 34.7-42.6 42.6-29.5 11.7-99.5 9-132.1 9s-102.7 2.6-132.1-9c-19.6-7.8-34.7-22.9-42.6-42.6-11.7-29.5-9-99.5-9-132.1s-2.6-102.7 9-132.1c7.8-19.6 22.9-34.7 42.6-42.6 29.5-11.7 99.5-9 132.1-9s102.7-2.6 132.1 9c19.6 7.8 34.7 22.9 42.6 42.6 11.7 29.5 9 99.5 9 132.1s2.7 102.7-9 132.1z\"><\/path>\n                <\/svg>\t\t\t\t<span>S\u00edguenos en Instagram<\/span>\n\t\t\t<\/a>\n\t\t<\/span>\n\t\n<\/div>\n\t\t<span class=\"sbi_resized_image_data\" data-feed-id=\"sbi_17841401193873551#20\"\n\t\t  data-resized=\"[]\">\n\t<\/span>\n\t<\/div>\n\n[\/vc_column_text][\/vc_column][\/vc_row]<\/p>\n","protected":false},"excerpt":{"rendered":"<p>[vc_row video_bg=&#8221;yes&#8221; video_bg_url=&#8221;https:\/\/www.youtube.com\/watch?v=__oq67bsM8A&amp;t=13s &#8221; css=&#8221;.vc_custom_1591897756456{padding-top: 32px !important;}&#8221;][vc_column][vc_column_text] MEC\u00c1NICOS [\/vc_column_text][\/vc_column][\/vc_row][vc_row][vc_column][vc_empty_space][\/vc_column][\/vc_row][vc_row][vc_column width=&#8221;1\/4&#8243;][\/vc_column][vc_column width=&#8221;1\/2&#8243;][vc_column_text] BOTAS PARA MEC\u00c1NICOS\u00a0 \u00a1Botas\u00a0para mec\u00e1nicos \u00a0en Lima! Cada industria tiene sus propios peligros , es por \u00a0esta raz\u00f3n que hemos dise\u00f1ado varios modelos de botas de seguridad para talleres mecanicos adaptadas a esta industria, como\u00a0 las Watt: zapatos con suela de elastomero y 100% [&hellip;]<\/p>\n","protected":false},"author":350,"featured_media":0,"parent":0,"menu_order":0,"comment_status":"closed","ping_status":"closed","template":"page-full-width.php","meta":{"footnotes":""},"class_list":["post-97","page","type-page","status-publish","hentry"],"_links":{"self":[{"href":"https:\/\/ozapato.com\/pe\/wp-json\/wp\/v2\/pages\/97","targetHints":{"allow":["GET"]}}],"collection":[{"href":"https:\/\/ozapato.com\/pe\/wp-json\/wp\/v2\/pages"}],"about":[{"href":"https:\/\/ozapato.com\/pe\/wp-json\/wp\/v2\/types\/page"}],"author":[{"embeddable":true,"href":"https:\/\/ozapato.com\/pe\/wp-json\/wp\/v2\/users\/350"}],"replies":[{"embeddable":true,"href":"https:\/\/ozapato.com\/pe\/wp-json\/wp\/v2\/comments?post=97"}],"version-history":[{"count":7,"href":"https:\/\/ozapato.com\/pe\/wp-json\/wp\/v2\/pages\/97\/revisions"}],"predecessor-version":[{"id":209,"href":"https:\/\/ozapato.com\/pe\/wp-json\/wp\/v2\/pages\/97\/revisions\/209"}],"wp:attachment":[{"href":"https:\/\/ozapato.com\/pe\/wp-json\/wp\/v2\/media?parent=97"}],"curies":[{"name":"wp","href":"https:\/\/api.w.org\/{rel}","templated":true}]}}