{"id":1006,"date":"2021-12-16T20:19:07","date_gmt":"2021-12-16T20:19:07","guid":{"rendered":"https:\/\/ozapato.com\/pe\/?post_type=product&#038;p=1006"},"modified":"2021-12-16T20:19:16","modified_gmt":"2021-12-16T20:19:16","slug":"watt-03","status":"publish","type":"product","link":"https:\/\/ozapato.com\/pe\/product\/watt-03\/","title":{"rendered":"Watt 03"},"content":{"rendered":"<p>[vc_row][vc_column][vc_column_text]<\/p>\n<ul>\n<li>Botas dielectricas resistentes\u00a0 a los 18.000 voltios.<\/li>\n<li>La bota Watt, esta formada por una nueva suela exclusiva OZAPATO. Elastom\u00e9rica slip resistant, excelente antideslizante. Suela que proporciona una mejor tracci\u00f3n en todas las superficies.<\/li>\n<li>Nueva puntera XL 25% mas ancha que las punteras classicas. Compuesta de poliamida \/ composit. Resistencia a m\u00e1s de 2 toneladas (Norma ASTM 2412-2413)<\/li>\n<li>Suela resistente a la humedad y a los aceites \u2013 Oil resistant.<\/li>\n<li>Plantilla antiperforacion Multi-Protective ultra flex certificada ISO y ASTM.<\/li>\n<li>Cuero\u00a0full grain premium.<\/li>\n<li>Construcci\u00f3n: vulcanizado.<\/li>\n<li>Bull\u00f3n exterior acolchado proporcionando una protecci\u00f3n y comodidad en todo el tobillo.<\/li>\n<li>Bull\u00f3n interior anti-microbiano manteniendo el pie seco y reduciendo al m\u00ednimo los olores.<\/li>\n<li>.Plantilla de poliuretano acolchada, lavable.<\/li>\n<li>Altura de 6\u2032 pulgadas.<\/li>\n<li><a href=\"https:\/\/workdrive.zohoexternal.com\/external\/6Ol2VXp3mUp-JqO1d\" target=\"_blank\" rel=\"noopener\">Ficha T\u00e9cnica.<\/a><\/li>\n<\/ul>\n<p>[\/vc_column_text][\/vc_column][\/vc_row][vc_row][vc_column][vc_separator][vc_column_text]<\/p>\n<h3 style=\"text-align: center;\">\u00a1Conoce la suela AIR de OZAPATO!<\/h3>\n<p>[\/vc_column_text][vc_hoverbox image=&#8221;13151&#8243; primary_title=&#8221;&#8221; hover_title=&#8221;SUELAS AIR DE OZAPATO&#8221; hover_background_color=&#8221;white&#8221;]<img loading=\"lazy\" decoding=\"async\" class=\"size-medium wp-image-13152\" src=\"https:\/\/ozapato.com\/mx\/wp-content\/uploads\/sites\/4\/2021\/01\/Air-1-300x300.jpg\" alt=\"Suela air ozapato\" width=\"300\" height=\"300\" \/>[\/vc_hoverbox][\/vc_column][\/vc_row][vc_row][vc_column][vc_cta h2=&#8221;&#8221; css=&#8221;.vc_custom_1612006887781{background-color: #ff3a3a !important;}&#8221;]<\/p>\n<h4 style=\"text-align: center;\"><strong><span style=\"color: #ffffff;\">\u00bfInteresado en Botas t\u00e1cticas de calidad? Cotizaci\u00f3n en 24 hs.<\/span><\/strong><\/h4>\n<p>[\/vc_cta][vc_column_text]<span style=\"vertical-align: inherit;\">\u00a0<iframe loading=\"lazy\" height=\"600px\" width=\"100%\" frameborder=\"0\" allow=\"geolocation;microphone;camera\" src=\"https:\/\/forms.zohopublic.com\/virtualoffice9264\/form\/CRWebForm\/formperma\/sl0F1AeJ46oBj9k_cj26J-a0AwJLY61C60QOTF3YiPg\"> <\/iframe><\/span>[\/vc_column_text][\/vc_column][\/vc_row]<\/p>\n","protected":false},"excerpt":{"rendered":"<p>Watt 03 son calzado diel\u00e9ctricos en Mexico resistentes a los 18.000 voltios.Certificada ASTM 2313-18. Para trabajos con gran exposici\u00f3n a corrientes el\u00e9ctricas o de alta tensi\u00f3n<\/p>\n","protected":false},"featured_media":1029,"comment_status":"open","ping_status":"closed","template":"","meta":[],"product_brand":[],"product_cat":[96],"product_tag":[],"class_list":{"0":"post-1006","1":"product","2":"type-product","3":"status-publish","4":"has-post-thumbnail","6":"product_cat-calzado-dielectrico","8":"first","9":"instock","10":"shipping-taxable","11":"purchasable","12":"product-type-variable"},"_links":{"self":[{"href":"https:\/\/ozapato.com\/pe\/wp-json\/wp\/v2\/product\/1006","targetHints":{"allow":["GET"]}}],"collection":[{"href":"https:\/\/ozapato.com\/pe\/wp-json\/wp\/v2\/product"}],"about":[{"href":"https:\/\/ozapato.com\/pe\/wp-json\/wp\/v2\/types\/product"}],"replies":[{"embeddable":true,"href":"https:\/\/ozapato.com\/pe\/wp-json\/wp\/v2\/comments?post=1006"}],"wp:featuredmedia":[{"embeddable":true,"href":"https:\/\/ozapato.com\/pe\/wp-json\/wp\/v2\/media\/1029"}],"wp:attachment":[{"href":"https:\/\/ozapato.com\/pe\/wp-json\/wp\/v2\/media?parent=1006"}],"wp:term":[{"taxonomy":"product_brand","embeddable":true,"href":"https:\/\/ozapato.com\/pe\/wp-json\/wp\/v2\/product_brand?post=1006"},{"taxonomy":"product_cat","embeddable":true,"href":"https:\/\/ozapato.com\/pe\/wp-json\/wp\/v2\/product_cat?post=1006"},{"taxonomy":"product_tag","embeddable":true,"href":"https:\/\/ozapato.com\/pe\/wp-json\/wp\/v2\/product_tag?post=1006"}],"curies":[{"name":"wp","href":"https:\/\/api.w.org\/{rel}","templated":true}]}}