{"id":1064,"date":"2021-12-16T20:19:28","date_gmt":"2021-12-16T20:19:28","guid":{"rendered":"https:\/\/ozapato.com\/pe\/?post_type=product&#038;p=1064"},"modified":"2021-12-16T21:15:51","modified_gmt":"2021-12-16T21:15:51","slug":"bird-12","status":"publish","type":"product","link":"https:\/\/ozapato.com\/pe\/product\/bird-12\/","title":{"rendered":"Bird 12"},"content":{"rendered":"<p>[vc_row][vc_column][vc_column_text]<\/p>\n<ul>\n<li>Construcci\u00f3n: Cemented<\/li>\n<li>Suela: Hule con resistente a aceites e hidrocarburos + resistencia a alta temperaturas hasta 300 grados cent\u00edgrados<\/li>\n<li>Corte: Cuero full grain cafe<\/li>\n<li>Forro: Forrado antimicrobiano acolchado<\/li>\n<li>Costuras: Doble y triple de nylon<\/li>\n<li>Contrafuerte: Cuero de carnaza<\/li>\n<li>Puntera: XL extra larga de composite<\/li>\n<li>Plantilla interior: Tejida de 3mm anti microbiana<\/li>\n<li>Plantilla anti-perforaci\u00f3n: Textil de kevlar<\/li>\n<li>Ajuste: Horma EEE<\/li>\n<li>Altura: 16 cm<\/li>\n<li>Numeraci\u00f3n: 3-13<\/li>\n<li>Certificada 18 000 volts ASTM 2413-18<\/li>\n<li>Bota libre de metal<\/li>\n<\/ul>\n<p>[\/vc_column_text][vc_cta h2=&#8221;&#8221; color=&#8221;juicy-pink&#8221; css=&#8221;.vc_custom_1623266130397{background-color: #dd3333 !important;}&#8221;]<\/p>\n<h4 style=\"text-align: center;\"><strong><span style=\"color: #ffffff;\">\u00bfInteresado en Botas de calidad? Cotizaci\u00f3n en 24 hs.<\/span><\/strong><\/h4>\n<p>[\/vc_cta][vc_column_text]<span style=\"vertical-align: inherit;\">\u00a0<iframe loading=\"lazy\" height=\"600px\" width=\"100%\" frameborder=\"0\" allow=\"geolocation;microphone;camera\" src=\"https:\/\/forms.zohopublic.com\/virtualoffice9264\/form\/CRWebForm\/formperma\/sl0F1AeJ46oBj9k_cj26J-a0AwJLY61C60QOTF3YiPg\"> <\/iframe><\/span>[\/vc_column_text][\/vc_column][\/vc_row][vc_row][vc_column][vc_column_text]<\/p>\n<h3 align=\"center\"><strong>\u00bfQU\u00c9 HACEMOS?<\/strong><\/h3>\n<p>OZAPATO es una marca de calzado ubicada en Pachuca, M\u00e9xico. Fabricamos botas de seguridad industrial y contamos con presencia en Costa Rica, Rep\u00fablica Dominicana, M\u00e9xico, Panam\u00e1 y Estados Unidos. Hemos aprendido a lo largo de los a\u00f1os como fabricar botas de seguridad con calidad y de manera responsable. <strong>En M\u00e9xico<\/strong>, nuestra l\u00ednea industrial cuenta con botas de seguridad, botas de seguridad diel\u00e9ctricas y botas t\u00e1cticas. Por esta raz\u00f3n, OZAPATO les presenta su <strong>bota diel\u00e9ctrica<\/strong> <strong>Coyotl 01<\/strong> Desierto\u00a1Elija de nuestro cat\u00e1logo las botas que necesita para trabajar con seguridad!<\/p>\n<h3 class=\"western\" align=\"center\"><strong>\u00bf<\/strong><strong>C\u00d3MO<\/strong><strong> LO HACEMOS?<\/strong><\/h3>\n<p>Todas nuestras botas de seguridad industrial son fabricadas con materiales de alta calidad. Tenga la confianza que sus pies estar\u00e1n protegidos en cada momento. Estamos tan seguros de la calidad de nuestros modelos de botas de seguridad industrial que ofrecemos una <strong>garant\u00eda de 4 meses y hasta 6 meses<\/strong> para las botas de seguridad m\u00e1s premium. Adem\u00e1s ofrecemos un servicio de entrega en 24 horas.<\/p>\n<h3 class=\"western\" align=\"center\"><strong>\u00bfPOR QU\u00c9 LO HACEMOS?<\/strong><\/h3>\n<p>OZAPATO naci\u00f3 con la idea de servir a la comunidad local. La producci\u00f3n de nuestras botas de seguridad industrial es un proceso transparente que sustenta el balance socio econ\u00f3mico de la comunidad a la que pertenece.<\/p>\n<p>El valor m\u00e1s importante de OZAPATO es la <strong>entrega directa hasta el cliente.<\/strong> Evitamos todos los intermediarios que no a\u00f1aden valor a nuestros consumidores. Cada etapa de la fabricaci\u00f3n de botas de seguridad industrial debe beneficiar a la gente que fabrica el <strong>calzado.<\/strong><\/p>\n<p>A nuestro equipo le apasiona desarrollar botas de seguridad en un ambiente social y econ\u00f3mico justo. Queremos que nuestros clientes conf\u00eden en que no s\u00f3lo compran botas bien hechas y de buena calidad, sino que tambi\u00e9n cada persona incluida en la cadena de suministro reciba un trato justo al momento.<\/p>\n<h3 style=\"text-align: center;\">\u00a1BOTAS INDUSTRIALES DE ALTA CALIDAD! &#8211; CALZADO INDUSTRIALPROFESIONAL<\/h3>\n<p><b>\ud83e\udd7e BIRD 12<\/b>, es un calzado industrial libre de metal. Anti-fatigue &#8211; Suela antifatiga ultra flexible con absorci\u00f3n del choque al caminar<br \/>\nDryfast &#8211; Repelente de poliuretano para la humendad<br \/>\nResistente al agua &#8211; 100% cuero graso con acabado de poliuretano[\/vc_column_text][\/vc_column][\/vc_row]<\/p>\n","protected":false},"excerpt":{"rendered":"<p>El Bird 12 es una bota diel\u00e9ctrica certificada ASTM F2413-18 a 18 000 volts. Suela PU\/Hule ideal para trabajos pesado con exposici\u00f3n a corriente el\u00e9ctrico\u00a0 y alta temperaturas.<\/p>\n","protected":false},"featured_media":1094,"comment_status":"open","ping_status":"closed","template":"","meta":[],"product_brand":[],"product_cat":[18],"product_tag":[],"class_list":{"0":"post-1064","1":"product","2":"type-product","3":"status-publish","4":"has-post-thumbnail","6":"product_cat-industrial","8":"first","9":"instock","10":"featured","11":"shipping-taxable","12":"purchasable","13":"product-type-variable","14":"has-default-attributes"},"_links":{"self":[{"href":"https:\/\/ozapato.com\/pe\/wp-json\/wp\/v2\/product\/1064","targetHints":{"allow":["GET"]}}],"collection":[{"href":"https:\/\/ozapato.com\/pe\/wp-json\/wp\/v2\/product"}],"about":[{"href":"https:\/\/ozapato.com\/pe\/wp-json\/wp\/v2\/types\/product"}],"replies":[{"embeddable":true,"href":"https:\/\/ozapato.com\/pe\/wp-json\/wp\/v2\/comments?post=1064"}],"wp:featuredmedia":[{"embeddable":true,"href":"https:\/\/ozapato.com\/pe\/wp-json\/wp\/v2\/media\/1094"}],"wp:attachment":[{"href":"https:\/\/ozapato.com\/pe\/wp-json\/wp\/v2\/media?parent=1064"}],"wp:term":[{"taxonomy":"product_brand","embeddable":true,"href":"https:\/\/ozapato.com\/pe\/wp-json\/wp\/v2\/product_brand?post=1064"},{"taxonomy":"product_cat","embeddable":true,"href":"https:\/\/ozapato.com\/pe\/wp-json\/wp\/v2\/product_cat?post=1064"},{"taxonomy":"product_tag","embeddable":true,"href":"https:\/\/ozapato.com\/pe\/wp-json\/wp\/v2\/product_tag?post=1064"}],"curies":[{"name":"wp","href":"https:\/\/api.w.org\/{rel}","templated":true}]}}