{"id":1111,"date":"2021-12-16T20:19:41","date_gmt":"2021-12-16T20:19:41","guid":{"rendered":"https:\/\/ozapato.com\/pe\/?post_type=product&#038;p=1111"},"modified":"2021-12-16T20:19:54","modified_gmt":"2021-12-16T20:19:54","slug":"ember-01","status":"publish","type":"product","link":"https:\/\/ozapato.com\/pe\/product\/ember-01\/","title":{"rendered":"Ember 01 &#8211;"},"content":{"rendered":"<p>[vc_row][vc_column][vc_column_text]<\/p>\n<ul>\n<li>Botas para fundici\u00f3n<\/li>\n<li>Calzado 100% libre de metal<\/li>\n<li>Nuevas punteras XL libre de metal. 25% m\u00e1s anchas que las punteras de acero. Certificada y resistente a m\u00e1s de 2 toneladas (Norma ASTM 2412-2413)<\/li>\n<li>Suelas de hule con resistencia hasta 300 grados centrigrados. Ideal para trabajos en asfalto o en fundici\u00f3n.<\/li>\n<li>Plantilla\u00a0anti-perforaci\u00f3n Multi-Protective certificada ISO y ASTM<\/li>\n<li>Ultra-flex technology. Calzado super-flexible<\/li>\n<li>Suela antifatiga con absorci\u00f3n de impactos<\/li>\n<li>100% Cuero con tecnolog\u00eda waterproof, 100% resistente al agua<\/li>\n<li>Construcci\u00f3n:\u00a0calzado cosido en lockstitch<\/li>\n<li>Altura de 5 pulgadas<\/li>\n<li>Garant\u00eda de 4 meses<\/li>\n<li>Ficha t\u00e9cnica<\/li>\n<li>Botas para altas temperaturas<\/li>\n<\/ul>\n<p>[\/vc_column_text][\/vc_column][\/vc_row][vc_row][vc_column][vc_media_grid grid_id=&#8221;vc_gid:1628538205914-c348389f-1b33-7&#8243; include=&#8221;13566,13567,13568,13569&#8243;][\/vc_column][\/vc_row][vc_row][vc_column][vc_column_text]\n<div id=\"sb_instagram\"  class=\"sbi sbi_mob_col_1 sbi_tab_col_2 sbi_col_4\" style=\"padding-bottom: 10px; width: 100%;\"\t data-feedid=\"sbi_17841401193873551#20\"  data-res=\"auto\" data-cols=\"4\" data-colsmobile=\"1\" data-colstablet=\"2\" data-num=\"20\" data-nummobile=\"\" data-item-padding=\"5\"\t data-shortcode-atts=\"{}\"  data-postid=\"1111\" data-locatornonce=\"bdf2cc845b\" data-imageaspectratio=\"1:1\" data-sbi-flags=\"favorLocal,gdpr\">\n\t\n\t<div id=\"sbi_images\"  style=\"gap: 10px;\">\n\t\t\t<\/div>\n\n\t<div id=\"sbi_load\" >\n\n\t\n\t\t\t<span class=\"sbi_follow_btn\" >\n\t\t\t<a target=\"_blank\" rel=\"nofollow noopener\" href=\"https:\/\/www.instagram.com\/17841401193873551\/\">\n\t\t\t\t<svg class=\"svg-inline--fa fa-instagram fa-w-14\" aria-hidden=\"true\" data-fa-processed=\"\" aria-label=\"Instagram\" data-prefix=\"fab\" data-icon=\"instagram\" role=\"img\" viewBox=\"0 0 448 512\">\n                    <path fill=\"currentColor\" d=\"M224.1 141c-63.6 0-114.9 51.3-114.9 114.9s51.3 114.9 114.9 114.9S339 319.5 339 255.9 287.7 141 224.1 141zm0 189.6c-41.1 0-74.7-33.5-74.7-74.7s33.5-74.7 74.7-74.7 74.7 33.5 74.7 74.7-33.6 74.7-74.7 74.7zm146.4-194.3c0 14.9-12 26.8-26.8 26.8-14.9 0-26.8-12-26.8-26.8s12-26.8 26.8-26.8 26.8 12 26.8 26.8zm76.1 27.2c-1.7-35.9-9.9-67.7-36.2-93.9-26.2-26.2-58-34.4-93.9-36.2-37-2.1-147.9-2.1-184.9 0-35.8 1.7-67.6 9.9-93.9 36.1s-34.4 58-36.2 93.9c-2.1 37-2.1 147.9 0 184.9 1.7 35.9 9.9 67.7 36.2 93.9s58 34.4 93.9 36.2c37 2.1 147.9 2.1 184.9 0 35.9-1.7 67.7-9.9 93.9-36.2 26.2-26.2 34.4-58 36.2-93.9 2.1-37 2.1-147.8 0-184.8zM398.8 388c-7.8 19.6-22.9 34.7-42.6 42.6-29.5 11.7-99.5 9-132.1 9s-102.7 2.6-132.1-9c-19.6-7.8-34.7-22.9-42.6-42.6-11.7-29.5-9-99.5-9-132.1s-2.6-102.7 9-132.1c7.8-19.6 22.9-34.7 42.6-42.6 29.5-11.7 99.5-9 132.1-9s102.7-2.6 132.1 9c19.6 7.8 34.7 22.9 42.6 42.6 11.7 29.5 9 99.5 9 132.1s2.7 102.7-9 132.1z\"><\/path>\n                <\/svg>\t\t\t\t<span>S\u00edguenos en Instagram<\/span>\n\t\t\t<\/a>\n\t\t<\/span>\n\t\n<\/div>\n\t\t<span class=\"sbi_resized_image_data\" data-feed-id=\"sbi_17841401193873551#20\"\n\t\t  data-resized=\"[]\">\n\t<\/span>\n\t<\/div>\n\n[\/vc_column_text][\/vc_column][\/vc_row][vc_row][vc_column][vc_column_text]<\/p>\n<h4 style=\"text-align: center;\">CONOCE OZAPATO<\/h4>\n<p class=\"western\">\u00bfQu\u00e9 hacemos?<\/p>\n<p class=\"western\">Somos una f\u00e1brica Franco-Mexicana de calzado industrial con m\u00e1s de 35 a\u00f1os de experiencia. La marca OZAPATO naci\u00f3 con el objetivo de surtir botas para\u00a0 fundici\u00f3n y calzado industrial en general 100% dise\u00f1ado para las condiciones de M\u00e9xico. Nuestro modelo de negocios conecta directamente nuestra f\u00e1brica al cliente final sin el costo de intermediarios<\/p>\n<p class=\"western\">Acompa\u00f1amos y asesoramos su empresa en su selecci\u00f3n de botas para altas temperaturas.<\/p>\n<p class=\"western\">Somos expertos en calzado de seguridad industrial. Nuestra misi\u00f3n es simplemente de ofrecerle el mejor servicio y mejor costo beneficio del mercado.<\/p>\n<h4 style=\"text-align: center;\">\u00bfPOR QU\u00c9 SOMOS UNA BUENA ELECCI\u00d3N?<\/h4>\n<p class=\"western\">&#8211; Una marca confiable de botas para fundici\u00f3n en M\u00e9xico.<\/p>\n<p class=\"western\">Mas de 2000 empresas conf\u00edan en OZAPATO para sus necesidades de botas industriales.<\/p>\n<p class=\"western\">Contamos con referencias de miles de empresas, PyMES y multinacionales. Con un NPS (Net-Promoter-Score) de 65.75%, el 95% de nuestros clientes repiten sus compras de calzado de seguridad industrial con nosotros.<\/p>\n<p class=\"western\">&#8211; Entregas y variedad de modelos de botas para altas temperaturas..<\/p>\n<p class=\"western\">Disponibilidad de de mas de 30 modelos con tallas 3 a 14. Contamos con un servicio de entrega de 24 a 48 horas de calzado industrial en M\u00e9xico.<\/p>\n<p class=\"western\">&#8211; Comprometido por la calidad<\/p>\n<p class=\"western\">No comprometemos la calidad de calzado de seguridad industrial. Nuestra materia prima supera todos las pruebas de calidad <a href=\"https:\/\/astm.org\/\" target=\"_blank\" rel=\"noopener\">ASTM<\/a>, <a href=\"https:\/\/iso.org\/\" target=\"_blank\" rel=\"noopener\">ISO<\/a> y NOM.<\/p>\n<h4 style=\"text-align: center;\">\u00bfC\u00d3MO HACEMOS NUESTRO CALZADO?<\/h4>\n<p class=\"western\">Calzado industrial en M\u00e9xico Directo-al-consumidor<\/p>\n<p class=\"western\">Mejores precios + mayor calidad:<\/p>\n<p class=\"western\">Porque somos fabricamos y comercializamos calzado industrial , no usamos intermediarios. Controlamos todo el proceso de producci\u00f3n hasta el servicio post-venta. En conclusi\u00f3n: les ofrecemos un mejor producto a un menor costo.<\/p>\n<p class=\"western\">Mejor servicio: nos dedicamos \u00fanicamente la fabricaci\u00f3n de botas industriales en panam\u00e1, por eso, les podemos ofrecer un servicio personalizado y los consejos de expertos. Su necesidad de calidad en el calzado industrial es \u00fanica, nuestro servicio y atenci\u00f3n tambi\u00e9n.<\/p>\n<h4 style=\"text-align: center;\">\u00bfQU\u00c9 HACEMOS POR EL MEDIO AMBIENTE?<\/h4>\n<p class=\"western\"><strong>Transparencia<\/strong><\/p>\n<p class=\"western\">Total transparencia: en un mundo movi\u00e9ndose r\u00e1pidamente y un cambio clim\u00e1tico cada d\u00eda m\u00e1s preocupante, ofrecemos una transparencia total. Materiales, procesos, origen de nuestros componentes, usted tiene la informaci\u00f3n. Por ejemplo, muchas fabricas vuelcan qu\u00edmicos peligrosos directamente en el sistema de agua, con consecuencias dram\u00e1ticas para el medio ambiente. Todos nuestros cueros provienen de tener\u00edas que reciclan todas sus aguas.<\/p>\n<p class=\"western\">Adem\u00e1s, desde 2018 hemos iniciado un programa de sustentabilidad. Todas nuestras suelas de PVC de botas industriales son calidad de grado medical. Qu\u00e9 significa? Que todas nuestras suelas de botas industriales en Panam\u00e1 son libres de plomo y oxalatos. Materiales que puede encontrar en botas industriales de otra marca.<\/p>\n<p class=\"western\"><strong>Qu\u00e9 pasa con la suelas de calzado industrial de sus OZAPATO despu\u00e9s de ser usadas?<\/strong><\/p>\n<p class=\"western\">En varios paises (M\u00e9xico, Panam\u00e1, Costa Rica) ofrecemos un servicio de reciclaje de sus botas de seguridad industrial. Por lo general lo que se hace es de separar la suela de su calzado industrial y darle otra vida. No las estaremos usando para fabricar mas suela de calidad industrial, pero sirve perfectamente para zapatos casuales o para las miles de aplicaciones que tiene el PVC (tubos, pelotas, juguetes etc)<\/p>\n<p class=\"western\">En fin en OZAPATO M\u00e9xico nos esforzamos de ocupar los productos mas sostenibles sin afectar la calidad y o durabilidad de sus botas de seguridad industrial.<\/p>\n<p>[\/vc_column_text][\/vc_column][\/vc_row]<\/p>\n","protected":false},"excerpt":{"rendered":"<p>[vc_row][vc_column][vc_column_text] Botas para fundici\u00f3n Calzado 100% libre de metal Nuevas punteras XL libre de metal. 25% m\u00e1s anchas que las punteras de acero. Certificada y resistente a m\u00e1s de 2 toneladas (Norma ASTM 2412-2413) Suelas de hule con resistencia hasta 300 grados centrigrados. Ideal para trabajos en asfalto o en fundici\u00f3n. Plantilla\u00a0anti-perforaci\u00f3n Multi-Protective certificada ISO [&hellip;]<\/p>\n","protected":false},"featured_media":1123,"comment_status":"open","ping_status":"closed","template":"","meta":[],"product_brand":[],"product_cat":[97,94],"product_tag":[],"class_list":{"0":"post-1111","1":"product","2":"type-product","3":"status-publish","4":"has-post-thumbnail","6":"product_cat-botas-para-soldadores","7":"product_cat-nuevo","9":"first","10":"instock","11":"shipping-taxable","12":"purchasable","13":"product-type-variable"},"_links":{"self":[{"href":"https:\/\/ozapato.com\/pe\/wp-json\/wp\/v2\/product\/1111","targetHints":{"allow":["GET"]}}],"collection":[{"href":"https:\/\/ozapato.com\/pe\/wp-json\/wp\/v2\/product"}],"about":[{"href":"https:\/\/ozapato.com\/pe\/wp-json\/wp\/v2\/types\/product"}],"replies":[{"embeddable":true,"href":"https:\/\/ozapato.com\/pe\/wp-json\/wp\/v2\/comments?post=1111"}],"wp:featuredmedia":[{"embeddable":true,"href":"https:\/\/ozapato.com\/pe\/wp-json\/wp\/v2\/media\/1123"}],"wp:attachment":[{"href":"https:\/\/ozapato.com\/pe\/wp-json\/wp\/v2\/media?parent=1111"}],"wp:term":[{"taxonomy":"product_brand","embeddable":true,"href":"https:\/\/ozapato.com\/pe\/wp-json\/wp\/v2\/product_brand?post=1111"},{"taxonomy":"product_cat","embeddable":true,"href":"https:\/\/ozapato.com\/pe\/wp-json\/wp\/v2\/product_cat?post=1111"},{"taxonomy":"product_tag","embeddable":true,"href":"https:\/\/ozapato.com\/pe\/wp-json\/wp\/v2\/product_tag?post=1111"}],"curies":[{"name":"wp","href":"https:\/\/api.w.org\/{rel}","templated":true}]}}