{"id":238,"date":"2021-12-16T20:15:18","date_gmt":"2021-12-16T20:15:18","guid":{"rendered":"https:\/\/ozapato.com\/pe\/?post_type=product&#038;p=238"},"modified":"2021-12-16T20:16:29","modified_gmt":"2021-12-16T20:16:29","slug":"hybrid-01-desierto","status":"publish","type":"product","link":"https:\/\/ozapato.com\/pe\/product\/hybrid-01-desierto\/","title":{"rendered":"Hybrid  01 Desierto"},"content":{"rendered":"<p>[vc_row type=&#8221;boxed&#8221;][vc_column width=&#8221;1\/6&#8243;][\/vc_column][vc_column width=&#8221;2\/3&#8243;][vc_column_text]<\/p>\n<ul>\n<li>Hybrid 01 son botas antiperforaci\u00f3n.<\/li>\n<li class=\"textLayer\">Construcci\u00f3n: Lockstitch.<\/li>\n<li class=\"textLayer\">Suela: Elast\u00f3mero ambar resistente a aceites e hidrocarburos.<\/li>\n<li class=\"textLayer\">Corte: Cuero full grain miel graso.<\/li>\n<li class=\"textLayer\">Color: Miel graso.<\/li>\n<li class=\"textLayer\">Forro: Forrado antimicrobiano acolchado color caf\u00e9.<\/li>\n<li class=\"textLayer\">Costuras: Doble y triple de nylon color beige.<\/li>\n<li class=\"textLayer\">Contrafuerte: Cuero de carnazaPuntera: XL extra larga de composite. Norma I\/75 C\/75.<\/li>\n<li class=\"textLayer\">Plantilla interior: Poliuretano anti-fatiga.<\/li>\n<li class=\"textLayer\">Plantilla anti-perforaci\u00f3n: Textil de kevlarAjuste: Horma EEE Altura: 17 cm.<\/li>\n<li class=\"textLayer\">Numeraci\u00f3n: 3-14Certificaci\u00f3n; certificada ISO \/ ASTM 2413-11.<\/li>\n<li class=\"textLayer\">Bota libre de metal.<\/li>\n<li class=\"textLayer\">Garant\u00eda de 1 a\u00f1o.<\/li>\n<li class=\"textLayer\">Tecnolog\u00eda:<\/li>\n<li>Anti-fatigue &#8211; Suela antifatiga ultra flexible con absorci\u00f3n del choque al caminar<\/li>\n<li>Dryfast &#8211; Repelente de poliuretano para la humendad.<\/li>\n<li>Waterproof &#8211; 100% cuero graso con acabado de poliuretano.<\/li>\n<li><a href=\"https:\/\/workdrive.zohopublic.com\/external\/6Ol2VXoNe8o-JqO1d\/download\" target=\"_blank\" rel=\"noopener\">Ficha T\u00e9cnica<\/a><\/li>\n<\/ul>\n<p>[\/vc_column_text][\/vc_column][vc_column width=&#8221;1\/6&#8243;][\/vc_column][\/vc_row][vc_row][vc_column][vc_separator][\/vc_column][\/vc_row][vc_row type=&#8221;boxed&#8221;][vc_column width=&#8221;1\/6&#8243;][vc_column_text]<\/p>\n<p>[\/vc_column_text][\/vc_column][vc_column width=&#8221;2\/3&#8243;][vc_media_grid element_width=&#8221;6&#8243; grid_id=&#8221;vc_gid:1583510162583-9b713e65-af5b-6&#8243; include=&#8221;7767,7779,7758,8506&#8243;][\/vc_column][vc_column width=&#8221;1\/6&#8243;][\/vc_column][\/vc_row][vc_row][vc_column][vc_separator][\/vc_column][\/vc_row][vc_row type=&#8221;boxed&#8221; background_style=&#8221;normal&#8221; css=&#8221;.vc_custom_1580737656190{padding-bottom: 5% !important;background-color: #f7f7f9 !important;}&#8221;][vc_column css=&#8221;.vc_custom_1414573502092{background-position: center !important;background-repeat: no-repeat !important;background-size: cover !important;}&#8221;][vc_row_inner type=&#8221;boxed&#8221; css=&#8221;.vc_custom_1414582542600{margin-top: 35px !important;}&#8221;][vc_column_inner width=&#8221;1\/3&#8243;][vc_column_text css=&#8221;.vc_custom_1581026020974{margin-right: 30px !important;margin-left: 30px !important;padding-right: 30px !important;padding-left: 30px !important;}&#8221;]<\/p>\n<h4>Suela Antideslizante<\/h4>\n<p>Elast\u00f3mero \u00e1mbar antideslizante. Resistente a aceites y combustible. con recubrimiento frontal.[\/vc_column_text][\/vc_column_inner][vc_column_inner width=&#8221;1\/3&#8243;][vc_column_text css=&#8221;.vc_custom_1581026026684{margin-right: 30px !important;margin-left: 30px !important;padding-right: 30px !important;padding-left: 30px !important;}&#8221;]<\/p>\n<h4>Seguridad<\/h4>\n<p>Casco XL de poliamida + plantilla anti perforaci\u00f3n.[\/vc_column_text][\/vc_column_inner][vc_column_inner width=&#8221;1\/3&#8243;][vc_column_text css=&#8221;.vc_custom_1581026422562{margin-right: 30px !important;margin-left: 30px !important;padding-right: 30px !important;padding-left: 30px !important;}&#8221;]<\/p>\n<h4>Cueros<\/h4>\n<p>Cuero miel graso de 1.8 a 2.2 mm, leng\u00faeta cerrada para evitar filtraciones.[\/vc_column_text][\/vc_column_inner][\/vc_row_inner][\/vc_column][\/vc_row][vc_row][vc_column][vc_separator][\/vc_column][\/vc_row][vc_row type=&#8221;boxed&#8221;][vc_column][vc_column_text].<\/p>\n<h4 class=\"western\" style=\"text-align: center;\"><span style=\"color: #ff0000;\">\u00bfInteresado? Recibe una cotizaci\u00f3n en 24 horas m\u00e1ximo.<\/span><\/h4>\n<p><iframe loading=\"lazy\" height=\"800px\" width=\"100%\" frameborder=\"0\" allow=\"geolocation;microphone;camera\" src=\"https:\/\/forms.zohopublic.com\/virtualoffice9264\/form\/MXWebForm\/formperma\/t2g4AJSxH5dX5eLImIHPs6T1GSbbcmWdJblk7_0ZVFw\"> <\/iframe>[\/vc_column_text][\/vc_column][\/vc_row][vc_row][vc_column][vc_separator][\/vc_column][\/vc_row][vc_row type=&#8221;boxed&#8221;][vc_column width=&#8221;1\/6&#8243;][\/vc_column][vc_column width=&#8221;2\/3&#8243; css=&#8221;.vc_custom_1463521545778{background-color: #efefef !important;}&#8221;][vc_column_text]<\/p>\n<h3 style=\"text-align: center;\"><strong>\u00bfQU\u00c9 HACEMOS\u00a0?<\/strong><\/h3>\n<p><a href=\"https:\/\/emojipedia.org\/hiking-boot\/\" target=\"_blank\" rel=\"noopener\"><span class=\"emoji\">\ud83e\udd7e<\/span><\/a>OZAPATO es una marca de calzado ubicada en Pachuca, M\u00e9xico. Fabricamos botas de <a href=\"https:\/\/ozapato.com\/mx\/producto\/tanok-02\/\">seguridad diel\u00e9ctricas<\/a>\u00a0y contamos con presencia en Costa Rica,Panam\u00e1 y Estados Undos.\u00a0Hemos aprendido a lo largo de los a\u00f1os como fabricar botas de seguridad\u00a0con calidad y de maneja responsable. En Costa Rica, nuestra l\u00ednea industrial cuenta\u00a0con <a href=\"https:\/\/ozapato.com\/mx\/producto\/panama\/\">botas de seguridad<\/a>, botas de seguridad diel\u00e9ctricas y botas t\u00e1cticas. Por esta raz\u00f3n, OZAPATO, presenta <b>Hybrid 01 DESIERTO<\/b>, una bota industrial para la construcci\u00f3n \u00a1Elija de nuestro cat\u00e1logo las botas que necesita para trabajar con seguridad!<\/p>\n<h3 class=\"western\" align=\"center\">\u00bfC\u00d3MO\u00a0LO\u00a0HACEMOS\u00a0?<\/h3>\n<p>Todas nuestras botas de<a href=\"https:\/\/ozapato.com\/mx\/como-elegir-calzados-y-botas-de-seguridad\/\"><strong> seguridad industrial<\/strong><\/a> son fabricadas con materiales de alta calidad. Tenga la confianza que sus pies estar\u00e1n protegidos en cada momento. Estamos tan seguros de la calidad de nuestros modelos de botas de seguridad industrial que ofrecemos <strong>una garant\u00eda de 4 meses y hasta 6 meses<\/strong> para las botas de seguridad m\u00e1s <strong>premium<\/strong>. Adem\u00e1s ofrecemos un servicio de <strong>entrega en 24 horas.<\/strong><\/p>\n<p>Todos los productos de OZAPATO est\u00e1n hechos a mano, en nuestra f\u00e1brica de Pachuca (Hidalgo, M\u00e9xico). Nuestro modelo de negocio, conecta directamente la f\u00e1brica con el cliente final, evitando intermediarios; no trabajamos con distribuidores o revendedores. Esto permite ofrecer botas de seguridad a un precio m\u00e1s accesible.<\/p>\n<h3 class=\"western\" align=\"center\"><strong>\u00bfPOR QU\u00c9\u00a0LO\u00a0HACEMOS\u00a0?<\/strong><\/h3>\n<p>OZAPATO\u00a0naci\u00f3 con la\u00a0idea de servir la comunidad local. La producci\u00f3n de nuestras botas de seguridad industrial es\u00a0un\u00a0proceso transparente que sustenta el balance socio econ\u00f3mico de la comunidad a la que pertenece.<\/p>\n<p>El valor m\u00e1s importante de OZAPATO es la <strong>entrega directa hasta el cliente.<\/strong> Cortamos todos los intermediarios que no a\u00f1aden valor a nuestros consumidores. Cada etapa de la fabricaci\u00f3n de botas de seguridad industrial debe beneficiar a la gente que fabrica el <strong>calzado.<\/strong><\/p>\n<p>Nuestro equipo ama desarrollar botas de seguridad en un <a href=\"http:\/\/www.amlcc.org\/\" target=\"_blank\" rel=\"noopener\">ambiente social y econ\u00f3mico justo<\/a>. Queremos que nuestros clientes conf\u00eden en que no s\u00f3lo compran botas bien hechas y de buena calidad, sino que tambi\u00e9n cada persona incluida en la\u00a0cadena de suministro reciba un trato justo al momento de realizar su trabajo.<\/p>\n<h3 align=\"center\">\u00a1BOTAS ANTIPERFORACI\u00d3N!<\/h3>\n<p>&nbsp;<\/p>\n<p><a href=\"https:\/\/emojipedia.org\/hiking-boot\/\" target=\"_blank\" rel=\"noopener\"><span class=\"emoji\">\ud83e\udd7e<\/span><\/a>Hybrid\u00a0 01 Desierto son\u00a0 botas antiperforaci\u00f3n con Lockstitch de construcci\u00f3n de suela pegada al corte y cosida al cuero. Con un corte de cuero miel graso y con forrado antimicrobiano acolchado.[\/vc_column_text][\/vc_column][vc_column width=&#8221;1\/6&#8243;][\/vc_column][\/vc_row][vc_row][vc_column][vc_separator][\/vc_column][\/vc_row][vc_row][vc_column][vc_column_text]\n<div id=\"sb_instagram\"  class=\"sbi sbi_mob_col_1 sbi_tab_col_2 sbi_col_4\" style=\"padding-bottom: 10px; width: 100%;\"\t data-feedid=\"sbi_17841401193873551#20\"  data-res=\"auto\" data-cols=\"4\" data-colsmobile=\"1\" data-colstablet=\"2\" data-num=\"20\" data-nummobile=\"\" data-item-padding=\"5\"\t data-shortcode-atts=\"{}\"  data-postid=\"238\" data-locatornonce=\"3896cfc862\" data-imageaspectratio=\"1:1\" data-sbi-flags=\"favorLocal,gdpr\">\n\t\n\t<div id=\"sbi_images\"  style=\"gap: 10px;\">\n\t\t\t<\/div>\n\n\t<div id=\"sbi_load\" >\n\n\t\n\t\t\t<span class=\"sbi_follow_btn\" >\n\t\t\t<a target=\"_blank\" rel=\"nofollow noopener\" href=\"https:\/\/www.instagram.com\/17841401193873551\/\">\n\t\t\t\t<svg class=\"svg-inline--fa fa-instagram fa-w-14\" aria-hidden=\"true\" data-fa-processed=\"\" aria-label=\"Instagram\" data-prefix=\"fab\" data-icon=\"instagram\" role=\"img\" viewBox=\"0 0 448 512\">\n                    <path fill=\"currentColor\" d=\"M224.1 141c-63.6 0-114.9 51.3-114.9 114.9s51.3 114.9 114.9 114.9S339 319.5 339 255.9 287.7 141 224.1 141zm0 189.6c-41.1 0-74.7-33.5-74.7-74.7s33.5-74.7 74.7-74.7 74.7 33.5 74.7 74.7-33.6 74.7-74.7 74.7zm146.4-194.3c0 14.9-12 26.8-26.8 26.8-14.9 0-26.8-12-26.8-26.8s12-26.8 26.8-26.8 26.8 12 26.8 26.8zm76.1 27.2c-1.7-35.9-9.9-67.7-36.2-93.9-26.2-26.2-58-34.4-93.9-36.2-37-2.1-147.9-2.1-184.9 0-35.8 1.7-67.6 9.9-93.9 36.1s-34.4 58-36.2 93.9c-2.1 37-2.1 147.9 0 184.9 1.7 35.9 9.9 67.7 36.2 93.9s58 34.4 93.9 36.2c37 2.1 147.9 2.1 184.9 0 35.9-1.7 67.7-9.9 93.9-36.2 26.2-26.2 34.4-58 36.2-93.9 2.1-37 2.1-147.8 0-184.8zM398.8 388c-7.8 19.6-22.9 34.7-42.6 42.6-29.5 11.7-99.5 9-132.1 9s-102.7 2.6-132.1-9c-19.6-7.8-34.7-22.9-42.6-42.6-11.7-29.5-9-99.5-9-132.1s-2.6-102.7 9-132.1c7.8-19.6 22.9-34.7 42.6-42.6 29.5-11.7 99.5-9 132.1-9s102.7-2.6 132.1 9c19.6 7.8 34.7 22.9 42.6 42.6 11.7 29.5 9 99.5 9 132.1s2.7 102.7-9 132.1z\"><\/path>\n                <\/svg>\t\t\t\t<span>S\u00edguenos en Instagram<\/span>\n\t\t\t<\/a>\n\t\t<\/span>\n\t\n<\/div>\n\t\t<span class=\"sbi_resized_image_data\" data-feed-id=\"sbi_17841401193873551#20\"\n\t\t  data-resized=\"[]\">\n\t<\/span>\n\t<\/div>\n\n[\/vc_column_text][\/vc_column][\/vc_row]<\/p>\n","protected":false},"excerpt":{"rendered":"<p class=\"p1\"><b>PRECIOS PARA EMPRESAS.\u00a0<\/b><a href=\"http:\/\/ozapato.com\/mx\/cotizacion\/\" target=\"_blank\" rel=\"noopener noreferrer\"><span class=\"s1\">COTIZE AQUI<\/span><\/a><\/p>\n<p><a href=\"https:\/\/emojipedia.org\/hiking-boot\/\"><span class=\"emoji\">\ud83e\udd7e<\/span><\/a>Nueva Hybrid Desierto son botas antiperforaci\u00f3n con suela exclusiva OZAPATO con protector frontal. Puntera XL. Quisimos hacer con este modelo un producto que se vea muy bien tanto trabajando, que paseando en la jungla urbana!<\/p>\n","protected":false},"featured_media":268,"comment_status":"open","ping_status":"closed","template":"","meta":[],"product_brand":[],"product_cat":[19,20,18,21],"product_tag":[],"class_list":{"0":"post-238","1":"product","2":"type-product","3":"status-publish","4":"has-post-thumbnail","6":"product_cat-botas-de-construccion","7":"product_cat-dielectrica","8":"product_cat-industrial","9":"product_cat-mercadolibre","11":"first","12":"onbackorder","13":"shipping-taxable","14":"purchasable","15":"product-type-variable"},"_links":{"self":[{"href":"https:\/\/ozapato.com\/pe\/wp-json\/wp\/v2\/product\/238","targetHints":{"allow":["GET"]}}],"collection":[{"href":"https:\/\/ozapato.com\/pe\/wp-json\/wp\/v2\/product"}],"about":[{"href":"https:\/\/ozapato.com\/pe\/wp-json\/wp\/v2\/types\/product"}],"replies":[{"embeddable":true,"href":"https:\/\/ozapato.com\/pe\/wp-json\/wp\/v2\/comments?post=238"}],"wp:featuredmedia":[{"embeddable":true,"href":"https:\/\/ozapato.com\/pe\/wp-json\/wp\/v2\/media\/268"}],"wp:attachment":[{"href":"https:\/\/ozapato.com\/pe\/wp-json\/wp\/v2\/media?parent=238"}],"wp:term":[{"taxonomy":"product_brand","embeddable":true,"href":"https:\/\/ozapato.com\/pe\/wp-json\/wp\/v2\/product_brand?post=238"},{"taxonomy":"product_cat","embeddable":true,"href":"https:\/\/ozapato.com\/pe\/wp-json\/wp\/v2\/product_cat?post=238"},{"taxonomy":"product_tag","embeddable":true,"href":"https:\/\/ozapato.com\/pe\/wp-json\/wp\/v2\/product_tag?post=238"}],"curies":[{"name":"wp","href":"https:\/\/api.w.org\/{rel}","templated":true}]}}