{"id":239,"date":"2021-12-16T20:15:18","date_gmt":"2021-12-16T20:15:18","guid":{"rendered":"https:\/\/ozapato.com\/pe\/?post_type=product&#038;p=239"},"modified":"2021-12-16T20:16:37","modified_gmt":"2021-12-16T20:16:37","slug":"lady-01-botas-de-seguridad-para-mujer","status":"publish","type":"product","link":"https:\/\/ozapato.com\/pe\/product\/lady-01-botas-de-seguridad-para-mujer\/","title":{"rendered":"Lady 01 &#8211; Botas de seguridad para mujer"},"content":{"rendered":"<p>[vc_row][vc_column][vc_separator][\/vc_column][\/vc_row][vc_row type=&#8221;boxed&#8221; background_style=&#8221;normal&#8221; css=&#8221;.vc_custom_1581102737838{padding-bottom: 5% !important;}&#8221;][vc_column css=&#8221;.vc_custom_1414573502092{background-position: center !important;background-repeat: no-repeat !important;background-size: cover !important;}&#8221;][vc_column_text]<\/p>\n<ul>\n<li>Lady 5 son botas de seguridad para mujeres.<\/li>\n<li>Suela OZAPATO Slip and Oil Resistant anti-fatiga, excelente antideslizante. Suela que proporciona una mejor tracci\u00f3n en todas las superficies.<\/li>\n<li>Absorci\u00f3n de golpes.<\/li>\n<li>Plantilla\u00a0anti-perforaci\u00f3n Multi-Protective certificada ASTM e ISO.<\/li>\n<li>Ultra-flex technology. Calzado s\u00faper flexible.<\/li>\n<li>Suela resistente a la humedad.<\/li>\n<li>100% cuero con tecnolog\u00eda waterproof, 100% resistente al agua.<\/li>\n<li>Puntera de acero certificada, resistente a m\u00e1s de 2 toneladas (Norma ASTM 2412-2413).<\/li>\n<li>Certificado con la norma de calzado industrial en M\u00e9xico <a href=\"https:\/\/ozapato.com\/normas-de-calzado-industrial-en-mexico\/\" target=\"_blank\" rel=\"noopener noreferrer\">NOM-113-STPS-2009<\/a><\/li>\n<li>Construcci\u00f3n:\u00a0calzado cosido en lockstitch.<\/li>\n<li>Bull\u00f3n exterior acolchado proporcionando una protecci\u00f3n y comodidad en todo el tobillo.<\/li>\n<li>Bull\u00f3n interior anti-microbiano manteniendo el pie seco y reduciendo al m\u00ednimo los olores.<\/li>\n<li>Altura de 6 pulgadas.<\/li>\n<li><a href=\"https:\/\/workdrive.zhohopubhlic.com\/external\/6Ol2VXoNe8r-JqO1d\/downlod\" target=\"_blank\" rel=\"noopener\">Ficha T\u00e9cnica<\/a>.<\/li>\n<\/ul>\n<p>[\/vc_column_text][\/vc_column][\/vc_row][vc_row type=&#8221;boxed&#8221;][vc_column][vc_masonry_media_grid element_width=&#8221;6&#8243; gap=&#8221;2&#8243; grid_id=&#8221;vc_gid:1588598515559-2b3d22f8-4bec-3&#8243; include=&#8221;9230,9231&#8243;][\/vc_column][\/vc_row][vc_row][vc_column][vc_separator][\/vc_column][\/vc_row][vc_row type=&#8221;boxed&#8221;][vc_column][vc_row_inner][vc_column_inner width=&#8221;1\/3&#8243;][vc_column_text]<\/p>\n<h4><strong>Suela<\/strong><\/h4>\n<p>Resistente\u00a0 a qu\u00edmicos y aceites.[\/vc_column_text][\/vc_column_inner][vc_column_inner width=&#8221;1\/3&#8243;][vc_column_text]<\/p>\n<h4>Lockstitch<\/h4>\n<p>Cosido Lockstitch.[\/vc_column_text][\/vc_column_inner][vc_column_inner width=&#8221;1\/3&#8243;][vc_column_text]<\/p>\n<h4>Suela Anti fatiga<\/h4>\n<p>Reflectivo en la parte posterior.[\/vc_column_text][\/vc_column_inner][\/vc_row_inner][\/vc_column][\/vc_row][vc_row][vc_column][vc_separator][\/vc_column][\/vc_row][vc_row type=&#8221;boxed&#8221;][vc_column][vc_column_text]<\/p>\n<h4 class=\"western\" style=\"text-align: center\"><span style=\"color: #ff0000\">\u00bfInteresado? Recibe una cotizaci\u00f3n en 24 horas m\u00e1ximo.<\/span><\/h4>\n<p>[\/vc_column_text][vc_column_text][\/vc_column_text][\/vc_column][\/vc_row][vc_row][vc_column][vc_separator][\/vc_column][\/vc_row][vc_row type=&#8221;boxed&#8221;][vc_column width=&#8221;1\/6&#8243;][\/vc_column][vc_column width=&#8221;2\/3&#8243; css=&#8221;.vc_custom_1463521545778{background-color: #efefef !important;}&#8221;][vc_column_text]<\/p>\n<h3 style=\"text-align: center\">\u00bfQU\u00c9 HACEMOS?<\/h3>\n<p><strong>OZAPATO<\/strong> es una marca de calzado ubicada en Pachuca, M\u00e9xico. Fabricamos botas de seguridad industrial para Costa Rica. Contamos con presencia en Centro Am\u00e9rica, M\u00e9xico y Estados Unidos. Hemos aprendido a lo largo de los a\u00f1os como fabricar botas de seguridad con calidad y de maneja responsable. <strong>En M\u00e9xico,<\/strong> nuestra l\u00ednea industrial cuenta con botas de seguridad, botas de seguridad diel\u00e9ctricas y botas t\u00e1cticas. Descubra nuestras botas de seguridad industrial para la industria mar\u00edtima.Por esta raz\u00f3n, <strong>OZAPATO<\/strong>, presenta las <strong>botas de seguridad\u00a0 para mujeres Lady 5<\/strong>,las botas de seguridad con un dise\u00f1o \u00fanico.<\/p>\n<h3 style=\"text-align: center\">\u00bfC\u00d3MO LO HACEMOS?<\/h3>\n<p>Todas nuestras <strong>botas de seguridad<\/strong> industrial son fabricadas con materiales de alta calidad. Tenga la confianza que sus pies estar\u00e1n protegidos en cada momento. Estamos tan seguros de la calidad de nuestros modelos de botas de seguridad industrial que ofrecemos una <strong>garant\u00eda de 4 meses<\/strong> <strong>y hasta 6 meses<\/strong> para las botas de seguridad m\u00e1s premium. Adem\u00e1s ofrecemos un servicio de <strong>entrega en 24 horas.<\/strong><\/p>\n<p>Todos nuestras botas industriales est\u00e1n pensados para M\u00e9xico. En nuestra f\u00e1brica de Hidalgo, M\u00e9xico. Nuestro modelo de negocio, conecta directamente la f\u00e1brica con el cliente final, evitando intermediarios; no trabajamos con distribuidores que no sean directos. Esto permite ofrecer botas de seguridad a un precio m\u00e1s accesible.<\/p>\n<h3 class=\"western\" align=\"center\">\u00bfPOR QU\u00c9 LO HACEMOS?<\/h3>\n<p>OZAPATO naci\u00f3 con la idea de servir la comunidad local. La producci\u00f3n de nuestras botas de seguridad industrial es un proceso transparente que sustenta el balance socio econ\u00f3mico de la comunidad a la que pertenece.<\/p>\n<p>El valor m\u00e1s importante de OZAPATO es la entrega directa hasta el cliente. Cortamos todos los intermediarios que no a\u00f1aden valor a nuestros consumidores. Cada etapa de la fabricaci\u00f3n de botas de seguridad industrial debe beneficiar a la gente que fabrica el <strong>calzado.<\/strong><\/p>\n<p>Nuestro equipo ama desarrollar <a href=\"https:\/\/ozapato.com\/mx\/como-elegir-calzados-y-botas-de-seguridad\/\">botas de seguridad<\/a> en un ambiente social y econ\u00f3mico justo. Queremos que nuestros clientes conf\u00eden en que no s\u00f3lo compran botas bien hechas y de buena <strong>calidad<\/strong>, sino que tambi\u00e9n cada persona incluida en la cadena de suministro reciba <a href=\"https:\/\/www.acnur.org\/mexico.html\" target=\"_blank\" rel=\"noopener\">un trato justo<\/a> al momento de realizar su trabajo.<\/p>\n<h3 align=\"center\">\u00a1BOTAS DE SEGURIDAD PARA MUJERES!<\/h3>\n<p><a href=\"https:\/\/emojipedia.org\/woman\/\" target=\"_blank\" rel=\"noopener\"><span class=\"emoji\">\ud83d\udc69<\/span><\/a>Lady 1, son botas de seguridad para mujeres con suela resistente a qu\u00edmicos y aceites.Esta cosido con <a href=\"https:\/\/ozapato.com\/cr\/tecnologia\/\">Lockstitch<\/a> y suela anti fatiga,pensado para mujeres.[\/vc_column_text][\/vc_column][vc_column width=&#8221;1\/6&#8243;][\/vc_column][\/vc_row]<\/p>\n","protected":false},"excerpt":{"rendered":"<p><strong>PRECIOS ESPECIALES PARA EMPRESAS Y PROFESIONALES.\u00a0<\/strong><a href=\"mailto:mexico@ozapato.com?subject=Pedido de cotizacion\">COTIZE AQU\u00cd<\/a><\/p>\n<p><a href=\"https:\/\/emojipedia.org\/woman\/\"><span class=\"emoji\">\ud83d\udc69<\/span><\/a>Lady\u00a0 01 son botas de seguridad\u00a0 para\u00a0 mujeres de M\u00e9xico. Su cuero y forro internos acolchados permiten aprovechar su uso constante sin comprometer la comodidad del usuario. Suela anti-fatiga.<\/p>\n<p><strong>\u00a0<\/strong><b><img loading=\"lazy\" decoding=\"async\" class=\"size-full wp-image-7203 alignnone\" src=\"https:\/\/ozapato.com\/mx\/wp-content\/uploads\/sites\/4\/2017\/02\/envio-gratis-e1506649798996.png\" alt=\"\" width=\"24\" height=\"14\" \/>\u00a0 ENV\u00cdOS\u00a0A TODA LA REP\u00daBLICA<\/b><\/p>\n","protected":false},"featured_media":269,"comment_status":"closed","ping_status":"closed","template":"","meta":[],"product_brand":[],"product_cat":[19,18,22],"product_tag":[],"class_list":{"0":"post-239","1":"product","2":"type-product","3":"status-publish","4":"has-post-thumbnail","6":"product_cat-botas-de-construccion","7":"product_cat-industrial","8":"product_cat-mujeres","10":"first","11":"instock","12":"shipping-taxable","13":"purchasable","14":"product-type-variable"},"_links":{"self":[{"href":"https:\/\/ozapato.com\/pe\/wp-json\/wp\/v2\/product\/239","targetHints":{"allow":["GET"]}}],"collection":[{"href":"https:\/\/ozapato.com\/pe\/wp-json\/wp\/v2\/product"}],"about":[{"href":"https:\/\/ozapato.com\/pe\/wp-json\/wp\/v2\/types\/product"}],"replies":[{"embeddable":true,"href":"https:\/\/ozapato.com\/pe\/wp-json\/wp\/v2\/comments?post=239"}],"wp:featuredmedia":[{"embeddable":true,"href":"https:\/\/ozapato.com\/pe\/wp-json\/wp\/v2\/media\/269"}],"wp:attachment":[{"href":"https:\/\/ozapato.com\/pe\/wp-json\/wp\/v2\/media?parent=239"}],"wp:term":[{"taxonomy":"product_brand","embeddable":true,"href":"https:\/\/ozapato.com\/pe\/wp-json\/wp\/v2\/product_brand?post=239"},{"taxonomy":"product_cat","embeddable":true,"href":"https:\/\/ozapato.com\/pe\/wp-json\/wp\/v2\/product_cat?post=239"},{"taxonomy":"product_tag","embeddable":true,"href":"https:\/\/ozapato.com\/pe\/wp-json\/wp\/v2\/product_tag?post=239"}],"curies":[{"name":"wp","href":"https:\/\/api.w.org\/{rel}","templated":true}]}}