{"id":252,"date":"2021-12-16T20:15:19","date_gmt":"2021-12-16T20:15:19","guid":{"rendered":"https:\/\/ozapato.com\/pe\/?post_type=product&#038;p=252"},"modified":"2021-12-16T20:16:29","modified_gmt":"2021-12-16T20:16:29","slug":"spark-01","status":"publish","type":"product","link":"https:\/\/ozapato.com\/pe\/product\/spark-01\/","title":{"rendered":"Spark 01"},"content":{"rendered":"<p>[vc_row type=&#8221;boxed&#8221;][vc_column width=&#8221;1\/6&#8243;][vc_column_text]<\/p>\n<p>[\/vc_column_text][\/vc_column][vc_column width=&#8221;2\/3&#8243;][vc_column_text]<\/p>\n<ul>\n<li>Botas para soldadores dise\u00f1adas para M\u00e9xico.<\/li>\n<li>Suela Slip and Oil Resistant, excelente antideslizante. Suela que proporciona una mejor tracci\u00f3n en todas las superficies.<\/li>\n<li>Aporta flexibilidad y confort en la pisada.<\/li>\n<li>Plantilla antiperforaci\u00f3n Multi-Protective certificada ASTM e ISO.<\/li>\n<li>Ultra-flex technology. Calzado s\u00faper flexible.<\/li>\n<li>Suela resistente a la humedad.<\/li>\n<li>100% cuero con tecnolog\u00eda waterproof, 100% resistente al agua.<\/li>\n<li>Puntera de c\u00f3mposit certificada, resistente a m\u00e1s de 2 toneladas (Norma ASTM 2412-2413).<\/li>\n<li>Construcci\u00f3n: GoodYear Welt.<\/li>\n<li>Altura de 9 pulgadas<\/li>\n<li><a href=\"https:\/\/workdrive.zohopublic.com\/external\/6Ol2VXoNe86-JqO1d\/download\" target=\"_blank\" rel=\"noopener\">Ficha t\u00e9cnica<\/a><\/li>\n<\/ul>\n<p>[\/vc_column_text][\/vc_column][vc_column width=&#8221;1\/6&#8243;][\/vc_column][\/vc_row][vc_row][vc_column][vc_separator][\/vc_column][\/vc_row][vc_row type=&#8221;boxed&#8221;][vc_column width=&#8221;1\/6&#8243;][\/vc_column][vc_column width=&#8221;2\/3&#8243;][vc_masonry_media_grid grid_id=&#8221;vc_gid:1583339811306-c313f262-add1-3&#8243; include=&#8221;7771,7763,7544&#8243;][\/vc_column][vc_column width=&#8221;1\/6&#8243;][\/vc_column][\/vc_row][vc_row][vc_column][vc_separator][\/vc_column][\/vc_row][vc_row][vc_column][vc_separator][\/vc_column][\/vc_row][vc_row type=&#8221;boxed&#8221;][vc_column width=&#8221;1\/3&#8243;][vc_column_text]<\/p>\n<h4>Seguridad<\/h4>\n<p>Casco XL de poliamida + plantilla anti perforaci\u00f3n.<\/p>\n<p>.[\/vc_column_text][\/vc_column][vc_column width=&#8221;1\/3&#8243;][vc_column_text]<\/p>\n<h4>Suela<\/h4>\n<p>Elast\u00f3mero beige antideslizante. Resistente aceites y combustible.[\/vc_column_text][\/vc_column][vc_column width=&#8221;1\/3&#8243;][vc_column_text]<\/p>\n<h4><strong>Goodyeard Welt<\/strong><\/h4>\n<p>Construcci\u00f3n GoodYear Welt para una impermeabilidad total.<\/p>\n<p>.[\/vc_column_text][\/vc_column][\/vc_row][vc_row][vc_column][vc_separator][\/vc_column][\/vc_row][vc_row][vc_column][vc_column_text]<\/p>\n<h4 class=\"western\" style=\"text-align: center\"><span style=\"color: #ff0000\">\u00bfInteresado? Recibe una cotizaci\u00f3n en 24 horas m\u00e1ximo.<\/span><\/h4>\n<p>[\/vc_column_text][vc_column_text]<iframe loading=\"lazy\" height=\"800px\" width=\"100%\" frameborder=\"0\" allow=\"geolocation;microphone;camera\" src=\"https:\/\/forms.zohopublic.com\/virtualoffice9264\/form\/MXWebForm\/formperma\/t2g4AJSxH5dX5eLImIHPs6T1GSbbcmWdJblk7_0ZVFw\"> <\/iframe>[\/vc_column_text][\/vc_column][\/vc_row][vc_row][vc_column][vc_separator][\/vc_column][\/vc_row][vc_row type=&#8221;boxed&#8221;][vc_column width=&#8221;1\/6&#8243;][\/vc_column][vc_column width=&#8221;2\/3&#8243; css=&#8221;.vc_custom_1463521545778{background-color: #efefef !important;}&#8221;][vc_column_text]<\/p>\n<h3 style=\"text-align: center\"><strong>\u00bfQU\u00c9 HACEMOS?<\/strong><\/h3>\n<p style=\"text-align: justify\">OZAPATO es una marca de<a href=\"https:\/\/ozapato.com\/mx\/zapatos-para-chef\/\"> botas de seguridad<\/a> para soldador ubicada en M\u00e9xico. Hemos aprendido a lo largo de los a\u00f1os, c\u00f3mo fabricar productos de alta calidad de manera responsable. Producimos y distribuimos nuestros productos en Rep\u00fablica Dominicana, Costa Rica, M\u00e9xico, Panam\u00e1 y Estados Unidos. <strong>En M\u00e9xico<\/strong>, contamos con una l\u00ednea de botas y zapatillas de cuero\u00a0 modelo\u00a0<strong>Spark\u00a0<\/strong>\u00a0que son botas para soldadores.<\/p>\n<h3 style=\"text-align: center\">\u00bfC\u00d3MO\u00a0LO HACEMOS?<\/h3>\n<p style=\"text-align: justify\">Todas nuestras botas de seguridad industrial son fabricadas con materiales de alta calidad. Tenga la confianza que sus pies estar\u00e1n protegidos en cada momento. Estamos tan seguros de la calidad de nuestros modelos de botas de seguridad industrial que ofrecemos una <strong>garant\u00eda de 4 meses y hasta 6 meses<\/strong> para las botas de seguridad m\u00e1s premium. Adem\u00e1s ofrecemos un servicio de <strong>entrega en 24 horas.<\/strong><\/p>\n<h3 style=\"text-align: center\"><strong>\u00bfPOR QU\u00c9 LO HACEMOS?<\/strong><\/h3>\n<p style=\"text-align: justify\">OZAPATO naci\u00f3 con la idea de servir a la comunidad local. La producci\u00f3n de nuestras botas de seguridad industrial es un proceso transparente que sustenta el balance socio econ\u00f3mico de la comunidad a la que pertenece.<\/p>\n<p style=\"text-align: justify\">El valor m\u00e1s importante de OZAPATO es la entrega directa hasta el cliente. Evitamos todos los intermediarios que no a\u00f1aden valor a nuestros consumidores. Cada etapa de la fabricaci\u00f3n de botas de seguridad industrial debe beneficiar a la gente que fabrica el <strong>calzado.<\/strong><\/p>\n<p style=\"text-align: justify\">A nuestro equipo le apasiona desarrollar botas de seguridad en un ambiente social y econ\u00f3mico justo. Queremos que nuestros clientes conf\u00eden en que no s\u00f3lo compran botas bien hechas y de buena calidad, sino que tambi\u00e9n cada persona incluida en la cadena de suministro reciba <a href=\"https:\/\/www.oxfammexico.org\/\" target=\"_blank\" rel=\"noopener\">un trato justo<\/a> en el momento de realizar su trabajo.<\/p>\n<h3 style=\"text-align: center\"><strong>\u00a1BOTAS PARA SOLDADORES!<\/strong><\/h3>\n<p><span class=\"emoji\"><a href=\"https:\/\/emojipedia.org\/fire\/\" target=\"_blank\" rel=\"noopener\">\ud83d\udd25<\/a>\u00a0<\/span>Spark 01 son botas\u00a0 para <a href=\"https:\/\/ozapato.com\/mx\/calzado-de-seguridad-para-soldador\/\">soldadores<\/a>, fabricada con cuero graso, Waterproof y Goodyeard Welt, con suelas resistentes a los qu\u00edmicos y alta abrasi\u00f3n.[\/vc_column_text][\/vc_column][vc_column width=&#8221;1\/6&#8243;][\/vc_column][\/vc_row][vc_row][vc_column][vc_separator][\/vc_column][\/vc_row][vc_row][vc_column][vc_column_text]\n<div id=\"sb_instagram\"  class=\"sbi sbi_mob_col_1 sbi_tab_col_2 sbi_col_4\" style=\"padding-bottom: 10px; width: 100%;\"\t data-feedid=\"sbi_17841401193873551#20\"  data-res=\"auto\" data-cols=\"4\" data-colsmobile=\"1\" data-colstablet=\"2\" data-num=\"20\" data-nummobile=\"\" data-item-padding=\"5\"\t data-shortcode-atts=\"{}\"  data-postid=\"252\" data-locatornonce=\"43af9160d4\" data-imageaspectratio=\"1:1\" data-sbi-flags=\"favorLocal,gdpr\">\n\t\n\t<div id=\"sbi_images\"  style=\"gap: 10px;\">\n\t\t\t<\/div>\n\n\t<div id=\"sbi_load\" >\n\n\t\n\t\t\t<span class=\"sbi_follow_btn\" >\n\t\t\t<a target=\"_blank\" rel=\"nofollow noopener\" href=\"https:\/\/www.instagram.com\/17841401193873551\/\">\n\t\t\t\t<svg class=\"svg-inline--fa fa-instagram fa-w-14\" aria-hidden=\"true\" data-fa-processed=\"\" aria-label=\"Instagram\" data-prefix=\"fab\" data-icon=\"instagram\" role=\"img\" viewBox=\"0 0 448 512\">\n                    <path fill=\"currentColor\" d=\"M224.1 141c-63.6 0-114.9 51.3-114.9 114.9s51.3 114.9 114.9 114.9S339 319.5 339 255.9 287.7 141 224.1 141zm0 189.6c-41.1 0-74.7-33.5-74.7-74.7s33.5-74.7 74.7-74.7 74.7 33.5 74.7 74.7-33.6 74.7-74.7 74.7zm146.4-194.3c0 14.9-12 26.8-26.8 26.8-14.9 0-26.8-12-26.8-26.8s12-26.8 26.8-26.8 26.8 12 26.8 26.8zm76.1 27.2c-1.7-35.9-9.9-67.7-36.2-93.9-26.2-26.2-58-34.4-93.9-36.2-37-2.1-147.9-2.1-184.9 0-35.8 1.7-67.6 9.9-93.9 36.1s-34.4 58-36.2 93.9c-2.1 37-2.1 147.9 0 184.9 1.7 35.9 9.9 67.7 36.2 93.9s58 34.4 93.9 36.2c37 2.1 147.9 2.1 184.9 0 35.9-1.7 67.7-9.9 93.9-36.2 26.2-26.2 34.4-58 36.2-93.9 2.1-37 2.1-147.8 0-184.8zM398.8 388c-7.8 19.6-22.9 34.7-42.6 42.6-29.5 11.7-99.5 9-132.1 9s-102.7 2.6-132.1-9c-19.6-7.8-34.7-22.9-42.6-42.6-11.7-29.5-9-99.5-9-132.1s-2.6-102.7 9-132.1c7.8-19.6 22.9-34.7 42.6-42.6 29.5-11.7 99.5-9 132.1-9s102.7-2.6 132.1 9c19.6 7.8 34.7 22.9 42.6 42.6 11.7 29.5 9 99.5 9 132.1s2.7 102.7-9 132.1z\"><\/path>\n                <\/svg>\t\t\t\t<span>S\u00edguenos en Instagram<\/span>\n\t\t\t<\/a>\n\t\t<\/span>\n\t\n<\/div>\n\t\t<span class=\"sbi_resized_image_data\" data-feed-id=\"sbi_17841401193873551#20\"\n\t\t  data-resized=\"[]\">\n\t<\/span>\n\t<\/div>\n\n[\/vc_column_text][\/vc_column][\/vc_row]<\/p>\n","protected":false},"excerpt":{"rendered":"<p><strong>PRECIOS ESPECIALES PARA EMPRESAS Y PROFESIONALES.\u00a0<\/strong><a href=\"mailto:mexico@ozapato.com?subject=Pedido de cotizacion\">COTIZE AQU\u00cd<\/a><\/p>\n<p><a href=\"https:\/\/emojipedia.org\/fire\/\"><span class=\"emoji\">\ud83d\udd25<\/span><\/a>\u00a0Spark son botas para soldadores. Su piel en flor entera le permite mantener el pie fresco y seco. Adem\u00e1s sus 9 pulgadas de altura y cosida con GoodYear Wet mantendr\u00e1 su pie lejos de las chispas de soldadura.<\/p>\n<p><strong>\u00a0<\/strong><strong><img loading=\"lazy\" decoding=\"async\" class=\"size-full wp-image-7203 alignnone\" src=\"https:\/\/ozapato.com\/mx\/wp-content\/uploads\/sites\/4\/2017\/02\/envio-gratis-e1506649798996.png\" alt=\"\" width=\"24\" height=\"14\" \/>\u00a0\u00a0ENVIOS A TODA LA REP\u00daBLICA<\/strong><\/p>\n","protected":false},"featured_media":271,"comment_status":"open","ping_status":"closed","template":"","meta":[],"product_brand":[],"product_cat":[20,24,18,21,25],"product_tag":[],"class_list":{"0":"post-252","1":"product","2":"type-product","3":"status-publish","4":"has-post-thumbnail","6":"product_cat-dielectrica","7":"product_cat-goodyear-welt","8":"product_cat-industrial","9":"product_cat-mercadolibre","10":"product_cat-soldador","12":"first","13":"instock","14":"shipping-taxable","15":"purchasable","16":"product-type-variable","17":"has-default-attributes"},"_links":{"self":[{"href":"https:\/\/ozapato.com\/pe\/wp-json\/wp\/v2\/product\/252","targetHints":{"allow":["GET"]}}],"collection":[{"href":"https:\/\/ozapato.com\/pe\/wp-json\/wp\/v2\/product"}],"about":[{"href":"https:\/\/ozapato.com\/pe\/wp-json\/wp\/v2\/types\/product"}],"replies":[{"embeddable":true,"href":"https:\/\/ozapato.com\/pe\/wp-json\/wp\/v2\/comments?post=252"}],"wp:featuredmedia":[{"embeddable":true,"href":"https:\/\/ozapato.com\/pe\/wp-json\/wp\/v2\/media\/271"}],"wp:attachment":[{"href":"https:\/\/ozapato.com\/pe\/wp-json\/wp\/v2\/media?parent=252"}],"wp:term":[{"taxonomy":"product_brand","embeddable":true,"href":"https:\/\/ozapato.com\/pe\/wp-json\/wp\/v2\/product_brand?post=252"},{"taxonomy":"product_cat","embeddable":true,"href":"https:\/\/ozapato.com\/pe\/wp-json\/wp\/v2\/product_cat?post=252"},{"taxonomy":"product_tag","embeddable":true,"href":"https:\/\/ozapato.com\/pe\/wp-json\/wp\/v2\/product_tag?post=252"}],"curies":[{"name":"wp","href":"https:\/\/api.w.org\/{rel}","templated":true}]}}