{"id":253,"date":"2021-12-16T20:15:19","date_gmt":"2021-12-16T20:15:19","guid":{"rendered":"https:\/\/ozapato.com\/pe\/?post_type=product&#038;p=253"},"modified":"2021-12-16T20:16:29","modified_gmt":"2021-12-16T20:16:29","slug":"cop-01-botas-tacticas-para-policia","status":"publish","type":"product","link":"https:\/\/ozapato.com\/pe\/product\/cop-01-botas-tacticas-para-policia\/","title":{"rendered":"Cop 01 &#8211; Botas t\u00e1cticas para polic\u00eda"},"content":{"rendered":"<p>[vc_row type=&#8221;boxed&#8221;][vc_column width=&#8221;1\/6&#8243;][\/vc_column][vc_column width=&#8221;2\/3&#8243;][vc_column_text]<\/p>\n<ul>\n<li>Cop 01 botas militares y\u00a0 t\u00e1cticas.<\/li>\n<li>Suela flexible con resistencia a los golpes, excelente antideslizante.<\/li>\n<li>Suela Slip and Oil Resistant que proporciona una mejor tracci\u00f3n en todas las superficies.<\/li>\n<li>Suela resistente a la humedad\u00a0y\u00a0antifatiga<\/li>\n<li>100% cuero con tecnolog\u00eda waterproof, 100% resistente al agua<\/li>\n<li>Plantilla antiperforaci\u00f3n de kevlar Multi-Protective ultra flex certificada ISO y ASTM.<\/li>\n<li>Puntera de acero certificada <strong>opcional<\/strong>, resistente a m\u00e1s de 2 toneladas (norma ASTM 2412-2413).<\/li>\n<li>Construcci\u00f3n:\u00a0calzado cosido en lockstitch<\/li>\n<li>Agujetas de poli\u00e9ster con alma de algod\u00f3n resistente para uso prolongado.<\/li>\n<li>Costuras selladas 100% de Nylon.<\/li>\n<li>Ojillos en forma de &#8220;D&#8221; para que la agujeta pueda ser amarrada con facilidad<\/li>\n<li>Altura de 9 pulgadas.<\/li>\n<li><a href=\"https:\/\/workdrive.zohopublic.com\/external\/6Ol2VXoNe8e-JqO1d\/download\" target=\"_blank\" rel=\"noopener noreferrer\">Descargar ficha t\u00e9cnica<\/a><\/li>\n<\/ul>\n<p>[\/vc_column_text][\/vc_column][vc_column width=&#8221;1\/6&#8243;][\/vc_column][\/vc_row][vc_row][vc_column][vc_separator][\/vc_column][\/vc_row][vc_row type=&#8221;boxed&#8221;][vc_column width=&#8221;1\/6&#8243;][vc_column_text]<\/p>\n<p>[\/vc_column_text][\/vc_column][vc_column width=&#8221;2\/3&#8243;][vc_masonry_media_grid element_width=&#8221;3&#8243; grid_id=&#8221;vc_gid:1610155985928-71ab6b4f-9202-1&#8243; include=&#8221;6224,6229,6216,6251&#8243;][\/vc_column][vc_column width=&#8221;1\/6&#8243;][\/vc_column][\/vc_row][vc_row type=&#8221;boxed&#8221; background_style=&#8221;normal&#8221; css=&#8221;.vc_custom_1580505020479{padding-bottom: 5% !important;background-color: #f7f7f9 !important;}&#8221;][vc_column css=&#8221;.vc_custom_1414573502092{background-position: center !important;background-repeat: no-repeat !important;background-size: cover !important;}&#8221;][vc_row_inner type=&#8221;boxed&#8221; css=&#8221;.vc_custom_1414582542600{margin-top: 35px !important;}&#8221;][vc_column_inner width=&#8221;1\/3&#8243;][vc_column_text css=&#8221;.vc_custom_1580504878719{margin-right: 30px !important;margin-left: 30px !important;padding-right: 30px !important;padding-left: 30px !important;}&#8221;]<\/p>\n<h4>Suela\u00a0 Antideslizante<\/h4>\n<p>Suela OZAPATO antideslizante. Excelente para terrenos irregulares y construcci\u00f3n. Suela negra antideslizante. Resistente a grava, barro, patios, suelos porosos, asfalto.[\/vc_column_text][\/vc_column_inner][vc_column_inner width=&#8221;1\/3&#8243;][vc_column_text css=&#8221;.vc_custom_1580504939316{margin-right: 30px !important;margin-left: 30px !important;padding-right: 30px !important;padding-left: 30px !important;}&#8221;]<\/p>\n<h4>Construcci\u00f3n lockstitch<\/h4>\n<p>Bota cosida en lockstitch, ofreciendo una mayor durabilidad en un clima h\u00famedo.[\/vc_column_text][\/vc_column_inner][vc_column_inner width=&#8221;1\/3&#8243;][vc_column_text css=&#8221;.vc_custom_1578407694928{margin-right: 30px !important;margin-left: 30px !important;padding-right: 30px !important;padding-left: 30px !important;}&#8221;]<\/p>\n<h4>Cuero flor entera<\/h4>\n<p>Cuero full-grain negro que ofrece mayor durabilidad, flexibilidad, ergonom\u00eda y frescura.[\/vc_column_text][\/vc_column_inner][\/vc_row_inner][\/vc_column][\/vc_row][vc_row][vc_column][vc_separator][\/vc_column][\/vc_row][vc_row type=&#8221;boxed&#8221;][vc_column][vc_column_text]<\/p>\n<h4 class=\"western\" style=\"text-align: center\"><span style=\"color: #ff0000\">\u00bfInteresado? Recibe una cotizaci\u00f3n en 24 horas m\u00e1ximo.<\/span><\/h4>\n<p>.[\/vc_column_text][vc_column_text]<iframe loading=\"lazy\" height=\"800px\" width=\"100%\" frameborder=\"0\" allow=\"geolocation;microphone;camera\" src=\"https:\/\/forms.zohopublic.com\/virtualoffice9264\/form\/MXWebForm\/formperma\/t2g4AJSxH5dX5eLImIHPs6T1GSbbcmWdJblk7_0ZVFw\"> <\/iframe>[\/vc_column_text][\/vc_column][\/vc_row][vc_row type=&#8221;boxed&#8221;][vc_column][vc_column_text]<\/p>\n<h3 class=\"western\" align=\"center\"><strong>\u00bfQU\u00c9 HACEMOS?<\/strong><\/h3>\n<p>OZAPATO es una marca de calzado ubicada en Pachuca, M\u00e9xico. Fabricamos botas de seguridad industrial y contamos con presencia en Costa Rica, Rep\u00fablica Dominicana, M\u00e9xico, Panam\u00e1 y Estados Unidos. Hemos aprendido a lo largo de los a\u00f1os como fabricar botas de seguridad con calidad y de manera responsable. <strong>En M\u00e9xico<\/strong>, nuestra l\u00ednea industrial cuenta con botas de seguridad, botas de seguridad diel\u00e9ctricas y botas t\u00e1cticas. Por esta raz\u00f3n, OZAPATO, les presenta un producto innovador en el mercado, las <strong>botas militares y\u00a0 t\u00e1cticas<\/strong>\u00a0<a href=\"https:\/\/ozapato.com\/mx\/producto\/cop02-9\/\">Cop<\/a> con sus diferentes modelos.<\/p>\n<p>\u00a1Elija de nuestro cat\u00e1logo las botas que necesita para trabajar con seguridad!<\/p>\n<h3 class=\"western\" align=\"center\">\u00bfC\u00d3MO\u00a0LO\u00a0HACEMOS\u00a0?<\/h3>\n<p>Todas nuestras botas de seguridad industrial son fabricadas con materiales de alta <strong>calidad<\/strong>. Tenga la confianza que sus pies estar\u00e1n protegidos en cada momento. Estamos tan seguros de la calidad de nuestros modelos de botas de seguridad industrial que ofrecemos una<strong> garant\u00eda de 4 meses y hasta 6 meses<\/strong> para las botas de seguridad m\u00e1s premium. Adem\u00e1s ofrecemos un servicio <strong>de entrega en 24 horas.<\/strong><\/p>\n<h3 class=\"western\" align=\"center\"><strong>\u00bfPOR QU\u00c9 LO HACEMOS?<\/strong><\/h3>\n<p>OZAPATO naci\u00f3 con la idea de servir a la <a href=\"https:\/\/www.cruzrojamexicana.org.mx\/\" target=\"_blank\" rel=\"noopener\">comunidad local.<\/a> La producci\u00f3n de nuestras botas de seguridad industrial es un proceso transparente que sustenta el balance socio econ\u00f3mico de la comunidad a la que pertenece.<\/p>\n<p>El valor m\u00e1s importante de OZAPATO es la entrega <strong>directa hasta el cliente.<\/strong> Evitamos todos los intermediarios que no a\u00f1aden valor a nuestros consumidores. Cada etapa de la fabricaci\u00f3n de botas de seguridad industrial debe beneficiar a la gente que fabrica el <strong>calzado.<\/strong><\/p>\n<h3 style=\"text-align: center\">\u00a1BOTAS T\u00c1CTICAS Y MILITARES!<\/h3>\n<p><b>\u00a0\ud83d\udea8\u00a0Cop 0<\/b><b>1<\/b><b>,<\/b>\u00a0son <strong>botas\u00a0 militar t\u00e1cticas<\/strong> creada por OZAPATO, que esta compuesta por una tecnolog\u00eda de suela anti-fatiga ultra flexible con absorci\u00f3n del choque al caminar Dryfast . Por otro lado, el zapato industrial incluye un repelente de poliuretano para la humendad Waterproof 100% cuero graso.<\/p>\n<p>OZAPATO ofrece dos modelos Cop, el modelo cl\u00e1sico Cop 01 y el modelo mas nuevo Cop 02,buscando adaptarse a las necesidades de los distintos usuarios y al mejor precio.<\/p>\n<p>.[\/vc_column_text][\/vc_column][\/vc_row][vc_row][vc_column][\/vc_column][\/vc_row]<\/p>\n","protected":false},"excerpt":{"rendered":"<p>\ud83d\udea8 El Cop ses calzado<strong>\u00a0t\u00e1ctico<\/strong> <strong>y militar<\/strong> ideal para polic\u00edas y guardias que buscan una bota c\u00f3moda en sus d\u00edas de trabajo. Con su tecnolog\u00eda antifatiga, esta bota le permite estar de pie durante varias horas sin lastimarse el pie. Las mejores botas t\u00e1cticas para polic\u00edas en M\u00e9xico.<\/p>\n<p><b><img loading=\"lazy\" decoding=\"async\" class=\"size-full wp-image-7203 alignnone\" src=\"https:\/\/ozapato.com\/mx\/wp-content\/uploads\/sites\/4\/2017\/02\/envio-gratis-e1506649798996.png\" alt=\"\" width=\"24\" height=\"14\" \/><span style=\"vertical-align: inherit\"><span style=\"vertical-align: inherit\">\u00a0 ENV\u00cdOS A TODA LA REP\u00daBLICA<\/span><\/span><\/b><\/p>\n","protected":false},"featured_media":272,"comment_status":"closed","ping_status":"closed","template":"","meta":[],"product_brand":[],"product_cat":[26],"product_tag":[],"class_list":{"0":"post-253","1":"product","2":"type-product","3":"status-publish","4":"has-post-thumbnail","6":"product_cat-tactica","8":"first","9":"onbackorder","10":"shipping-taxable","11":"purchasable","12":"product-type-variable"},"_links":{"self":[{"href":"https:\/\/ozapato.com\/pe\/wp-json\/wp\/v2\/product\/253","targetHints":{"allow":["GET"]}}],"collection":[{"href":"https:\/\/ozapato.com\/pe\/wp-json\/wp\/v2\/product"}],"about":[{"href":"https:\/\/ozapato.com\/pe\/wp-json\/wp\/v2\/types\/product"}],"replies":[{"embeddable":true,"href":"https:\/\/ozapato.com\/pe\/wp-json\/wp\/v2\/comments?post=253"}],"wp:featuredmedia":[{"embeddable":true,"href":"https:\/\/ozapato.com\/pe\/wp-json\/wp\/v2\/media\/272"}],"wp:attachment":[{"href":"https:\/\/ozapato.com\/pe\/wp-json\/wp\/v2\/media?parent=253"}],"wp:term":[{"taxonomy":"product_brand","embeddable":true,"href":"https:\/\/ozapato.com\/pe\/wp-json\/wp\/v2\/product_brand?post=253"},{"taxonomy":"product_cat","embeddable":true,"href":"https:\/\/ozapato.com\/pe\/wp-json\/wp\/v2\/product_cat?post=253"},{"taxonomy":"product_tag","embeddable":true,"href":"https:\/\/ozapato.com\/pe\/wp-json\/wp\/v2\/product_tag?post=253"}],"curies":[{"name":"wp","href":"https:\/\/api.w.org\/{rel}","templated":true}]}}