{"id":254,"date":"2021-12-16T20:15:19","date_gmt":"2021-12-16T20:15:19","guid":{"rendered":"https:\/\/ozapato.com\/pe\/?post_type=product&#038;p=254"},"modified":"2021-12-16T20:16:10","modified_gmt":"2021-12-16T20:16:10","slug":"comfort-01","status":"publish","type":"product","link":"https:\/\/ozapato.com\/pe\/product\/comfort-01\/","title":{"rendered":"Comfort 01"},"content":{"rendered":"<p>[vc_row type=&#8221;boxed&#8221;][vc_column][vc_column_text]<\/p>\n<ul>\n<li>Comfort 01 Zapatos multiusos.<\/li>\n<li>Suela antiderrapante. Suela que proporciona una mejor tracci\u00f3n en todas las superficies.<\/li>\n<li>Suela resistente a la humedad.<\/li>\n<li>Aporta mayor confort y flexibilidad en la suela.<\/li>\n<li>Plantilla antiperforaci\u00f3n de kevlar Multi-Protective ultra flex certificada ISO y ASTM.<\/li>\n<li>Puntera de poliamida certificada con resistencia a m\u00e1s de 2 toneladas (Norma ASTM 2412-2413).<\/li>\n<li>Certificado con la norma de calzado industrial en\u00a0<a href=\"https:\/\/ozapato.com\/normas-de-calzado-industrial-en-mexico\/\" target=\"_blank\" rel=\"noopener noreferrer\">M\u00e9xico NOM-113-STPS-2009<\/a><\/li>\n<li>Construcci\u00f3n:\u00a0calzado cosido en lockstitch<\/li>\n<li>Bull\u00f3n interior antimicrobiano que mantiene el pie seco y reduce al m\u00ednimo los olores<\/li>\n<li>Altura de 4 pulgadas<\/li>\n<li><a href=\"https:\/\/workdrive.zohopublic.com\/external\/6Ol2VXoNe8c-JqO1d\/download\" target=\"_blank\" rel=\"noopener\">Ficha t\u00e9cnica<\/a><\/li>\n<\/ul>\n<p>[\/vc_column_text][\/vc_column][\/vc_row][vc_column width=&#8221;1\/6&#8243;][vc_column_text]<\/p>\n<p>[\/vc_column_text][\/vc_column][vc_row][vc_column][vc_separator][\/vc_column][\/vc_row][vc_row type=&#8221;boxed&#8221;][vc_column][vc_media_grid grid_id=&#8221;vc_gid:1583438690305-9d6c31ef-d3a8-5&#8243; include=&#8221;7166,7164,7163&#8243;][\/vc_column][\/vc_row][vc_row][vc_column][vc_separator][\/vc_column][\/vc_row][vc_row type=&#8221;boxed&#8221;][vc_column width=&#8221;1\/3&#8243;][vc_column_text]<\/p>\n<h4 style=\"text-align: center\">Lockstitch<\/h4>\n<p>Suela OZAPATO slip and oil resistant. Apta para exposiciones el\u00e9ctricas.<\/p>\n<p>.[\/vc_column_text][\/vc_column][vc_column width=&#8221;1\/3&#8243;][vc_column_text]<\/p>\n<h4 style=\"text-align: center\">Seguridad<\/h4>\n<p>Casco XL de poliamida con plantilla anti perforaci\u00f3n.[\/vc_column_text][\/vc_column][vc_column width=&#8221;1\/3&#8243;][vc_column_text]<\/p>\n<h4 style=\"text-align: center\">Antiperforaci\u00f3n<\/h4>\n<p>Plantilla antiperforaci\u00f3n textil certificada ASTM e ISO. Ofrece una mayor flexibilidad, ergonom\u00eda y frescura.<\/p>\n<p>.[\/vc_column_text][\/vc_column][\/vc_row][vc_row][vc_column][vc_separator][\/vc_column][\/vc_row][vc_row][vc_column][vc_column_text]<\/p>\n<h4 class=\"western\" style=\"text-align: center\"><span style=\"color: #ff0000\">\u00bfInteresado? Recibe una cotizaci\u00f3n en 24 horas m\u00e1ximo.<\/span><\/h4>\n<p><iframe loading=\"lazy\" height=\"800px\" width=\"100%\" frameborder=\"0\" allow=\"geolocation;microphone;camera\" src=\"https:\/\/forms.zohopublic.com\/virtualoffice9264\/form\/MXWebForm\/formperma\/t2g4AJSxH5dX5eLImIHPs6T1GSbbcmWdJblk7_0ZVFw\"> <\/iframe>[\/vc_column_text][\/vc_column][\/vc_row][vc_row type=&#8221;boxed&#8221;][vc_column][vc_column_text]<\/p>\n<h3 class=\"western\" align=\"center\"><strong>\u00bfQU\u00c9\u00a0HACEMOS?<\/strong><\/h3>\n<p><span style=\"color: #000000\">OZAPATO<\/span> es una marca de calzado ubicada en Pachuca, M\u00e9xico. Fabricamos botas de seguridad industrial y contamos con presencia en Costa Rica, Rep\u00fablica Dominicana, M\u00e9xico, Panam\u00e1 y Estados Unidos. Hemos aprendido a lo largo de los a\u00f1os como fabricar botas de seguridad con calidad y de manera responsable. En Costa Rica, nuestra l\u00ednea industrial cuenta con botas de seguridad, botas de seguridad diel\u00e9ctricas y botas t\u00e1cticas. Por esta raz\u00f3n, OZAPATO, les presenta\u00a0<b>Comfort 01\u00a0 <\/b>sus <strong>zapatos multiusos<\/strong> de cuero negro antideslizante.<\/p>\n<p>\u00a1Elija de nuestro cat\u00e1logo las botas que necesita para trabajar con seguridad!<\/p>\n<h3 class=\"western\" align=\"center\">\u00bfC\u00d3MO\u00a0LO HACEMOS?<\/h3>\n<p>Todas nuestras <strong>botas de seguridad industrial<\/strong> son fabricadas con materiales de alta calidad. Tenga la confianza que sus pies estar\u00e1n protegidos en cada momento. Estamos tan seguros de la calidad de nuestros modelos de botas de seguridad industrial que ofrecemos una <strong>garant\u00eda de 4 meses y hasta 6 meses<\/strong> para las botas de seguridad m\u00e1s premium. Adem\u00e1s ofrecemos un servicio de entrega en 24 horas.<\/p>\n<h3 class=\"western\" align=\"center\"><strong>\u00bfPOR QU\u00c9 LO HACEMOS?<\/strong><\/h3>\n<p>OZAPATO naci\u00f3 con la idea de servir a la comunidad local. La producci\u00f3n de nuestras botas de seguridad industrial es un proceso transparente que sustenta el balance socio econ\u00f3mico de la comunidad a la que pertenece.<\/p>\n<p>El valor m\u00e1s importante de OZAPATO es la entrega directa hasta el cliente. Evitamos todos los intermediarios que no a\u00f1aden valor a nuestros consumidores. Cada etapa de la fabricaci\u00f3n de botas de seguridad industrial debe beneficiar a la gente que fabrica el calzado.<\/p>\n<h3 align=\"center\">\u00a1ZAPATOS MULTIUSOS!<\/h3>\n<p><a href=\"https:\/\/emojipedia.org\/hiking-boot\/\" target=\"_blank\" rel=\"noopener\"><span class=\"emoji\">\ud83e\udd7e<\/span><\/a>Comfort 01 son zapatos multiusos que\u00a0 est\u00e1n compuesto de <a href=\"https:\/\/ozapato.com\/mx\/tecnologia\/\">Lockstitch<\/a> , que es una suela pegada al corte y cosida de cuero.<\/p>\n<p>Tambi\u00e9n para brindarle mas seguridad al usuario, los zapatos Comfort 01 est\u00e1n fabricada con un casco XL de poliamida mas una plantilla anti perforaci\u00f3n.[\/vc_column_text][\/vc_column][\/vc_row]<\/p>\n","protected":false},"excerpt":{"rendered":"<p class=\"p1\"><b>PRECIOS PARA EMPRESAS.\u00a0<\/b><a href=\"https:\/\/ozapato.com\/mx\/faqs\/\"><span class=\"s1\">COTIZE AQUI<\/span><\/a><\/p>\n<p>El Comfort naci\u00f3 de la necesidad de tener unos zapatos\u00a0 multiusos que se pudiera usar tanto en oficina como en terrenos dif\u00edciles. Su casco de composite es m\u00e1s liviano y espacioso que un casco de seguridad met\u00e1lico.<\/p>\n<p><strong>\u00a0<\/strong><b><img loading=\"lazy\" decoding=\"async\" class=\"size-full wp-image-7203 alignnone\" src=\"https:\/\/ozapato.com\/mx\/wp-content\/uploads\/sites\/4\/2017\/02\/envio-gratis-e1506649798996.png\" alt=\"\" width=\"24\" height=\"14\" \/>\u00a0 ENV\u00cdOS\u00a0A TODA LA REP\u00daBLICA<\/b><\/p>\n","protected":false},"featured_media":274,"comment_status":"open","ping_status":"closed","template":"","meta":[],"product_brand":[],"product_cat":[18,27,28],"product_tag":[],"class_list":{"0":"post-254","1":"product","2":"type-product","3":"status-publish","4":"has-post-thumbnail","6":"product_cat-industrial","7":"product_cat-zapatos-para-hospitales","8":"product_cat-zapatos-para-restaurantes","10":"first","11":"instock","12":"shipping-taxable","13":"purchasable","14":"product-type-variable"},"_links":{"self":[{"href":"https:\/\/ozapato.com\/pe\/wp-json\/wp\/v2\/product\/254","targetHints":{"allow":["GET"]}}],"collection":[{"href":"https:\/\/ozapato.com\/pe\/wp-json\/wp\/v2\/product"}],"about":[{"href":"https:\/\/ozapato.com\/pe\/wp-json\/wp\/v2\/types\/product"}],"replies":[{"embeddable":true,"href":"https:\/\/ozapato.com\/pe\/wp-json\/wp\/v2\/comments?post=254"}],"wp:featuredmedia":[{"embeddable":true,"href":"https:\/\/ozapato.com\/pe\/wp-json\/wp\/v2\/media\/274"}],"wp:attachment":[{"href":"https:\/\/ozapato.com\/pe\/wp-json\/wp\/v2\/media?parent=254"}],"wp:term":[{"taxonomy":"product_brand","embeddable":true,"href":"https:\/\/ozapato.com\/pe\/wp-json\/wp\/v2\/product_brand?post=254"},{"taxonomy":"product_cat","embeddable":true,"href":"https:\/\/ozapato.com\/pe\/wp-json\/wp\/v2\/product_cat?post=254"},{"taxonomy":"product_tag","embeddable":true,"href":"https:\/\/ozapato.com\/pe\/wp-json\/wp\/v2\/product_tag?post=254"}],"curies":[{"name":"wp","href":"https:\/\/api.w.org\/{rel}","templated":true}]}}