{"id":255,"date":"2021-12-16T20:15:19","date_gmt":"2021-12-16T20:15:19","guid":{"rendered":"https:\/\/ozapato.com\/pe\/?post_type=product&#038;p=255"},"modified":"2021-12-16T20:16:10","modified_gmt":"2021-12-16T20:16:10","slug":"komalli-01","status":"publish","type":"product","link":"https:\/\/ozapato.com\/pe\/product\/komalli-01\/","title":{"rendered":"Komalli 01"},"content":{"rendered":"<p>[vc_row type=&#8221;boxed&#8221;][vc_column width=&#8221;1\/6&#8243;][vc_column_text]<\/p>\n<p>[\/vc_column_text][\/vc_column][vc_column width=&#8221;2\/3&#8243;][vc_column_text]<\/p>\n<ul>\n<li>Komalli 01 Zapatos ultralivianos.<\/li>\n<li>Construcci\u00f3n: Lockstitch<\/li>\n<li>Suela: Raflex TECATO negro resistente a aceites y altas temperaturas<\/li>\n<li>Corte: Cuero negro napa con resorte negro en laterales<\/li>\n<li>Color: Negro<\/li>\n<li>Forro: Forrado antimicrobiano acolchado color negro<\/li>\n<li>Costuras: Doble y triple de nylon color negro<\/li>\n<li>Contrafuerte: Orothermo<\/li>\n<li>Puntera: Sin casco con duratex para mantener firmeza en punta<\/li>\n<li>Plantilla interior: Poliuretano anti-fatiga<\/li>\n<li>Plantilla: CelfilAjuste: Horma delgada Altura: 8 cmNumeraci\u00f3n: 5 &#8211; 13 usCertificaci\u00f3n; certificada ISO \/ ASTM 2412Libre de metal.<\/li>\n<li><a href=\"https:\/\/workdrive.zohopublic.com\/external\/6Ol2VXoNe8q-JqO1d\/download\" target=\"_blank\" rel=\"noopener\">Ficha t\u00e9cnica<\/a><\/li>\n<\/ul>\n<p>[\/vc_column_text][\/vc_column][vc_column width=&#8221;1\/6&#8243;][\/vc_column][\/vc_row][vc_row][vc_column][vc_separator][\/vc_column][\/vc_row][vc_row type=&#8221;boxed&#8221;][vc_column][vc_masonry_media_grid grid_id=&#8221;vc_gid:1582223057866-74654f58-389f-6&#8243; include=&#8221;7780,7769,7761&#8243;][\/vc_column][\/vc_row][vc_row][vc_column][vc_separator][\/vc_column][\/vc_row][vc_row][vc_column width=&#8221;1\/2&#8243;][vc_column_text].<\/p>\n<h4>Suela Antideslizante<\/h4>\n<p>Suela OZAPATO de hule natural, slip resistant. Entresuela de Hule, libre de plomo.[\/vc_column_text][\/vc_column][vc_column width=&#8221;1\/2&#8243;][vc_column_text]<\/p>\n<h4>\u00a0Lockstitcher<\/h4>\n<p>Bota cosida en lockstitcher que ofrece una durabilidad m\u00e1xima. Nunca se le despegara[\/vc_column_text][\/vc_column][\/vc_row][vc_row][vc_column][vc_separator][\/vc_column][\/vc_row][vc_row type=&#8221;boxed&#8221;][vc_column][vc_column_text]<\/p>\n<h4 class=\"western\" style=\"text-align: center\"><span style=\"color: #ff0000\">\u00bfInteresado? Recibe una cotizaci\u00f3n en 24 horas m\u00e1ximo.<\/span><\/h4>\n<p><iframe loading=\"lazy\" height=\"800px\" width=\"100%\" frameborder=\"0\" allow=\"geolocation;microphone;camera\" src=\"https:\/\/forms.zohopublic.com\/virtualoffice9264\/form\/MXWebForm\/formperma\/t2g4AJSxH5dX5eLImIHPs6T1GSbbcmWdJblk7_0ZVFw\"> <\/iframe>[\/vc_column_text][\/vc_column][\/vc_row][vc_row][vc_column][vc_column_text]<\/p>\n<p>[\/vc_column_text][\/vc_column][\/vc_row][vc_row][vc_column][vc_column_text]<\/p>\n<h3 align=\"center\"><\/h3>\n<h3 align=\"center\"><strong>\u00bfQU\u00c9 HACEMOS?<\/strong><\/h3>\n<p>OZAPATO es una marca de calzado ubicada en Pachuca, M\u00e9xico. Fabricamos botas de seguridad industrial y contamos con presencia en Costa Rica, Rep\u00fablica Dominicana, M\u00e9xico, Panam\u00e1 y Estados Unidos. Hemos aprendido a lo largo de los a\u00f1os como fabricar botas de seguridad con calidad y de manera responsable. En M\u00e9xico, nuestra l\u00ednea industrial cuenta con botas de seguridad, botas de seguridad diel\u00e9ctricas y botas t\u00e1cticas. Por esta raz\u00f3n, OZAPATO les presenta sus <strong>zapatos ultralivianos Komali\u00a0 01\u00a0<\/strong>para mujeres.\u00a1Elija de nuestro cat\u00e1logo las botas que necesita para trabajar con seguridad!<\/p>\n<h3 class=\"western\" align=\"center\"><strong>\u00bf<\/strong><strong>C\u00d3MO<\/strong><strong> LO HACEMOS?<\/strong><\/h3>\n<p>Todas nuestras <strong>botas de seguridad<\/strong> industrial son fabricadas con materiales de alta calidad. Tenga la confianza que sus pies estar\u00e1n protegidos en cada momento. Estamos tan seguros de la calidad de nuestros modelos de botas de seguridad industrial que ofrecemos una <strong>garant\u00eda de 4 meses<\/strong> y hasta 6 meses para las botas de seguridad m\u00e1s premium. Adem\u00e1s ofrecemos un servicio de<strong> entrega en 24 horas.<\/strong><\/p>\n<h3 class=\"western\" align=\"center\"><strong>\u00bfPOR QU\u00c9 LO HACEMOS?<\/strong><\/h3>\n<p>OZAPATO naci\u00f3 con la idea de servir a la comunidad local. La producci\u00f3n de nuestras<a href=\"https:\/\/ozapato.com\/\"> botas de seguridad industrial<\/a> es un proceso transparente que sustenta el balance socio econ\u00f3mico de la comunidad a la que pertenece.<\/p>\n<p>El valor m\u00e1s importante de OZAPATO es la entrega directa hasta el cliente. Evitamos todos los intermediarios que no a\u00f1aden valor a nuestros consumidores. Cada etapa de la fabricaci\u00f3n de botas de seguridad industrial debe beneficiar a la gente que fabrica el <strong>calzado.<\/strong><\/p>\n<p>A nuestro equipo le apasiona desarrollar botas de seguridad en un ambiente social y econ\u00f3mico justo. Queremos que nuestros clientes conf\u00eden en que no s\u00f3lo compran botas bien hechas y de buena calidad, sino que tambi\u00e9n cada persona incluida en la cadena de suministro reciba un trato justo al momento.<\/p>\n<h3 align=\"center\"><b>\u00a1ZAPATOS ULTRALIVIANOS PARA CHEFS!<\/b><\/h3>\n<p align=\"left\">\ud83d\udd25\u00a0Komalli 01 son\u00a0<a href=\"https:\/\/ozapato.com\/mx\/producto\/rock-03\/\">zapato<\/a>s ultralivianos para Chefs de cuero negro, y con suela pegada al corte y cosida. La suela reflex TECATO es resistente a las altas temperaturas y aceites.<\/p>\n<p>[\/vc_column_text][\/vc_column][\/vc_row]<\/p>\n","protected":false},"excerpt":{"rendered":"<p><strong>PRECIOS PARA EMPRESAS.\u00a0<\/strong><a href=\"http:\/\/ozapato.com\/mx\/cotizacion\/\" target=\"_blank\" rel=\"noopener noreferrer\">COTIZE AQUI<\/a><\/p>\n<p>\ud83d\udd25Komali 01 son unos zapatos\u00a0 ultralivianos\u00a0 dise\u00f1ado para todos los chefs y personal que necesitan un calzado liviano,resistente y est\u00e9tico.Con suela antideslizante y Lockstitcher.<\/p>\n<p>\ud83d\ude9b\u00a0ENV\u00cdOS A TODA LA REP\u00daBLICA.<\/p>\n<p>&nbsp;<\/p>\n","protected":false},"featured_media":277,"comment_status":"closed","ping_status":"closed","template":"","meta":[],"product_brand":[],"product_cat":[21,27,28],"product_tag":[],"class_list":{"0":"post-255","1":"product","2":"type-product","3":"status-publish","4":"has-post-thumbnail","6":"product_cat-mercadolibre","7":"product_cat-zapatos-para-hospitales","8":"product_cat-zapatos-para-restaurantes","10":"first","11":"instock","12":"shipping-taxable","13":"purchasable","14":"product-type-variable"},"_links":{"self":[{"href":"https:\/\/ozapato.com\/pe\/wp-json\/wp\/v2\/product\/255","targetHints":{"allow":["GET"]}}],"collection":[{"href":"https:\/\/ozapato.com\/pe\/wp-json\/wp\/v2\/product"}],"about":[{"href":"https:\/\/ozapato.com\/pe\/wp-json\/wp\/v2\/types\/product"}],"replies":[{"embeddable":true,"href":"https:\/\/ozapato.com\/pe\/wp-json\/wp\/v2\/comments?post=255"}],"wp:featuredmedia":[{"embeddable":true,"href":"https:\/\/ozapato.com\/pe\/wp-json\/wp\/v2\/media\/277"}],"wp:attachment":[{"href":"https:\/\/ozapato.com\/pe\/wp-json\/wp\/v2\/media?parent=255"}],"wp:term":[{"taxonomy":"product_brand","embeddable":true,"href":"https:\/\/ozapato.com\/pe\/wp-json\/wp\/v2\/product_brand?post=255"},{"taxonomy":"product_cat","embeddable":true,"href":"https:\/\/ozapato.com\/pe\/wp-json\/wp\/v2\/product_cat?post=255"},{"taxonomy":"product_tag","embeddable":true,"href":"https:\/\/ozapato.com\/pe\/wp-json\/wp\/v2\/product_tag?post=255"}],"curies":[{"name":"wp","href":"https:\/\/api.w.org\/{rel}","templated":true}]}}