{"id":256,"date":"2021-12-16T20:15:19","date_gmt":"2021-12-16T20:15:19","guid":{"rendered":"https:\/\/ozapato.com\/pe\/?post_type=product&#038;p=256"},"modified":"2021-12-16T20:16:37","modified_gmt":"2021-12-16T20:16:37","slug":"lady-04-desierto-botas-de-cuero-para-mujer","status":"publish","type":"product","link":"https:\/\/ozapato.com\/pe\/product\/lady-04-desierto-botas-de-cuero-para-mujer\/","title":{"rendered":"Lady 04 Desierto &#8211; Botas de cuero para mujer"},"content":{"rendered":"<p>[vc_row type=&#8221;boxed&#8221;][vc_column width=&#8221;1\/6&#8243;][vc_column_text]<\/p>\n<p>[\/vc_column_text][\/vc_column][vc_column width=&#8221;2\/3&#8243;][vc_column_text]<\/p>\n<ul>\n<li>Lady 04 Desierto botas para mujeres.<\/li>\n<li>Construcci\u00f3n: Cemented.<\/li>\n<li>Suela: Resistente a aceites e hidrocarburos.<\/li>\n<li>Corte: Cuero full grain graso .<\/li>\n<li>Color: Miel Desierto .<\/li>\n<li>Forro: Forrado antimicrobiano acolchado color fushia.<\/li>\n<li>Costuras: Doble y triple de nylon color negro.<\/li>\n<li>Puntera: XL extra larga de composite.<\/li>\n<li>Plantilla interior: Tejida de 4 mm anti microbiana.<\/li>\n<li>Plantilla anti-perforaci\u00f3n: Textil de kevlar<\/li>\n<li>Ajuste: Horma EEE Altura: 16 cm .<\/li>\n<li>Numeraci\u00f3n: 3-14 Certificada 18 000 volts.<\/li>\n<li>ASTM 2413-18.<\/li>\n<li>Bota libre de metal.<\/li>\n<li>Diel\u00e9ctrica 100% EH.<\/li>\n<li><a href=\"\/\/workdrive.zohopublic.com\/external\/6Ol2VXoNe8s-JqO1d\/download\">Ficha t\u00e9cnica<\/a><\/li>\n<\/ul>\n<p>[\/vc_column_text][\/vc_column][vc_column width=&#8221;1\/6&#8243;][\/vc_column][\/vc_row][vc_row][vc_column][vc_separator][\/vc_column][\/vc_row][vc_row type=&#8221;boxed&#8221; background_style=&#8221;normal&#8221; css=&#8221;.vc_custom_1580499265669{padding-bottom: 5% !important;}&#8221;][vc_column css=&#8221;.vc_custom_1414573502092{background-position: center !important;background-repeat: no-repeat !important;background-size: cover !important;}&#8221;][vc_masonry_media_grid element_width=&#8221;3&#8243; gap=&#8221;2&#8243; grid_id=&#8221;vc_gid:1600115590886-21d7d932-442f-0&#8243; include=&#8221;12495,12496&#8243;][\/vc_column][\/vc_row][vc_row][vc_column][vc_separator][\/vc_column][\/vc_row][vc_row type=&#8221;boxed&#8221;][vc_column width=&#8221;1\/3&#8243;][vc_column_text]<\/p>\n<h4><strong>Suela<\/strong><\/h4>\n<p>Anti-fatigue &#8211; Suela antifatiga ultra flexible con absorci\u00f3n del choque al caminar.[\/vc_column_text][\/vc_column][vc_column width=&#8221;1\/3&#8243;][vc_column_text]<\/p>\n<h4>Tecnolog\u00eda<\/h4>\n<p>Waterproof &#8211; 100% cuero graso con acabado de poliuretano.[\/vc_column_text][\/vc_column][vc_column width=&#8221;1\/3&#8243; full_width=&#8221;&#8221; gap=&#8221;0&#8243; full_height=&#8221;&#8221; columns_placement=&#8221;middle&#8221; equal_height=&#8221;&#8221; content_placement=&#8221;&#8221; video_bg=&#8221;&#8221; video_bg_url=&#8221;https:\/\/www.youtube.com\/watch?v=lMJXxhRFO1k&#8221; video_bg_parallax=&#8221;&#8221; parallax=&#8221;&#8221; parallax_image=&#8221;&#8221; parallax_speed_video=&#8221;1.5&#8243; parallax_speed_bg=&#8221;1.5&#8243; disable_element=&#8221;&#8221; height=&#8221;&#8221; type=&#8221;full_width&#8221; columns_height=&#8221;normal_height&#8221;][vc_column_text]<\/p>\n<h4>Diel\u00e9ctrica EH<\/h4>\n<p>100% Diel\u00e9ctrica.[\/vc_column_text][\/vc_column][\/vc_row][vc_row][vc_column][vc_separator][\/vc_column][\/vc_row][vc_row type=&#8221;boxed&#8221;][vc_column][vc_column_text]<\/p>\n<h4 class=\"western\" style=\"text-align: center\"><span style=\"color: #ff0000\">\u00bfInteresado? Recibe una cotizaci\u00f3n en 24 horas m\u00e1ximo.<\/span><\/h4>\n<p>[\/vc_column_text][vc_column_text]<iframe loading=\"lazy\" height=\"800px\" width=\"100%\" frameborder=\"0\" allow=\"geolocation;microphone;camera\" src=\"https:\/\/forms.zohopublic.com\/virtualoffice9264\/form\/MXWebForm\/formperma\/t2g4AJSxH5dX5eLImIHPs6T1GSbbcmWdJblk7_0ZVFw\"> <\/iframe>[\/vc_column_text][\/vc_column][\/vc_row][vc_row][vc_column][vc_separator][\/vc_column][\/vc_row][vc_row type=&#8221;boxed&#8221;][vc_column width=&#8221;1\/6&#8243;][\/vc_column][vc_column width=&#8221;2\/3&#8243; css=&#8221;.vc_custom_1463521545778{background-color: #efefef !important;}&#8221;][vc_column_text]<\/p>\n<h3 style=\"text-align: center\"><strong>\u00bfQU\u00c9 HACEMOS?<\/strong><\/h3>\n<p style=\"text-align: justify\">OZAPATO es una marca de <strong>botas de seguridad<\/strong> para mujeres ubicada en M\u00e9xico. Hemos aprendido a lo largo de los a\u00f1os, c\u00f3mo fabricar productos de alta calidad de manera responsable. Producimos y distribuimos nuestros productos en M\u00e9xico, Rep\u00fablica Dominicana, Costa Rica, Panam\u00e1 y en los Estados Unidos. En M\u00e9xico, contamos con una l\u00ednea de botas y zapatillas de cuero y una l\u00ednea de botas de seguridad para mujer.Por esta raz\u00f3n, OZAPATO, les presenta <strong>Lady 04 Desierto<\/strong> unas botas para mujeres de color beige.<\/p>\n<h3 style=\"text-align: center\">\u00bfC\u00d3MO\u00a0LO HACEMOS?<\/h3>\n<p style=\"text-align: justify\">Todas nuestras <strong>botas de seguridad industrial<\/strong> son fabricadas con materiales de alta calidad. Tenga la confianza que sus pies estar\u00e1n protegidos en cada momento. Estamos tan seguros de la calidad de nuestros modelos de botas de seguridad industrial que ofrecemos una <strong>garant\u00eda de 4 meses y hasta 6 mese<\/strong>s para las botas de seguridad m\u00e1s premium. Adem\u00e1s ofrecemos un servicio de <strong>entrega en 24 horas<\/strong>.<\/p>\n<h3 style=\"text-align: center\"><strong>\u00bfPOR QU\u00c9 LO HACEMOS?<\/strong><\/h3>\n<p style=\"text-align: justify\">OZAPATO naci\u00f3 con la idea de servir a la comunidad local. La producci\u00f3n de nuestras botas de seguridad industrial es un proceso transparente que sustenta el balance socio econ\u00f3mico de la comunidad a la que pertenece.<\/p>\n<p style=\"text-align: justify\">El valor m\u00e1s importante de OZAPATO es la entrega directa hasta el cliente. Evitamos todos los intermediarios que no a\u00f1aden valor a nuestros consumidores. Cada etapa de la fabricaci\u00f3n de <strong>botas de seguridad industrial<\/strong> debe beneficiar a la gente que fabrica el <strong>calzado.<\/strong><\/p>\n<p style=\"text-align: justify\">A nuestro equipo le apasiona desarrollar botas de seguridad en un ambiente social y econ\u00f3mico justo. Queremos que nuestros clientes conf\u00eden en que no s\u00f3lo compran botas bien hechas y de buena calidad, sino que tambi\u00e9n cada persona incluida en la cadena de suministro reciba un trato justo en el momento de realizar su trabajo.<\/p>\n<h3 style=\"text-align: center\"><strong>\u00a1BOTAS DISE\u00d1ADAS PARA MUJERES!<\/strong><\/h3>\n<p><a href=\"https:\/\/emojipedia.org\/desert\/\" target=\"_blank\" rel=\"noopener\"><span class=\"emoji\">\ud83c\udfdc\ufe0f<\/span><\/a>Lady 04\u00a0 Desierto son <strong>botas\u00a0 para mujeres<\/strong> , es una bota industrial para mujer,con suela resistente a qu\u00edmicos y aceites.Esta cosido con <a href=\"https:\/\/ozapato.com\/mx\/producto\/lady-5\/\">Lockstitch<\/a> y suela anti fatiga.[\/vc_column_text][\/vc_column][vc_column width=&#8221;1\/6&#8243;][\/vc_column][\/vc_row][vc_row][vc_column][vc_separator][\/vc_column][\/vc_row][vc_row][vc_column][vc_column_text]\n<div id=\"sb_instagram\"  class=\"sbi sbi_mob_col_1 sbi_tab_col_2 sbi_col_4\" style=\"padding-bottom: 10px; width: 100%;\"\t data-feedid=\"sbi_17841401193873551#20\"  data-res=\"auto\" data-cols=\"4\" data-colsmobile=\"1\" data-colstablet=\"2\" data-num=\"20\" data-nummobile=\"\" data-item-padding=\"5\"\t data-shortcode-atts=\"{}\"  data-postid=\"256\" data-locatornonce=\"54c61f2a74\" data-imageaspectratio=\"1:1\" data-sbi-flags=\"favorLocal,gdpr\">\n\t\n\t<div id=\"sbi_images\"  style=\"gap: 10px;\">\n\t\t\t<\/div>\n\n\t<div id=\"sbi_load\" >\n\n\t\n\t\t\t<span class=\"sbi_follow_btn\" >\n\t\t\t<a target=\"_blank\" rel=\"nofollow noopener\" href=\"https:\/\/www.instagram.com\/17841401193873551\/\">\n\t\t\t\t<svg class=\"svg-inline--fa fa-instagram fa-w-14\" aria-hidden=\"true\" data-fa-processed=\"\" aria-label=\"Instagram\" data-prefix=\"fab\" data-icon=\"instagram\" role=\"img\" viewBox=\"0 0 448 512\">\n                    <path fill=\"currentColor\" d=\"M224.1 141c-63.6 0-114.9 51.3-114.9 114.9s51.3 114.9 114.9 114.9S339 319.5 339 255.9 287.7 141 224.1 141zm0 189.6c-41.1 0-74.7-33.5-74.7-74.7s33.5-74.7 74.7-74.7 74.7 33.5 74.7 74.7-33.6 74.7-74.7 74.7zm146.4-194.3c0 14.9-12 26.8-26.8 26.8-14.9 0-26.8-12-26.8-26.8s12-26.8 26.8-26.8 26.8 12 26.8 26.8zm76.1 27.2c-1.7-35.9-9.9-67.7-36.2-93.9-26.2-26.2-58-34.4-93.9-36.2-37-2.1-147.9-2.1-184.9 0-35.8 1.7-67.6 9.9-93.9 36.1s-34.4 58-36.2 93.9c-2.1 37-2.1 147.9 0 184.9 1.7 35.9 9.9 67.7 36.2 93.9s58 34.4 93.9 36.2c37 2.1 147.9 2.1 184.9 0 35.9-1.7 67.7-9.9 93.9-36.2 26.2-26.2 34.4-58 36.2-93.9 2.1-37 2.1-147.8 0-184.8zM398.8 388c-7.8 19.6-22.9 34.7-42.6 42.6-29.5 11.7-99.5 9-132.1 9s-102.7 2.6-132.1-9c-19.6-7.8-34.7-22.9-42.6-42.6-11.7-29.5-9-99.5-9-132.1s-2.6-102.7 9-132.1c7.8-19.6 22.9-34.7 42.6-42.6 29.5-11.7 99.5-9 132.1-9s102.7-2.6 132.1 9c19.6 7.8 34.7 22.9 42.6 42.6 11.7 29.5 9 99.5 9 132.1s2.7 102.7-9 132.1z\"><\/path>\n                <\/svg>\t\t\t\t<span>S\u00edguenos en Instagram<\/span>\n\t\t\t<\/a>\n\t\t<\/span>\n\t\n<\/div>\n\t\t<span class=\"sbi_resized_image_data\" data-feed-id=\"sbi_17841401193873551#20\"\n\t\t  data-resized=\"[]\">\n\t<\/span>\n\t<\/div>\n\n[\/vc_column_text][\/vc_column][\/vc_row]<\/p>\n","protected":false},"excerpt":{"rendered":"<p class=\"p1\"><b><span style=\"vertical-align: inherit\"><span style=\"vertical-align: inherit\"><span style=\"vertical-align: inherit\"><span style=\"vertical-align: inherit\">PRECIOS PARA EMPRESAS.\u00a0<\/span><\/span><\/span><\/span><\/b><a href=\"http:\/\/ozapato.com\/mx\/cotizacion\/\" target=\"_blank\" rel=\"noopener noreferrer\"><span class=\"s1\"><span style=\"vertical-align: inherit\"><span style=\"vertical-align: inherit\"><span style=\"vertical-align: inherit\"><span style=\"vertical-align: inherit\">COTIZE AQUI<\/span><\/span><\/span><\/span><\/span><\/a><\/p>\n<p><span style=\"vertical-align: inherit\"><span style=\"vertical-align: inherit\"><span style=\"vertical-align: inherit\"><span style=\"vertical-align: inherit\">Lady\ufe0f Lady 04 Desierto, botas de seguridad para mujer con cuero y forro interno acolchados permitir que su uso constante sin comprometer la comodidad del usuario. <\/span><\/span><\/span><span style=\"vertical-align: inherit\"><span style=\"vertical-align: inherit\"><span style=\"vertical-align: inherit\">Suela antifatiga.<\/span><\/span><\/span><\/span><\/p>\n<p class=\"p1\"><span class=\"s1\"><span style=\"vertical-align: inherit\"><span style=\"vertical-align: inherit\"><span style=\"vertical-align: inherit\"><span style=\"vertical-align: inherit\">\u21d2 <\/span><\/span><\/span><\/span><\/span><a href=\"https:\/\/docs.zoho.com\/file\/5r1nhafc482aa325c452982e493ec4ffd8ac2\" target=\"_blank\" rel=\"noopener noreferrer\"><span style=\"vertical-align: inherit\"><span style=\"vertical-align: inherit\"><span style=\"vertical-align: inherit\"><span style=\"vertical-align: inherit\">Descargar ficha t\u00e9cnica <\/span><\/span><\/span><\/span><\/a><span class=\"s1\"><span style=\"vertical-align: inherit\"><span style=\"vertical-align: inherit\"><span style=\"vertical-align: inherit\"><span style=\"vertical-align: inherit\">\u21d0<\/span><\/span><\/span><\/span><\/span><\/p>\n<p><strong>\u00a0<\/strong><b><img loading=\"lazy\" decoding=\"async\" class=\"size-full wp-image-7203 alignnone\" src=\"https:\/\/ozapato.com\/mx\/wp-content\/uploads\/sites\/4\/2017\/02\/envio-gratis-e1506649798996.png\" alt=\"\" width=\"24\" height=\"14\" \/><span style=\"vertical-align: inherit\"><span style=\"vertical-align: inherit\"><span style=\"vertical-align: inherit\"><span style=\"vertical-align: inherit\">\u00a0 ENV\u00cdOS A TODA LA REP\u00daBLICA<\/span><\/span><\/span><\/span><\/b><\/p>\n","protected":false},"featured_media":273,"comment_status":"closed","ping_status":"closed","template":"","meta":[],"product_brand":[],"product_cat":[18,22,27,28],"product_tag":[],"class_list":{"0":"post-256","1":"product","2":"type-product","3":"status-publish","4":"has-post-thumbnail","6":"product_cat-industrial","7":"product_cat-mujeres","8":"product_cat-zapatos-para-hospitales","9":"product_cat-zapatos-para-restaurantes","11":"first","12":"instock","13":"shipping-taxable","14":"purchasable","15":"product-type-variable"},"_links":{"self":[{"href":"https:\/\/ozapato.com\/pe\/wp-json\/wp\/v2\/product\/256","targetHints":{"allow":["GET"]}}],"collection":[{"href":"https:\/\/ozapato.com\/pe\/wp-json\/wp\/v2\/product"}],"about":[{"href":"https:\/\/ozapato.com\/pe\/wp-json\/wp\/v2\/types\/product"}],"replies":[{"embeddable":true,"href":"https:\/\/ozapato.com\/pe\/wp-json\/wp\/v2\/comments?post=256"}],"wp:featuredmedia":[{"embeddable":true,"href":"https:\/\/ozapato.com\/pe\/wp-json\/wp\/v2\/media\/273"}],"wp:attachment":[{"href":"https:\/\/ozapato.com\/pe\/wp-json\/wp\/v2\/media?parent=256"}],"wp:term":[{"taxonomy":"product_brand","embeddable":true,"href":"https:\/\/ozapato.com\/pe\/wp-json\/wp\/v2\/product_brand?post=256"},{"taxonomy":"product_cat","embeddable":true,"href":"https:\/\/ozapato.com\/pe\/wp-json\/wp\/v2\/product_cat?post=256"},{"taxonomy":"product_tag","embeddable":true,"href":"https:\/\/ozapato.com\/pe\/wp-json\/wp\/v2\/product_tag?post=256"}],"curies":[{"name":"wp","href":"https:\/\/api.w.org\/{rel}","templated":true}]}}