{"id":257,"date":"2021-12-16T20:15:19","date_gmt":"2021-12-16T20:15:19","guid":{"rendered":"https:\/\/ozapato.com\/pe\/?post_type=product&#038;p=257"},"modified":"2021-12-16T21:14:18","modified_gmt":"2021-12-16T21:14:18","slug":"watt-01-botas-dielectricas-de-seguridad","status":"publish","type":"product","link":"https:\/\/ozapato.com\/pe\/product\/watt-01-botas-dielectricas-de-seguridad\/","title":{"rendered":"Watt 01 &#8211; Botas diel\u00e9ctricas de seguridad"},"content":{"rendered":"<p>[vc_row type=&#8221;boxed&#8221;][vc_column width=&#8221;1\/6&#8243;][\/vc_column][vc_column width=&#8221;2\/3&#8243;][vc_column_text]<\/p>\n<ul>\n<li>Calzado dielectrico<\/li>\n<li>EH Botas resistentes a los 18.000 voltios.<\/li>\n<li>Suela exclusiva OZAPATO. Elastom\u00e9rica slip resistant, excelente antideslizante. Suela que proporciona una mejor tracci\u00f3n en todas las superficies.<\/li>\n<li>i75 C75 Nueva puntera XL 25% mas ancha que las punteras clasicas. Compuesta de poliamida \/ composit. Resistencia a m\u00e1s de 2 toneladas (Norma ASTM 2412-2413)<\/li>\n<li>Suela resistente a la humedad y a los aceites \u2013 Oil resistant.<\/li>\n<li>PR Plantilla antiperforacion Multi-Protective ultra flex certificada ISO y ASTM.<\/li>\n<li><a href=\"https:\/\/ozapato.com\/pa\/como-se-hace-el-cuero\/\">Cuero<\/a> full grain premium graso.<\/li>\n<li>Construcci\u00f3n: vulcanizado.<\/li>\n<li>Bull\u00f3n exterior acolchado proporcionando una protecci\u00f3n y comodidad en todo el tobillo.<\/li>\n<li>Bull\u00f3n interior anti-microbiano manteniendo el pie seco y reduciendo al m\u00ednimo los olores.<\/li>\n<li>.Plantilla de poliuretano acolchada, lavable.<\/li>\n<li>Altura de 6&#8242; pulgadas.<\/li>\n<li><a href=\"https:\/\/workdrive.zohopublic.com\/external\/6Ol2VXoNe82-JqO1d\/download\" target=\"_blank\" rel=\"noopener\">Ficha T\u00e9cnica<\/a><\/li>\n<\/ul>\n<p>[\/vc_column_text][\/vc_column][vc_column width=&#8221;1\/6&#8243;][\/vc_column][\/vc_row][vc_row type=&#8221;boxed&#8221;][vc_column][vc_masonry_media_grid element_width=&#8221;2&#8243; grid_id=&#8221;vc_gid:1613432113952-0ac6cbfe-8553-7&#8243; include=&#8221;7772,7782,7759,11978,12326&#8243;][\/vc_column][\/vc_row][vc_row type=&#8221;boxed&#8221; background_style=&#8221;normal&#8221; css=&#8221;.vc_custom_1589291886223{padding-bottom: 5% !important;background-color: #fffcfc !important;}&#8221;][vc_column width=&#8221;1\/3&#8243;][vc_column_text css=&#8221;.vc_custom_1581016728002{margin-right: 30px !important;margin-left: 30px !important;padding-right: 30px !important;padding-left: 30px !important;}&#8221;]<\/p>\n<h4>Cemented<\/h4>\n<p>Construcci\u00f3n de suela pegada al corte.[\/vc_column_text][\/vc_column][vc_column width=&#8221;1\/3&#8243;][vc_column_text css=&#8221;.vc_custom_1581016734758{margin-right: 30px !important;margin-left: 30px !important;padding-right: 30px !important;padding-left: 30px !important;}&#8221;]<\/p>\n<h4>Cueros<\/h4>\n<p>Cuero negro graso de 1.8 a 2.2 mm, leng\u00fceta cerrada para evitar filtraci\u00f3n.[\/vc_column_text][\/vc_column][vc_column width=&#8221;1\/3&#8243;][vc_column_text]<\/p>\n<h4>Suela Antideslizante<\/h4>\n<p>Certificado ASTM antideslizante. Resistente a aceites y combustible con recubrimiento frontal.[\/vc_column_text][\/vc_column][\/vc_row][vc_row][vc_column][vc_separator][\/vc_column][\/vc_row][vc_row type=&#8221;boxed&#8221;][vc_column][vc_column_text]<\/p>\n<h4 class=\"western\" style=\"text-align: center;\"><span style=\"color: #ff0000;\">\u00bfInteresado? Recibe una cotizaci\u00f3n en 24 horas m\u00e1ximo.<\/span><\/h4>\n<p>[\/vc_column_text][vc_column_text]<iframe loading=\"lazy\" height=\"800px\" width=\"100%\" frameborder=\"0\" allow=\"geolocation;microphone;camera\" src=\"https:\/\/forms.zohopublic.com\/virtualoffice9264\/form\/MXWebForm\/formperma\/t2g4AJSxH5dX5eLImIHPs6T1GSbbcmWdJblk7_0ZVFw\"> <\/iframe>[\/vc_column_text][\/vc_column][\/vc_row][vc_row][vc_column][vc_separator][\/vc_column][\/vc_row][vc_row type=&#8221;boxed&#8221;][vc_column][vc_column_text]<\/p>\n<h3 style=\"text-align: center;\"><strong>\u00bfQU\u00c9 HACEMOS\u00a0?<\/strong><\/h3>\n<p>OZAPATO es una marca de calzado ubicada en Pachuca, M\u00e9xico. Fabricamos botas de seguridad industrial para Costa Rica. Contamos con presencia en Centro Am\u00e9rica, M\u00e9xico y Estados Unidos. Hemos aprendido a lo largo de los a\u00f1os como fabricar botas de seguridad con calidad y de maneja responsable. En <strong>M\u00e9xico<\/strong> nuestra l\u00ednea industrial cuenta con botas de seguridad, botas de seguridad diel\u00e9ctricas y botas t\u00e1cticas. Descubra nuestras botas de seguridad industrial para la industria mar\u00edtima.<\/p>\n<p>Por esta raz\u00f3n, OZAPATO presenta otro modelo Watt la primera edici\u00f3n la <strong>Watt 01.<\/strong><\/p>\n<h3 style=\"text-align: center;\">\u00bfC\u00d3MO\u00a0LO HACEMOS?<\/h3>\n<p>Todas nuestras <strong>botas de seguridad<\/strong> industrial son fabricadas con materiales de alta calidad. Tenga la confianza que sus pies estar\u00e1n protegidos en cada momento. Estamos tan seguros de la calidad de nuestros modelos de botas de seguridad industrial que ofrecemos una <strong>garant\u00eda de 4 meses<\/strong> y hasta 6 meses para las botas de seguridad m\u00e1s premium. Adem\u00e1s ofrecemos un servicio de entrega en 24 horas.<\/p>\n<p>Todos nuestras<a href=\"https:\/\/ozapato.com\/mx\/botas-y-zapatos-casuales\/\"> botas industriales<\/a> est\u00e1n pensados para Am\u00e9rica Central. En nuestra f\u00e1brica de Hidalgo, M\u00e9xico. Nuestro modelo de negocio, conecta directamente la f\u00e1brica con el cliente final, evitando intermediarios; no trabajamos con distribuidores que no sean directos. Esto permite ofrecer botas de seguridad a un precio m\u00e1s accesible.<\/p>\n<h3 style=\"text-align: center;\"><strong>\u00bfPORQU\u00c9\u00a0 LO HACEMOS\u00a0?<\/strong><\/h3>\n<p><strong>OZAPATO<\/strong> naci\u00f3 con la idea de servir la comunidad local. La producci\u00f3n de nuestras botas de seguridad industrial es un proceso transparente que sustenta el balance socio econ\u00f3mico de la comunidad a la que pertenece.<\/p>\n<p>El valor m\u00e1s importante de OZAPATO es la entrega directa hasta el cliente. Cortamos todos los intermediarios que no a\u00f1aden valor a nuestros consumidores. Cada etapa de la fabricaci\u00f3n de botas de seguridad industrial debe beneficiar a la gente que fabrica el <strong>calzado.<\/strong><\/p>\n<p>Nuestro equipo ama desarrollar botas de seguridad en un ambiente social y econ\u00f3mico justo. Queremos que nuestros clientes conf\u00eden en que no s\u00f3lo compran botas bien hechas y de buena calidad, sino que tambi\u00e9n cada persona incluida en la cadena de suministro reciba un trato justo al momento de realizar su trabajo.<\/p>\n<h3 style=\"text-align: center;\"><strong>!BOTAS RESISTENTES A 18.000 VOLTIOS\u00a1<\/strong><\/h3>\n<p><span class=\"emoji\">\u26a1<\/span><a href=\"https:\/\/ozapato.com\/mx\/producto\/hybrid-desierto\/\">Watt<\/a> 01, son <strong>botas resistentes a los 18.000 VOLTIOS\u00a0<\/strong>\u00a0diel\u00e9ctricas antiresbalantes con de Waterproof, y construida con cuero graso y resistente a los 18.000 voltios.[\/vc_column_text][\/vc_column][\/vc_row][vc_row css=&#8221;.vc_custom_1589245277759{background-color: #ffffff !important;}&#8221;][vc_column][vc_separator][\/vc_column][\/vc_row]<\/p>\n","protected":false},"excerpt":{"rendered":"<p><span style=\"vertical-align: inherit;\"><span style=\"vertical-align: inherit;\">\u26a1Botas diel\u00e9ctricas. Watt son botas de seguridad\u00a0 resistentes a 18.000 voltios certificada ASTM 2313-18. <\/span><span style=\"vertical-align: inherit;\">Para trabajos con gran exposici\u00f3n a corrientes el\u00e9ctricas o de alta tensi\u00f3n. <\/span><strong><span style=\"vertical-align: inherit;\"><span style=\"vertical-align: inherit;\"><span style=\"vertical-align: inherit;\">\u00a0\u00a0ENTREGA EN TODA LA\u00a0<\/span><\/span><\/span><\/strong><b><span style=\"vertical-align: inherit;\"> REP\u00daBLICA<\/span><\/b><\/span><strong>\u00a0<\/strong><strong><img loading=\"lazy\" decoding=\"async\" class=\"size-full wp-image-7203 alignnone\" src=\"https:\/\/ozapato.com\/mx\/wp-content\/uploads\/sites\/4\/2017\/02\/envio-gratis-e1506649798996.png\" alt=\"\" width=\"24\" height=\"14\" \/><\/strong><b><\/b><\/p>\n","protected":false},"featured_media":275,"comment_status":"open","ping_status":"closed","template":"","meta":[],"product_brand":[],"product_cat":[20,18,21],"product_tag":[],"class_list":{"0":"post-257","1":"product","2":"type-product","3":"status-publish","4":"has-post-thumbnail","6":"product_cat-dielectrica","7":"product_cat-industrial","8":"product_cat-mercadolibre","10":"first","11":"instock","12":"shipping-taxable","13":"purchasable","14":"product-type-variable"},"_links":{"self":[{"href":"https:\/\/ozapato.com\/pe\/wp-json\/wp\/v2\/product\/257","targetHints":{"allow":["GET"]}}],"collection":[{"href":"https:\/\/ozapato.com\/pe\/wp-json\/wp\/v2\/product"}],"about":[{"href":"https:\/\/ozapato.com\/pe\/wp-json\/wp\/v2\/types\/product"}],"replies":[{"embeddable":true,"href":"https:\/\/ozapato.com\/pe\/wp-json\/wp\/v2\/comments?post=257"}],"wp:featuredmedia":[{"embeddable":true,"href":"https:\/\/ozapato.com\/pe\/wp-json\/wp\/v2\/media\/275"}],"wp:attachment":[{"href":"https:\/\/ozapato.com\/pe\/wp-json\/wp\/v2\/media?parent=257"}],"wp:term":[{"taxonomy":"product_brand","embeddable":true,"href":"https:\/\/ozapato.com\/pe\/wp-json\/wp\/v2\/product_brand?post=257"},{"taxonomy":"product_cat","embeddable":true,"href":"https:\/\/ozapato.com\/pe\/wp-json\/wp\/v2\/product_cat?post=257"},{"taxonomy":"product_tag","embeddable":true,"href":"https:\/\/ozapato.com\/pe\/wp-json\/wp\/v2\/product_tag?post=257"}],"curies":[{"name":"wp","href":"https:\/\/api.w.org\/{rel}","templated":true}]}}