{"id":259,"date":"2021-12-16T20:15:19","date_gmt":"2021-12-16T20:15:19","guid":{"rendered":"https:\/\/ozapato.com\/pe\/?post_type=product&#038;p=259"},"modified":"2021-12-16T20:18:46","modified_gmt":"2021-12-16T20:18:46","slug":"welt-06-fuerza","status":"publish","type":"product","link":"https:\/\/ozapato.com\/pe\/product\/welt-06-fuerza\/","title":{"rendered":"Welt 06 Fuerza"},"content":{"rendered":"<p>[vc_row type=&#8221;boxed&#8221;][vc_column width=&#8221;1\/6&#8243;][vc_column_text]<\/p>\n<p>[\/vc_column_text][\/vc_column][vc_column width=&#8221;2\/3&#8243;][vc_column_text]<\/p>\n<ul>\n<li>Botas con protecci\u00f3n frontal.<\/li>\n<li>Suela 100% Slip resistant de hule, excelente antideslizante. Suela que proporciona una mejor tracci\u00f3n en todas las superficie<\/li>\n<li>Entresuela de hule, Libre de plomo<\/li>\n<li>Suela resistente a la humedad y a los aceites \u2013 Oil resistant<\/li>\n<li>Plantilla antiperforacion Multi-Protective ultra flex certificada ISO y ASTM<\/li>\n<li>Cuero full grain premium graso<\/li>\n<li>Puntera de poliamida \/ c\u00f3mposit toe certificada con resistencia a m\u00e1s de 2 toneladas (Norma ASTM 2412-2413)<\/li>\n<li>Construcci\u00f3n: calzado cosido en Goodyear Welt<\/li>\n<li>Bull\u00f3n exterior acolchado proporcionando una protecci\u00f3n y comodidad en todo el tobillo<\/li>\n<li>Bull\u00f3n interior antimicrobiano manteniendo el pie seco y reduciendo al m\u00ednimo los olores<\/li>\n<li>Plantilla de poliuretano acolchada, lavable<\/li>\n<li>Altura de 6\u2032 pulgadas<\/li>\n<li>Norma diel\u00e9ctrica ASTM-F-2413-11<\/li>\n<li>Certificado con la norma de calzado industrial en <a href=\"https:\/\/ozapato.com\/normas-de-calzado-industrial-en-mexico\/\" target=\"_blank\" rel=\"noopener noreferrer\">M\u00e9xico NOM-113-STPS-2009<\/a><\/li>\n<li>\u00bfQuien ocupa el Welt Santos? Empresas Bern, FQML, Cobra, Hormig\u00f3n Express y muchos m\u00e1s.<\/li>\n<li><a href=\"https:\/\/workdrive.zohopublic.com\/external\/6Ol2VXoNe83-JqO1d\/download\" target=\"_blank\" rel=\"noopener\">Ficha T\u00e9cnica<\/a><\/li>\n<\/ul>\n<p>[\/vc_column_text][\/vc_column][vc_column width=&#8221;1\/6&#8243;][\/vc_column][\/vc_row][vc_row][vc_column][vc_separator][\/vc_column][\/vc_row][vc_row type=&#8221;boxed&#8221;][vc_column][vc_masonry_media_grid style=&#8221;lazy&#8221; items_per_page=&#8221;2&#8243; element_width=&#8221;6&#8243; grid_id=&#8221;vc_gid:1583513795504-5c3cf337-333e-2&#8243; include=&#8221;8038,7989&#8243;][\/vc_column][\/vc_row][vc_row][vc_column][vc_separator][\/vc_column][\/vc_row][vc_row type=&#8221;boxed&#8221; background_style=&#8221;normal&#8221; css=&#8221;.vc_custom_1580485459104{padding-bottom: 5% !important;background-color: #f7f7f9 !important;}&#8221;][vc_column css=&#8221;.vc_custom_1414573502092{background-position: center !important;background-repeat: no-repeat !important;background-size: cover !important;}&#8221;][vc_row_inner type=&#8221;boxed&#8221; css=&#8221;.vc_custom_1414582542600{margin-top: 35px !important;}&#8221;][vc_column_inner width=&#8221;1\/3&#8243;][vc_column_text css=&#8221;.vc_custom_1578418239236{margin-right: 30px !important;margin-left: 30px !important;padding-right: 30px !important;padding-left: 30px !important;}&#8221;]<\/p>\n<h4 style=\"text-align: left;\">Suela de hule antideslizante<\/h4>\n<p style=\"text-align: justify;\">Suela exclusiva OZAPATO, slip resistant. Bota diel\u00e9ctrica.<\/p>\n<p>[\/vc_column_text][\/vc_column_inner][vc_column_inner width=&#8221;1\/3&#8243;][vc_column_text css=&#8221;.vc_custom_1578418296791{margin-right: 30px !important;margin-left: 30px !important;padding-right: 30px !important;padding-left: 30px !important;}&#8221;]<\/p>\n<h4 style=\"text-align: left;\">Construcci\u00f3n \/Goodyear Welt<\/h4>\n<p style=\"text-align: justify;\">Bota cosida en 360\u00b0, ofrece una impermeabilidad total, una durabilidad y comodidad insuperable.<\/p>\n<p>[\/vc_column_text][\/vc_column_inner][vc_column_inner width=&#8221;1\/3&#8243;][vc_column_text css=&#8221;.vc_custom_1580485447690{margin-right: 30px !important;margin-left: 30px !important;padding-right: 30px !important;padding-left: 30px !important;}&#8221;]<\/p>\n<h4><strong>Cuero<\/strong><\/h4>\n<p>Cuero shedr\u00f3n graso de 1.8 a 2.2 mm con protector frontal de kevlar.[\/vc_column_text][\/vc_column_inner][\/vc_row_inner][\/vc_column][\/vc_row][vc_row type=&#8221;boxed&#8221;][vc_column][vc_column_text]<\/p>\n<h4 class=\"western\" style=\"text-align: center;\"><span style=\"color: #ff0000;\">\u00bfInteresado? Recibe una cotizaci\u00f3n en 24 horas m\u00e1ximo.<\/span><\/h4>\n<p><iframe loading=\"lazy\" height=\"800px\" width=\"100%\" frameborder=\"0\" allow=\"geolocation;microphone;camera\" src=\"https:\/\/forms.zohopublic.com\/virtualoffice9264\/form\/MXWebForm\/formperma\/t2g4AJSxH5dX5eLImIHPs6T1GSbbcmWdJblk7_0ZVFw\"> <\/iframe>[\/vc_column_text][\/vc_column][\/vc_row][vc_row][vc_column][vc_separator][\/vc_column][\/vc_row][vc_row type=&#8221;boxed&#8221;][vc_column][vc_column_text]<\/p>\n<h3 align=\"center\"><strong>\u00bfQU\u00c9 HACEMOS?<\/strong><\/h3>\n<p>OZAPATO es una marca de calzado ubicada en Pachuca, M\u00e9xico. Fabricamos botas de seguridad industrial y contamos con presencia en Costa Rica, Rep\u00fablica Dominicana, M\u00e9xico, Panam\u00e1 y Estados Unidos. Hemos aprendido a lo largo de los a\u00f1os como fabricar botas de seguridad con calidad y de manera responsable. En M\u00e9xico, nuestra l\u00ednea industrial cuenta con botas de seguridad, botas de seguridad diel\u00e9ctricas y botas t\u00e1cticas. Por esta raz\u00f3n, OZAPATO les presenta sus\u00a0 botas con proteccion frontal\u00a0 \u00a0<strong>Welt 06 Fuerza<\/strong>\u00a0es\u00a0la evoluci\u00f3n de <a href=\"https:\/\/ozapato.com\/mx\/calzado-de-seguridad-dielectrico\/\">Welt 01 Santos\u00a0<\/a>cl\u00e1sica,certificado diel\u00e9ctrico hasta 18 000 volts. Su construcci\u00f3n en Goodyear cosido en 360\u00b0 le ofrece una mejor duraci\u00f3n y una impermeabilidad total. \u00a1Elija de nuestro cat\u00e1logo las botas que necesita para trabajar con seguridad!\u00a1Elija de nuestro cat\u00e1logo las botas que necesita para trabajar con seguridad!<\/p>\n<h3 class=\"western\" align=\"center\"><strong>\u00bf<\/strong><strong>C\u00d3MO<\/strong><strong> LO HACEMOS?<\/strong><\/h3>\n<p>Todas nuestras <strong>botas de seguridad industrial<\/strong> son fabricadas con materiales de alta calidad. Tenga la confianza que sus pies estar\u00e1n protegidos en cada momento. Estamos tan seguros de la calidad de nuestros modelos de botas de seguridad industrial que ofrecemos una <strong>garant\u00eda de 4 meses y hasta 6 meses<\/strong> para las botas de seguridad m\u00e1s premium. Adem\u00e1s ofrecemos un servicio de entrega en 24 horas.<\/p>\n<h3 class=\"western\" align=\"center\"><strong>\u00bfPOR QU\u00c9 LO HACEMOS?<\/strong><\/h3>\n<p>OZAPATO naci\u00f3 con la idea de servir a la comunidad local. La producci\u00f3n de nuestras botas de seguridad industrial es un proceso transparente que sustenta el balance socio econ\u00f3mico de la comunidad a la que pertenece.<\/p>\n<p>El valor m\u00e1s importante de OZAPATO es la <strong>entrega directa hasta el cliente.<\/strong> Evitamos todos los intermediarios que no a\u00f1aden valor a nuestros consumidores. Cada etapa de la fabricaci\u00f3n de botas de seguridad industrial debe beneficiar a la gente que fabrica el <strong>calzado.<\/strong><\/p>\n<p>A nuestro equipo le apasiona desarrollar botas de seguridad en un ambiente social y econ\u00f3mico justo. Queremos que nuestros clientes conf\u00eden en que no s\u00f3lo compran botas bien hechas y de <a href=\"https:\/\/ozapato.com\/mx\/tecnologia\/\">buena calidad<\/a>, sino que tambi\u00e9n cada persona incluida en la cadena de suministro reciba un trato justo al momento.<\/p>\n<h3 style=\"text-align: center;\">\u00a1BOTAS CON PROTECCI\u00d3N\u00a0FRONTAL!<\/h3>\n<p>\u26a1<b>Welt 06 Fuerza son botas con protecci\u00f3n\u00a0frontal<\/b> que\u00a0ha sido desarrollado para las industria que tienen un desgaste frontal \u26a1excesivo. Su protector frontal de cuero anti rayas y anti perforaci\u00f3n aumenta de manera significativa su vida \u00fatil. Su construcci\u00f3n en Goodyear welt (cosido en 360\u00b0) le ofrece una mejor duraci\u00f3n y una impermeabilidad total.[\/vc_column_text][\/vc_column][\/vc_row][vc_row][vc_column][vc_separator][\/vc_column][\/vc_row][vc_row][vc_column][vc_column_text]\n<div id=\"sb_instagram\"  class=\"sbi sbi_mob_col_1 sbi_tab_col_2 sbi_col_4\" style=\"padding-bottom: 10px; width: 100%;\"\t data-feedid=\"sbi_17841401193873551#20\"  data-res=\"auto\" data-cols=\"4\" data-colsmobile=\"1\" data-colstablet=\"2\" data-num=\"20\" data-nummobile=\"\" data-item-padding=\"5\"\t data-shortcode-atts=\"{}\"  data-postid=\"259\" data-locatornonce=\"c4f9508990\" data-imageaspectratio=\"1:1\" data-sbi-flags=\"favorLocal,gdpr\">\n\t\n\t<div id=\"sbi_images\"  style=\"gap: 10px;\">\n\t\t\t<\/div>\n\n\t<div id=\"sbi_load\" >\n\n\t\n\t\t\t<span class=\"sbi_follow_btn\" >\n\t\t\t<a target=\"_blank\" rel=\"nofollow noopener\" href=\"https:\/\/www.instagram.com\/17841401193873551\/\">\n\t\t\t\t<svg class=\"svg-inline--fa fa-instagram fa-w-14\" aria-hidden=\"true\" data-fa-processed=\"\" aria-label=\"Instagram\" data-prefix=\"fab\" data-icon=\"instagram\" role=\"img\" viewBox=\"0 0 448 512\">\n                    <path fill=\"currentColor\" d=\"M224.1 141c-63.6 0-114.9 51.3-114.9 114.9s51.3 114.9 114.9 114.9S339 319.5 339 255.9 287.7 141 224.1 141zm0 189.6c-41.1 0-74.7-33.5-74.7-74.7s33.5-74.7 74.7-74.7 74.7 33.5 74.7 74.7-33.6 74.7-74.7 74.7zm146.4-194.3c0 14.9-12 26.8-26.8 26.8-14.9 0-26.8-12-26.8-26.8s12-26.8 26.8-26.8 26.8 12 26.8 26.8zm76.1 27.2c-1.7-35.9-9.9-67.7-36.2-93.9-26.2-26.2-58-34.4-93.9-36.2-37-2.1-147.9-2.1-184.9 0-35.8 1.7-67.6 9.9-93.9 36.1s-34.4 58-36.2 93.9c-2.1 37-2.1 147.9 0 184.9 1.7 35.9 9.9 67.7 36.2 93.9s58 34.4 93.9 36.2c37 2.1 147.9 2.1 184.9 0 35.9-1.7 67.7-9.9 93.9-36.2 26.2-26.2 34.4-58 36.2-93.9 2.1-37 2.1-147.8 0-184.8zM398.8 388c-7.8 19.6-22.9 34.7-42.6 42.6-29.5 11.7-99.5 9-132.1 9s-102.7 2.6-132.1-9c-19.6-7.8-34.7-22.9-42.6-42.6-11.7-29.5-9-99.5-9-132.1s-2.6-102.7 9-132.1c7.8-19.6 22.9-34.7 42.6-42.6 29.5-11.7 99.5-9 132.1-9s102.7-2.6 132.1 9c19.6 7.8 34.7 22.9 42.6 42.6 11.7 29.5 9 99.5 9 132.1s2.7 102.7-9 132.1z\"><\/path>\n                <\/svg>\t\t\t\t<span>S\u00edguenos en Instagram<\/span>\n\t\t\t<\/a>\n\t\t<\/span>\n\t\n<\/div>\n\t\t<span class=\"sbi_resized_image_data\" data-feed-id=\"sbi_17841401193873551#20\"\n\t\t  data-resized=\"[]\">\n\t<\/span>\n\t<\/div>\n\n[\/vc_column_text][\/vc_column][\/vc_row]<\/p>\n","protected":false},"excerpt":{"rendered":"<p><strong>PRECIOS ESPECIALES PARA EMPRESAS Y PROFESIONALES.\u00a0<\/strong><a href=\"mailto:mexico@ozapato.com?subject=Pedido de cotizacion\">COTIZE AQUI<\/a><\/p>\n<p>\u26a1El Welt Grip es un modelo de botas con protecci\u00f3n frontal diel\u00e9ctrica premium. Est\u00e1 certificada bajo la norma americana ASTM hasta 18.000 voltios. Bota 100% libre de metal. duraci\u00f3n y una imp, su doble bull\u00f3n, forro interno.<\/p>\n<p><strong>\u00a0<\/strong><b><img loading=\"lazy\" decoding=\"async\" class=\"size-full wp-image-7203 alignnone\" src=\"https:\/\/ozapato.com\/mx\/wp-content\/uploads\/sites\/4\/2017\/02\/envio-gratis-e1506649798996.png\" alt=\"\" width=\"24\" height=\"14\" \/>\u00a0 ENV\u00cdOS\u00a0A TODA LA REP\u00daBLICA<\/b><\/p>\n","protected":false},"featured_media":278,"comment_status":"closed","ping_status":"closed","template":"","meta":[],"product_brand":[],"product_cat":[20,24,18,21,29],"product_tag":[],"class_list":{"0":"post-259","1":"product","2":"type-product","3":"status-publish","4":"has-post-thumbnail","6":"product_cat-dielectrica","7":"product_cat-goodyear-welt","8":"product_cat-industrial","9":"product_cat-mercadolibre","10":"product_cat-mineria","12":"first","13":"instock","14":"sold-individually","15":"shipping-taxable","16":"purchasable","17":"product-type-variable"},"_links":{"self":[{"href":"https:\/\/ozapato.com\/pe\/wp-json\/wp\/v2\/product\/259","targetHints":{"allow":["GET"]}}],"collection":[{"href":"https:\/\/ozapato.com\/pe\/wp-json\/wp\/v2\/product"}],"about":[{"href":"https:\/\/ozapato.com\/pe\/wp-json\/wp\/v2\/types\/product"}],"replies":[{"embeddable":true,"href":"https:\/\/ozapato.com\/pe\/wp-json\/wp\/v2\/comments?post=259"}],"wp:featuredmedia":[{"embeddable":true,"href":"https:\/\/ozapato.com\/pe\/wp-json\/wp\/v2\/media\/278"}],"wp:attachment":[{"href":"https:\/\/ozapato.com\/pe\/wp-json\/wp\/v2\/media?parent=259"}],"wp:term":[{"taxonomy":"product_brand","embeddable":true,"href":"https:\/\/ozapato.com\/pe\/wp-json\/wp\/v2\/product_brand?post=259"},{"taxonomy":"product_cat","embeddable":true,"href":"https:\/\/ozapato.com\/pe\/wp-json\/wp\/v2\/product_cat?post=259"},{"taxonomy":"product_tag","embeddable":true,"href":"https:\/\/ozapato.com\/pe\/wp-json\/wp\/v2\/product_tag?post=259"}],"curies":[{"name":"wp","href":"https:\/\/api.w.org\/{rel}","templated":true}]}}