{"id":312,"date":"2021-12-16T20:15:40","date_gmt":"2021-12-16T20:15:40","guid":{"rendered":"https:\/\/ozapato.com\/pe\/?post_type=product&#038;p=312"},"modified":"2021-12-16T20:15:46","modified_gmt":"2021-12-16T20:15:46","slug":"tanok-01","status":"publish","type":"product","link":"https:\/\/ozapato.com\/pe\/product\/tanok-01\/","title":{"rendered":"Tanok 01"},"content":{"rendered":"<p>[vc_row type=&#8221;boxed&#8221;][vc_column width=&#8221;1\/6&#8243;][\/vc_column][vc_column width=&#8221;2\/3&#8243;][vc_column_text]<\/p>\n<ul>\n<li>Tanok 01 botas de trabajo con estilo tenis.<\/li>\n<li style=\"text-align: left;\">Suela de alta calidad exlusiva OZAPATO. Resistente al choque,\u00a0excelente antiderrapante. Dise\u00f1ada especialmente para resistir el deslizamiento y abrasi\u00f3n.<\/li>\n<li style=\"text-align: left;\">Suela antifatiga.<\/li>\n<li style=\"text-align: left;\">Protector frontal de kevlar<\/li>\n<li style=\"text-align: left;\">Tela transpirable + Waterproof technology<\/li>\n<li style=\"text-align: left;\">Material anti rayas \u2013 PU Technology<\/li>\n<li style=\"text-align: left;\">Plantilla antiperforaci\u00f3n de kevlar Multi-Protective ultra flex certificada ISO y ASTM.<\/li>\n<li style=\"text-align: left;\">Nueva puntera de poliamida XL certificada con resistencia a m\u00e1s de 2 toneladas (Norma ASTM 2412-2413).<\/li>\n<li style=\"text-align: left;\">Agujetas de poli\u00e9ster con alma de algod\u00f3n resistente para uso prolongado.<\/li>\n<li style=\"text-align: left;\">Costuras selladas 100% de nylon.<\/li>\n<li style=\"text-align: left;\">Altura de 11cm, 4 pulgadas.<\/li>\n<li style=\"text-align: left;\">Certificada ASTM EH 2412-13 18 000 volts<\/li>\n<li style=\"text-align: left;\">EH, PR, I75, C75<\/li>\n<li style=\"text-align: left;\"><a href=\"https:\/\/workdrive.zohopublic.com\/external\/6Ol2VXoNe89-JqO1d\/download\" target=\"_blank\" rel=\"noopener\">Ficha t\u00e9cnica<\/a><\/li>\n<\/ul>\n<p>[\/vc_column_text][\/vc_column][vc_column width=&#8221;1\/6&#8243;][\/vc_column][\/vc_row][vc_row][vc_column][vc_separator][\/vc_column][\/vc_row][vc_row type=&#8221;boxed&#8221;][vc_column width=&#8221;1\/6&#8243;][vc_column_text]<\/p>\n<p>[\/vc_column_text][\/vc_column][vc_column width=&#8221;2\/3&#8243;][vc_media_grid gap=&#8221;0&#8243; grid_id=&#8221;vc_gid:1589242626473-c938065f-f660-3&#8243; include=&#8221;8516,8714,8517&#8243;][\/vc_column][vc_column width=&#8221;1\/6&#8243;][\/vc_column][\/vc_row][vc_row][vc_column][vc_separator][\/vc_column][\/vc_row][vc_row full_width=&#8221;stretch_row_content&#8221; background_style=&#8221;normal&#8221; css=&#8221;.vc_custom_1537882251698{padding-bottom: 5% !important;background-color: #f7f7f9 !important;}&#8221;][vc_column css=&#8221;.vc_custom_1414573502092{background-position: center !important;background-repeat: no-repeat !important;background-size: cover !important;}&#8221;][vc_row_inner type=&#8221;boxed&#8221; css=&#8221;.vc_custom_1414582542600{margin-top: 35px !important;}&#8221;][vc_column_inner width=&#8221;1\/3&#8243;][vc_column_text css=&#8221;.vc_custom_1580420452202{margin-right: 30px !important;margin-left: 30px !important;padding-right: 30px !important;padding-left: 30px !important;}&#8221;]<\/p>\n<h4>Lockstitch<\/h4>\n<p>Suela pegada y sellada al corte.[\/vc_column_text][\/vc_column_inner][vc_column_inner width=&#8221;1\/3&#8243;][vc_column_text css=&#8221;.vc_custom_1580420481772{margin-right: 30px !important;margin-left: 30px !important;padding-right: 30px !important;padding-left: 30px !important;}&#8221;]<\/p>\n<h4><strong>Seguridad<\/strong><\/h4>\n<p>Casco XL de poliamida + plantilla anti perforaci\u00f3n.[\/vc_column_text][\/vc_column_inner][vc_column_inner width=&#8221;1\/3&#8243;][vc_column_text css=&#8221;.vc_custom_1580421072065{margin-right: 30px !important;margin-left: 30px !important;padding-right: 30px !important;padding-left: 30px !important;}&#8221;]<\/p>\n<h4><strong>Textil<\/strong><\/h4>\n<p>Tela 100% Waterproof con recubrimiento de PU solido + protecci\u00f3n frontal de kevlar.[\/vc_column_text][\/vc_column_inner][\/vc_row_inner][\/vc_column][\/vc_row][vc_row][vc_column][vc_separator][\/vc_column][\/vc_row][vc_row type=&#8221;boxed&#8221;][vc_column width=&#8221;1\/6&#8243;][\/vc_column][vc_column width=&#8221;2\/3&#8243; css=&#8221;.vc_custom_1589243227111{background-color: #ffffff !important;}&#8221;][vc_column_text]<\/p>\n<h4 class=\"western\" style=\"text-align: center;\"><span style=\"color: #ff0000;\">\u00bfInteresado? Recibe una cotizaci\u00f3n en 24 horas m\u00e1ximo.<\/span><\/h4>\n<p>[\/vc_column_text][vc_column_text]<iframe loading=\"lazy\" height=\"800px\" width=\"100%\" frameborder=\"0\" allow=\"geolocation;microphone;camera\" src=\"https:\/\/forms.zohopublic.com\/virtualoffice9264\/form\/MXWebForm\/formperma\/t2g4AJSxH5dX5eLImIHPs6T1GSbbcmWdJblk7_0ZVFw\"> <\/iframe>[\/vc_column_text][\/vc_column][vc_column width=&#8221;1\/6&#8243;][\/vc_column][\/vc_row][vc_row][vc_column][vc_separator][\/vc_column][\/vc_row][vc_row type=&#8221;boxed&#8221;][vc_column][vc_column_text]<\/p>\n<h3 class=\"western\" align=\"center\"><strong>\u00bfQU\u00c9 HACEMOS?<\/strong><\/h3>\n<p>OZAPATO es una marca de calzado ubicada en Pachuca, M\u00e9xico. Fabricamos botas de seguridad industrial y contamos con presencia en Costa Rica, Rep\u00fablica Dominicana, M\u00e9xico, Panam\u00e1 y Estados Unidos. Hemos aprendido a lo largo de los a\u00f1os como fabricar botas de seguridad con calidad y de manera responsable. En M\u00e9xico, nuestra l\u00ednea industrial cuenta con botas de seguridad, botas de seguridad diel\u00e9ctricas y botas t\u00e1cticas. Por esta raz\u00f3n, OZAPATO, presenta las nueva botas de trabajo estilo tenis.diel\u00e9ctrica <b>Tanok 0<\/b><b>1<\/b>. \u00a1Elija de nuestro cat\u00e1logo las botas que necesita para trabajar con seguridad!<\/p>\n<h3 class=\"western\" align=\"center\">\u00bfC\u00d3MO\u00a0LO\u00a0HACEMOS\u00a0?<\/h3>\n<p>Todas nuestras botas de seguridad industrial son fabricadas con materiales de alta calidad. Tenga la confianza que sus pies estar\u00e1n protegidos en cada momento. Estamos tan seguros de la calidad de nuestros modelos de botas de seguridad industrial que ofrecemos una <strong>garant\u00eda de 4 meses y hasta 6 meses<\/strong> para las botas de seguridad m\u00e1s premium. Adem\u00e1s ofrecemos <strong>un servicio de entrega en 24 horas.<\/strong><\/p>\n<h3 class=\"western\" align=\"center\"><strong>\u00bfPOR\u00a0QU\u00c9 LO HACEMOS?<\/strong><\/h3>\n<p>OZAPATO naci\u00f3 con la idea de servir a la comunidad local. La producci\u00f3n de nuestras botas de seguridad industrial es un proceso transparente que sustenta el balance socio econ\u00f3mico de la comunidad a la que pertenece.<\/p>\n<p>El valor m\u00e1s importante de OZAPATO es la entrega directa hasta el cliente. Evitamos todos los intermediarios que no a\u00f1aden valor a nuestros consumidores. Cada etapa de la fabricaci\u00f3n de botas de seguridad industrial debe beneficiar a la gente que fabrica el calzado.<\/p>\n<h3 style=\"text-align: center;\">\u00a1BOTAS DE TRABAJO!<\/h3>\n<p align=\"left\"><a href=\"https:\/\/ozapato.com\/mx\/producto\/tanok-02\/\">Tanok 01<\/a>\u00a0son botas de trabajo\u00a0 industrial\u00a0 esilo tenis,que esta fabricada con una suela pegada y sellada al corte. Esta suela es EH antideslizante. Resistente a aceites y combustible, con refuerzo frontal y corte: KPU 100% Waterproof con recubrimiento de PU solido y protecci\u00f3n frontal de kevlar de color negro con azul. Con tecnolog\u00eda Anti-fatigue , Suela anti-fatiga ultra flexible con absorci\u00f3n del choque al caminar Dryfast\u00a0 Y Repelente de poliuretano para la humedad.<\/p>\n<p>[\/vc_column_text][\/vc_column][\/vc_row][vc_row][vc_column][vc_column_text]\n<div id=\"sb_instagram\"  class=\"sbi sbi_mob_col_1 sbi_tab_col_2 sbi_col_4\" style=\"padding-bottom: 10px; width: 100%;\"\t data-feedid=\"sbi_17841401193873551#20\"  data-res=\"auto\" data-cols=\"4\" data-colsmobile=\"1\" data-colstablet=\"2\" data-num=\"20\" data-nummobile=\"\" data-item-padding=\"5\"\t data-shortcode-atts=\"{}\"  data-postid=\"312\" data-locatornonce=\"4fee5bd8c2\" data-imageaspectratio=\"1:1\" data-sbi-flags=\"favorLocal,gdpr\">\n\t\n\t<div id=\"sbi_images\"  style=\"gap: 10px;\">\n\t\t\t<\/div>\n\n\t<div id=\"sbi_load\" >\n\n\t\n\t\t\t<span class=\"sbi_follow_btn\" >\n\t\t\t<a target=\"_blank\" rel=\"nofollow noopener\" href=\"https:\/\/www.instagram.com\/17841401193873551\/\">\n\t\t\t\t<svg class=\"svg-inline--fa fa-instagram fa-w-14\" aria-hidden=\"true\" data-fa-processed=\"\" aria-label=\"Instagram\" data-prefix=\"fab\" data-icon=\"instagram\" role=\"img\" viewBox=\"0 0 448 512\">\n                    <path fill=\"currentColor\" d=\"M224.1 141c-63.6 0-114.9 51.3-114.9 114.9s51.3 114.9 114.9 114.9S339 319.5 339 255.9 287.7 141 224.1 141zm0 189.6c-41.1 0-74.7-33.5-74.7-74.7s33.5-74.7 74.7-74.7 74.7 33.5 74.7 74.7-33.6 74.7-74.7 74.7zm146.4-194.3c0 14.9-12 26.8-26.8 26.8-14.9 0-26.8-12-26.8-26.8s12-26.8 26.8-26.8 26.8 12 26.8 26.8zm76.1 27.2c-1.7-35.9-9.9-67.7-36.2-93.9-26.2-26.2-58-34.4-93.9-36.2-37-2.1-147.9-2.1-184.9 0-35.8 1.7-67.6 9.9-93.9 36.1s-34.4 58-36.2 93.9c-2.1 37-2.1 147.9 0 184.9 1.7 35.9 9.9 67.7 36.2 93.9s58 34.4 93.9 36.2c37 2.1 147.9 2.1 184.9 0 35.9-1.7 67.7-9.9 93.9-36.2 26.2-26.2 34.4-58 36.2-93.9 2.1-37 2.1-147.8 0-184.8zM398.8 388c-7.8 19.6-22.9 34.7-42.6 42.6-29.5 11.7-99.5 9-132.1 9s-102.7 2.6-132.1-9c-19.6-7.8-34.7-22.9-42.6-42.6-11.7-29.5-9-99.5-9-132.1s-2.6-102.7 9-132.1c7.8-19.6 22.9-34.7 42.6-42.6 29.5-11.7 99.5-9 132.1-9s102.7-2.6 132.1 9c19.6 7.8 34.7 22.9 42.6 42.6 11.7 29.5 9 99.5 9 132.1s2.7 102.7-9 132.1z\"><\/path>\n                <\/svg>\t\t\t\t<span>S\u00edguenos en Instagram<\/span>\n\t\t\t<\/a>\n\t\t<\/span>\n\t\n<\/div>\n\t\t<span class=\"sbi_resized_image_data\" data-feed-id=\"sbi_17841401193873551#20\"\n\t\t  data-resized=\"[]\">\n\t<\/span>\n\t<\/div>\n\n[\/vc_column_text][\/vc_column][\/vc_row][vc_row][vc_column][\/vc_column][\/vc_row]<\/p>\n","protected":false},"excerpt":{"rendered":"<p>\ud83d\udc5f\u00a0El Tanok son botas de trabajo con estilo\u00a0 tenis industrial 100% libre de metal inspirado del calzado deportivo. Es un calzado fresco, liviano y muy flexible. Con su puntera XL diel\u00e9ctrica y su corte waterproof, el Tanok es una excelente opci\u00f3n para aquellos que realizan trabajos liviano y semi-pesados.<\/p>\n","protected":false},"featured_media":339,"comment_status":"open","ping_status":"closed","template":"","meta":[],"product_brand":[],"product_cat":[74,20,18],"product_tag":[],"class_list":{"0":"post-312","1":"product","2":"type-product","3":"status-publish","4":"has-post-thumbnail","6":"product_cat-calzado-para-la-industria-automotriz","7":"product_cat-dielectrica","8":"product_cat-industrial","10":"first","11":"onbackorder","12":"shipping-taxable","13":"purchasable","14":"product-type-variable","15":"has-default-attributes"},"_links":{"self":[{"href":"https:\/\/ozapato.com\/pe\/wp-json\/wp\/v2\/product\/312","targetHints":{"allow":["GET"]}}],"collection":[{"href":"https:\/\/ozapato.com\/pe\/wp-json\/wp\/v2\/product"}],"about":[{"href":"https:\/\/ozapato.com\/pe\/wp-json\/wp\/v2\/types\/product"}],"replies":[{"embeddable":true,"href":"https:\/\/ozapato.com\/pe\/wp-json\/wp\/v2\/comments?post=312"}],"wp:featuredmedia":[{"embeddable":true,"href":"https:\/\/ozapato.com\/pe\/wp-json\/wp\/v2\/media\/339"}],"wp:attachment":[{"href":"https:\/\/ozapato.com\/pe\/wp-json\/wp\/v2\/media?parent=312"}],"wp:term":[{"taxonomy":"product_brand","embeddable":true,"href":"https:\/\/ozapato.com\/pe\/wp-json\/wp\/v2\/product_brand?post=312"},{"taxonomy":"product_cat","embeddable":true,"href":"https:\/\/ozapato.com\/pe\/wp-json\/wp\/v2\/product_cat?post=312"},{"taxonomy":"product_tag","embeddable":true,"href":"https:\/\/ozapato.com\/pe\/wp-json\/wp\/v2\/product_tag?post=312"}],"curies":[{"name":"wp","href":"https:\/\/api.w.org\/{rel}","templated":true}]}}