{"id":324,"date":"2021-12-16T20:15:40","date_gmt":"2021-12-16T20:15:40","guid":{"rendered":"https:\/\/ozapato.com\/pe\/?post_type=product&#038;p=324"},"modified":"2021-12-16T20:16:37","modified_gmt":"2021-12-16T20:16:37","slug":"cop-02-botas-tacticas-para-policia","status":"publish","type":"product","link":"https:\/\/ozapato.com\/pe\/product\/cop-02-botas-tacticas-para-policia\/","title":{"rendered":"Cop 02 &#8211; Botas t\u00e1cticas para polic\u00eda"},"content":{"rendered":"<p>[vc_row type=&#8221;boxed&#8221;][vc_column width=&#8221;1\/6&#8243;][\/vc_column][vc_column width=&#8221;2\/3&#8243;][vc_column_text]<\/p>\n<ul>\n<li>Cop 02\u00a0 calzado t\u00e1ctico para polic\u00eda tipo militar.<\/li>\n<li>Suela flexible con protector frontal con resistencia a los golpes.<\/li>\n<li>Suela antiderrapante y resistente a aceites que proporciona una mejor tracci\u00f3n en todas las superficies.<\/li>\n<li>Suela resistente a la humedad\u00a0y\u00a0antifatiga.<\/li>\n<li>100% cuero resistente al agua.<\/li>\n<li>Plantilla antiperforaci\u00f3n de kevlar Multi-Protective ultra flex certificada NOM y ASTM.<\/li>\n<li>Puntera de poliamida XL certificada ASTM y NOM, resistente a m\u00e1s de 2 toneladas (norma ASTM 2412-2413).<\/li>\n<li>Construcci\u00f3n:\u00a0calzado cosido en lockstitch.<\/li>\n<li>Agujetas de poli\u00e9ster con alma de algod\u00f3n resistente para uso prolongado.<\/li>\n<li>Costuras selladas 100% de Nylon.<\/li>\n<li>Ojillos en forma de \u201cD\u201d para que la agujeta pueda ser amarrada con facilidad.<\/li>\n<li>Altura de 9 pulgadas.<\/li>\n<li>Dise\u00f1ada para Costa M\u00e9xico.<\/li>\n<li><a href=\"https:\/\/workdrive.zohopublic.com\/external\/6Ol2VXoNe8f-JqO1d\/download\" target=\"_blank\" rel=\"noopener\">Ficha t\u00e9cnica<\/a><\/li>\n<\/ul>\n<p>[\/vc_column_text][\/vc_column][vc_column width=&#8221;1\/6&#8243;][\/vc_column][\/vc_row][vc_row][vc_column][vc_separator][\/vc_column][\/vc_row][vc_row type=&#8221;boxed&#8221;][vc_column width=&#8221;1\/6&#8243;][vc_column_text]<\/p>\n<p>[\/vc_column_text][\/vc_column][vc_column width=&#8221;2\/3&#8243;][vc_media_grid grid_id=&#8221;vc_gid:1610157105684-af8983eb-e8f8-6&#8243; include=&#8221;8549,6408,8546&#8243;][\/vc_column][vc_column width=&#8221;1\/6&#8243;][\/vc_column][\/vc_row][vc_row][vc_column][vc_separator][\/vc_column][\/vc_row][vc_row background_style=&#8221;normal&#8221; css=&#8221;.vc_custom_1414573492654{padding-bottom: 5% !important;background-color: #f7f7f9 !important;}&#8221;][vc_column css=&#8221;.vc_custom_1414573502092{background-position: center !important;background-repeat: no-repeat !important;background-size: cover !important;}&#8221;][vc_row_inner type=&#8221;boxed&#8221; css=&#8221;.vc_custom_1414582542600{margin-top: 35px !important;}&#8221;][vc_column_inner width=&#8221;1\/3&#8243;][vc_column_text css=&#8221;.vc_custom_1580419377772{margin-right: 30px !important;margin-left: 30px !important;padding-right: 30px !important;padding-left: 30px !important;}&#8221;]<\/p>\n<h4>Suela Antideslizante<\/h4>\n<p>Negra antideslizante. Resistente a grava, barro, patios, suelos porosos, asfalto.[\/vc_column_text][\/vc_column_inner][vc_column_inner width=&#8221;1\/3&#8243;][vc_column_text css=&#8221;.vc_custom_1578407959623{margin-right: 30px !important;margin-left: 30px !important;padding-right: 30px !important;padding-left: 30px !important;}&#8221;]<\/p>\n<h4>Construcci\u00f3n lockstitch<\/h4>\n<p>Bota cosida en lockstitch, ofreciendo una mayor durabilidad en un clima h\u00famedo.[\/vc_column_text][\/vc_column_inner][vc_column_inner width=&#8221;1\/3&#8243;][vc_column_text css=&#8221;.vc_custom_1578407969079{margin-right: 30px !important;margin-left: 30px !important;padding-right: 30px !important;padding-left: 30px !important;}&#8221;]<\/p>\n<h4>Cuero flor entera<\/h4>\n<p>Cuero full-grain negro que ofrece mayor durabilidad, flexibilidad, ergonom\u00eda y frescura.[\/vc_column_text][\/vc_column_inner][\/vc_row_inner][\/vc_column][\/vc_row][vc_row][vc_column][vc_separator][\/vc_column][\/vc_row][vc_row type=&#8221;boxed&#8221;][vc_column][vc_column_text]<\/p>\n<h4 class=\"western\" style=\"text-align: center\"><span style=\"color: #ff0000\">\u00bfInteresado? Recibe una cotizaci\u00f3n en 24 horas m\u00e1ximo.<\/span><\/h4>\n<p>[\/vc_column_text][vc_column_text]<iframe loading=\"lazy\" height=\"800px\" width=\"100%\" frameborder=\"0\" allow=\"geolocation;microphone;camera\" src=\"https:\/\/forms.zohopublic.com\/virtualoffice9264\/form\/MXWebForm\/formperma\/t2g4AJSxH5dX5eLImIHPs6T1GSbbcmWdJblk7_0ZVFw\"> <\/iframe><\/p>\n<p>.[\/vc_column_text][\/vc_column][\/vc_row][vc_row][vc_column][vc_separator][\/vc_column][\/vc_row][vc_row type=&#8221;boxed&#8221;][vc_column][vc_column_text]<\/p>\n<h3 class=\"western\" align=\"center\"><strong>\u00bfQU\u00c9 HACEMOS?<\/strong><\/h3>\n<p>OZAPATO es una marca de calzado ubicada en Pachuca, M\u00e9xico. Fabricamos botas de seguridad industrial y contamos con presencia en Costa Rica, Rep\u00fablica Dominicana, M\u00e9xico, Panam\u00e1 y Estados Unidos. Hemos aprendido a lo largo de los a\u00f1os como fabricar botas de seguridad con calidad y de manera responsable. <strong>En M\u00e9xico<\/strong>, nuestra l\u00ednea industrial cuenta con botas de seguridad, botas de seguridad diel\u00e9ctricas y botas t\u00e1cticas. Por esta raz\u00f3n, OZAPATO, les presenta un producto innovador en el mercado, la bota t\u00e1ctica <a href=\"https:\/\/ozapato.com\/cr\/producto\/cop-01\/\">Cop<\/a> con sus diferentes modelos.<\/p>\n<p>\u00a1Elija de nuestro cat\u00e1logo las botas que necesita para trabajar con seguridad!<\/p>\n<h3 class=\"western\" align=\"center\">\u00bfC\u00d3MO\u00a0LO\u00a0HACEMOS\u00a0?<\/h3>\n<p>Todas nuestras <strong>botas de seguridad industrial<\/strong> son fabricadas con materiales de alta calidad. Tenga la confianza que sus pies estar\u00e1n protegidos en cada momento. Estamos tan seguros de la calidad de nuestros modelos de botas de seguridad industrial que ofrecemos una <strong>garant\u00eda de 4 meses y hasta 6 meses<\/strong> para las botas de seguridad m\u00e1s premium. Adem\u00e1s ofrecemos un servicio de <strong>entrega en 24 horas.<\/strong><\/p>\n<h3 class=\"western\" align=\"center\"><strong>\u00bfPOR QU\u00c9 LO HACEMOS?<\/strong><\/h3>\n<p>OZAPATO naci\u00f3 con la idea de servir a la comunidad local. La producci\u00f3n de nuestras botas de seguridad industrial es un proceso transparente que sustenta el balance socio econ\u00f3mico de la comunidad a la que pertenece.<\/p>\n<p>El valor m\u00e1s importante de OZAPATO es la entrega directa hasta el cliente. Evitamos todos los intermediarios que no a\u00f1aden valor a nuestros consumidores. Cada etapa de la fabricaci\u00f3n de botas de seguridad industrial debe beneficiar a la gente que fabrica el calzado.<\/p>\n<h3 style=\"text-align: center\">BOTAS T\u00c1CTICAS MIILTARES PARA POLIC\u00cdA<\/h3>\n<p><a href=\"https:\/\/emojipedia.org\/military-medal\/\" target=\"_blank\" rel=\"noopener\"><span class=\"emoji\">\ud83c\udf96\ufe0f<\/span><\/a><b>Cop 02,<\/b> es una calzado t\u00e1ctico militar creado por OZAPATO, que esta compuesto por una tecnolog\u00eda de suela anti-fatiga ultra flexible con absorci\u00f3n del choque al caminar Dryfast .Por otro lado, el zapato industrial incluye un repelente de poliuretano para la humendad Waterproof 100% cuero graso.[\/vc_column_text][\/vc_column][\/vc_row]<\/p>\n","protected":false},"excerpt":{"rendered":"<p><a href=\"https:\/\/emojipedia.org\/military-medal\/\"><span class=\"emoji\">\ud83c\udf96\ufe0f<\/span><\/a>El Cop 02 es un calzado t\u00e1ctico para polic\u00eda con est\u00e1ndar militar. Puntera XL. Ideal para polic\u00edas y guardias que est\u00e1n expuestos a alg\u00fan tipo de peligro de ca\u00edda de objetos pesados. Con su tecnolog\u00eda anti fatiga, esta bota le permite estar parado por varias horas sin lastimarse.<\/p>\n<p><b>PRECIOS PARA EMPRESAS.\u00a0<\/b><a href=\"http:\/\/ozapato.com\/mx\/cotizacion\/\" target=\"_blank\" rel=\"noopener noreferrer\"><span class=\"s1\">COTIZE AQUI <\/span><\/a><\/p>\n<p><strong>ENV\u00cdOS A EMPRESAS<\/strong><\/p>\n","protected":false},"featured_media":340,"comment_status":"closed","ping_status":"closed","template":"","meta":[],"product_brand":[],"product_cat":[21,26],"product_tag":[],"class_list":{"0":"post-324","1":"product","2":"type-product","3":"status-publish","4":"has-post-thumbnail","6":"product_cat-mercadolibre","7":"product_cat-tactica","9":"first","10":"instock","11":"shipping-taxable","12":"purchasable","13":"product-type-variable","14":"has-default-attributes"},"_links":{"self":[{"href":"https:\/\/ozapato.com\/pe\/wp-json\/wp\/v2\/product\/324","targetHints":{"allow":["GET"]}}],"collection":[{"href":"https:\/\/ozapato.com\/pe\/wp-json\/wp\/v2\/product"}],"about":[{"href":"https:\/\/ozapato.com\/pe\/wp-json\/wp\/v2\/types\/product"}],"replies":[{"embeddable":true,"href":"https:\/\/ozapato.com\/pe\/wp-json\/wp\/v2\/comments?post=324"}],"wp:featuredmedia":[{"embeddable":true,"href":"https:\/\/ozapato.com\/pe\/wp-json\/wp\/v2\/media\/340"}],"wp:attachment":[{"href":"https:\/\/ozapato.com\/pe\/wp-json\/wp\/v2\/media?parent=324"}],"wp:term":[{"taxonomy":"product_brand","embeddable":true,"href":"https:\/\/ozapato.com\/pe\/wp-json\/wp\/v2\/product_brand?post=324"},{"taxonomy":"product_cat","embeddable":true,"href":"https:\/\/ozapato.com\/pe\/wp-json\/wp\/v2\/product_cat?post=324"},{"taxonomy":"product_tag","embeddable":true,"href":"https:\/\/ozapato.com\/pe\/wp-json\/wp\/v2\/product_tag?post=324"}],"curies":[{"name":"wp","href":"https:\/\/api.w.org\/{rel}","templated":true}]}}