{"id":344,"date":"2021-12-16T20:15:49","date_gmt":"2021-12-16T20:15:49","guid":{"rendered":"https:\/\/ozapato.com\/pe\/?post_type=product&#038;p=344"},"modified":"2021-12-16T21:13:34","modified_gmt":"2021-12-16T21:13:34","slug":"coyotl-02","status":"publish","type":"product","link":"https:\/\/ozapato.com\/pe\/product\/coyotl-02\/","title":{"rendered":"Coyotl 02"},"content":{"rendered":"<p>[vc_row type=&#8221;boxed&#8221;][vc_column][vc_column_text]<\/p>\n<ul>\n<li>Botas t\u00e1cticas de color negro.<\/li>\n<li>Suela flexible con resistencia a los golpes, excelente antideslizante.<\/li>\n<li>Suela Slip and Oil Resistant que proporciona una mejor tracci\u00f3n en todas las superficies. Excelente para el clima de Costa Rica.<\/li>\n<li>Suela resistente a la humedad\u00a0y\u00a0antifatiga.<\/li>\n<li>100% cuero con tecnolog\u00eda waterproof, 100% resistente al agua<\/li>\n<li>Agujetas de poli\u00e9ster con alma de algod\u00f3n resistente para uso prolongado.<\/li>\n<li>Costuras selladas 100% de Nylon.<\/li>\n<li>Zipper YKK, la referencia mundial<\/li>\n<li>Altura de 9 pulgadas.<\/li>\n<li><a href=\"https:\/\/tdrive.li\/nizQPV\" target=\"_blank\" rel=\"noopener noreferrer\">\u00a0Ficha t\u00e9cnica<\/a><\/li>\n<\/ul>\n<p>[\/vc_column_text][\/vc_column][\/vc_row][vc_row][vc_column][vc_separator][vc_column_text]<\/p>\n<h3 style=\"text-align: center;\">\u00a1Conoce la suela AIR de OZAPATO!<\/h3>\n<p>[\/vc_column_text][vc_hoverbox image=&#8221;13151&#8243; primary_title=&#8221;&#8221; hover_title=&#8221;SUELAS AIR DE OZAPATO&#8221; hover_background_color=&#8221;white&#8221;]<img loading=\"lazy\" decoding=\"async\" class=\"size-medium wp-image-13152\" src=\"https:\/\/ozapato.com\/mx\/wp-content\/uploads\/sites\/4\/2021\/01\/Air-1-300x300.jpg\" alt=\"Suela air ozapato\" width=\"300\" height=\"300\" \/>[\/vc_hoverbox][\/vc_column][\/vc_row][vc_row type=&#8221;boxed&#8221;][vc_column][vc_column_text]<\/p>\n<p>[\/vc_column_text][vc_masonry_media_grid element_width=&#8221;6&#8243; grid_id=&#8221;vc_gid:1612007462843-9079959d-8072-10&#8243; include=&#8221;10099,10103&#8243;][\/vc_column][\/vc_row][vc_row][vc_column][vc_separator][\/vc_column][\/vc_row][vc_row type=&#8221;boxed&#8221; background_style=&#8221;normal&#8221; css=&#8221;.vc_custom_1580415963383{padding-bottom: 5% !important;background-color: #f7f7f9 !important;}&#8221;][vc_column css=&#8221;.vc_custom_1414573502092{background-position: center !important;background-repeat: no-repeat !important;background-size: cover !important;}&#8221;][vc_row_inner type=&#8221;boxed&#8221; css=&#8221;.vc_custom_1414582542600{margin-top: 35px !important;}&#8221;][vc_column_inner][vc_column_text css=&#8221;.vc_custom_1580415869872{margin-right: 30px !important;margin-left: 30px !important;padding-right: 30px !important;padding-left: 30px !important;}&#8221;]<\/p>\n<h4>Lockstitch<\/h4>\n<p>Construcci\u00f3n de suela pegada al corte y cosida al cuero.[\/vc_column_text][vc_column_text css=&#8221;.vc_custom_1580415916970{margin-right: 30px !important;margin-left: 30px !important;padding-right: 30px !important;padding-left: 30px !important;}&#8221;]<\/p>\n<h4>Suela<\/h4>\n<div class=\"page\" data-page-number=\"1\" data-loaded=\"true\">\n<div class=\"textLayer\">\n<p>OZAPATO negra antideslizante.Resistente a aceites y combustible.<\/p>\n<\/div>\n<\/div>\n<p>[\/vc_column_text][vc_column_text css=&#8221;.vc_custom_1580415945581{margin-right: 30px !important;margin-left: 30px !important;padding-right: 30px !important;padding-left: 30px !important;}&#8221;]<\/p>\n<h4>Seguridad<\/h4>\n<p>Planta anti perforaci\u00f3n de kevlar.[\/vc_column_text][\/vc_column_inner][\/vc_row_inner][\/vc_column][\/vc_row][vc_row][vc_column][vc_separator][\/vc_column][\/vc_row][vc_row type=&#8221;boxed&#8221;][vc_column][vc_column_text]<\/p>\n<h4 class=\"western\" style=\"text-align: center;\"><span style=\"color: #ff0000;\">\u00bfInteresado? Recibe una cotizaci\u00f3n en 24 horas m\u00e1ximo.<\/span><\/h4>\n<p>[\/vc_column_text][vc_column_text]<iframe loading=\"lazy\" height=\"800px\" width=\"100%\" frameborder=\"0\" allow=\"geolocation;microphone;camera\" src=\"https:\/\/forms.zohopublic.com\/virtualoffice9264\/form\/MXWebForm\/formperma\/t2g4AJSxH5dX5eLImIHPs6T1GSbbcmWdJblk7_0ZVFw\"> <\/iframe><\/p>\n<p>.[\/vc_column_text][\/vc_column][\/vc_row][vc_row][vc_column][vc_separator][\/vc_column][\/vc_row][vc_row type=&#8221;boxed&#8221;][vc_column][vc_column_text]<\/p>\n<h3 align=\"center\"><strong>\u00bfQU\u00c9 HACEMOS?<\/strong><\/h3>\n<p>OZAPATO es una marca de calzado ubicada en Pachuca, M\u00e9xico. Fabricamos botas de seguridad industrial y contamos con presencia en Costa Rica, Rep\u00fablica Dominicana, M\u00e9xico, Panam\u00e1 y Estados Unidos. Hemos aprendido a lo largo de los a\u00f1os como fabricar botas de seguridad con calidad y de manera responsable. <strong>En M\u00e9xico<\/strong>, nuestra l\u00ednea industrial cuenta con botas de seguridad, botas de seguridad diel\u00e9ctricas y botas t\u00e1cticas. Por esta raz\u00f3n , <a href=\"https:\/\/ozapato.com\/\">OZAPATO<\/a> les presenta su <strong>bota diel\u00e9ctrica<\/strong> <strong>Coyotl 01<\/strong> Desierto\u00a1Elija de nuestro cat\u00e1logo las botas que necesita para trabajar con seguridad!<\/p>\n<h3 class=\"western\" align=\"center\"><strong>\u00bf<\/strong><strong>C\u00d3MO<\/strong><strong> LO HACEMOS?<\/strong><\/h3>\n<p>Todas nuestras botas de seguridad industrial son fabricadas con materiales de alta calidad. Tenga la confianza que sus pies estar\u00e1n protegidos en cada momento. Estamos tan seguros de la calidad de nuestros modelos de botas de seguridad industrial que ofrecemos una <strong>garant\u00eda de 4 meses y hasta 6 meses<\/strong> para las botas de seguridad m\u00e1s premium. Adem\u00e1s ofrecemos un servicio de entrega en 24 horas.<\/p>\n<p style=\"text-align: center;\"><strong>\u00bfPOR QU\u00c9 LO HACEMOS?<\/strong><\/p>\n<p>OZAPATO naci\u00f3 con la idea de servir a la comunidad local. La producci\u00f3n de nuestras botas de seguridad industrial es un proceso transparente que sustenta el balance socio econ\u00f3mico de la comunidad a la que pertenece.<\/p>\n<p>El valor m\u00e1s importante de OZAPATO es la <strong>entrega directa hasta el cliente.<\/strong> Evitamos todos los intermediarios que no a\u00f1aden valor a nuestros consumidores. Cada etapa de la fabricaci\u00f3n de botas de seguridad industrial debe beneficiar a la gente que fabrica el <strong>calzado.<\/strong><\/p>\n<p>A nuestro equipo le apasiona desarrollar botas de seguridad en un ambiente social y econ\u00f3mico justo. Queremos que nuestros clientes conf\u00eden en que no s\u00f3lo compran botas bien hechas y de buena calidad, sino que tambi\u00e9n cada persona incluida en la <a href=\"https:\/\/www.iebschool.com\/blog\/cadena-gestion-suministro-negocios-internacionales\/\" target=\"_blank\" rel=\"noopener\">cadena de suministro<\/a> reciba un trato justo al momento.<\/p>\n<h3 style=\"text-align: center;\">\u00a1BOTAS T\u00c1CTICAS DE\u00a0 COLOR\u00a0 NEGRO!<\/h3>\n<p><b>\ud83e\udd7e\u00a0COYOLT 01<\/b>, es calzado t\u00e1ctico\u00a0libre de metal de color negro. Tambi\u00e9n esta certificada por ISO \/ ASTM 2412-18 C-75 I-75 y tiene una garant\u00eda de 6 meses contra cualquier defecto de f\u00e1brica.[\/vc_column_text][\/vc_column][\/vc_row]<\/p>\n","protected":false},"excerpt":{"rendered":"<p class=\"p1\"><b>PRECIOS PARA EMPRESAS.\u00a0<\/b><a href=\"http:\/\/ozapato.com\/mx\/cotizacion\/\" target=\"_blank\" rel=\"noopener noreferrer\"><span class=\"s1\">COTIZE AQUI<\/span><\/a><\/p>\n<p>\ud83e\udd7e COYOLT 02\u00a0 son botas tacticas para hombre muy comodas.Con su zipper YKK y su tela impermeable les acompa\u00f1ara en cualquier misi\u00f3n\u00a0 en la ciudad o en la jungla tropical. El mejor calzado t\u00e1ctico en M\u00e9xico.<\/p>\n<p><strong>\u00a0<\/strong><b><img loading=\"lazy\" decoding=\"async\" class=\"size-full wp-image-7203 alignnone\" src=\"https:\/\/ozapato.com\/mx\/wp-content\/uploads\/sites\/4\/2017\/02\/envio-gratis-e1506649798996.png\" alt=\"\" width=\"24\" height=\"14\" \/>\u00a0 ENV\u00cdOS\u00a0A TODA LA REP\u00daBLICA<\/b><\/p>\n","protected":false},"featured_media":372,"comment_status":"closed","ping_status":"closed","template":"","meta":[],"product_brand":[],"product_cat":[26],"product_tag":[],"class_list":{"0":"post-344","1":"product","2":"type-product","3":"status-publish","4":"has-post-thumbnail","6":"product_cat-tactica","8":"first","9":"outofstock","10":"shipping-taxable","11":"purchasable","12":"product-type-variable"},"_links":{"self":[{"href":"https:\/\/ozapato.com\/pe\/wp-json\/wp\/v2\/product\/344","targetHints":{"allow":["GET"]}}],"collection":[{"href":"https:\/\/ozapato.com\/pe\/wp-json\/wp\/v2\/product"}],"about":[{"href":"https:\/\/ozapato.com\/pe\/wp-json\/wp\/v2\/types\/product"}],"replies":[{"embeddable":true,"href":"https:\/\/ozapato.com\/pe\/wp-json\/wp\/v2\/comments?post=344"}],"wp:featuredmedia":[{"embeddable":true,"href":"https:\/\/ozapato.com\/pe\/wp-json\/wp\/v2\/media\/372"}],"wp:attachment":[{"href":"https:\/\/ozapato.com\/pe\/wp-json\/wp\/v2\/media?parent=344"}],"wp:term":[{"taxonomy":"product_brand","embeddable":true,"href":"https:\/\/ozapato.com\/pe\/wp-json\/wp\/v2\/product_brand?post=344"},{"taxonomy":"product_cat","embeddable":true,"href":"https:\/\/ozapato.com\/pe\/wp-json\/wp\/v2\/product_cat?post=344"},{"taxonomy":"product_tag","embeddable":true,"href":"https:\/\/ozapato.com\/pe\/wp-json\/wp\/v2\/product_tag?post=344"}],"curies":[{"name":"wp","href":"https:\/\/api.w.org\/{rel}","templated":true}]}}