{"id":407,"date":"2021-12-16T20:16:04","date_gmt":"2021-12-16T20:16:04","guid":{"rendered":"https:\/\/ozapato.com\/pe\/?post_type=product&#038;p=407"},"modified":"2021-12-16T20:16:20","modified_gmt":"2021-12-16T20:16:20","slug":"royale-01-brown-botas-dielectricas-industriales","status":"publish","type":"product","link":"https:\/\/ozapato.com\/pe\/product\/royale-01-brown-botas-dielectricas-industriales\/","title":{"rendered":"Royale 01 Brown &#8211; Botas diel\u00e9ctricas industriales"},"content":{"rendered":"<p>[vc_row][vc_column width=&#8221;1\/6&#8243;][\/vc_column][vc_column width=&#8221;2\/3&#8243;][vc_column_text]<\/p>\n<ul>\n<li>Botas diel\u00e9ctricas industriales.<\/li>\n<li>Nueva suela OZAPATO con refuerzo frontal. Resistente al choque el\u00e9ctrico adecuado para el alto voltaje,\u00a0excelente antiderrapante y conductor de calor. Dise\u00f1ada especialmente para resistir el deslizamiento y abrasi\u00f3n.<\/li>\n<li>Suela antifatiga.<\/li>\n<li>Plantilla antiperforaci\u00f3n de kevlar Multi-Protective ultra flex certificada ISO y ASTM.<\/li>\n<li>Plantilla interna memory foam ergonomica<\/li>\n<li>Puntera de poliamida XL certificada con resistencia a m\u00e1s de 2 toneladas (Norma ASTM 2412-2413).<\/li>\n<li>100% cuero de vacuno resistente al agua.<\/li>\n<li>Agujetas de poli\u00e9ster con alma de algod\u00f3n resistente para uso prolongado.<\/li>\n<li>Costuras selladas 100% de nylon.<\/li>\n<li>Altura de 10 pulgadas.<\/li>\n<li>Certificada ASTM 2413-18 18 000 volts<\/li>\n<li><a href=\"https:\/\/workdrive.zohopublic.com\/external\/6Ol2VXoNe85-JqO1d\/download\" target=\"_blank\" rel=\"noopener\">Descargar ficha t\u00e9cnica<\/a><\/li>\n<\/ul>\n<p>[\/vc_column_text][\/vc_column][vc_column width=&#8221;1\/6&#8243;][\/vc_column][\/vc_row][vc_row][vc_column][vc_separator][\/vc_column][\/vc_row][vc_row type=&#8221;boxed&#8221;][vc_column][vc_masonry_media_grid element_width=&#8221;6&#8243; grid_id=&#8221;vc_gid:1610240583634-2c87fabf-866d-5&#8243; include=&#8221;9480,9481&#8243;][\/vc_column][\/vc_row][vc_row][vc_column][vc_separator][\/vc_column][\/vc_row][vc_row content_placement=&#8221;middle&#8221; background_style=&#8221;normal&#8221; css=&#8221;.vc_custom_1560291706794{padding-bottom: 5% !important;background-color: #f7f7f9 !important;}&#8221;][vc_column css=&#8221;.vc_custom_1414573502092{background-position: center !important;background-repeat: no-repeat !important;background-size: cover !important;}&#8221;][vc_row_inner type=&#8221;boxed&#8221; css=&#8221;.vc_custom_1414582542600{margin-top: 35px !important;}&#8221;][vc_column_inner width=&#8221;1\/3&#8243;][vc_column_text css=&#8221;.vc_custom_1580410763720{margin-right: 30px !important;margin-left: 30px !important;padding-right: 30px !important;padding-left: 30px !important;}&#8221;]<\/p>\n<h4 style=\"text-align: left\">Cemented<\/h4>\n<p style=\"text-align: left\">Construcci\u00f3n de suela pegada al corte.<\/p>\n<p>[\/vc_column_text][\/vc_column_inner][vc_column_inner width=&#8221;1\/3&#8243;][vc_column_text css=&#8221;.vc_custom_1580410805338{margin-right: 30px !important;margin-left: 30px !important;padding-right: 30px !important;padding-left: 30px !important;}&#8221;]<\/p>\n<h4 style=\"text-align: left\">Seguridad<\/h4>\n<p>Casco XL de poliamida + plantilla anti perforaci\u00f3n.[\/vc_column_text][\/vc_column_inner][vc_column_inner width=&#8221;1\/3&#8243;][vc_column_text css=&#8221;.vc_custom_1580410835096{margin-right: 30px !important;margin-left: 30px !important;padding-right: 30px !important;padding-left: 30px !important;}&#8221;]<\/p>\n<h4>Suela<\/h4>\n<p>Antideslizante. Resistente a aceites y combustible. con recubrimiento frontal.[\/vc_column_text][\/vc_column_inner][\/vc_row_inner][\/vc_column][\/vc_row][vc_row][vc_column][vc_separator][\/vc_column][\/vc_row][vc_row][vc_column][vc_column_text]<\/p>\n<h4 class=\"western\" style=\"text-align: center\"><span style=\"color: #ff0000\">\u00bfInteresado? Recibe una cotizaci\u00f3n en 24 horas m\u00e1ximo.<\/span><\/h4>\n<p>[\/vc_column_text][vc_column_text]<\/p>\n<p><iframe loading=\"lazy\" height=\"800px\" width=\"100%\" frameborder=\"0\" allow=\"geolocation;microphone;camera\" src=\"https:\/\/forms.zohopublic.com\/virtualoffice9264\/form\/MXWebForm\/formperma\/t2g4AJSxH5dX5eLImIHPs6T1GSbbcmWdJblk7_0ZVFw\"> <\/iframe>[\/vc_column_text][\/vc_column][\/vc_row][vc_row][vc_column][vc_separator][\/vc_column][\/vc_row][vc_row][vc_column][vc_single_image image=&#8221;13068&#8243; alignment=&#8221;center&#8221;][vc_row_inner][vc_column_inner][vc_column_text]<\/p>\n<h3 align=\"center\"><strong>\u00bfQU\u00c9 HACEMOS?<\/strong><\/h3>\n<p>OZAPATO es una marca de calzado ubicada en Pachuca, M\u00e9xico. Fabricamos botas de seguridad industrial y contamos con presencia en Costa Rica, Rep\u00fablica Dominicana, M\u00e9xico, Panam\u00e1 y Estados Unidos. Hemos aprendido a lo largo de los a\u00f1os como fabricar botas de seguridad con calidad y de manera responsable. En M\u00e9xico, nuestra l\u00ednea industrial cuenta con botas de seguridad, botas de seguridad diel\u00e9ctricas y botas t\u00e1cticas. Por esta raz\u00f3n, OZAPATO les presenta su bota\u00a0 diel\u00e9ctrica\u00a0<strong>Royale 01<\/strong>\u00a1Elija de nuestro cat\u00e1logo las botas que necesita para trabajar con seguridad!<\/p>\n<h3 class=\"western\" align=\"center\"><strong>\u00bf<\/strong><strong>C\u00d3MO<\/strong><strong> LO HACEMOS?<\/strong><\/h3>\n<p>Todas nuestras <a href=\"https:\/\/ozapato.com\/mx\/calzado-de-seguridad-para-soldador\/\">botas de seguridad industrial<\/a> son fabricadas con materiales de alta calidad. Tenga la confianza que sus pies estar\u00e1n protegidos en cada momento. Estamos tan seguros de la calidad de nuestros modelos de botas de seguridad industrial que ofrecemos <strong>una garant\u00eda de 4 meses y hasta 6 meses<\/strong> para las botas de seguridad m\u00e1s premium. Adem\u00e1s ofrecemos <strong>un servicio de entrega en 24 horas.<\/strong><\/p>\n<h3 class=\"western\" align=\"center\"><strong>\u00bfPOR QU\u00c9 LO HACEMOS?<\/strong><\/h3>\n<p>OZAPATO naci\u00f3 con la idea de servir a la comunidad local. La producci\u00f3n de nuestras botas de seguridad industrial es un proceso transparente que sustenta el balance socio econ\u00f3mico de la comunidad a la que pertenece.<\/p>\n<p>El valor m\u00e1s importante de OZAPATO es la entrega directa hasta el cliente. Evitamos todos los intermediarios que no a\u00f1aden valor a nuestros consumidores. Cada etapa de la fabricaci\u00f3n de botas de seguridad industrial debe beneficiar a la gente que fabrica el calzado.<\/p>\n<p>A nuestro equipo le apasiona desarrollar botas de seguridad en un ambiente social y <a href=\"https:\/\/ozapato.com\/pa\/sostenibilidad-ozapato-panama\/\">econ\u00f3mico justo<\/a>. Queremos que nuestros clientes conf\u00eden en que no s\u00f3lo compran botas bien hechas y de buena calidad, sino que tambi\u00e9n cada persona incluida en la cadena de suministro reciba un trato justo al momento.<\/p>\n<h3 style=\"text-align: center\">\u00a1BOTAS DIEL\u00c9CTRICAS INDUSTRIALES!<\/h3>\n<p><a href=\"https:\/\/ozapato.com\/mx\/producto\/royale-02\/\">Royale 01<\/a>, son<span class=\"emoji\">\u26a1\u00a0<\/span><strong>botas diel\u00e9ctricas certificadas<\/strong>\u00a0 que se adapta a todos los terrenos.Con suela antifatiga ultra flexible con absorci\u00f3n del choque al caminar Dryfast .Tambi\u00e9n esta compuesta de repelente de poliuretano para la humedad.[\/vc_column_text][\/vc_column_inner][\/vc_row_inner][\/vc_column][\/vc_row]<\/p>\n","protected":false},"excerpt":{"rendered":"<p><span class=\"emoji\">\u26a1<\/span>Royale 01 Brown es son botas diel\u00e9ctricas certificadas de 25 cm de alta EH Diel\u00e9ctrica certificada hasta 18 000 volts bajo la norma ASTM F2413-18. Ideal para los que realizan trabajos con gran exposici\u00f3n a corrientes el\u00e9ctricas o de alta tensi\u00f3n y que quieren ser protegido arriba del tobillo! \u00a1Las mejores botas diel\u00e9ctricas industriales en M\u00e9xico!<\/p>\n<p><strong>\u00a0<\/strong><strong><img loading=\"lazy\" decoding=\"async\" class=\"size-full wp-image-7203 alignnone\" src=\"https:\/\/ozapato.com\/mx\/wp-content\/uploads\/sites\/4\/2017\/02\/envio-gratis-e1506649798996.png\" alt=\"\" width=\"24\" height=\"14\" \/><span style=\"vertical-align: inherit\"><span style=\"vertical-align: inherit\">\u00a0\u00a0ENTREGA EN TODA LA\u00a0<\/span><\/span><\/strong><b>REP\u00daBLICA<\/b><\/p>\n","protected":false},"featured_media":410,"comment_status":"open","ping_status":"closed","template":"","meta":[],"product_brand":[],"product_cat":[20,18,26],"product_tag":[],"class_list":{"0":"post-407","1":"product","2":"type-product","3":"status-publish","4":"has-post-thumbnail","6":"product_cat-dielectrica","7":"product_cat-industrial","8":"product_cat-tactica","10":"first","11":"instock","12":"shipping-taxable","13":"purchasable","14":"product-type-variable"},"_links":{"self":[{"href":"https:\/\/ozapato.com\/pe\/wp-json\/wp\/v2\/product\/407","targetHints":{"allow":["GET"]}}],"collection":[{"href":"https:\/\/ozapato.com\/pe\/wp-json\/wp\/v2\/product"}],"about":[{"href":"https:\/\/ozapato.com\/pe\/wp-json\/wp\/v2\/types\/product"}],"replies":[{"embeddable":true,"href":"https:\/\/ozapato.com\/pe\/wp-json\/wp\/v2\/comments?post=407"}],"wp:featuredmedia":[{"embeddable":true,"href":"https:\/\/ozapato.com\/pe\/wp-json\/wp\/v2\/media\/410"}],"wp:attachment":[{"href":"https:\/\/ozapato.com\/pe\/wp-json\/wp\/v2\/media?parent=407"}],"wp:term":[{"taxonomy":"product_brand","embeddable":true,"href":"https:\/\/ozapato.com\/pe\/wp-json\/wp\/v2\/product_brand?post=407"},{"taxonomy":"product_cat","embeddable":true,"href":"https:\/\/ozapato.com\/pe\/wp-json\/wp\/v2\/product_cat?post=407"},{"taxonomy":"product_tag","embeddable":true,"href":"https:\/\/ozapato.com\/pe\/wp-json\/wp\/v2\/product_tag?post=407"}],"curies":[{"name":"wp","href":"https:\/\/api.w.org\/{rel}","templated":true}]}}