{"id":421,"date":"2021-12-16T20:16:13","date_gmt":"2021-12-16T20:16:13","guid":{"rendered":"https:\/\/ozapato.com\/pe\/?post_type=product&#038;p=421"},"modified":"2021-12-16T20:16:20","modified_gmt":"2021-12-16T20:16:20","slug":"grip-01","status":"publish","type":"product","link":"https:\/\/ozapato.com\/pe\/product\/grip-01\/","title":{"rendered":"Grip 01"},"content":{"rendered":"<p>[vc_row][vc_column width=&#8221;1\/6&#8243;][\/vc_column][vc_column width=&#8221;2\/3&#8243;][vc_column_text]<\/p>\n<ul>\n<li>Botas log\u00edsticas para mec\u00e1nicos.<\/li>\n<li>Calzado 100% libre de metal<\/li>\n<li>Nuevas punteras XL libre de metal. 25% m\u00e1s anchas que las punteras de acero. Certificada y resistente a m\u00e1s de 2 toneladas (Norma ASTM 2412-2413)<\/li>\n<li>Suela 100% Slip, excelente antideslizante. Suela que proporciona una mejor tracci\u00f3n en todas las superficies<\/li>\n<li>Suela resistente a la humedad y a los aceites \u2013 Oil resistant<\/li>\n<li>Plantilla\u00a0antiperforaci\u00f3n Multi-Protective certificada ISO y ASTM<\/li>\n<li>Ultra-flex technology. Calzado super-flexible<\/li>\n<li>Suela antifatiga con absorci\u00f3n de impactos<\/li>\n<li>100% Cuero con tecnolog\u00eda waterproof, 100% resistente al agua<\/li>\n<li>Construcci\u00f3n:\u00a0calzado cosido en lockstitch<\/li>\n<li>Altura de 5 pulgadas<\/li>\n<li>Garant\u00eda de 4 meses.<\/li>\n<li><a href=\"https:\/\/workdrive.zohopublic.com\/external\/6Ol2VXoNe8j-JqO1d\/download\" target=\"_blank\" rel=\"noopener\">Ficha t\u00e9cnica<\/a><\/li>\n<\/ul>\n<p>[\/vc_column_text][\/vc_column][vc_column width=&#8221;1\/6&#8243;][\/vc_column][\/vc_row][vc_row][vc_column][vc_separator][\/vc_column][\/vc_row][vc_row type=&#8221;boxed&#8221;][vc_column width=&#8221;1\/6&#8243;][vc_column_text]<\/p>\n<p>[\/vc_column_text][\/vc_column][vc_column width=&#8221;2\/3&#8243;][vc_masonry_media_grid style=&#8221;load-more&#8221; items_per_page=&#8221;2&#8243; grid_id=&#8221;vc_gid:1596748851168-ac71c98a-c9cd-1&#8243; include=&#8221;7760,7778,7766&#8243; btn_add_icon=&#8221;true&#8221; btn_custom_onclick=&#8221;true&#8221;][\/vc_column][vc_column width=&#8221;1\/6&#8243;][\/vc_column][\/vc_row][vc_row][vc_column][vc_separator][\/vc_column][\/vc_row][vc_row type=&#8221;boxed&#8221; background_style=&#8221;normal&#8221; css=&#8221;.vc_custom_1580408310342{padding-bottom: 5% !important;background-color: #f7f7f9 !important;}&#8221;][vc_column css=&#8221;.vc_custom_1414573502092{background-position: center !important;background-repeat: no-repeat !important;background-size: cover !important;}&#8221;][vc_row_inner type=&#8221;boxed&#8221; css=&#8221;.vc_custom_1414582542600{margin-top: 35px !important;}&#8221;][vc_column_inner width=&#8221;1\/3&#8243;][vc_column_text css=&#8221;.vc_custom_1581081659295{margin-right: 30px !important;margin-left: 30px !important;padding-right: 30px !important;padding-left: 30px !important;}&#8221;]<\/p>\n<h4>Suela mar\u00edtima<\/h4>\n<p>Suela OZAPATO desarrollada para la industria mar\u00edtima que ofrece un mejor agarre en suelos mojados y met\u00e1licos. Ideal para barcos, puentes, plataformas met\u00e1licas, superficies lisas. Resistente a hidrocarburos y di\u00e9sel.[\/vc_column_text][\/vc_column_inner][vc_column_inner width=&#8221;1\/3&#8243;][vc_column_text css=&#8221;.vc_custom_1580911750542{margin-right: 30px !important;margin-left: 30px !important;padding-right: 30px !important;padding-left: 30px !important;}&#8221;]<\/p>\n<h4>Construcci\u00f3n Lockstitch<\/h4>\n<p>Bota cosida en lockstitch, ofreciendo una mayor durabilidad en un clima h\u00famedo.[\/vc_column_text][\/vc_column_inner][vc_column_inner width=&#8221;1\/3&#8243;][vc_column_text css=&#8221;.vc_custom_1580912008990{margin-right: 30px !important;margin-left: 30px !important;padding-right: 30px !important;padding-left: 30px !important;}&#8221;]<\/p>\n<h4>Antiperforaci\u00f3n<\/h4>\n<p>Plantilla antiperforaci\u00f3n textil certificada ASTM e ISO. Plantilla libre de metal. Ofrece una mayor flexibilidad, ergonom\u00eda y frescura.[\/vc_column_text][\/vc_column_inner][\/vc_row_inner][\/vc_column][\/vc_row][vc_row][vc_column][vc_separator][\/vc_column][\/vc_row][vc_row type=&#8221;boxed&#8221;][vc_column width=&#8221;1\/6&#8243;][\/vc_column][vc_column width=&#8221;2\/3&#8243; css=&#8221;.vc_custom_1463521545778{background-color: #efefef !important;}&#8221;][vc_column_text]<\/p>\n<h3 class=\"western\" align=\"center\"><strong>\u00a0<\/strong><\/h3>\n<h3 class=\"western\" align=\"center\"><strong>\u00bf<\/strong><strong>QU\u00c9\u00a0<\/strong><b>\u00a0HACEMOS?<\/b><\/h3>\n<p>OZAPATO es una marca de calzado ubicada en Pachuca, M\u00e9xico. Fabricamos botas de seguridad industrial y contamos con presencia en Costa Rica, Rep\u00fablica Dominicana, M\u00e9xico, Panam\u00e1 y Estados Unidos. Hemos aprendido a lo largo de los a\u00f1os como fabricar botas de seguridad con calidad y de manera responsable. En M\u00e9xico, nuestra l\u00ednea industrial cuenta con botas de seguridad, botas de seguridad diel\u00e9ctricas y botas t\u00e1cticas. Por esta raz\u00f3n, OZAPATO les presenta sus botas log\u00edsticas para\u00a0 mec\u00e1nicos\u00a0<strong>Grip 01<\/strong> \u00a1Elija de nuestro cat\u00e1logo las botas que necesita para trabajar con seguridad!<\/p>\n<h3 class=\"western\" align=\"center\"><strong>\u00bf<\/strong><strong>C\u00d3MO<\/strong><strong> LO HACEMOS?<\/strong><\/h3>\n<p>Todas nuestras botas de seguridad industrial son fabricadas con materiales de alta calidad. Tenga la confianza que sus pies estar\u00e1n protegidos en cada momento. Estamos tan seguros de la calidad de nuestros modelos de botas de seguridad industrial que ofrecemos una <strong>garant\u00eda de 4 meses y hasta 6 meses<\/strong> para las botas de seguridad m\u00e1s premium. Adem\u00e1s ofrecemos un servicio de <strong>entrega en 24 horas.<\/strong><\/p>\n<h3 class=\"western\" align=\"center\"><strong>\u00bfPOR QU\u00c9 LO HACEMOS?<\/strong><\/h3>\n<p>OZAPATO naci\u00f3 con la idea de servir a la comunidad local. La producci\u00f3n de nuestras<a href=\"https:\/\/ozapato.com\/mx\/tecnologia\/\"> botas de seguridad industrial<\/a> es un proceso transparente que sustenta el balance socio econ\u00f3mico de la comunidad a la que pertenece.<\/p>\n<p>El valor m\u00e1s importante de OZAPATO es la entrega directa hasta el cliente. Evitamos todos los intermediarios que no a\u00f1aden valor a nuestros consumidores. Cada etapa de la fabricaci\u00f3n de botas de seguridad industrial debe beneficiar a la gente que fabrica el calzado.<\/p>\n<p>A nuestro equipo le apasiona desarrollar botas de seguridad en un ambiente social y econ\u00f3mico justo. Queremos que nuestros clientes conf\u00eden en que no s\u00f3lo compran botas bien hechas y de buena calidad, sino que tambi\u00e9n cada persona incluida en la cadena de suministro reciba un trato justo al momento.<\/p>\n<p style=\"text-align: center;\"><strong>\u00a1BOTAS LOG\u00cdSTICAS PARA MEC\u00c1NICOS!<\/strong><\/p>\n<p><a href=\"https:\/\/emojipedia.org\/hiking-boot\/\" target=\"_blank\" rel=\"noopener\"><span class=\"emoji\">\ud83e\udd7e<\/span><\/a>Grip 01,<strong>son botas log\u00edsticas para mec\u00e1nicos\u00a0con suelas\u00a0 antifatiga resistentes a qu\u00edmicos y aceites. cosidas con Lockstitch. Y\u00a0<\/strong> son refecctivos en la parte posterior.[\/vc_column_text][\/vc_column][vc_column width=&#8221;1\/6&#8243;][\/vc_column][\/vc_row][vc_row][vc_column][vc_separator][\/vc_column][\/vc_row][vc_row type=&#8221;boxed&#8221;][vc_column][vc_column_text]<\/p>\n<h4 class=\"western\" style=\"text-align: center;\"><span style=\"color: #ff0000;\">\u00bfInteresado? Recibe una cotizaci\u00f3n en 24 horas m\u00e1ximo.<\/span><\/h4>\n<p>[\/vc_column_text][vc_column_text]<iframe loading=\"lazy\" height=\"800px\" width=\"100%\" frameborder=\"0\" allow=\"geolocation;microphone;camera\" src=\"https:\/\/forms.zohopublic.com\/virtualoffice9264\/form\/MXWebForm\/formperma\/t2g4AJSxH5dX5eLImIHPs6T1GSbbcmWdJblk7_0ZVFw\"> <\/iframe><\/p>\n<p>.[\/vc_column_text][\/vc_column][\/vc_row]<\/p>\n","protected":false},"excerpt":{"rendered":"<p><strong>PRECIOS ESPECIALES PARA EMPRESAS Y PROFESIONALES.\u00a0<\/strong><a href=\"https:\/\/ozapato.com\/mx\/contacto\/\">COTIZE AQUI<\/a><\/p>\n<p>\ud83d\udc68\u200d\ud83d\udd27\u00a0Grip 01 son botas logisticas para mecanicos , que esta preparada para las condiciones extremas del clima. Esta bota industrial 100% libre de metal.<\/p>\n<p><strong>\u00a0<\/strong><b><img loading=\"lazy\" decoding=\"async\" class=\"size-full wp-image-7203 alignnone\" src=\"https:\/\/ozapato.com\/mx\/wp-content\/uploads\/sites\/4\/2017\/02\/envio-gratis-e1506649798996.png\" alt=\"\" width=\"24\" height=\"14\" \/>\u00a0 ENV\u00cdOS\u00a0A TODA LA REP\u00daBLICA<\/b><\/p>\n","protected":false},"featured_media":441,"comment_status":"open","ping_status":"closed","template":"","meta":[],"product_brand":[],"product_cat":[74,18,21,27,28],"product_tag":[],"class_list":{"0":"post-421","1":"product","2":"type-product","3":"status-publish","4":"has-post-thumbnail","6":"product_cat-calzado-para-la-industria-automotriz","7":"product_cat-industrial","8":"product_cat-mercadolibre","9":"product_cat-zapatos-para-hospitales","10":"product_cat-zapatos-para-restaurantes","12":"first","13":"onbackorder","14":"shipping-taxable","15":"purchasable","16":"product-type-variable","17":"has-default-attributes"},"_links":{"self":[{"href":"https:\/\/ozapato.com\/pe\/wp-json\/wp\/v2\/product\/421","targetHints":{"allow":["GET"]}}],"collection":[{"href":"https:\/\/ozapato.com\/pe\/wp-json\/wp\/v2\/product"}],"about":[{"href":"https:\/\/ozapato.com\/pe\/wp-json\/wp\/v2\/types\/product"}],"replies":[{"embeddable":true,"href":"https:\/\/ozapato.com\/pe\/wp-json\/wp\/v2\/comments?post=421"}],"wp:featuredmedia":[{"embeddable":true,"href":"https:\/\/ozapato.com\/pe\/wp-json\/wp\/v2\/media\/441"}],"wp:attachment":[{"href":"https:\/\/ozapato.com\/pe\/wp-json\/wp\/v2\/media?parent=421"}],"wp:term":[{"taxonomy":"product_brand","embeddable":true,"href":"https:\/\/ozapato.com\/pe\/wp-json\/wp\/v2\/product_brand?post=421"},{"taxonomy":"product_cat","embeddable":true,"href":"https:\/\/ozapato.com\/pe\/wp-json\/wp\/v2\/product_cat?post=421"},{"taxonomy":"product_tag","embeddable":true,"href":"https:\/\/ozapato.com\/pe\/wp-json\/wp\/v2\/product_tag?post=421"}],"curies":[{"name":"wp","href":"https:\/\/api.w.org\/{rel}","templated":true}]}}