{"id":451,"date":"2021-12-16T20:16:22","date_gmt":"2021-12-16T20:16:22","guid":{"rendered":"https:\/\/ozapato.com\/pe\/?post_type=product&#038;p=451"},"modified":"2021-12-16T20:16:29","modified_gmt":"2021-12-16T20:16:29","slug":"welt-07-metatarsal","status":"publish","type":"product","link":"https:\/\/ozapato.com\/pe\/product\/welt-07-metatarsal\/","title":{"rendered":"Welt 07 Metatarsal"},"content":{"rendered":"<p>[vc_row type=&#8221;boxed&#8221;][vc_column][vc_column_text]<\/p>\n<ul>\n<li>Welt 07 botas con garantia contra despegue de suela de 1 a\u00f1o.<\/li>\n<li>Welt 07 Botas con proteccion\u00a0 Metatarsal.<\/li>\n<li>Construcci\u00f3n: GoodYear Welt, impermeable hasta fuelle<\/li>\n<li>Protector Metatarsal certificicado: Resistante a 1.377 in. Velocidad: 118.2 +- 2.4sec<\/li>\n<li>Suela: Beige resistente a aceite, hidrocarburos y grasa, abrasi\u00f3n.<\/li>\n<li>Corte: Cuero full grain caf\u00e9 crazy graso, 100% cuero natural<\/li>\n<li>Color:\u00a0 Caf\u00e9 crazy graso espesos 2-2.2 mm<\/li>\n<li>Forro: Forrado antimicrobiano acolchado color caf\u00e9<\/li>\n<li>Costuras: Doble y triple de nylon color caf\u00e9<\/li>\n<li>Contrafuerte: Cuero de carnaza<\/li>\n<li>Puntera: XL\u00a0extra larga de composite\u00a0con recubrimiento plastico para mayorconfort en empeine<\/li>\n<li>Plantilla, Poliuretano anti-fatiga y anti-perforaci\u00f3n: Textil de kevlar<\/li>\n<li>Ajuste:\u00a0Horma EEE<\/li>\n<li>Altura: 17 cm<\/li>\n<li>Numeraci\u00f3n: 3-14<\/li>\n<li>Certificaci\u00f3n; certificada ISO \/ ASTM\u00a0\u00a02413 -18<\/li>\n<li>Bota libre de metal, sin ojales<\/li>\n<li>Garant\u00eda de 6 meses<\/li>\n<li><a href=\"https:\/\/workdrive.zohopublic.com\/external\/6Ol2VXoNe8b-JqO1d\/download\" target=\"_blank\" rel=\"noopener\">Ficha T\u00e9cnica<\/a><\/li>\n<\/ul>\n<p>[\/vc_column_text][\/vc_column][\/vc_row][vc_row][vc_column][vc_separator][\/vc_column][\/vc_row][vc_row type=&#8221;boxed&#8221;][vc_column][vc_media_grid grid_id=&#8221;vc_gid:1582726041705-44c9394f-1377-9&#8243; include=&#8221;10045,10031,10022&#8243;][\/vc_column][\/vc_row][vc_row][vc_column][vc_separator][\/vc_column][\/vc_row][vc_row type=&#8221;boxed&#8221;][vc_column width=&#8221;1\/3&#8243;][vc_column_text]<\/p>\n<h4>Goodyear Welted<\/h4>\n<p>Construccion GoodYear Welt para una impermeabilidad total.[\/vc_column_text][\/vc_column][vc_column width=&#8221;1\/3&#8243;][vc_column_text]<\/p>\n<h4>Seguridad<\/h4>\n<p>Casco XL de poliamida + plantilla anti perforaci\u00f3n + protector metatarsal.[\/vc_column_text][\/vc_column][vc_column width=&#8221;1\/3&#8243;][vc_column_text]<\/p>\n<h4><strong>Suela<\/strong><\/h4>\n<p>Elast\u00f3mero beige antideslizante. Resistente aceites y combustible.[\/vc_column_text][\/vc_column][\/vc_row][vc_row][vc_column][vc_separator][\/vc_column][\/vc_row][vc_row type=&#8221;boxed&#8221;][vc_column][vc_column_text]<\/p>\n<h4 class=\"western\" style=\"text-align: center\"><span style=\"color: #ff0000\">\u00bfInteresado? Recibe una cotizaci\u00f3n en 24 horas m\u00e1ximo.<\/span><\/h4>\n<p>[\/vc_column_text][vc_column_text]<iframe loading=\"lazy\" height=\"800px\" width=\"100%\" frameborder=\"0\" allow=\"geolocation;microphone;camera\" src=\"https:\/\/forms.zohopublic.com\/virtualoffice9264\/form\/MXWebForm\/formperma\/t2g4AJSxH5dX5eLImIHPs6T1GSbbcmWdJblk7_0ZVFw\"> <\/iframe><\/p>\n<p>.[\/vc_column_text][\/vc_column][\/vc_row][vc_row][vc_column][vc_column_text]<\/p>\n<h3 class=\"western\" align=\"center\"><strong>\u00bf<\/strong><strong>QU\u00c9 HACEMOS?<\/strong><\/h3>\n<p>OZAPATO es una marca de calzado ubicada en Pachuca, M\u00e9xico. Fabricamos botas de seguridad industrial y contamos con presencia en Costa Rica, Rep\u00fablica Dominicana, M\u00e9xico, Panam\u00e1 y Estados Unidos. Hemos aprendido a lo largo de los a\u00f1os como fabricar botas de seguridad con calidad y de manera responsable. En M\u00e9xico, nuestra l\u00ednea industrial cuenta con botas de seguridad, botas de seguridad diel\u00e9ctricas y botas t\u00e1cticas. Por esta raz\u00f3n, OZAPATO les presenta sus botas <strong>\u00a0con\u00a0 proteccion Metatarsal <\/strong>Welt 07<\/p>\n<p>\u00a1Elija de nuestro cat\u00e1logo las botas que necesita para trabajar con seguridad!<\/p>\n<h3 class=\"western\" align=\"center\"><strong>\u00bf<\/strong><strong>C\u00d3MO<\/strong><strong> LO HACEMOS?<\/strong><\/h3>\n<p>Todas nuestras <a href=\"https:\/\/ozapato.com\/mx\/producto\/welt-03\/\">botas de seguridad industrial<\/a> son fabricadas con materiales de alta calidad. Tenga la confianza que sus pies estar\u00e1n protegidos en cada momento. Estamos tan seguros de la calidad de nuestros modelos de botas de seguridad industrial que ofrecemos una <strong>garant\u00eda de 4 meses y hasta 6 meses<\/strong> para las botas de seguridad m\u00e1s premium. Adem\u00e1s ofrecemos un servicio de <strong>entrega en 24 horas.<\/strong><\/p>\n<h3 class=\"western\" align=\"center\"><strong>\u00bfPOR QU\u00c9 LO HACEMOS?<\/strong><\/h3>\n<p>OZAPATO naci\u00f3 con la idea de servir a la comunidad local. La producci\u00f3n de nuestras botas de seguridad industrial es un proceso transparente que sustenta el balance socio econ\u00f3mico de la comunidad a la que pertenece.<\/p>\n<p>El valor m\u00e1s importante de OZAPATO es la entrega directa hasta el cliente. Evitamos todos los intermediarios que no a\u00f1aden valor a nuestros consumidores. Cada etapa de la fabricaci\u00f3n de botas de seguridad industrial debe beneficiar a la gente que fabrica el <strong>calzado.<\/strong><\/p>\n<p>A nuestro equipo le apasiona desarrollar botas de seguridad en un ambiente social y econ\u00f3mico justo. Queremos que nuestros clientes conf\u00eden en que no s\u00f3lo compran botas bien hechas y de buena calidad, sino que tambi\u00e9n cada persona incluida en la cadena de suministro reciba un trato justo al momento.<\/p>\n<h3 style=\"text-align: center\">\u00a1BOTAS CON PROTECCI\u00d3N\u00a0 METATARSAL!<\/h3>\n<p>\ud83d\udee0\ufe0f\u00a0Welt 07 son botas con proteccion\u00a0 Metatarsal, es una bota de construcci\u00f3n ,que sirve para todos los <a href=\"https:\/\/ozapato.com\/mx\/zapatos-tacticos\/\">terrenos.<\/a> Compuesta de Goodyear Welt\u00a0 diel\u00e9ctrica.[\/vc_column_text][\/vc_column][\/vc_row]<\/p>\n","protected":false},"excerpt":{"rendered":"<p>\ud83d\udee0\ufe0f\u00a0Las Welt 07\u00a0 son botas con proteccion Metatarsal son unas botas con protector metatarsal cosidas en GoodYeard Welt hechas para M\u00e9xico.<\/p>\n","protected":false},"featured_media":475,"comment_status":"open","ping_status":"closed","template":"","meta":[],"product_brand":[],"product_cat":[20,24,18,29,25],"product_tag":[],"class_list":{"0":"post-451","1":"product","2":"type-product","3":"status-publish","4":"has-post-thumbnail","6":"product_cat-dielectrica","7":"product_cat-goodyear-welt","8":"product_cat-industrial","9":"product_cat-mineria","10":"product_cat-soldador","12":"first","13":"onbackorder","14":"shipping-taxable","15":"purchasable","16":"product-type-variable","17":"has-default-attributes"},"_links":{"self":[{"href":"https:\/\/ozapato.com\/pe\/wp-json\/wp\/v2\/product\/451","targetHints":{"allow":["GET"]}}],"collection":[{"href":"https:\/\/ozapato.com\/pe\/wp-json\/wp\/v2\/product"}],"about":[{"href":"https:\/\/ozapato.com\/pe\/wp-json\/wp\/v2\/types\/product"}],"replies":[{"embeddable":true,"href":"https:\/\/ozapato.com\/pe\/wp-json\/wp\/v2\/comments?post=451"}],"wp:featuredmedia":[{"embeddable":true,"href":"https:\/\/ozapato.com\/pe\/wp-json\/wp\/v2\/media\/475"}],"wp:attachment":[{"href":"https:\/\/ozapato.com\/pe\/wp-json\/wp\/v2\/media?parent=451"}],"wp:term":[{"taxonomy":"product_brand","embeddable":true,"href":"https:\/\/ozapato.com\/pe\/wp-json\/wp\/v2\/product_brand?post=451"},{"taxonomy":"product_cat","embeddable":true,"href":"https:\/\/ozapato.com\/pe\/wp-json\/wp\/v2\/product_cat?post=451"},{"taxonomy":"product_tag","embeddable":true,"href":"https:\/\/ozapato.com\/pe\/wp-json\/wp\/v2\/product_tag?post=451"}],"curies":[{"name":"wp","href":"https:\/\/api.w.org\/{rel}","templated":true}]}}