{"id":524,"date":"2021-12-16T20:16:41","date_gmt":"2021-12-16T20:16:41","guid":{"rendered":"https:\/\/ozapato.com\/pe\/?post_type=product&#038;p=524"},"modified":"2021-12-16T20:16:46","modified_gmt":"2021-12-16T20:16:46","slug":"tona-01","status":"publish","type":"product","link":"https:\/\/ozapato.com\/pe\/product\/tona-01\/","title":{"rendered":"Tona 01"},"content":{"rendered":"<p>[vc_row][vc_column][vc_separator][\/vc_column][\/vc_row][vc_row type=&#8221;boxed&#8221;][vc_column][vc_column_text]<\/p>\n<ul>\n<li>Tona 01 botas resistentes\u00a0 al agua y\u00a0 fri\u00f3.<\/li>\n<li>Construcci\u00f3n: Calzado cosido y sellado.<\/li>\n<li>Suela: Raflex negra resistente a pisos de pintura epoxica, vitropisos, pisos de vinil.<\/li>\n<li>Corte: Cuero full grain negro graso.<\/li>\n<li>Color: Negro graso.<\/li>\n<li>Forro: Forrado en tela de aluminio para temperaturas altas en cuarto fri\u00f3<\/li>\n<li>.Costuras: Doble y triple de nylon color negro.<\/li>\n<li>Contrafuerte: Cuero de carnaza.<\/li>\n<li>Puntera: XL extra larga de composite.<\/li>\n<li>Plantilla interior: Poliuretano anti-fatiga.<\/li>\n<li>Plantilla anti-perforaci\u00f3n: Textil de kevlar.<\/li>\n<li>Ajuste: Horma EEE.<\/li>\n<li>Altura: 26 cm.<\/li>\n<li>Numeraci\u00f3n: 3-14.<\/li>\n<li>Certificaci\u00f3n; certificada ISO-20344:2011 (4,5 grados).<\/li>\n<li>Ojillos met\u00e1licos con recubrimiento en pintura ep\u00f3xica, anti corrosivo.<\/li>\n<li><a href=\"https:\/\/workdrive.zohopublic.com\/external\/6Ol2VXoNe8a-JqO1d\/download\" target=\"_blank\" rel=\"noopener\">Ficha t\u00e9cnica<\/a><\/li>\n<\/ul>\n<p>[\/vc_column_text][vc_separator][\/vc_column][\/vc_row][vc_row][vc_column][vc_separator][\/vc_column][\/vc_row][vc_row type=&#8221;boxed&#8221;][vc_column][vc_media_grid grid_id=&#8221;vc_gid:1582750954094-cccbca76-8667-4&#8243; include=&#8221;8443,8445,8435&#8243;][\/vc_column][\/vc_row][vc_row][vc_column][vc_separator][\/vc_column][\/vc_row][vc_row type=&#8221;boxed&#8221;][vc_column width=&#8221;1\/3&#8243;][vc_column_text]<\/p>\n<h4><strong>Lockstitcher<\/strong><\/h4>\n<p>Calzado cosido y sellado en Lockstitcher para una impermeabilidad total.[\/vc_column_text][\/vc_column][vc_column width=&#8221;1\/3&#8243;][vc_column_text]<\/p>\n<h4><strong>Seguridad<\/strong><\/h4>\n<p>Casco XL de poliamida\u00a0 y plantilla anti perforaci\u00f3n.[\/vc_column_text][\/vc_column][vc_column width=&#8221;1\/3&#8243;][vc_column_text]<\/p>\n<h4><strong>Suela<\/strong><\/h4>\n<p>Raflex negro antideslizante.Resistente aceites y combustible.[\/vc_column_text][\/vc_column][\/vc_row][vc_row][vc_column][vc_separator][\/vc_column][\/vc_row][vc_row type=&#8221;boxed&#8221;][vc_column][vc_column_text]<\/p>\n<h4 class=\"western\" style=\"text-align: center\"><span style=\"color: #ff0000\">\u00bfInteresado? Recibe una cotizaci\u00f3n en 24 horas m\u00e1ximo.<\/span><\/h4>\n<p>[\/vc_column_text][vc_column_text]<\/p>\n<p><iframe loading=\"lazy\" height=\"800px\" width=\"100%\" frameborder=\"0\" allow=\"geolocation;microphone;camera\" src=\"https:\/\/forms.zohopublic.com\/virtualoffice9264\/form\/MXWebForm\/formperma\/t2g4AJSxH5dX5eLImIHPs6T1GSbbcmWdJblk7_0ZVFw\"> <\/iframe>[\/vc_column_text][\/vc_column][\/vc_row][vc_row][vc_column][vc_separator][\/vc_column][\/vc_row][vc_row][vc_column][vc_column_text]<\/p>\n<h3 align=\"center\"><strong>\u00bfQU\u00c9 HACEMOS?<\/strong><\/h3>\n<p>OZAPATO es una marca de calzado ubicada en Pachuca, M\u00e9xico. Fabricamos botas de seguridad industrial y contamos con presencia en Costa Rica, Rep\u00fablica Dominicana, M\u00e9xico, Panam\u00e1 y Estados Unidos. Hemos aprendido a lo largo de los a\u00f1os como fabricar botas de seguridad con calidad y de manera responsable. En <strong>M\u00e9xico,<\/strong> nuestra l\u00ednea industrial cuenta con botas de seguridad, botas de seguridad diel\u00e9ctricas y botas t\u00e1cticas. Por esta raz\u00f3n, OZAPATO les presenta su bota industrial resistente al agua y fri\u00f3\u00a0<strong>Tona 01.<\/strong>\u00a1Elija de nuestro cat\u00e1logo las botas resistentes al agua y al fri\u00f3!<\/p>\n<h3 class=\"western\" align=\"center\"><strong>\u00bf<\/strong><strong>C\u00d3MO<\/strong><strong> LO HACEMOS?<\/strong><\/h3>\n<p>Todas nuestras botas de seguridad industrial son fabricadas con materiales de alta calidad. Tenga la confianza que sus pies estar\u00e1n protegidos en cada momento. Estamos tan seguros de la calidad de nuestros modelos de botas de seguridad industrial que ofrecemos una <strong>garant\u00eda de 4 meses y hasta 6 meses<\/strong> para las botas de seguridad m\u00e1s premium. Adem\u00e1s ofrecemos un servicio de <strong>entrega en 24 horas.<\/strong><\/p>\n<h3 class=\"western\" align=\"center\"><strong>\u00bfPOR QU\u00c9 LO HACEMOS?<\/strong><\/h3>\n<p>OZAPATO naci\u00f3 con la idea de servir a la <a href=\"https:\/\/ozapato.com\/mx\/\">comunidad local<\/a>. La producci\u00f3n de nuestras botas de seguridad industrial es un proceso transparente que sustenta el balance socio econ\u00f3mico de la comunidad a la que pertenece.<\/p>\n<p>El valor m\u00e1s importante de OZAPATO es la entrega directa hasta el cliente. Evitamos todos los intermediarios que no a\u00f1aden valor a nuestros consumidores. Cada etapa de la fabricaci\u00f3n de botas de seguridad industrial debe beneficiar a la gente que fabrica el <strong>calzado.<\/strong><\/p>\n<p>A nuestro equipo le apasiona desarrollar botas de seguridad en un ambiente social y econ\u00f3mico justo. Queremos que nuestros clientes conf\u00eden en que no s\u00f3lo compran botas bien\u00a0 hechas y de buena calidad, sino que tambi\u00e9n cada persona incluida en la cadena de suministro reciba un trato justo al momento.<\/p>\n<h3 style=\"text-align: center\">\u00a1LAS BOTAS RESISTENTES AL\u00a0 AGUA Y FRI\u00d3!<\/h3>\n<p>\ud83e\udd76Tona 01 son\u00a0 las\u00a0 mas resistentes al agua y el fri\u00f3,\u00a0<strong>botas\u00a0 para cuartos fr\u00edos<\/strong>, fabricada por <a href=\"http:\/\/www.ozapato.com\/cr\/\">OZAPATO<\/a>, forrado con tela de aluminio para temperaturas altas en cuarto fri\u00f3 y construido con una costura doble y triple de nylon negro.[\/vc_column_text][\/vc_column][\/vc_row]<\/p>\n","protected":false},"excerpt":{"rendered":"<p>\ud83e\udd76 Tona 01\u00a0 botas resistentes al agua y fri\u00f3, ideal para empresas alimenticias y grandes frigor\u00edficos. Con la mejor garant\u00eda y calidad precio.<\/p>\n","protected":false},"featured_media":537,"comment_status":"open","ping_status":"closed","template":"","meta":[],"product_brand":[],"product_cat":[18],"product_tag":[],"class_list":{"0":"post-524","1":"product","2":"type-product","3":"status-publish","4":"has-post-thumbnail","6":"product_cat-industrial","8":"first","9":"instock","10":"shipping-taxable","11":"purchasable","12":"product-type-variable","13":"has-default-attributes"},"_links":{"self":[{"href":"https:\/\/ozapato.com\/pe\/wp-json\/wp\/v2\/product\/524","targetHints":{"allow":["GET"]}}],"collection":[{"href":"https:\/\/ozapato.com\/pe\/wp-json\/wp\/v2\/product"}],"about":[{"href":"https:\/\/ozapato.com\/pe\/wp-json\/wp\/v2\/types\/product"}],"replies":[{"embeddable":true,"href":"https:\/\/ozapato.com\/pe\/wp-json\/wp\/v2\/comments?post=524"}],"wp:featuredmedia":[{"embeddable":true,"href":"https:\/\/ozapato.com\/pe\/wp-json\/wp\/v2\/media\/537"}],"wp:attachment":[{"href":"https:\/\/ozapato.com\/pe\/wp-json\/wp\/v2\/media?parent=524"}],"wp:term":[{"taxonomy":"product_brand","embeddable":true,"href":"https:\/\/ozapato.com\/pe\/wp-json\/wp\/v2\/product_brand?post=524"},{"taxonomy":"product_cat","embeddable":true,"href":"https:\/\/ozapato.com\/pe\/wp-json\/wp\/v2\/product_cat?post=524"},{"taxonomy":"product_tag","embeddable":true,"href":"https:\/\/ozapato.com\/pe\/wp-json\/wp\/v2\/product_tag?post=524"}],"curies":[{"name":"wp","href":"https:\/\/api.w.org\/{rel}","templated":true}]}}