{"id":538,"date":"2021-12-16T20:16:48","date_gmt":"2021-12-16T20:16:48","guid":{"rendered":"https:\/\/ozapato.com\/pe\/?post_type=product&#038;p=538"},"modified":"2021-12-16T20:16:56","modified_gmt":"2021-12-16T20:16:56","slug":"comfort-02","status":"publish","type":"product","link":"https:\/\/ozapato.com\/pe\/product\/comfort-02\/","title":{"rendered":"Comfort 02"},"content":{"rendered":"<p>[vc_row type=&#8221;boxed&#8221;][vc_column width=&#8221;1\/6&#8243;][\/vc_column][vc_column width=&#8221;2\/3&#8243;][vc_column_text]<\/p>\n<ul>\n<li>Comfort 02 botas\u00a0 ultra confortables.<\/li>\n<li>Suela Slip and Oil Resistant, excelente antideslizante. Suela que proporciona una mejor tracci\u00f3n en todas las superficies. Perfecto para plantas alimenticias, hoteles, restaurantes, industria farmac\u00e9utica.<\/li>\n<li>Cuero blacno full grain, transpirable y facil de limpiar.<\/li>\n<li>Suela resistente a la humedad que no se pone amarillo con el tiempo. F\u00e1cil de limpiar con agua y jab\u00f3n.<\/li>\n<li>Aporta mayor confort y flexibilidad en la suela<\/li>\n<li>Plantilla antiperforaci\u00f3n de kevlar Multi-Protective ultra flex certificada ISO y ASTM.<\/li>\n<li>Puntera de poliamida \/ composit toe certificada con resistencia a m\u00e1s de 2 toneladas (Norma ASTM 2412-2413).<\/li>\n<li>Construcci\u00f3n:\u00a0calzado cosido en lockstitch<\/li>\n<li>Bull\u00f3n interior antimicrobiano que mantiene el pie seco y reduce al m\u00ednimo los olores<\/li>\n<li>Altura de 4 pulgadas<\/li>\n<li><a href=\"https:\/\/workdrive.zohopublic.com\/external\/6Ol2VXoNe8d-JqO1d\/download\" target=\"_blank\" rel=\"noopener\">Ficha t\u00e9cnica\u00a0<\/a><\/li>\n<\/ul>\n<p>[\/vc_column_text][\/vc_column][vc_column width=&#8221;1\/6&#8243;][\/vc_column][\/vc_row][vc_row][vc_column][vc_separator][\/vc_column][\/vc_row][vc_row type=&#8221;boxed&#8221;][vc_column width=&#8221;1\/6&#8243;][\/vc_column][vc_column width=&#8221;2\/3&#8243;][vc_media_grid element_width=&#8221;6&#8243; grid_id=&#8221;vc_gid:1583440960791-1b62d7ea-89b7-3&#8243; include=&#8221;10358,10357&#8243;][\/vc_column][vc_column width=&#8221;1\/6&#8243;][\/vc_column][\/vc_row][vc_row][vc_column][vc_separator][\/vc_column][\/vc_row][vc_row type=&#8221;boxed&#8221;][vc_column width=&#8221;1\/3&#8243;][vc_column_text]<\/p>\n<h4><strong>Lockstitch<\/strong><\/h4>\n<p>Construcci\u00f3n de suela pegada al corte y cosida al cuero.[\/vc_column_text][\/vc_column][vc_column width=&#8221;1\/3&#8243;][vc_column_text]<\/p>\n<h4><strong>Suela<\/strong><\/h4>\n<p>Raflex OZAPATO blanco antideslizante. Resistente a aceites y combustible.[\/vc_column_text][\/vc_column][vc_column width=&#8221;1\/3&#8243;][vc_column_text]<strong>Cueros<\/strong><\/p>\n<p>Cuero blanco napa de 1.8 a 2.2 mm, con resorte blanco.[\/vc_column_text][\/vc_column][\/vc_row][vc_row][vc_column][vc_separator][\/vc_column][\/vc_row][vc_row][vc_column][vc_column_text]<\/p>\n<h4 class=\"western\" style=\"text-align: center\"><span style=\"color: #ff0000\">\u00bfInteresado? Recibe una cotizaci\u00f3n en 24 horas m\u00e1ximo.<\/span><\/h4>\n<p>[\/vc_column_text][vc_column_text]<iframe loading=\"lazy\" height=\"800px\" width=\"100%\" frameborder=\"0\" allow=\"geolocation;microphone;camera\" src=\"https:\/\/forms.zohopublic.com\/virtualoffice9264\/form\/MXWebForm\/formperma\/t2g4AJSxH5dX5eLImIHPs6T1GSbbcmWdJblk7_0ZVFw\"> <\/iframe>[\/vc_column_text][\/vc_column][\/vc_row][vc_row type=&#8221;boxed&#8221;][vc_column][vc_column_text]<\/p>\n<h2><\/h2>\n<p>OZAPATO es una marca de calzado ubicada en Pachuca, M\u00e9xico. Fabricamos botas de seguridad industrial y contamos con presencia en Costa Rica, Rep\u00fablica Dominicana, M\u00e9xico, Panam\u00e1 y Estados Unidos. Hemos aprendido a lo largo de los a\u00f1os como fabricar botas de seguridad con calidad y de manera responsable. En M\u00e9xico, nuestra l\u00ednea industrial cuenta con botas de seguridad, botas de seguridad diel\u00e9ctricas y botas t\u00e1cticas. Por esta raz\u00f3n, OZAPATO les presenta\u00a0<a href=\"https:\/\/emojipedia.org\/white-circle\/\" target=\"_blank\" rel=\"noopener\"><span class=\"emoji\">\u26aa<\/span>\u00a0<\/a><strong>Comfort 02<\/strong>, <strong>botaS ultra confortables<\/strong>\u00a0de cuero blanco napa con resorte blanco en laterales, libre de metal.<\/p>\n<h3 class=\"western\" align=\"center\"><strong>\u00bfQU\u00c9 HACEMOS?<\/strong><\/h3>\n<p><a href=\"https:\/\/emojipedia.org\/white-circle\/\" target=\"_blank\" rel=\"noopener\"><span class=\"emoji\">\u26aa<\/span>\u00a0<\/a><strong>Comfort 02<\/strong>, <strong>bota de seguridad\u00a0 ultra confortable<\/strong> de cuero blanco napa con resorte blanco en laterales, libre de metal.<\/p>\n<p>\u00a1Elija de nuestro cat\u00e1logo las botas que necesita para trabajar con seguridad!<\/p>\n<h3 class=\"western\" align=\"center\">\u00bf<span style=\"font-size: 18.72px\">C\u00d3MO<\/span>\u00a0LO HACEMOS?<\/h3>\n<p>Todas nuestras botas de seguridad <strong>industrial<\/strong> son fabricadas con materiales de alta calidad. Tenga la confianza que sus pies estar\u00e1n protegidos en cada momento. Estamos tan seguros de la calidad de nuestros modelos de botas de seguridad industrial que ofrecemos una<strong> garant\u00eda de 4 meses y hasta 6 meses<\/strong> para las botas de seguridad m\u00e1s premium. Adem\u00e1s ofrecemos un servicio de entrega en 24 horas.<\/p>\n<h3 class=\"western\" align=\"center\"><strong>\u00bfPOR QU\u00c9 LO HACEMOS?<\/strong><\/h3>\n<p>OZAPATO naci\u00f3 con la idea de servir a la comunidad local. La producci\u00f3n de nuestras botas de seguridad industrial es un proceso transparente que sustenta el balance socio econ\u00f3mico de la comunidad a la que pertenece.<\/p>\n<p>El valor m\u00e1s importante de OZAPATO es la entrega directa hasta el cliente. Evitamos todos los intermediarios que no a\u00f1aden valor a nuestros consumidores. Cada etapa de la fabricaci\u00f3n de botas de seguridad industrial debe beneficiar a la gente que fabrica el<strong> calzado.<\/strong><\/p>\n<h3 class=\"western\" align=\"center\">\u00a1BOTAS ULTRA CONFORTABLES!<\/h3>\n<p>Comfort 02, bota de seguridad ultra confortable que pertenece al grupo de botas de <a href=\"https:\/\/ozapato.com\/mx\/producto\/rock-03\/\">seguridad industria<\/a>l fabricada por OZAPATO. Esta bota\u00a0esta\u00a0\u00a0forrado interiormente con\u00a0 antimicrobiano acolchado .Las costuras: son de doble y triple de nylon color blanco y con un contrafuerte: Orothermo y\u00a0 puntera: XL extra larga de composite. Tambi\u00e9n incluye una\u00a0 plantilla interior tejida y suajada de 3mm anti microbiana.[\/vc_column_text][\/vc_column][\/vc_row]<\/p>\n","protected":false},"excerpt":{"rendered":"<p>\u26aaEl Comfort\u00a0 02 botas\u00a0 ultra confortables\u00a0 que naci\u00f3 de la necesidad de tener un calzado blanco muy antideslizante. Es el modelo perfecto para plantas farmac\u00e9uticas, alimenticias y par la industrial de la hospitalidad.<\/p>\n","protected":false},"featured_media":568,"comment_status":"open","ping_status":"closed","template":"","meta":[],"product_brand":[],"product_cat":[21,27,28],"product_tag":[],"class_list":{"0":"post-538","1":"product","2":"type-product","3":"status-publish","4":"has-post-thumbnail","6":"product_cat-mercadolibre","7":"product_cat-zapatos-para-hospitales","8":"product_cat-zapatos-para-restaurantes","10":"first","11":"onbackorder","12":"shipping-taxable","13":"purchasable","14":"product-type-variable","15":"has-default-attributes"},"_links":{"self":[{"href":"https:\/\/ozapato.com\/pe\/wp-json\/wp\/v2\/product\/538","targetHints":{"allow":["GET"]}}],"collection":[{"href":"https:\/\/ozapato.com\/pe\/wp-json\/wp\/v2\/product"}],"about":[{"href":"https:\/\/ozapato.com\/pe\/wp-json\/wp\/v2\/types\/product"}],"replies":[{"embeddable":true,"href":"https:\/\/ozapato.com\/pe\/wp-json\/wp\/v2\/comments?post=538"}],"wp:featuredmedia":[{"embeddable":true,"href":"https:\/\/ozapato.com\/pe\/wp-json\/wp\/v2\/media\/568"}],"wp:attachment":[{"href":"https:\/\/ozapato.com\/pe\/wp-json\/wp\/v2\/media?parent=538"}],"wp:term":[{"taxonomy":"product_brand","embeddable":true,"href":"https:\/\/ozapato.com\/pe\/wp-json\/wp\/v2\/product_brand?post=538"},{"taxonomy":"product_cat","embeddable":true,"href":"https:\/\/ozapato.com\/pe\/wp-json\/wp\/v2\/product_cat?post=538"},{"taxonomy":"product_tag","embeddable":true,"href":"https:\/\/ozapato.com\/pe\/wp-json\/wp\/v2\/product_tag?post=538"}],"curies":[{"name":"wp","href":"https:\/\/api.w.org\/{rel}","templated":true}]}}