{"id":580,"date":"2021-12-16T20:16:59","date_gmt":"2021-12-16T20:16:59","guid":{"rendered":"https:\/\/ozapato.com\/pe\/?post_type=product&#038;p=580"},"modified":"2021-12-16T20:17:07","modified_gmt":"2021-12-16T20:17:07","slug":"oxford-03-zapatos-para-policia","status":"publish","type":"product","link":"https:\/\/ozapato.com\/pe\/product\/oxford-03-zapatos-para-policia\/","title":{"rendered":"Oxford 03 &#8211; Zapatos para polic\u00eda"},"content":{"rendered":"<p>[vc_row type=&#8221;boxed&#8221;][vc_column][vc_column_text]<\/p>\n<ul>\n<li>Zapatos para polic\u00eda con suela antideslizante.<\/li>\n<li>Suela super flexible, muy antideslizante. Tendr\u00e1 una excelente tracci\u00f3n en terrenos humedos y pisos mojados.<\/li>\n<li>Suela totalmente cosida y sellada, resistente a la humedad.<\/li>\n<li>Cuero full grain premium graso<\/li>\n<li>Bull\u00f3n interior antimicrobiano manteniendo el pie seco y reduciendo al m\u00ednimo los olores<\/li>\n<li>Plantilla \u00a0acolchada, lavable<\/li>\n<li>Altura de 3\u2032\u00a0pulgadas<\/li>\n<li><a href=\"https:\/\/workdrive.zohopublic.com\/external\/6Ol2VXoNe8t-JqO1d\/download\" target=\"_blank\" rel=\"noopener\">Ficha t\u00e9cnica<\/a><\/li>\n<\/ul>\n<p>[\/vc_column_text][\/vc_column][\/vc_row][vc_row][vc_column][vc_separator][\/vc_column][\/vc_row][vc_row type=&#8221;boxed&#8221;][vc_column][vc_media_grid grid_id=&#8221;vc_gid:1610154073593-d7d302e4-e6e2-10&#8243; include=&#8221;10639,7146,6371&#8243;][\/vc_column][\/vc_row][vc_row][vc_column][vc_separator][\/vc_column][\/vc_row][vc_row type=&#8221;boxed&#8221;][vc_column width=&#8221;1\/3&#8243;][vc_column_text]<\/p>\n<h4 style=\"text-align: center\">Locksticher<\/h4>\n<p>Construcci\u00f3n de suela pegada al corte y cosida al cuero.[\/vc_column_text][\/vc_column][vc_column width=&#8221;1\/3&#8243;][vc_column_text]<\/p>\n<h4 style=\"text-align: center\">Suela<\/h4>\n<p>Suela negra antideslizante- Resistente a pisos pulidos, aceites,patios, suelos porosos,asfalto.[\/vc_column_text][\/vc_column][vc_column width=&#8221;1\/3&#8243;][vc_column_text]<\/p>\n<h4 style=\"text-align: center\"><strong>Seguridad<\/strong><\/h4>\n<p>Sin puntera,con refuerzo frontal de celastin. Calzado ideal para personal policial.[\/vc_column_text][\/vc_column][\/vc_row][vc_row][vc_column][vc_separator][\/vc_column][\/vc_row][vc_row type=&#8221;boxed&#8221;][vc_column][vc_column_text]<\/p>\n<h4 class=\"western\" style=\"text-align: center\"><span style=\"color: #ff0000\">\u00bfInteresado? Recibe una cotizaci\u00f3n en 24 horas m\u00e1ximo.<\/span><\/h4>\n<p>[\/vc_column_text][vc_column_text]<iframe loading=\"lazy\" height=\"800px\" width=\"100%\" frameborder=\"0\" allow=\"geolocation;microphone;camera\" src=\"https:\/\/forms.zohopublic.com\/virtualoffice9264\/form\/MXWebForm\/formperma\/t2g4AJSxH5dX5eLImIHPs6T1GSbbcmWdJblk7_0ZVFw\"> <\/iframe>[\/vc_column_text][\/vc_column][\/vc_row][vc_row type=&#8221;boxed&#8221;][vc_column][vc_column_text]<\/p>\n<h3 class=\"western\" align=\"center\"><strong>\u00bf<\/strong><strong>QU\u00c9\u00a0<\/strong><strong>HACEMOS?<\/strong><\/h3>\n<p>OZAPATO es una marca de calzado ubicada en Pachuca, M\u00e9xico. Fabricamos botas de seguridad industrial y contamos con presencia en Costa Rica, Rep\u00fablica Dominicana, M\u00e9xico, Panam\u00e1 y Estados Unidos. Hemos aprendido a lo largo de los a\u00f1os como fabricar botas de seguridad con calidad y de manera responsable. En <strong>M\u00e9xico,<\/strong> nuestra l\u00ednea industrial cuenta con botas de seguridad, botas diel\u00e9ctricas y botas t\u00e1cticas. Por esta raz\u00f3n, OZAPATO les presenta <b>Oxford 03<\/b>, son\u00a0<b>botas con suela antideslizante para polic\u00edas\u00a0y <\/b>de color mate.\u00a1Elija de nuestro cat\u00e1logo las botas que necesita para trabajar con seguridad!<\/p>\n<h3 class=\"western\" align=\"center\">\u00bfC\u00d3MO\u00a0LO HACEMOS?<\/h3>\n<p>Todas nuestras <strong>botas de seguridad<\/strong> industrial son fabricadas con materiales de alta calidad. Tenga la confianza que sus pies estar\u00e1n protegidos en cada momento. Estamos tan seguros de la calidad de nuestros modelos de botas de seguridad industrial que ofrecemos una <strong>garant\u00eda de 4 meses y hasta 6 meses<\/strong> para las botas de seguridad m\u00e1s premium. Adem\u00e1s ofrecemos un servicio de entrega en 24 horas.<\/p>\n<h3 class=\"western\" align=\"center\"><strong>\u00bfPOR QU\u00c9 LO HACEMOS?<\/strong><\/h3>\n<p>OZAPATO naci\u00f3 con la idea de servir a la comunidad local. La producci\u00f3n de nuestras botas de seguridad industrial es un proceso transparente que sustenta el balance socio econ\u00f3mico de la comunidad a la que pertenece.<\/p>\n<p>El valor m\u00e1s importante de OZAPATO es la entrega directa hasta el cliente. Evitamos todos los intermediarios que no a\u00f1aden valor a nuestros consumidores. Cada etapa de la fabricaci\u00f3n de botas de seguridad industrial debe beneficiar a la gente que fabrica el <strong>calzado.<\/strong><\/p>\n<h3 style=\"text-align: center\">\u00a0\u00a1CALZADO PARA POLIC\u00cdAS CON SUELA ANTIDESLIZANTE!<\/h3>\n<p><a href=\"https:\/\/emojipedia.org\/police-officer\/\" target=\"_blank\" rel=\"noopener\"><span class=\"emoji\">\ud83d\udc6e<\/span><\/a>Oxford 03 Es calzado para polic\u00edas con suela antideslizante ,pegada al corte y cosida de cuero <a href=\"https:\/\/ozapato.com\/mx\/tecnologia\/\">Locksticher<\/a>, antideslizante, resistente a pisos pulidos,aceites,patios, suelos porosos y al asfalto. Y con un refuerzo de seguridad frontal de celastin.[\/vc_column_text][\/vc_column][\/vc_row]<\/p>\n","protected":false},"excerpt":{"rendered":"<div class=\"woocommerce-product-details__short-description\">\n<p><a href=\"https:\/\/emojipedia.org\/police-officer\/\"><span class=\"emoji\">\ud83d\udc6e<\/span><\/a>Oxford 03 es calzado para polic\u00edas con suela antideslizante de color mate y para desempe\u00f1ar las labores diarios de una manera elegante. Su suela 100% cosida es de duraci\u00f3n m\u00e1xima y es ultra flexible.<\/p>\n<\/div>\n<div class=\"yotpo bottomLine\" data-product-id=\"7662\" data-url=\"https:\/\/ozapato.com\/pa\/product\/oxford-03\/\" data-lang=\"en\" data-yotpo-element-id=\"2\"><strong>ENV\u00cdOS PARA EMPRESAS<\/strong><\/div>\n<div class=\"product_socials_wrapper show-share-text-on-mobiles\">\n<div class=\"product_socials_wrapper_inner\"><\/div>\n<\/div>\n","protected":false},"featured_media":601,"comment_status":"open","ping_status":"closed","template":"","meta":[],"product_brand":[],"product_cat":[21,26,27,28],"product_tag":[],"class_list":{"0":"post-580","1":"product","2":"type-product","3":"status-publish","4":"has-post-thumbnail","6":"product_cat-mercadolibre","7":"product_cat-tactica","8":"product_cat-zapatos-para-hospitales","9":"product_cat-zapatos-para-restaurantes","11":"first","12":"onbackorder","13":"shipping-taxable","14":"purchasable","15":"product-type-variable"},"_links":{"self":[{"href":"https:\/\/ozapato.com\/pe\/wp-json\/wp\/v2\/product\/580","targetHints":{"allow":["GET"]}}],"collection":[{"href":"https:\/\/ozapato.com\/pe\/wp-json\/wp\/v2\/product"}],"about":[{"href":"https:\/\/ozapato.com\/pe\/wp-json\/wp\/v2\/types\/product"}],"replies":[{"embeddable":true,"href":"https:\/\/ozapato.com\/pe\/wp-json\/wp\/v2\/comments?post=580"}],"wp:featuredmedia":[{"embeddable":true,"href":"https:\/\/ozapato.com\/pe\/wp-json\/wp\/v2\/media\/601"}],"wp:attachment":[{"href":"https:\/\/ozapato.com\/pe\/wp-json\/wp\/v2\/media?parent=580"}],"wp:term":[{"taxonomy":"product_brand","embeddable":true,"href":"https:\/\/ozapato.com\/pe\/wp-json\/wp\/v2\/product_brand?post=580"},{"taxonomy":"product_cat","embeddable":true,"href":"https:\/\/ozapato.com\/pe\/wp-json\/wp\/v2\/product_cat?post=580"},{"taxonomy":"product_tag","embeddable":true,"href":"https:\/\/ozapato.com\/pe\/wp-json\/wp\/v2\/product_tag?post=580"}],"curies":[{"name":"wp","href":"https:\/\/api.w.org\/{rel}","templated":true}]}}