{"id":624,"date":"2021-12-16T20:17:12","date_gmt":"2021-12-16T20:17:12","guid":{"rendered":"https:\/\/ozapato.com\/pe\/?post_type=product&#038;p=624"},"modified":"2021-12-16T20:17:27","modified_gmt":"2021-12-16T20:17:27","slug":"badger-01","status":"publish","type":"product","link":"https:\/\/ozapato.com\/pe\/product\/badger-01\/","title":{"rendered":"Badger 01"},"content":{"rendered":"<p>[vc_row][vc_column width=&#8221;1\/6&#8243;][\/vc_column][vc_column width=&#8221;2\/3&#8243;][vc_column_text]<\/p>\n<ul>\n<li><strong>Botas tipo Fundidor<\/strong><\/li>\n<li><span style=\"color: #000000\">Suela antideslizante certificada.<\/span><\/li>\n<li><span style=\"color: #000000\">Puntera de composit certificada ASTM y NOM a 200 joules<\/span><\/li>\n<li><span style=\"color: #000000\">Planta antiperforacion certificada ASTM y ISO<\/span><\/li>\n<li><span style=\"color: #000000\">Cuero napa certificada<\/span><\/li>\n<li><span style=\"color: #000000\">Calzado 100% libre de metal<\/span><\/li>\n<li><span style=\"color: #000000\">Bota \/ <strong>Bot\u00edn tipo fundidor cerrado<\/strong><\/span><\/li>\n<\/ul>\n<p>[\/vc_column_text][\/vc_column][vc_column width=&#8221;1\/6&#8243;][\/vc_column][\/vc_row][vc_row][vc_column][vc_empty_space][\/vc_column][\/vc_row][vc_row type=&#8221;boxed&#8221;][vc_column][vc_column_text]<\/p>\n<h3 style=\"text-align: center\"><span style=\"color: #000000\"><strong>BOTAS TIPO FUNDIDOR EN M\u00c9XICO<\/strong><\/span><\/h3>\n<p><span style=\"color: #000000\">Las <strong><a style=\"color: #000000\" href=\"http:\/\/www.ozapato.com\/mx\/\">Botas<\/a> tipo fundidor<\/strong> de OZAPATO,se caracterizan por ser <strong>antiderrapantes.<\/strong> Son botas de seguridad tipo fundidor <strong>libres de metales\u00a0<\/strong> al 100 % porque estan compuestas\u00a0 puntera de composit y resistentes hasta las <strong>200 jules y <\/strong><a style=\"color: #000000\" href=\"https:\/\/ozapato.com\/mx\/zapatos-para-chef\/\">andtideslizantes.\u00a0<\/a><\/span><\/p>\n<p><span style=\"color: #000000\">Desde el a\u00f1o 2012, en M\u00e9xico seg\u00fan la\u00a0<a style=\"color: #000000\" href=\"https:\/\/www.smfac.org.mx\/\" target=\"_blank\" rel=\"noopener\">Sociedad de Fundidores<\/a> han exportado mas del\u00a0 30% de lo que funden al exterior y son fundamentales para el sector industrial del pa\u00eds.Y posicionandose en el sexto pa\u00eds con mas empresas fundidoras del mundo.<\/span><\/p>\n<p><span style=\"color: #000000\">La <a href=\"https:\/\/ozapato.com\/mx\/zapatos-de-seguridad-industrial\/\">Industria Fundidora<\/a> del pa\u00eds produjo<\/span><span style=\"color: #000000\">\u00a0<\/span><span style=\"color: #000000\"><strong>1.500 millones<\/strong> de\u00a0 estos materiales:<\/span><\/p>\n<ul>\n<li><strong><span style=\"color: #000000\">80% Automotriz<\/span><\/strong><\/li>\n<li><strong><span style=\"color: #000000\">10% Industria mec\u00e1nica y no agr\u00edcolas.<\/span><\/strong><\/li>\n<li><strong><span style=\"color: #000000\">8% Maquinar\u00eda agr\u00edcola.<\/span><\/strong><\/li>\n<li><strong><span style=\"color: #000000\">4%\u00a0 Sector industrial en general.<\/span><\/strong><\/li>\n<\/ul>\n<p><span style=\"color: #000000\">Por est\u00e1 raz\u00f3n OZAPATO, fabrica los mejores <strong>bot\u00ednes de fundidor de M\u00e9xico.<\/strong> Con <strong>garant\u00eda de 6 meses<\/strong> y enviados a su empresa, directo de nuestra fabrica en Hidalgo. Si estas interesado en<strong> botas y botines tipo fundidor<\/strong> cont\u00e1ctenos al <\/span><b>55 8842 7878.<\/b>[\/vc_column_text][\/vc_column][\/vc_row][vc_row][vc_column][vc_empty_space][\/vc_column][\/vc_row][vc_row type=&#8221;boxed&#8221;][vc_column][vc_column_text]<\/p>\n<h4 style=\"text-align: center\"><span style=\"color: #000000\"><strong>\u00bfQUE ES UNA FUNDIDORA?<\/strong><\/span><\/h4>\n<p><span style=\"color: #000000\">Una <strong>Fundidora<\/strong>\u00a0es una fabrica que funde el <a href=\"https:\/\/es.wikipedia.org\/wiki\/Metal\" target=\"_blank\" rel=\"noopener\">metal<\/a> y vierten el <strong>metal l\u00edquido<\/strong> en un molde que despues se solidifica.<\/span><\/p>\n<p><span style=\"color: #000000\">Hay dos tipos de fundidoras:<\/span><\/p>\n<ol>\n<li><strong>F\u00e9rricas:<\/strong> Fundici\u00f3n de hierro o acero.<\/li>\n<li><strong>No F\u00e9rricas: <\/strong>Aluminio, lat\u00f3n,bronce.<\/li>\n<\/ol>\n<p>&nbsp;<\/p>\n<p>[\/vc_column_text][\/vc_column][\/vc_row][vc_row][vc_column][vc_empty_space][\/vc_column][\/vc_row][vc_row][vc_column][vc_column_text]\n<div id=\"sb_instagram\"  class=\"sbi sbi_mob_col_1 sbi_tab_col_2 sbi_col_4\" style=\"padding-bottom: 10px; width: 100%;\"\t data-feedid=\"sbi_17841401193873551#20\"  data-res=\"auto\" data-cols=\"4\" data-colsmobile=\"1\" data-colstablet=\"2\" data-num=\"20\" data-nummobile=\"\" data-item-padding=\"5\"\t data-shortcode-atts=\"{}\"  data-postid=\"624\" data-locatornonce=\"7e35974a3e\" data-imageaspectratio=\"1:1\" data-sbi-flags=\"favorLocal,gdpr\">\n\t\n\t<div id=\"sbi_images\"  style=\"gap: 10px;\">\n\t\t\t<\/div>\n\n\t<div id=\"sbi_load\" >\n\n\t\n\t\t\t<span class=\"sbi_follow_btn\" >\n\t\t\t<a target=\"_blank\" rel=\"nofollow noopener\" href=\"https:\/\/www.instagram.com\/17841401193873551\/\">\n\t\t\t\t<svg class=\"svg-inline--fa fa-instagram fa-w-14\" aria-hidden=\"true\" data-fa-processed=\"\" aria-label=\"Instagram\" data-prefix=\"fab\" data-icon=\"instagram\" role=\"img\" viewBox=\"0 0 448 512\">\n                    <path fill=\"currentColor\" d=\"M224.1 141c-63.6 0-114.9 51.3-114.9 114.9s51.3 114.9 114.9 114.9S339 319.5 339 255.9 287.7 141 224.1 141zm0 189.6c-41.1 0-74.7-33.5-74.7-74.7s33.5-74.7 74.7-74.7 74.7 33.5 74.7 74.7-33.6 74.7-74.7 74.7zm146.4-194.3c0 14.9-12 26.8-26.8 26.8-14.9 0-26.8-12-26.8-26.8s12-26.8 26.8-26.8 26.8 12 26.8 26.8zm76.1 27.2c-1.7-35.9-9.9-67.7-36.2-93.9-26.2-26.2-58-34.4-93.9-36.2-37-2.1-147.9-2.1-184.9 0-35.8 1.7-67.6 9.9-93.9 36.1s-34.4 58-36.2 93.9c-2.1 37-2.1 147.9 0 184.9 1.7 35.9 9.9 67.7 36.2 93.9s58 34.4 93.9 36.2c37 2.1 147.9 2.1 184.9 0 35.9-1.7 67.7-9.9 93.9-36.2 26.2-26.2 34.4-58 36.2-93.9 2.1-37 2.1-147.8 0-184.8zM398.8 388c-7.8 19.6-22.9 34.7-42.6 42.6-29.5 11.7-99.5 9-132.1 9s-102.7 2.6-132.1-9c-19.6-7.8-34.7-22.9-42.6-42.6-11.7-29.5-9-99.5-9-132.1s-2.6-102.7 9-132.1c7.8-19.6 22.9-34.7 42.6-42.6 29.5-11.7 99.5-9 132.1-9s102.7-2.6 132.1 9c19.6 7.8 34.7 22.9 42.6 42.6 11.7 29.5 9 99.5 9 132.1s2.7 102.7-9 132.1z\"><\/path>\n                <\/svg>\t\t\t\t<span>S\u00edguenos en Instagram<\/span>\n\t\t\t<\/a>\n\t\t<\/span>\n\t\n<\/div>\n\t\t<span class=\"sbi_resized_image_data\" data-feed-id=\"sbi_17841401193873551#20\"\n\t\t  data-resized=\"[]\">\n\t<\/span>\n\t<\/div>\n\n[\/vc_column_text][\/vc_column][\/vc_row]<\/p>\n","protected":false},"excerpt":{"rendered":"<p>Bota industrial tipo fundidor. Puntera de <strong>composit 200 joules<\/strong> + planta perforaci\u00f3n certificada <strong>ASTM y ISO<\/strong>.\u00a0 Piel <strong>napa<\/strong> + <strong>garantizadas 6 meses<\/strong>. Cotiza el mejor precio hoy a mexico@ozapato.com<\/p>\n","protected":false},"featured_media":0,"comment_status":"open","ping_status":"closed","template":"","meta":[],"product_brand":[],"product_cat":[74],"product_tag":[],"class_list":{"0":"post-624","1":"product","2":"type-product","3":"status-publish","5":"product_cat-calzado-para-la-industria-automotriz","7":"first","8":"outofstock","9":"shipping-taxable","10":"purchasable","11":"product-type-variable","12":"has-default-attributes"},"_links":{"self":[{"href":"https:\/\/ozapato.com\/pe\/wp-json\/wp\/v2\/product\/624","targetHints":{"allow":["GET"]}}],"collection":[{"href":"https:\/\/ozapato.com\/pe\/wp-json\/wp\/v2\/product"}],"about":[{"href":"https:\/\/ozapato.com\/pe\/wp-json\/wp\/v2\/types\/product"}],"replies":[{"embeddable":true,"href":"https:\/\/ozapato.com\/pe\/wp-json\/wp\/v2\/comments?post=624"}],"wp:attachment":[{"href":"https:\/\/ozapato.com\/pe\/wp-json\/wp\/v2\/media?parent=624"}],"wp:term":[{"taxonomy":"product_brand","embeddable":true,"href":"https:\/\/ozapato.com\/pe\/wp-json\/wp\/v2\/product_brand?post=624"},{"taxonomy":"product_cat","embeddable":true,"href":"https:\/\/ozapato.com\/pe\/wp-json\/wp\/v2\/product_cat?post=624"},{"taxonomy":"product_tag","embeddable":true,"href":"https:\/\/ozapato.com\/pe\/wp-json\/wp\/v2\/product_tag?post=624"}],"curies":[{"name":"wp","href":"https:\/\/api.w.org\/{rel}","templated":true}]}}