{"id":640,"date":"2021-12-16T20:17:21","date_gmt":"2021-12-16T20:17:21","guid":{"rendered":"https:\/\/ozapato.com\/pe\/?post_type=product&#038;p=640"},"modified":"2021-12-16T20:19:15","modified_gmt":"2021-12-16T20:19:15","slug":"coyolt-11-botas-tacticas-certificadas","status":"publish","type":"product","link":"https:\/\/ozapato.com\/pe\/product\/coyolt-11-botas-tacticas-certificadas\/","title":{"rendered":"Coyolt 11 &#8211; Botas t\u00e1cticas certificadas"},"content":{"rendered":"<p>[vc_row][vc_column][vc_column_text]<\/p>\n<ul>\n<li>Calzado t\u00e1ctico certificado.<\/li>\n<li>Construcci\u00f3n: cosido.<\/li>\n<li>Suela: AIR OZAPATO negra antideslizante. Resistente a aceites y combustible.<\/li>\n<li>Corte: piel tipo nubuck beige de 1.8 a 2.2 mm sellado hasta la leng\u00fceta.<\/li>\n<li>Color beige<\/li>\n<li>Plantilla interior: Tejida y suajada de 3mm anti microbiana.<\/li>\n<li>Plantilla anti-perforaci\u00f3n: Textil de kevlar.<\/li>\n<li>Ajuste: Horma EEE. Altura: 20 cm.<\/li>\n<li>Numeraci\u00f3n: 3-14 us.<\/li>\n<li>Certificaci\u00f3n;\u00a0certificada ISO \/ ASTM 2412-18 PR.<\/li>\n<li>Garant\u00eda de 6 meses contra cualquier defecto de f\u00e1brica.<\/li>\n<\/ul>\n<p>[\/vc_column_text][\/vc_column][\/vc_row][vc_row][vc_column][vc_column_text]<\/p>\n<h3 style=\"text-align: center;\">\u00a1Conoce la suela AIR de OZAPATO!<\/h3>\n<p>[\/vc_column_text][vc_hoverbox image=&#8221;13016&#8243; primary_title=&#8221;&#8221; hover_title=&#8221;Suela AIR OZAPTO&#8221; shape=&#8221;square&#8221; hover_background_color=&#8221;white&#8221; css=&#8221;.vc_custom_1612007791049{background-color: #ffffff !important;}&#8221;]<img loading=\"lazy\" decoding=\"async\" class=\"wp-image-12020 aligncenter\" src=\"https:\/\/ozapato.com\/mx\/wp-content\/uploads\/sites\/4\/2020\/05\/Air-1-300x300.jpg\" alt=\"suela de OZAPATO\" width=\"427\" height=\"428\" \/>[\/vc_hoverbox][\/vc_column][\/vc_row][vc_row][vc_column][vc_cta h2=&#8221;&#8221; css=&#8221;.vc_custom_1612008616604{background-color: #dd3333 !important;}&#8221;]<\/p>\n<h4 style=\"text-align: center;\"><strong><span style=\"color: #ffffff;\"><span style=\"vertical-align: inherit;\">\u00bfInteresado en botas de seguridad? Recibe cotizaci\u00f3n en 24 hs<\/span><\/span><\/strong><\/h4>\n<p>[\/vc_cta][vc_column_text]<iframe loading=\"lazy\" height=\"800px\" width=\"100%\" frameborder=\"0\" allow=\"geolocation;microphone;camera\" src=\"https:\/\/forms.zohopublic.com\/virtualoffice9264\/form\/MXWebForm\/formperma\/t2g4AJSxH5dX5eLImIHPs6T1GSbbcmWdJblk7_0ZVFw\"> <\/iframe>[\/vc_column_text][vc_single_image image=&#8221;13066&#8243; alignment=&#8221;center&#8221;][vc_column_text]<\/p>\n<h3 align=\"center\"><strong>\u00bfQU\u00c9 HACEMOS?<\/strong><\/h3>\n<p>OZAPATO es una marca de calzado ubicada en Pachuca, M\u00e9xico. Fabricamos botas de seguridad industrial y contamos con presencia en Costa Rica, Rep\u00fablica Dominicana, M\u00e9xico, Panam\u00e1 y Estados Unidos. Hemos aprendido a lo largo de los a\u00f1os como fabricar botas de seguridad con calidad y de manera responsable. <strong>En M\u00e9xico<\/strong>, nuestra l\u00ednea industrial cuenta con botas de seguridad, botas de seguridad diel\u00e9ctricas y botas t\u00e1cticas. Por esta raz\u00f3n, OZAPATO les presenta su <strong>bota diel\u00e9ctrica<\/strong> <strong>Coyotl 01<\/strong> Desierto\u00a1Elija de nuestro cat\u00e1logo las botas que necesita para trabajar con seguridad!<\/p>\n<h3 class=\"western\" align=\"center\"><strong>\u00bf<\/strong><strong>C\u00d3MO<\/strong><strong> LO HACEMOS?<\/strong><\/h3>\n<p>Todas nuestras botas de seguridad industrial son fabricadas con materiales de alta calidad. Tenga la confianza que sus pies estar\u00e1n protegidos en cada momento. Estamos tan seguros de la calidad de nuestros modelos de botas de seguridad industrial que ofrecemos una <strong>garant\u00eda de 4 meses y hasta 6 meses<\/strong> para las botas de seguridad m\u00e1s premium. Adem\u00e1s ofrecemos un servicio de entrega en 24 horas.<\/p>\n<h3 class=\"western\" align=\"center\"><strong>\u00bfPOR QU\u00c9 LO HACEMOS?<\/strong><\/h3>\n<p>OZAPATO naci\u00f3 con la idea de servir a la comunidad local. La producci\u00f3n de nuestras botas de seguridad industrial es un proceso transparente que sustenta el balance socio econ\u00f3mico de la comunidad a la que pertenece.<\/p>\n<p>El valor m\u00e1s importante de OZAPATO es la <strong>entrega directa hasta el cliente.<\/strong> Evitamos todos los intermediarios que no a\u00f1aden valor a nuestros consumidores. Cada etapa de la fabricaci\u00f3n de botas de seguridad industrial debe beneficiar a la gente que fabrica el <strong>calzado.<\/strong><\/p>\n<p>A nuestro equipo le apasiona desarrollar botas de seguridad en un ambiente social y econ\u00f3mico justo. Queremos que nuestros clientes conf\u00eden en que no s\u00f3lo compran botas bien hechas y de buena calidad, sino que tambi\u00e9n cada persona incluida en la cadena de suministro reciba un trato justo al momento.<\/p>\n<h3 style=\"text-align: center;\">\u00a1BOTAS T\u00c1CTICAS CERTIFICADAS! &#8211; CALZADO T\u00c1CTICO PROFESIONAL<\/h3>\n<p><b>\ud83e\udd7e COYOLT 11<\/b>, es un calzado t\u00e1ctico certificado libre de metal. Tambi\u00e9n esta certificado por ISO \/ ASTM 2412-18 C-75 I-75 y tiene una garant\u00eda de 6 meses contra cualquier defecto de f\u00e1brica. Botas t\u00e1cticas certificadas y de gran calidad.[\/vc_column_text][\/vc_column][\/vc_row]<\/p>\n","protected":false},"excerpt":{"rendered":"<p><img decoding=\"async\" class=\"emoji\" role=\"img\" src=\"https:\/\/s.w.org\/images\/core\/emoji\/13.0.1\/svg\/1f97e.svg\" alt=\"\ud83e\udd7e\" \/> Las Coyolt (que significa coyote en n\u00e1huatl) son <a href=\"https:\/\/ozapato.com\/mx\/botas-tacticas-y-militares\/\">botas t\u00e1cticas<\/a> certificadas para M\u00e9xico. Con su cremallera YKK y su tela impermeable les acompa\u00f1ara en cualquier misi\u00f3n en la ciudad o en la jungla tropical. El calzado t\u00e1ctico certificado de la mejor calidad.<\/p>\n","protected":false},"featured_media":666,"comment_status":"open","ping_status":"closed","template":"","meta":[],"product_brand":[],"product_cat":[26],"product_tag":[],"class_list":{"0":"post-640","1":"product","2":"type-product","3":"status-publish","4":"has-post-thumbnail","6":"product_cat-tactica","8":"first","9":"instock","10":"shipping-taxable","11":"purchasable","12":"product-type-variable"},"_links":{"self":[{"href":"https:\/\/ozapato.com\/pe\/wp-json\/wp\/v2\/product\/640","targetHints":{"allow":["GET"]}}],"collection":[{"href":"https:\/\/ozapato.com\/pe\/wp-json\/wp\/v2\/product"}],"about":[{"href":"https:\/\/ozapato.com\/pe\/wp-json\/wp\/v2\/types\/product"}],"replies":[{"embeddable":true,"href":"https:\/\/ozapato.com\/pe\/wp-json\/wp\/v2\/comments?post=640"}],"wp:featuredmedia":[{"embeddable":true,"href":"https:\/\/ozapato.com\/pe\/wp-json\/wp\/v2\/media\/666"}],"wp:attachment":[{"href":"https:\/\/ozapato.com\/pe\/wp-json\/wp\/v2\/media?parent=640"}],"wp:term":[{"taxonomy":"product_brand","embeddable":true,"href":"https:\/\/ozapato.com\/pe\/wp-json\/wp\/v2\/product_brand?post=640"},{"taxonomy":"product_cat","embeddable":true,"href":"https:\/\/ozapato.com\/pe\/wp-json\/wp\/v2\/product_cat?post=640"},{"taxonomy":"product_tag","embeddable":true,"href":"https:\/\/ozapato.com\/pe\/wp-json\/wp\/v2\/product_tag?post=640"}],"curies":[{"name":"wp","href":"https:\/\/api.w.org\/{rel}","templated":true}]}}