{"id":101,"date":"2020-06-25T17:01:49","date_gmt":"2020-06-25T17:01:49","guid":{"rendered":"https:\/\/ozapato.com\/pr\/?page_id=101"},"modified":"2020-06-29T18:20:04","modified_gmt":"2020-06-29T18:20:04","slug":"peritos-electricistas","status":"publish","type":"page","link":"https:\/\/ozapato.com\/pr\/peritos-electricistas\/","title":{"rendered":"DI\u00c9LECTRICO"},"content":{"rendered":"<p>[vc_row video_bg=\u00bbyes\u00bb video_bg_url=\u00bbhttps:\/\/www.youtube.com\/watch?v=__oq67bsM8A&amp;t=13s\u00bb][vc_column][vc_column_text]<\/p>\n<h3 style=\"text-align: center\"><strong><span style=\"color: #ffffff\">DIEL\u00c9CTRICAS<\/span><\/strong><\/h3>\n<p>[\/vc_column_text][\/vc_column][\/vc_row][vc_row][vc_column][vc_empty_space][\/vc_column][\/vc_row][vc_row][vc_column width=\u00bb1\/4&#8243;][\/vc_column][vc_column width=\u00bb1\/2&#8243;][vc_column_text]<\/p>\n<h2 align=\"center\"><span style=\"font-family: Arial, sans-serif;color: #000000\"><span style=\"font-size: large\"><b><span style=\"font-family: Nunito, sans-serif\">\u00bfQU\u00c9 ES UN PERITO ELECTRICISTA?<\/span><\/b><\/span><\/span><\/h2>\n<p align=\"left\"><span style=\"font-family: Arial, sans-serif;color: #000000\"><span style=\"font-size: large\"><span style=\"font-family: Nunito, sans-serif\">Un <strong><em>perito electricista<\/em><\/strong> es un profesional que realiza labores relacionados con la <\/span><span style=\"font-family: Nunito, sans-serif\">instalaciones<\/span><span style=\"font-family: Nunito, sans-serif\"> el\u00e9ctricas, y con la manipulaci\u00f3n de equipos de alto y bajo voltaje.<\/span><\/span><\/span><\/p>\n<p align=\"left\"><span style=\"font-family: Arial, sans-serif;color: #000000\"><span style=\"font-size: large\"><span style=\"font-family: Nunito, sans-serif\">Los electricistas deben estar certificados y autorizados por la Junta <\/span><span style=\"font-family: Nunito, sans-serif\">Extraordinaria<\/span><span style=\"font-family: Nunito, sans-serif\"> de Peritos Electricistas de Puerto Rico.<\/span><\/span><\/span><\/p>\n<p align=\"left\"><span style=\"font-family: Arial, sans-serif;color: #000000\"><span style=\"font-size: large\"><span style=\"font-family: Nunito, sans-serif\">En la isla, se encuentran diversas escuelas profesionales para poder adquirir el titulo profesional.<\/span><\/span><\/span><\/p>\n<p>[\/vc_column_text][\/vc_column][vc_column width=\u00bb1\/4&#8243;][\/vc_column][\/vc_row][vc_row][vc_column][vc_empty_space][\/vc_column][\/vc_row][vc_row type=\u00bbboxed\u00bb][vc_column][vc_cta h2=\u00bb\u00bb css=\u00bb.vc_custom_1593104961706{background-color: #dd0000 !important;}\u00bb]<\/p>\n<h4 style=\"text-align: center\"><span style=\"color: #ffffff\"><strong>\u00bfInteresado en\u00a0 zapatos de seguridad de\u00a0 hasta 18.000 voltios?<\/strong><\/span><\/h4>\n<p>[\/vc_cta][\/vc_column][\/vc_row][vc_row type=\u00bbboxed\u00bb][vc_column][vc_column_text]<iframe loading=\"lazy\" height=\"800px\" width=\"100%\" frameborder=\"0\" allow=\"geolocation;microphone;camera\" src=\"https:\/\/forms.zohopublic.com\/virtualoffice9264\/form\/PRWebForm\/formperma\/pFBP5xnF1VPgIbGGrne1n3ftU1v4S_liVprNxHJ3mGI\"> <\/iframe>[\/vc_column_text][\/vc_column][\/vc_row][vc_row][vc_column][vc_empty_space][\/vc_column][\/vc_row][vc_row type=\u00bbboxed\u00bb][vc_column][vc_media_grid grid_id=\u00bbvc_gid:1593189342282-597e3864-6681-9&#8243; include=\u00bb105,106,94&#8243;][\/vc_column][\/vc_row][vc_row][vc_column][vc_empty_space][\/vc_column][\/vc_row][vc_row type=\u00bbboxed\u00bb][vc_column width=\u00bb1\/4&#8243;][\/vc_column][vc_column width=\u00bb1\/2&#8243;][vc_column_text]<\/p>\n<h4><strong>CALZADO DIEL\u00c9CTRICO RESISTENTES HASTA 18.000 VOLTIOS.<\/strong><\/h4>\n<p><span style=\"color: #000000\">El modelo\u00a0<strong>Watt<\/strong>\u00a0en una <strong>bota diel\u00e9ctrica<\/strong> un poco m\u00e1s econ\u00f3mico sin embargo cumple con las certificaciones diel\u00e9ctricas americanas.\u00a0Viene con un corte m\u00e1s bajo que el modelo <strong>Santos<\/strong> y esta montado y pegado en una suela <a style=\"color: #000000\" href=\"https:\/\/en.wikipedia.org\/wiki\/Dielectric\" target=\"_blank\" rel=\"noopener\">diel\u00e9ctrica<\/a> de hule.<\/span><\/p>\n<p><span style=\"color: #000000\">Tambi\u00e9n la l\u00ednea\u00a0<strong>Tanok 01<\/strong>\u00a0es nuestro modelo de <a style=\"color: #000000\" href=\"https:\/\/ozapato.com\/pr\/botas-de-soldador\/\">zapato<\/a> diel\u00e9ctrico certificado hasta <strong>18 000 voltios.<\/strong><\/span><\/p>\n<p><span style=\"color: #000000\">\u00a1Elija las botas o zapatos diel\u00e9ctricos adecuados para su empresa o ll\u00e1menos para recibir una asesor\u00eda t\u00e9cnica!<\/span>[\/vc_column_text][\/vc_column][vc_column width=\u00bb1\/4&#8243;][\/vc_column][\/vc_row][vc_row][vc_column][vc_empty_space][\/vc_column][\/vc_row][vc_row type=\u00bbboxed\u00bb][vc_column][vc_column_text]\t\t<div id=\"sbi_mod_error\" >\n\t\t\t<span>Este mensaje de error solo es visible para los administradores de WordPress<\/span><br\/>\n\t\t\t<p><strong>Error: No se ha encontrado ning\u00fan feed.<\/strong>\n\t\t\t<p>Por favor, ve a la p\u00e1gina de ajustes de Instagram Feed para crear un feed.<\/p>\n\t\t<\/div>\n\t\t[\/vc_column_text][\/vc_column][\/vc_row]<\/p>\n","protected":false},"excerpt":{"rendered":"<p>[vc_row video_bg=\u00bbyes\u00bb video_bg_url=\u00bbhttps:\/\/www.youtube.com\/watch?v=__oq67bsM8A&amp;t=13s\u00bb][vc_column][vc_column_text] DIEL\u00c9CTRICAS [\/vc_column_text][\/vc_column][\/vc_row][vc_row][vc_column][vc_empty_space][\/vc_column][\/vc_row][vc_row][vc_column width=\u00bb1\/4&#8243;][\/vc_column][vc_column width=\u00bb1\/2&#8243;][vc_column_text] \u00bfQU\u00c9 ES UN PERITO ELECTRICISTA? Un perito electricista es un profesional que realiza labores relacionados con la instalaciones el\u00e9ctricas, y con la manipulaci\u00f3n de equipos de alto y bajo voltaje. Los electricistas deben estar certificados y autorizados por la Junta Extraordinaria de Peritos Electricistas de Puerto Rico. En [&hellip;]<\/p>\n","protected":false},"author":350,"featured_media":0,"parent":0,"menu_order":0,"comment_status":"closed","ping_status":"closed","template":"page-full-width.php","meta":{"footnotes":""},"class_list":["post-101","page","type-page","status-publish","hentry"],"_links":{"self":[{"href":"https:\/\/ozapato.com\/pr\/wp-json\/wp\/v2\/pages\/101","targetHints":{"allow":["GET"]}}],"collection":[{"href":"https:\/\/ozapato.com\/pr\/wp-json\/wp\/v2\/pages"}],"about":[{"href":"https:\/\/ozapato.com\/pr\/wp-json\/wp\/v2\/types\/page"}],"author":[{"embeddable":true,"href":"https:\/\/ozapato.com\/pr\/wp-json\/wp\/v2\/users\/350"}],"replies":[{"embeddable":true,"href":"https:\/\/ozapato.com\/pr\/wp-json\/wp\/v2\/comments?post=101"}],"version-history":[{"count":7,"href":"https:\/\/ozapato.com\/pr\/wp-json\/wp\/v2\/pages\/101\/revisions"}],"predecessor-version":[{"id":133,"href":"https:\/\/ozapato.com\/pr\/wp-json\/wp\/v2\/pages\/101\/revisions\/133"}],"wp:attachment":[{"href":"https:\/\/ozapato.com\/pr\/wp-json\/wp\/v2\/media?parent=101"}],"curies":[{"name":"wp","href":"https:\/\/api.w.org\/{rel}","templated":true}]}}