{"id":13,"date":"2020-06-22T16:07:50","date_gmt":"2020-06-22T16:07:50","guid":{"rendered":"https:\/\/ozapato.com\/pr\/?page_id=13"},"modified":"2022-03-16T21:53:18","modified_gmt":"2022-03-16T21:53:18","slug":"botas-de-seguridad","status":"publish","type":"page","link":"https:\/\/ozapato.com\/pr\/","title":{"rendered":"\ud83c\uddf5\ud83c\uddf7  OZAPATO PUERTO RICO"},"content":{"rendered":"<p>[vc_row][vc_column]<style>.shortcode_getbowtied_slider .shortcode-slider-pagination .swiper-pagination-bullet.swiper-pagination-bullet-active:after{background-color: #000000;}<\/style>\n\n\t\t<div class=\"shortcode_getbowtied_slider swiper-container swiper-69d1419c54f73 full_height\" style=\" width: 100%\" data-autoplay=\"10\" data-id=\"69d1419c54f73\">\n\t\t\t<div class=\"swiper-wrapper\">\n\t\t\t\n\t\t\t<div class=\"swiper-slide left-align\"\n\t\t\tstyle=\t\"background: #CCCCCC url(https:\/\/ozapato.com\/pr\/wp-content\/uploads\/sites\/18\/2022\/03\/10607342-scaled-1.jpg) center center no-repeat ;\n\t\t\t\t\t-webkit-background-size: cover;\n\t\t\t\t\t-moz-background-size: cover;\n\t\t\t\t\t-o-background-size: cover;\n\t\t\t\t\tbackground-size: cover;\n\t\t\t\t\tcolor: #ffffff\">\n\t\t\t\thttp:\/\/a%20href=#distri%20class=fullslidelink\/a\n\t\t\t\t<div class=\"slider-content\" data-swiper-parallax=\"-50%\">\n\t\t\t\t\t<div class=\"slider-content-wrapper\">\n\t\t\t\t\t\t<h2 class=\"primary_font\" style=\"color:#ffffff;font-size:64px;line-height: 64px\">Distribuya OZAPATO en Puerto Rico<\/h2>\n\t\t\t\t\t\t<p class=\"primary_font\" style=\"color:#ffffff;font-size:21px;line-height: 21px\">Ofrecemos precios de f\u00e1brica + apoyo en marketing<\/p>\n\t\t\t\t\t\t<a class=\"button\" style=\"color:#FFFFFF !important;background: #000000 !important\" href=\"#distri\">Me interesa distribuir<\/a>\n\t\t\t\t\t<\/div>\n\t\t\t\t<\/div>\n\t\t\t<\/div>\n\t\t\t<div class=\"swiper-slide left-align\"\n\t\t\tstyle=\t\"background: #CCCCCC url(https:\/\/ozapato.com\/pr\/wp-content\/uploads\/sites\/18\/2022\/03\/P1190130-min2.jpg) center center no-repeat ;\n\t\t\t\t\t-webkit-background-size: cover;\n\t\t\t\t\t-moz-background-size: cover;\n\t\t\t\t\t-o-background-size: cover;\n\t\t\t\t\tbackground-size: cover;\n\t\t\t\t\tcolor: #ffffff\">\n\t\t\t\t\n\t\t\t\t<div class=\"slider-content\" data-swiper-parallax=\"-50%\">\n\t\t\t\t\t<div class=\"slider-content-wrapper\">\n\t\t\t\t\t\t<h2 class=\"primary_font\" style=\"color:#ffffff;font-size:64px;line-height: 64px\">Conozca nuestro cat\u00e1logo<\/h2>\n\t\t\t\t\t\t<p class=\"primary_font\" style=\"color:#ffffff;font-size:21px;line-height: 21px\">Contamos con calzado diel\u00e9ctrico, t\u00e1ctico, industrial y m\u00e1s.<\/p>\n\t\t\t\t\t\t<a class=\"button\" style=\"color:#FFFFFF !important;background: #000000 !important\" href=\"https:\/\/workdrive.zohoexternal.com\/external\/524f66ba6180ad125258b85306bf030a203b5bf2669e274cd57acf3ad37a0d8c?layout=list\" target=\"_blank\" rel=\"noopener\">Ver cat\u00e1logo<\/a>\n\t\t\t\t\t<\/div>\n\t\t\t\t<\/div>\n\t\t\t<\/div>\n\t\t\t<\/div>\n\t\t\t\t<div style=\"color: #000000\" class=\"swiper-button-prev\"><i class=\"spk-icon spk-icon-left-arrow-thin-large\"><\/i><\/div>\n    \t\t\t<div style=\"color: #000000\" class=\"swiper-button-next\"><i class=\"spk-icon spk-icon-right-arrow-thin-large\"><\/i><\/div>\n\t\t\t\t<div style=\"color: #000000\" class=\"shortcode-slider-pagination\"><\/div><\/div>[\/vc_column][\/vc_row][vc_row type=\u00bbboxed\u00bb][vc_column][vc_empty_space el_id=\u00bbdistri\u00bb][vc_cta h2=\u00bb\u00bb css=\u00bb.vc_custom_1592842682449{background-color: #dd3333 !important;}\u00bb]<\/p>\n<h4 style=\"text-align: center\"><span style=\"color: #ffffff\"><strong>\u00bfInteresado en Botas de seguridad? Recibe cotizaci\u00f3n en 24 hs?<\/strong><\/span><\/h4>\n<p>[\/vc_cta][vc_column_text]<iframe loading=\"lazy\" height=\"800px\" width=\"100%\" frameborder=\"0\" allow=\"geolocation;microphone;camera\" src=\"https:\/\/forms.zohopublic.com\/virtualoffice9264\/form\/PRWebForm\/formperma\/pFBP5xnF1VPgIbGGrne1n3ftU1v4S_liVprNxHJ3mGI\"> <\/iframe>[\/vc_column_text][\/vc_column][\/vc_row][vc_row type=\u00bbboxed\u00bb][vc_column width=\u00bb1\/4&#8243;][\/vc_column][vc_column width=\u00bb1\/2&#8243;][vc_column_text]<\/p>\n<h3 style=\"text-align: center\"><span style=\"color: #000000\"><strong>BOTAS DE SEGURIDAD EN PUERTO RICO<\/strong><\/span><\/h3>\n<p><span style=\"color: #000000\">Las <em><strong>Botas de seguridad<\/strong><\/em>\u00a0de\u00a0<a style=\"color: #000000\" href=\"http:\/\/www.ozapato.com\/\">OZAPATO<\/a>\u00a0, est\u00e1n garantizados y certificados por organismos reguladores.\u00a0Nuestros clientes nos recomiendan por nuestra atenci\u00f3n al cliente y por la calidad de nuestros\u00a0<a style=\"color: #000000\" href=\"https:\/\/es.wikipedia.org\/wiki\/Calzado_de_protecci%C3%B3n\" target=\"_blank\" rel=\"noopener noreferrer\">calzados de protecci\u00f3n<\/a>\u00a0y seguridad.<\/span><\/p>\n<p><span style=\"color: #000000\">Las botas industriales est\u00e1n dise\u00f1adas para los <strong>puertoriquenses<\/strong>. Disponemos de zapatos de seguridad para todo tipo de industrias:<\/span><\/p>\n<ul>\n<li><span style=\"color: #000000\">Botas <a href=\"https:\/\/ozapato.com\/pr\/botas-tacticas-negras\/\">T\u00e1cticas<\/a><\/span><\/li>\n<li><span style=\"color: #000000\">Botas para la construcci\u00f3n<\/span><\/li>\n<li><span style=\"color: #000000\">Botas para <a href=\"https:\/\/ozapato.com\/pr\/botas-de-soldador\/\">soldadores<\/a><\/span><\/li>\n<li><span style=\"color: #000000\">Botas especiales para el sector ganadero.<\/span><\/li>\n<li><span style=\"color: #000000\">Zapatillas para<a href=\"https:\/\/ozapato.com\/pr\/zapatos-para-hosteleria\/\"> restaurantes y cocinas<\/a>.<\/span><\/li>\n<\/ul>\n<p><span style=\"color: #000000\">\u00a1Escr\u00edbenos a\u00a0 <a style=\"color: #000000\" href=\"mailto:costarica@ozapato.com\" target=\"_blank\" rel=\"noopener noreferrer\">puertorico@ozapato.com<\/a>\u00a0, para conocer nuestra oferta de calzados y zapatos de seguridad!\u00a0<\/span>[\/vc_column_text][\/vc_column][vc_column width=\u00bb1\/4&#8243;][\/vc_column][\/vc_row][vc_row type=\u00bbboxed\u00bb][vc_column][vc_media_grid grid_id=\u00bbvc_gid:1647467404362-30ba4781-91d3-5&#8243; include=\u00bb18,14,16&#8243;][\/vc_column][\/vc_row]<\/p>\n","protected":false},"excerpt":{"rendered":"<p>[vc_row][vc_column][\/vc_column][\/vc_row][vc_row type=\u00bbboxed\u00bb][vc_column][vc_empty_space el_id=\u00bbdistri\u00bb][vc_cta h2=\u00bb\u00bb css=\u00bb.vc_custom_1592842682449{background-color: #dd3333 !important;}\u00bb] \u00bfInteresado en Botas de seguridad? Recibe cotizaci\u00f3n en 24 hs? [\/vc_cta][vc_column_text][\/vc_column_text][\/vc_column][\/vc_row][vc_row type=\u00bbboxed\u00bb][vc_column width=\u00bb1\/4&#8243;][\/vc_column][vc_column width=\u00bb1\/2&#8243;][vc_column_text] BOTAS DE SEGURIDAD EN PUERTO RICO Las Botas de seguridad\u00a0de\u00a0OZAPATO\u00a0, est\u00e1n garantizados y certificados por organismos reguladores.\u00a0Nuestros clientes nos recomiendan por nuestra atenci\u00f3n al cliente y por la calidad de nuestros\u00a0calzados de protecci\u00f3n\u00a0y seguridad. [&hellip;]<\/p>\n","protected":false},"author":350,"featured_media":0,"parent":0,"menu_order":0,"comment_status":"closed","ping_status":"closed","template":"page-full-width.php","meta":{"footnotes":""},"class_list":["post-13","page","type-page","status-publish","hentry"],"_links":{"self":[{"href":"https:\/\/ozapato.com\/pr\/wp-json\/wp\/v2\/pages\/13","targetHints":{"allow":["GET"]}}],"collection":[{"href":"https:\/\/ozapato.com\/pr\/wp-json\/wp\/v2\/pages"}],"about":[{"href":"https:\/\/ozapato.com\/pr\/wp-json\/wp\/v2\/types\/page"}],"author":[{"embeddable":true,"href":"https:\/\/ozapato.com\/pr\/wp-json\/wp\/v2\/users\/350"}],"replies":[{"embeddable":true,"href":"https:\/\/ozapato.com\/pr\/wp-json\/wp\/v2\/comments?post=13"}],"version-history":[{"count":16,"href":"https:\/\/ozapato.com\/pr\/wp-json\/wp\/v2\/pages\/13\/revisions"}],"predecessor-version":[{"id":207,"href":"https:\/\/ozapato.com\/pr\/wp-json\/wp\/v2\/pages\/13\/revisions\/207"}],"wp:attachment":[{"href":"https:\/\/ozapato.com\/pr\/wp-json\/wp\/v2\/media?parent=13"}],"curies":[{"name":"wp","href":"https:\/\/api.w.org\/{rel}","templated":true}]}}